{"id":7360,"date":"2021-11-27T09:46:11","date_gmt":"2021-11-27T13:46:11","guid":{"rendered":"https:\/\/sharingan.us\/?post_type=product&#038;p=7360"},"modified":"2024-10-05T15:34:53","modified_gmt":"2024-10-05T07:34:53","slug":"minato-namikaz-cosplay-lentes-de-contacto","status":"publish","type":"product","link":"https:\/\/sharingan.us\/pt\/minato-namikaz-cosplay-lentes-de-contacto\/","title":{"rendered":"Minato Namikaz Cosplay Lentes de Contacto"},"content":{"rendered":"<h1 class=\"md-end-block md-heading\"><span class=\"md-plain md-expand\">Liberte a sua velocidade de flash amarelo com as lentes de contacto Minato Namikaze Cosplay! \u26a1\ud83d\udc41\ufe0f\ud83d\udc9b<\/span><\/h1>\n<p class=\"md-end-block md-p\"><span class=\"md-plain\">Encarna o Lend\u00e1rio Quarto Hokage com estas Impressionantes Lentes de Contacto Azuis! \ud83d\udc40<\/span> <span class=\"md-plain\">Aten\u00e7\u00e3o a todos os cosplayers de Naruto e f\u00e3s do lend\u00e1rio Yellow Flash, Minato Namikaze! Prepare-se para canalizar a velocidade sem paralelo, a coragem inabal\u00e1vel e a lideran\u00e7a do Quarto Hokage com estas incr\u00edveis lentes de contacto para cosplay de Minato Namikaze. Estas lentes captam perfeitamente a ic\u00f3nica cor azul brilhante dos olhos de Minato, permitindo-lhe retratar autenticamente o amado pai de Naruto Uzumaki e um dos mais poderosos shinobi da hist\u00f3ria!<\/span><\/p>\n<p class=\"md-end-block md-p\"><span class=\"md-plain\">Conforto e seguran\u00e7a sem compromissos para uma utiliza\u00e7\u00e3o prolongada \ud83d\udc8e<\/span> <span class=\"md-plain\">Na nossa loja, damos prioridade ao seu conforto e seguran\u00e7a acima de tudo. Estas lentes de contacto Minato Namikaze cosplay s\u00e3o fabricadas com materiais de primeira qualidade e concebidas para proporcionar um ajuste perfeito e uma nitidez excecional. S\u00e3o aprovadas pela FDA e cumprem todas as normas de seguran\u00e7a, garantindo que pode us\u00e1-las com confian\u00e7a durante longos per\u00edodos sem qualquer desconforto ou perturba\u00e7\u00f5es visuais. Temos orgulho em oferecer lentes de contacto para cosplay de alta qualidade, nas quais pode confiar para todas as suas necessidades de cosplay!<\/span><\/p>\n<p class=\"md-end-block md-p\"><span class=\"md-plain\">Meticulosamente trabalhada para replicar os ic\u00f3nicos olhos azuis de Minato \ud83c\udfa8<\/span> <span class=\"md-plain\">A nossa equipa de artes\u00e3os especializados prestou uma aten\u00e7\u00e3o meticulosa aos detalhes na cria\u00e7\u00e3o destas lentes de contacto para cosplay de Minato Namikaze. A cor azul v\u00edvida capta perfeitamente a ess\u00eancia dos olhos de Minato, mostrando a sua determina\u00e7\u00e3o inabal\u00e1vel e a profundidade da sua compaix\u00e3o. Quando colocares estas lentes de contacto, sentir\u00e1s o poder e a lideran\u00e7a do Quarto Hokage a fluir atrav\u00e9s de ti, permitindo-te mergulhar totalmente na personagem e dar vida ao teu cosplay como nunca antes!<\/span><\/p>\n<p class=\"md-end-block md-p\"><span class=\"md-plain\">Os entusiastas do cosplay elogiam estas lentes de contacto para cosplay de Minato Namikaze! \ud83c\udf1f<\/span><\/p>\n<p class=\"md-end-block md-p\"><span class=\"md-plain\">\"Estou absolutamente impressionado com a qualidade e a precis\u00e3o destas lentes de contacto para cosplay de Minato Namikaze! A cor azul \u00e9 t\u00e3o vibrante e combina perfeitamente com o visual ic\u00f3nico de Minato. N\u00e3o s\u00f3 t\u00eam um aspeto fant\u00e1stico, como tamb\u00e9m s\u00e3o incrivelmente confort\u00e1veis para usar durante longos per\u00edodos de tempo. Recomendo vivamente estas lentes a qualquer cosplayer de Naruto que queira levar o seu cosplay de Minato para o pr\u00f3ximo n\u00edvel!\" - YellowFlashCosplayPro<\/span><\/p>\n<p class=\"md-end-block md-p\"><span class=\"md-plain\">\"Como f\u00e3 incondicional de Minato Namikaze, tenho andado \u00e0 procura das lentes de contacto azuis perfeitas para captar a sua ess\u00eancia. As lentes desta loja superaram as minhas expectativas em todos os sentidos! A cor \u00e9 perfeita e o n\u00edvel de conforto \u00e9 imbat\u00edvel. Sinto que me transformei verdadeiramente no Quarto Hokage sempre que as uso. Obrigado por criarem lentes de contacto para cosplay de t\u00e3o alta qualidade!\" - MinatoCosplayLegend<\/span><\/p>\n<p class=\"md-end-block md-p\"><span class=\"md-plain\">\"J\u00e1 comprei in\u00fameras lentes de contacto para cosplay ao longo dos anos, mas estas lentes de contacto Minato Namikaze desta loja s\u00e3o de longe as melhores que j\u00e1 usei! A aten\u00e7\u00e3o aos detalhes na reprodu\u00e7\u00e3o da cor azul dos olhos de Minato \u00e9 not\u00e1vel, e as lentes s\u00e3o muito confort\u00e1veis de usar. Recebi in\u00fameros elogios sobre o meu cosplay de Minato desde que adicionei estas lentes de contacto ao meu conjunto. Recomendo vivamente esta loja para todas as suas necessidades de lentes de contacto para cosplay!\" - \ud83d\udc41\ufe0f FourthHokageCosplayMaster<\/span><\/p>\n<p class=\"md-end-block md-p\"><span class=\"md-plain\">Porqu\u00ea escolher as nossas lentes de contacto Minato Namikaze Cosplay? \ud83c\udf0d<\/span> <span class=\"md-plain\">Quando compra estas lentes de contacto para cosplay de Minato Namikaze na nossa loja, n\u00e3o est\u00e1 apenas a adquirir um par de lentes - est\u00e1 a adquirir uma porta de entrada para encarnar o lend\u00e1rio Quarto Hokage. O nosso compromisso com a qualidade, o conforto e a precis\u00e3o distingue-nos da concorr\u00eancia. Compreendemos a paix\u00e3o e a dedica\u00e7\u00e3o que os cosplayers colocam no seu of\u00edcio e esfor\u00e7amo-nos por fornecer os melhores produtos para o ajudar a dar vida \u00e0 sua vis\u00e3o de cosplay.<\/span><\/p>\n<p class=\"md-end-block md-p\"><span class=\"md-plain\">A sua viagem ao mundo de Minato Namikaze aguarda - deixe que as nossas lentes de contacto de cosplay sejam a sua chave para libertar o seu Flash Amarelo interior! \u26a1\ud83d\udc41\ufe0f\ud83d\udc9b<\/span><\/p>\n<p class=\"md-end-block md-p md-focus\"><span class=\"md-plain md-expand\">#MinatoNamikazeCosplayContactos #UnleashYourYellowFlashSpeed #NarutoCosplayersUnite #EmbodyTheFourthHokage #CosplayContactLenses<\/span><\/p>\n<p>Apresentamos as Lentes de Contacto Minato Namikaze - a forma perfeita de completar o seu cosplay! Estas lentes de contacto de alta qualidade foram concebidas para imitar o aspeto \u00fanico dos olhos de Minato Namikaze da popular s\u00e9rie de anime.<\/p>\n<p>Fabricadas com materiais de primeira qualidade, estas lentes de contacto s\u00e3o confort\u00e1veis de usar e f\u00e1ceis de utilizar. O design \u00e9 minuciosamente detalhado, com um padr\u00e3o azul e preto marcante que far\u00e1 com que os seus olhos se destaquem e dar\u00e1 um toque de autenticidade \u00e0 sua fantasia.<\/p>\n<p>Quer esteja a participar num evento de cosplay ou queira simplesmente mostrar o seu amor pela s\u00e9rie, estas lentes de contacto Minato Namikaze s\u00e3o a escolha perfeita. S\u00e3o adequadas para uma variedade de ocasi\u00f5es e eventos de cosplay, e v\u00e3o certamente impressionar todos \u00e0 sua volta.<\/p>\n<p>Ent\u00e3o, porqu\u00ea esperar? Encomende hoje mesmo os seus Minato Namikaze Contacts e leve o seu cosplay para o pr\u00f3ximo n\u00edvel!<\/p>\n<p>&nbsp;<\/p>\n<p>Minato Namikaze (\u6ce2\u98a8\u30df\u30ca\u30c8, Namikaze Minato) foi o Quarto Hokage (\u56db\u4ee3\u76ee\u706b\u5f71, Yondaime Hokage, que significa literalmente: Quarta Sombra de Fogo) de Konohagakure. Ele era renomado em todo o mundo como o Flash Amarelo de Konoha (\u6728\u30ce\u8449\u306e\u9ec4\u8272\u3044\u9583\u5149, Konoha no Kiiroi Senk\u014d, TV inglesa: Yellow Flash of the Leaf). Ele morreu durante o Ataque da Raposa Demon\u00edaca de Nove Caudas, sacrificando sua vida para selar uma parte das Nove Caudas em seu filho rec\u00e9m-nascido, Uzumaki.<\/p>\n<p>Afilia\u00e7\u00f5es: Aldeia da Folha Oculta, For\u00e7as Shinobi Aliadas, Monte My\u014dboku<br \/>\nEquipa: Equipa Minato, Equipa Jiraiya<br \/>\nClassifica\u00e7\u00e3o: Jinch\u016briki, Sage, Tipo de sensor<br \/>\nEsposa: Kushina Uzumaki<br \/>\nFilhos: Uzumaki<br \/>\nJutsu: Deus do Trov\u00e3o Voador - Segundo Passo<\/p>","protected":false},"excerpt":{"rendered":"<p>Liberte a sua velocidade de flash amarelo com as lentes de contacto Minato Namikaze Cosplay! \ud83d\udc41\ufe0f\ud83d\udc9b Encarna o Lend\u00e1rio Quarto Hokage com estas Impressionantes Lentes de Contacto Azuis! Aten\u00e7\u00e3o todos os cosplayers de Naruto e f\u00e3s do lend\u00e1rio Yellow Flash, Minato Namikaze! Preparem-se para canalizar a velocidade incompar\u00e1vel, a coragem inabal\u00e1vel e a lideran\u00e7a do Quarto Hokage com estas incr\u00edveis [...]","protected":false},"featured_media":19683,"comment_status":"open","ping_status":"closed","template":"","meta":[],"product_brand":[],"product_cat":[83],"product_tag":[123],"class_list":{"0":"post-7360","1":"product","2":"type-product","3":"status-publish","4":"has-post-thumbnail","6":"product_cat-cosplay-contacts","7":"product_tag-minato-namikaz","9":"first","10":"instock","11":"sale","12":"taxable","13":"shipping-taxable","14":"purchasable","15":"product-type-variable","16":"has-default-attributes"},"_links":{"self":[{"href":"https:\/\/sharingan.us\/pt\/wp-json\/wp\/v2\/product\/7360","targetHints":{"allow":["GET"]}}],"collection":[{"href":"https:\/\/sharingan.us\/pt\/wp-json\/wp\/v2\/product"}],"about":[{"href":"https:\/\/sharingan.us\/pt\/wp-json\/wp\/v2\/types\/product"}],"replies":[{"embeddable":true,"href":"https:\/\/sharingan.us\/pt\/wp-json\/wp\/v2\/comments?post=7360"}],"wp:featuredmedia":[{"embeddable":true,"href":"https:\/\/sharingan.us\/pt\/wp-json\/wp\/v2\/media\/19683"}],"wp:attachment":[{"href":"https:\/\/sharingan.us\/pt\/wp-json\/wp\/v2\/media?parent=7360"}],"wp:term":[{"taxonomy":"product_brand","embeddable":true,"href":"https:\/\/sharingan.us\/pt\/wp-json\/wp\/v2\/product_brand?post=7360"},{"taxonomy":"product_cat","embeddable":true,"href":"https:\/\/sharingan.us\/pt\/wp-json\/wp\/v2\/product_cat?post=7360"},{"taxonomy":"product_tag","embeddable":true,"href":"https:\/\/sharingan.us\/pt\/wp-json\/wp\/v2\/product_tag?post=7360"}],"curies":[{"name":"wp","href":"https:\/\/api.w.org\/{rel}","templated":true}]}}