{"id":7350,"date":"2021-11-27T09:21:33","date_gmt":"2021-11-27T13:21:33","guid":{"rendered":"https:\/\/sharingan.us\/?post_type=product&#038;p=7350"},"modified":"2024-10-05T15:34:53","modified_gmt":"2024-10-05T07:34:53","slug":"lentes-de-contacto-para-cosplay-de-jiraiya","status":"publish","type":"product","link":"https:\/\/sharingan.us\/pt\/lentes-de-contacto-para-cosplay-de-jiraiya\/","title":{"rendered":"Jiraiya Cosplay Lentes de Contacto"},"content":{"rendered":"<h1 class=\"md-end-block md-heading\"><span class=\"md-plain md-expand\">Encarne o lend\u00e1rio Sannin com as lentes de contacto Jiraiya Cosplay! \ud83e\uddff\ud83d\udc41\ufe0f\ud83d\udd2e<\/span><\/h1>\n<p class=\"md-end-block md-p\"><span class=\"md-plain\">Canalize a Sabedoria e o Poder de Jiraiya com estas Impressionantes Lentes de Contacto para Cosplay! \ud83d\udc40<\/span> <span class=\"md-plain\">Aten\u00e7\u00e3o a todos os cosplayers de Naruto e f\u00e3s do lend\u00e1rio Sannin, Jiraiya! Prepare-se para encarnar a sabedoria s\u00e1bia, a for\u00e7a incompar\u00e1vel e o esp\u00edrito travesso deste ic\u00f3nico shinobi com estas incr\u00edveis lentes de contacto para cosplay de Jiraiya. Estas lentes captam na perfei\u00e7\u00e3o a cor cinzenta distinta dos olhos de Jiraiya, permitindo-lhe representar autenticamente o S\u00e1bio Sapo e mentor de Naruto Uzumaki!<\/span><\/p>\n<p class=\"md-end-block md-p\"><span class=\"md-plain\">Conforto e seguran\u00e7a sem compromissos para uma utiliza\u00e7\u00e3o prolongada \ud83d\udc8e<\/span> <span class=\"md-plain\">Compreendemos que o conforto e a seguran\u00e7a s\u00e3o da maior import\u00e2ncia quando se trata de lentes de contacto para cosplay. Estas lentes de contacto para cosplay Jiraiya s\u00e3o fabricadas com materiais de primeira qualidade e concebidas para proporcionar um ajuste perfeito e uma claridade excecional. S\u00e3o aprovadas pela FDA e cumprem todas as normas de seguran\u00e7a, garantindo que pode us\u00e1-las com confian\u00e7a durante longos per\u00edodos sem qualquer desconforto ou perturba\u00e7\u00f5es visuais.<\/span><\/p>\n<p class=\"md-end-block md-p\"><span class=\"md-plain\">Meticulosamente trabalhado para replicar os ic\u00f3nicos olhos cinzentos de Jiraiya \ud83c\udfa8<\/span> <span class=\"md-plain\">A aten\u00e7\u00e3o aos detalhes destas lentes de contacto para cosplay de Jiraiya \u00e9 verdadeiramente not\u00e1vel. A impressionante cor cinzenta capta perfeitamente a ess\u00eancia dos olhos de Jiraiya, mostrando a sua sabedoria de s\u00e1bio e a profundidade do seu conhecimento. Quando colocar estas lentes de contacto, sentir\u00e1 o poder e o carisma deste lend\u00e1rio shinobi a fluir atrav\u00e9s de si, permitindo-lhe mergulhar totalmente na personagem.<\/span><\/p>\n<p class=\"md-end-block md-p\"><span class=\"md-plain\">Os Entusiastas do Cosplay Rave Sobre Estes Contactos de Cosplay do Jiraiya! \ud83c\udf1f<\/span><\/p>\n<p class=\"md-end-block md-p\"><span class=\"md-plain\">\"Estou absolutamente entusiasmada com estas lentes de contacto para cosplay de Jiraiya! A cor cinzenta \u00e9 perfeita e d\u00e1 vida ao meu cosplay de Jiraiya. N\u00e3o s\u00f3 t\u00eam um aspeto incr\u00edvel, como tamb\u00e9m s\u00e3o incrivelmente confort\u00e1veis de usar. Eu posso encarnar com confian\u00e7a a sabedoria e o poder do S\u00e1bio Sapo gra\u00e7as a essas lentes incr\u00edveis!\" - SageModeCosplayer<\/span><\/p>\n<p class=\"md-end-block md-p\"><span class=\"md-plain\">\"Como cosplayer dedicado de Jiraiya, tenho andado \u00e0 procura das lentes de contacto cinzentas perfeitas para capturar o seu visual ic\u00f3nico. Estas lentes excederam as minhas expectativas em todos os sentidos! A cor \u00e9 rica e vibrante, e o n\u00edvel de conforto \u00e9 imbat\u00edvel. Sinto que me transformei verdadeiramente no lend\u00e1rio Sannin sempre que as uso!\" - ToadSageCosplayMaster<\/span><\/p>\n<p class=\"md-end-block md-p\"><span class=\"md-plain\">\"Estas lentes de contacto para cosplay de Jiraiya s\u00e3o um divisor de \u00e1guas para qualquer cosplayer de Naruto que queira representar o Toad Sage. A aten\u00e7\u00e3o aos detalhes na reprodu\u00e7\u00e3o da cor cinzenta dos olhos de Jiraiya \u00e9 impressionante, e a qualidade das lentes \u00e9 de topo. Recebi in\u00fameros elogios ao meu cosplay de Jiraiya desde que adicionei estas lentes ao meu conjunto!\" - \ud83d\udc41\ufe0f JiraiyaCosplayLegend<\/span><\/p>\n<p class=\"md-end-block md-p\"><span class=\"md-plain\">Abra\u00e7a a Sabedoria e a For\u00e7a do Lend\u00e1rio Sannin! \ud83c\udf0d<\/span> <span class=\"md-plain\">Ao usar estas lentes de contacto para cosplay de Jiraiya, est\u00e1 a abra\u00e7ar a sabedoria de um s\u00e1bio, a for\u00e7a inigual\u00e1vel e o esp\u00edrito travesso que definem esta personagem lend\u00e1ria. Exiba os ic\u00f3nicos olhos cinzentos de Jiraiya, crie experi\u00eancias de cosplay cativantes e inspire outros com a sua representa\u00e7\u00e3o do S\u00e1bio Sapo.<\/span><\/p>\n<p class=\"md-end-block md-p\"><span class=\"md-plain\">Sua jornada no mundo de Jiraiya aguarda - deixe esses contatos de cosplay serem sua porta de entrada para incorporar o lend\u00e1rio Sannin! \ud83e\uddff\ud83d\udc41\ufe0f\ud83d\udd2e<\/span><\/p>\n<p class=\"md-end-block md-p md-focus\"><span class=\"md-plain md-expand\">#JiraiyaCosplayContactos #EmbodyTheLegendarySannin #NarutoCosplayersUnite #EmbraceYourSageWisdom<\/span><\/p>\n<figure id=\"attachment_7354\" aria-describedby=\"caption-attachment-7354\" style=\"width: 300px\" class=\"wp-caption alignnone\"><img decoding=\"async\" class=\"wp-image-7354 size-thumbnail lazyload\" data-src=\"https:\/\/sharingan.us\/wp-content\/uploads\/2021\/11\/naruto-Jiraiya-300x300.jpg\" alt=\"Contactos de Jiraiya\" width=\"300\" height=\"300\" title=\"\" src=\"data:image\/svg+xml;base64,PHN2ZyB3aWR0aD0iMSIgaGVpZ2h0PSIxIiB4bWxucz0iaHR0cDovL3d3dy53My5vcmcvMjAwMC9zdmciPjwvc3ZnPg==\" style=\"--smush-placeholder-width: 300px; --smush-placeholder-aspect-ratio: 300\/300;\"><figcaption id=\"caption-attachment-7354\" class=\"wp-caption-text\">Contactos de Jiraiya<\/figcaption><\/figure>\n<p>Jiraiya \u00e9 uma personagem fict\u00edcia da s\u00e9rie de manga e anime criada por Masashi Kishimoto. Introduzido na primeira parte da s\u00e9rie, foi aluno do Terceiro Hokage Hiruzen Sarutobi e um dos tr\u00eas \"Lend\u00e1rios Tr\u00eas Grandes Alunos do Deus Shinobi\" - juntamente com Orochimaru e Lady Tsunade, seus antigos companheiros de equipa. Jiraiya aparece como um velho pervertido que ocasionalmente regressa \u00e0 aldeia de Konohagakure, relatando as actividades de Orochimaru e da organiza\u00e7\u00e3o Akatsuki. Referido como o \"S\u00e1bio Sapo\" e \"S\u00e1bio Pervertido\", \u00e9 o mentor do Quarto Hokage Minato Namikaze e, mais tarde, torna-se padrinho e mentor do filho de Minato, Uzumaki.<\/p>\n<p>Afilia\u00e7\u00f5es: Aldeia das Folhas Escondidas, Monte My\u014dboku<br \/>\nEquipa: Ame Orphans, Equipa Hiruzen, Equipa Jiraiya<br \/>\nClassifica\u00e7\u00e3o: Sannin, S\u00e1bio<br \/>\nActores de voz: H\u014dch\u016b \u014ctsuka, David Lodge, Brad MacDonald, Richard Cansino, T\u014dru Nara, Wally Wingert<br \/>\nApari\u00e7\u00f5es regulares em destaque:<br \/>\nLocais onde viveu: Aldeia das Folhas Escondidas<\/p>","protected":false},"excerpt":{"rendered":"<p>Encarne o Lend\u00e1rio Sannin com as Lentes de Contacto Cosplay Jiraiya! \ud83e\uddff\ud83d\udc41\ufe0f\ud83d\udd2e Canalize a Sabedoria e o Poder de Jiraiya com estas Impressionantes Lentes de Contacto Cosplay! Aten\u00e7\u00e3o a todos os cosplayers de Naruto e f\u00e3s do lend\u00e1rio Sannin, Jiraiya! Prepare-se para incorporar a sabedoria s\u00e1bia, a for\u00e7a incompar\u00e1vel e o esp\u00edrito travesso deste shinobi ic\u00f3nico com estas incr\u00edveis lentes de contacto Jiraiya [...]","protected":false},"featured_media":18302,"comment_status":"open","ping_status":"closed","template":"","meta":[],"product_brand":[],"product_cat":[83],"product_tag":[121],"class_list":{"0":"post-7350","1":"product","2":"type-product","3":"status-publish","4":"has-post-thumbnail","6":"product_cat-cosplay-contacts","7":"product_tag-jiraiya","9":"first","10":"instock","11":"sale","12":"taxable","13":"shipping-taxable","14":"purchasable","15":"product-type-variable","16":"has-default-attributes"},"_links":{"self":[{"href":"https:\/\/sharingan.us\/pt\/wp-json\/wp\/v2\/product\/7350","targetHints":{"allow":["GET"]}}],"collection":[{"href":"https:\/\/sharingan.us\/pt\/wp-json\/wp\/v2\/product"}],"about":[{"href":"https:\/\/sharingan.us\/pt\/wp-json\/wp\/v2\/types\/product"}],"replies":[{"embeddable":true,"href":"https:\/\/sharingan.us\/pt\/wp-json\/wp\/v2\/comments?post=7350"}],"wp:featuredmedia":[{"embeddable":true,"href":"https:\/\/sharingan.us\/pt\/wp-json\/wp\/v2\/media\/18302"}],"wp:attachment":[{"href":"https:\/\/sharingan.us\/pt\/wp-json\/wp\/v2\/media?parent=7350"}],"wp:term":[{"taxonomy":"product_brand","embeddable":true,"href":"https:\/\/sharingan.us\/pt\/wp-json\/wp\/v2\/product_brand?post=7350"},{"taxonomy":"product_cat","embeddable":true,"href":"https:\/\/sharingan.us\/pt\/wp-json\/wp\/v2\/product_cat?post=7350"},{"taxonomy":"product_tag","embeddable":true,"href":"https:\/\/sharingan.us\/pt\/wp-json\/wp\/v2\/product_tag?post=7350"}],"curies":[{"name":"wp","href":"https:\/\/api.w.org\/{rel}","templated":true}]}}