{"id":7337,"date":"2021-11-27T08:48:21","date_gmt":"2021-11-27T12:48:21","guid":{"rendered":"https:\/\/sharingan.us\/?post_type=product&#038;p=7337"},"modified":"2024-10-05T15:34:53","modified_gmt":"2024-10-05T07:34:53","slug":"contactos-da-tsunade","status":"publish","type":"product","link":"https:\/\/sharingan.us\/pt\/contactos-da-tsunade\/","title":{"rendered":"Contactos de Tsunade"},"content":{"rendered":"<h4>Contactos de Tsunade<\/h4>\n<p>Apresentamos as Lentes de Contacto Tsunade - a forma perfeita de dar um toque de autenticidade ao seu cosplay! Estas lentes de contacto de alta qualidade foram concebidas para imitar o aspeto \u00fanico dos olhos de Tsunade da popular s\u00e9rie de anime.<\/p>\n<p>Fabricadas com materiais de primeira qualidade, estas lentes de contacto s\u00e3o confort\u00e1veis de usar e f\u00e1ceis de utilizar. O design \u00e9 intrinsecamente detalhado com um impressionante padr\u00e3o roxo e preto, que far\u00e1 com que os seus olhos se destaquem e d\u00ea um toque de eleg\u00e2ncia ao seu traje.<\/p>\n<p>Quer esteja a participar num evento de cosplay ou queira simplesmente mostrar o seu amor pela s\u00e9rie, estas lentes de contacto Tsunade s\u00e3o a escolha perfeita. S\u00e3o adequadas para uma variedade de ocasi\u00f5es e eventos de cosplay, e v\u00e3o certamente impressionar todos \u00e0 sua volta.<\/p>\n<p>Ent\u00e3o, porqu\u00ea esperar? Encomende hoje os seus contactos Tsunade e leve o seu cosplay para o pr\u00f3ximo n\u00edvel!<\/p>\n<p>&nbsp;<\/p>\n<p>Tsunade \u00e9 descendente do Cl\u00e3 Senju e Uzumaki, e \u00e9 uma das Sannin de Konohagakure. Ela \u00e9 famosa como a kunoichi mais forte do mundo e a maior m\u00e9dica-nin. A perda repetida de seus entes queridos fez com que Tsunade abandonasse a vida de shinobi por muitos anos.<\/p>\n<p>Afilia\u00e7\u00f5es: Aldeia da Folha Oculta, For\u00e7as Shinobi Aliadas<br \/>\nEquipa: Equipa Hiruzen<br \/>\nCl\u00e3: Cl\u00e3 Senju<br \/>\nClassifica\u00e7\u00e3o: Sannin, M\u00e9dico-nin<br \/>\nIrm\u00e3os: Nawaki<\/p>","protected":false},"excerpt":{"rendered":"<p>Lentes de Contacto Tsunade Apresentamos as Lentes de Contacto Tsunade - a forma perfeita de dar um toque de autenticidade ao seu cosplay! Estas lentes de contacto de alta qualidade foram concebidas para imitar o aspeto \u00fanico dos olhos da Tsunade da popular s\u00e9rie de anime. Fabricadas com materiais de primeira qualidade, estas lentes de contacto s\u00e3o confort\u00e1veis de usar e f\u00e1ceis de utilizar. O design \u00e9 intrincado [...]","protected":false},"featured_media":18479,"comment_status":"open","ping_status":"closed","template":"","meta":[],"product_brand":[],"product_cat":[83],"product_tag":[119],"class_list":{"0":"post-7337","1":"product","2":"type-product","3":"status-publish","4":"has-post-thumbnail","6":"product_cat-cosplay-contacts","7":"product_tag-tsunade-contacts","9":"first","10":"instock","11":"sale","12":"taxable","13":"shipping-taxable","14":"purchasable","15":"product-type-variable","16":"has-default-attributes"},"_links":{"self":[{"href":"https:\/\/sharingan.us\/pt\/wp-json\/wp\/v2\/product\/7337","targetHints":{"allow":["GET"]}}],"collection":[{"href":"https:\/\/sharingan.us\/pt\/wp-json\/wp\/v2\/product"}],"about":[{"href":"https:\/\/sharingan.us\/pt\/wp-json\/wp\/v2\/types\/product"}],"replies":[{"embeddable":true,"href":"https:\/\/sharingan.us\/pt\/wp-json\/wp\/v2\/comments?post=7337"}],"wp:featuredmedia":[{"embeddable":true,"href":"https:\/\/sharingan.us\/pt\/wp-json\/wp\/v2\/media\/18479"}],"wp:attachment":[{"href":"https:\/\/sharingan.us\/pt\/wp-json\/wp\/v2\/media?parent=7337"}],"wp:term":[{"taxonomy":"product_brand","embeddable":true,"href":"https:\/\/sharingan.us\/pt\/wp-json\/wp\/v2\/product_brand?post=7337"},{"taxonomy":"product_cat","embeddable":true,"href":"https:\/\/sharingan.us\/pt\/wp-json\/wp\/v2\/product_cat?post=7337"},{"taxonomy":"product_tag","embeddable":true,"href":"https:\/\/sharingan.us\/pt\/wp-json\/wp\/v2\/product_tag?post=7337"}],"curies":[{"name":"wp","href":"https:\/\/api.w.org\/{rel}","templated":true}]}}