{"id":7333,"date":"2021-11-27T08:36:38","date_gmt":"2021-11-27T12:36:38","guid":{"rendered":"https:\/\/sharingan.us\/?post_type=product&#038;p=7333"},"modified":"2024-10-05T15:34:53","modified_gmt":"2024-10-05T07:34:53","slug":"sakura-haruno-cosplay-lentes-de-contacto","status":"publish","type":"product","link":"https:\/\/sharingan.us\/pt\/sakura-haruno-cosplay-lentes-de-contacto\/","title":{"rendered":"Sakura Haruno Cosplay Lentes de Contacto"},"content":{"rendered":"<h1 class=\"md-end-block md-heading\"><span class=\"md-plain md-expand\">Abra\u00e7a a tua Kunoichi interior com as lentes de contacto Sakura Haruno Cosplay! \ud83c\udf38\ud83d\udc41\ufe0f\ud83d\udc9a<\/span><\/h1>\n<p class=\"md-end-block md-p\"><span class=\"md-plain\">Canalize a For\u00e7a e a Determina\u00e7\u00e3o de Sakura Haruno com estas Lentes de Contacto Impressionantes! \ud83d\udc40<\/span> <span class=\"md-plain\">Aten\u00e7\u00e3o a todos os cosplayers de Naruto e f\u00e3s da adorada kunoichi, Sakura Haruno! Prepare-se para encarnar a determina\u00e7\u00e3o feroz e a lealdade inabal\u00e1vel desta personagem ic\u00f3nica com estas incr\u00edveis lentes de contacto para cosplay da Sakura Haruno. Estas lentes captam na perfei\u00e7\u00e3o a cor dos olhos de Sakura, com um tom verde vibrante que lhe permitir\u00e1 retratar autenticamente a habilidosa ninja m\u00e9dica e membro da Equipa 7!<\/span><\/p>\n<p class=\"md-end-block md-p\"><span class=\"md-plain\">Conforto e seguran\u00e7a sem compromissos para uma utiliza\u00e7\u00e3o prolongada \ud83d\udc8e<\/span> <span class=\"md-plain\">Compreendemos que o conforto e a seguran\u00e7a s\u00e3o da maior import\u00e2ncia quando se trata de lentes de contacto para cosplay. Estas lentes de contacto para cosplay Sakura Haruno s\u00e3o fabricadas com materiais de primeira qualidade e concebidas para proporcionar um ajuste perfeito e uma claridade excecional. S\u00e3o aprovadas pela FDA e cumprem todas as normas de seguran\u00e7a, garantindo que pode us\u00e1-las com confian\u00e7a durante longos per\u00edodos sem qualquer desconforto ou perturba\u00e7\u00f5es visuais.<\/span><\/p>\n<p class=\"md-end-block md-p\"><span class=\"md-plain\">Meticulosamente trabalhada para replicar os vibrantes olhos verdes da Sakura \ud83c\udfa8<\/span> <span class=\"md-plain\">A aten\u00e7\u00e3o aos detalhes destas lentes de contacto para cosplay da Sakura Haruno \u00e9 verdadeiramente not\u00e1vel. A impressionante cor verde capta perfeitamente a ess\u00eancia dos olhos de Sakura, mostrando a sua determina\u00e7\u00e3o inabal\u00e1vel e natureza compassiva. Quando colocar estas lentes de contacto, sentir\u00e1 a for\u00e7a e a determina\u00e7\u00e3o desta talentosa kunoichi a fluir atrav\u00e9s de si, permitindo-lhe mergulhar totalmente na personagem.<\/span><\/p>\n<p class=\"md-end-block md-p\"><span class=\"md-plain\">Os Entusiastas do Cosplay Rave Sobre Estes Contactos Cosplay Sakura Haruno! \ud83c\udf1f<\/span><\/p>\n<p class=\"md-end-block md-p\"><span class=\"md-plain\">\"Adoro estas lentes de contacto para cosplay da Sakura Haruno! A cor verde vibrante \u00e9 perfeita e d\u00e1 vida ao meu cosplay de Sakura. N\u00e3o s\u00f3 t\u00eam um aspeto fant\u00e1stico, como tamb\u00e9m s\u00e3o incrivelmente confort\u00e1veis de usar. Posso retratar com confian\u00e7a a determina\u00e7\u00e3o feroz e as proezas m\u00e9dicas de Sakura gra\u00e7as a estas lentes!\" - CherryBlossomNinja92<\/span><\/p>\n<p class=\"md-end-block md-p\"><span class=\"md-plain\">\"Como grande f\u00e3 da Sakura Haruno, tenho procurado as lentes de contacto para cosplay perfeitas para completar o meu visual. Estas lentes excederam as minhas expectativas! A tonalidade verde \u00e9 t\u00e3o viva e aut\u00eantica, e o n\u00edvel de conforto \u00e9 imbat\u00edvel. Sinto-me como se me tivesse transformado verdadeiramente em Sakura sempre que as uso!\" - KunoichiCosplayQueen<\/span><\/p>\n<p class=\"md-end-block md-p\"><span class=\"md-plain\">\"Estas lentes de contacto para cosplay da Sakura Haruno s\u00e3o um divisor de \u00e1guas para qualquer cosplayer de Naruto. A aten\u00e7\u00e3o ao detalhe na captura da cor dos olhos da Sakura \u00e9 impressionante, e a qualidade das lentes \u00e9 de topo. Recebi muitos elogios sobre o meu cosplay de Sakura desde que adicionei estas lentes de contacto ao meu conjunto!\" - SakuraCosplayDreams<\/span><\/p>\n<p class=\"md-end-block md-p\"><span class=\"md-plain\">Abrace a for\u00e7a e a resili\u00eancia de Sakura Haruno! \ud83c\udf0d<\/span> <span class=\"md-plain\">Ao usar estas lentes de contacto para cosplay da Sakura Haruno, est\u00e1 a abra\u00e7ar a for\u00e7a, a determina\u00e7\u00e3o e a compaix\u00e3o que definem esta personagem adorada. Mostre os olhos verdes vibrantes da Sakura, crie experi\u00eancias de cosplay cativantes e inspire outros com a sua representa\u00e7\u00e3o desta ninja m\u00e9dica habilidosa.<\/span><\/p>\n<p class=\"md-end-block md-p\"><span class=\"md-plain\">A sua viagem ao mundo de Sakura Haruno aguarda - deixe que estas lentes de contacto de cosplay sejam a sua porta de entrada para libertar a sua kunoichi interior! \ud83c\udf38\ud83d\udc41\ufe0f\ud83d\udc9a<\/span><\/p>\n<p class=\"md-end-block md-p md-focus\"><span class=\"md-plain md-expand\">#SakuraHarunoCosplayContactos #EmbodyYourInnerKunoichi #NarutoCosplayersUnite #EmbraceYourStrength<\/span><\/p>\n<figure id=\"attachment_7380\" aria-describedby=\"caption-attachment-7380\" style=\"width: 300px\" class=\"wp-caption alignnone\"><img decoding=\"async\" class=\"size-thumbnail wp-image-7380 lazyload\" data-src=\"https:\/\/sharingan.us\/wp-content\/uploads\/2021\/11\/green-300x300.jpg\" alt=\"Sakura Haruno\" width=\"300\" height=\"300\" title=\"\" data-srcset=\"https:\/\/sharingan.us\/wp-content\/uploads\/2021\/11\/green-300x300.jpg 300w, https:\/\/sharingan.us\/wp-content\/uploads\/2021\/11\/green-100x100.jpg 100w, https:\/\/sharingan.us\/wp-content\/uploads\/2021\/11\/green-768x768.jpg 768w, https:\/\/sharingan.us\/wp-content\/uploads\/2021\/11\/green-12x12.jpg 12w, https:\/\/sharingan.us\/wp-content\/uploads\/2021\/11\/green-60x60.jpg 60w, https:\/\/sharingan.us\/wp-content\/uploads\/2021\/11\/green-110x110.jpg 110w, https:\/\/sharingan.us\/wp-content\/uploads\/2021\/11\/green-510x510.jpg 510w, https:\/\/sharingan.us\/wp-content\/uploads\/2021\/11\/green.jpg 800w\" data-sizes=\"(max-width: 300px) 100vw, 300px\" src=\"data:image\/svg+xml;base64,PHN2ZyB3aWR0aD0iMSIgaGVpZ2h0PSIxIiB4bWxucz0iaHR0cDovL3d3dy53My5vcmcvMjAwMC9zdmciPjwvc3ZnPg==\" style=\"--smush-placeholder-width: 300px; --smush-placeholder-aspect-ratio: 300\/300;\" \/><figcaption id=\"caption-attachment-7380\" class=\"wp-caption-text\">Sakura Haruno<\/figcaption><\/figure>\n<p>Sakura Haruno \u00e9 uma personagem fict\u00edcia da s\u00e9rie de manga e anime criada por Masashi Kishimoto. Sakura \u00e9 retratada como uma kunoichi afiliada a Konohagakure e parte da Equipa 7, que consiste nela pr\u00f3pria, Uzumaki, Sasuke Uchiha e o seu sensei Kakashi Hatake.<\/p>\n<p>Afilia\u00e7\u00f5es: Aldeia da Folha Oculta, For\u00e7as Shinobi Aliadas<br \/>\nEquipa: Konoha 11, Eight Man Squad, Ino-Saku-Sai, Equipa Asuma, MAIS<br \/>\nCl\u00e3: Cl\u00e3 Uchiha<br \/>\nClassifica\u00e7\u00e3o: M\u00e9dico-nin<br \/>\nOs pais: Kizashi Haruno, Mebuki Haruno<br \/>\nEsposa: Sasuke Uchiha<br \/>\nFilhos: Sarada Uchiha<\/p>","protected":false},"excerpt":{"rendered":"<p>Abra\u00e7a a tua Kunoichi interior com as Lentes de Contacto Sakura Haruno Cosplay! \ud83c\udf38\ud83d\udc41\ufe0f\ud83d\udc9a Canalize a For\u00e7a e Determina\u00e7\u00e3o de Sakura Haruno com estas Impressionantes Lentes de Contacto! Aten\u00e7\u00e3o todos os cosplayers de Naruto e f\u00e3s da amada kunoichi, Sakura Haruno! Prepara-te para encarnar a determina\u00e7\u00e3o feroz e a lealdade inabal\u00e1vel desta personagem ic\u00f3nica com estas incr\u00edveis lentes de contacto Sakura [...]","protected":false},"featured_media":19674,"comment_status":"open","ping_status":"closed","template":"","meta":[],"product_brand":[],"product_cat":[83],"product_tag":[86,118],"class_list":{"0":"post-7333","1":"product","2":"type-product","3":"status-publish","4":"has-post-thumbnail","6":"product_cat-cosplay-contacts","7":"product_tag-rinnegan","8":"product_tag-sakura-haruno-contacts","10":"first","11":"instock","12":"sale","13":"taxable","14":"shipping-taxable","15":"purchasable","16":"product-type-variable","17":"has-default-attributes"},"_links":{"self":[{"href":"https:\/\/sharingan.us\/pt\/wp-json\/wp\/v2\/product\/7333","targetHints":{"allow":["GET"]}}],"collection":[{"href":"https:\/\/sharingan.us\/pt\/wp-json\/wp\/v2\/product"}],"about":[{"href":"https:\/\/sharingan.us\/pt\/wp-json\/wp\/v2\/types\/product"}],"replies":[{"embeddable":true,"href":"https:\/\/sharingan.us\/pt\/wp-json\/wp\/v2\/comments?post=7333"}],"wp:featuredmedia":[{"embeddable":true,"href":"https:\/\/sharingan.us\/pt\/wp-json\/wp\/v2\/media\/19674"}],"wp:attachment":[{"href":"https:\/\/sharingan.us\/pt\/wp-json\/wp\/v2\/media?parent=7333"}],"wp:term":[{"taxonomy":"product_brand","embeddable":true,"href":"https:\/\/sharingan.us\/pt\/wp-json\/wp\/v2\/product_brand?post=7333"},{"taxonomy":"product_cat","embeddable":true,"href":"https:\/\/sharingan.us\/pt\/wp-json\/wp\/v2\/product_cat?post=7333"},{"taxonomy":"product_tag","embeddable":true,"href":"https:\/\/sharingan.us\/pt\/wp-json\/wp\/v2\/product_tag?post=7333"}],"curies":[{"name":"wp","href":"https:\/\/api.w.org\/{rel}","templated":true}]}}