{"id":7331,"date":"2021-11-27T08:30:20","date_gmt":"2021-11-27T12:30:20","guid":{"rendered":"https:\/\/sharingan.us\/?post_type=product&#038;p=7331"},"modified":"2024-10-05T15:34:50","modified_gmt":"2024-10-05T07:34:50","slug":"contactos-do-sharingan-azul-uchiha-totalmente-activados","status":"publish","type":"product","link":"https:\/\/sharingan.us\/pt\/contactos-do-sharingan-azul-uchiha-totalmente-activados\/","title":{"rendered":"Contactos do Sharingan Azul de Uchiha totalmente ativado"},"content":{"rendered":"<h1 class=\"md-end-block md-heading\"><span class=\"md-plain md-expand\">Liberte a sua mestria Uchiha com os contactos Sharingan azuis totalmente activados! \ud83c\udf00\ud83d\udc41\ufe0f\ud83d\udc99<\/span><\/h1>\n<p class=\"md-end-block md-p\"><span class=\"md-plain\">Encarne o Excecional Cl\u00e3 Uchiha com estas Impressionantes Lentes de Contacto Sharingan! \ud83d\udc40<\/span> <span class=\"md-plain\">Aten\u00e7\u00e3o a todos os cosplayers de Naruto e f\u00e3s do not\u00e1vel cl\u00e3 Uchiha! Prepara-te para canalizar o incr\u00edvel poder e mestria visual do Sharingan totalmente ativado com estas deslumbrantes lentes de contacto azuis Sharingan. Estas lentes captam perfeitamente a apar\u00eancia distinta do lend\u00e1rio d\u014djutsu dos Uchiha, apresentando uma \u00edris azul hipnotizante adornada com o ic\u00f3nico padr\u00e3o preto tomoe. Com estas lentes de contacto, pode retratar autenticamente os membros mais habilidosos e excepcionais do cl\u00e3 Uchiha, dando vida \u00e0s suas incompar\u00e1veis capacidades visuais!<\/span><\/p>\n<p class=\"md-end-block md-p\"><span class=\"md-plain\">Conforto e seguran\u00e7a sem compromissos para uma utiliza\u00e7\u00e3o prolongada \ud83d\udc8e<\/span> <span class=\"md-plain\">Compreendemos que o conforto e a seguran\u00e7a s\u00e3o da maior import\u00e2ncia quando se trata de lentes de contacto para cosplay. Estas lentes de contacto Sharingan azuis totalmente activadas s\u00e3o fabricadas com materiais de primeira qualidade e concebidas para proporcionar um ajuste perfeito e uma claridade excecional. S\u00e3o aprovadas pela FDA e cumprem todas as normas de seguran\u00e7a, garantindo que as pode usar com confian\u00e7a durante longos per\u00edodos sem qualquer desconforto ou perturba\u00e7\u00f5es visuais.<\/span><\/p>\n<p class=\"md-end-block md-p\"><span class=\"md-plain\">Meticulosamente fabricado para replicar o ic\u00f3nico Sharingan totalmente ativado \ud83c\udfa8<\/span> <span class=\"md-plain\">A aten\u00e7\u00e3o ao detalhe nestas lentes de contacto Sharingan azuis totalmente activadas \u00e9 verdadeiramente not\u00e1vel. A cativante \u00edris azul serve como o pano de fundo perfeito para o n\u00edtido e imponente padr\u00e3o tomoe preto, capturando a ess\u00eancia da mestria visual totalmente desperta dos Uchiha. Ao colocar estas lentes de contacto, sentir\u00e1 o imenso poder do Sharingan a percorr\u00ea-lo, permitindo-lhe mergulhar totalmente nas personagens que aperfei\u00e7oaram este lend\u00e1rio d\u014djutsu na perfei\u00e7\u00e3o.<\/span><\/p>\n<p class=\"md-end-block md-p\"><span class=\"md-plain\">Influenciadores de Cosplay Rave sobre esses contatos Sharingan azuis totalmente ativados! \ud83c\udf1f<\/span><\/p>\n<p class=\"md-end-block md-p\"><span class=\"md-plain\">\"Como cosplayer que adora retratar os mais excepcionais membros do cl\u00e3 Uchiha, estas lentes de contacto azuis do Sharingan totalmente activadas foram uma mudan\u00e7a absoluta no jogo! A \u00edris azul hipnotizante e o padr\u00e3o tomoe preto n\u00edtido captam perfeitamente a ess\u00eancia do Sharingan totalmente desperto. O conforto e o impacto visual s\u00e3o inigual\u00e1veis. Eu os recomendo fortemente para quem quer fazer cosplay de personagens Uchiha no auge de suas proezas visuais! - UchihaSharinganMaster<\/span><\/p>\n<p class=\"md-end-block md-p\"><span class=\"md-plain\">\"Fiquei absolutamente cativado pela qualidade e autenticidade destas lentes de contacto Sharingan azuis totalmente activadas. Reproduzem na perfei\u00e7\u00e3o a apar\u00eancia ic\u00f3nica do lend\u00e1rio d\u014djutsu dos Uchiha, e o ajuste \u00e9 incrivelmente confort\u00e1vel. Estas lentes tornaram-se uma parte essencial dos meus cosplays de Uchiha, permitindo-me encarnar verdadeiramente as personagens mais habilidosas e not\u00e1veis!\" - \ud83d\udc41\ufe0f SharinganLegend<\/span><\/p>\n<p class=\"md-end-block md-p\"><span class=\"md-plain\">\"Estas lentes de contacto Sharingan azuis totalmente activadas s\u00e3o um must-have para qualquer cosplayer s\u00e9rio de Naruto que queira retratar os membros do cl\u00e3 Uchiha no auge da sua mestria visual. A \u00edris azul cativante e o imponente padr\u00e3o tomoe preto ajudaram-me a criar alguns momentos de cosplay verdadeiramente inspiradores!\" - \ud83d\udc99 UchihaCosplayPro<\/span><\/p>\n<p class=\"md-end-block md-p\"><span class=\"md-plain\">Abra\u00e7a o poder do Sharingan totalmente ativado do Uchiha! \ud83c\udf0d<\/span> <span class=\"md-plain\">Ao usar estas lentes de contacto Sharingan azuis totalmente activadas, est\u00e1 a abra\u00e7ar o incr\u00edvel poder e mestria visual do lend\u00e1rio d\u014djutsu do cl\u00e3 Uchiha. Exiba o ic\u00f3nico Sharingan totalmente ativado, crie experi\u00eancias de cosplay cativantes e deixe uma impress\u00e3o duradoura em todos os que testemunharem a sua transforma\u00e7\u00e3o.<\/span><\/p>\n<p class=\"md-end-block md-p\"><span class=\"md-plain\">A sua viagem ao mundo do excecional Uchiha aguarda - deixe que estes contactos Sharingan azuis totalmente activados sejam a sua porta de entrada para libertar a sua verdadeira mestria Uchiha! \ud83c\udf00\ud83d\udc41\ufe0f\ud83d\udc99<\/span><\/p>\n<p class=\"md-end-block md-p md-focus\"><span class=\"md-plain md-expand\">#FullyActivatedBlueSharinganCosplayContacts #UchihaMasteryCosplay #NarutoCosplayersUnite #EmbraceYourSharinganProwess<\/span><\/p>","protected":false},"excerpt":{"rendered":"<p>Liberta a tua mestria Uchiha com as Lentes de Contacto Sharingan Azuis Totalmente Activadas! \ud83d\udc41\ufe0f\ud83d\udc99 Encarne o Excecional Cl\u00e3 Uchiha com estas Impressionantes Lentes de Contacto Sharingan! Aten\u00e7\u00e3o a todos os cosplayers de Naruto e f\u00e3s do not\u00e1vel cl\u00e3 Uchiha! Prepare-se para canalizar o incr\u00edvel poder e dom\u00ednio visual do Sharingan totalmente ativado com estas impressionantes lentes de contacto Sharingan azuis. [...]","protected":false},"featured_media":7321,"comment_status":"open","ping_status":"closed","template":"","meta":[],"product_brand":[],"product_cat":[49],"product_tag":[117,86],"class_list":{"0":"post-7331","1":"product","2":"type-product","3":"status-publish","4":"has-post-thumbnail","6":"product_cat-sharingan-contacts","7":"product_tag-green-sharingan","8":"product_tag-rinnegan","10":"first","11":"instock","12":"sale","13":"taxable","14":"shipping-taxable","15":"purchasable","16":"product-type-variable","17":"has-default-attributes"},"_links":{"self":[{"href":"https:\/\/sharingan.us\/pt\/wp-json\/wp\/v2\/product\/7331","targetHints":{"allow":["GET"]}}],"collection":[{"href":"https:\/\/sharingan.us\/pt\/wp-json\/wp\/v2\/product"}],"about":[{"href":"https:\/\/sharingan.us\/pt\/wp-json\/wp\/v2\/types\/product"}],"replies":[{"embeddable":true,"href":"https:\/\/sharingan.us\/pt\/wp-json\/wp\/v2\/comments?post=7331"}],"wp:featuredmedia":[{"embeddable":true,"href":"https:\/\/sharingan.us\/pt\/wp-json\/wp\/v2\/media\/7321"}],"wp:attachment":[{"href":"https:\/\/sharingan.us\/pt\/wp-json\/wp\/v2\/media?parent=7331"}],"wp:term":[{"taxonomy":"product_brand","embeddable":true,"href":"https:\/\/sharingan.us\/pt\/wp-json\/wp\/v2\/product_brand?post=7331"},{"taxonomy":"product_cat","embeddable":true,"href":"https:\/\/sharingan.us\/pt\/wp-json\/wp\/v2\/product_cat?post=7331"},{"taxonomy":"product_tag","embeddable":true,"href":"https:\/\/sharingan.us\/pt\/wp-json\/wp\/v2\/product_tag?post=7331"}],"curies":[{"name":"wp","href":"https:\/\/api.w.org\/{rel}","templated":true}]}}