{"id":7327,"date":"2021-11-27T08:25:18","date_gmt":"2021-11-27T12:25:18","guid":{"rendered":"https:\/\/sharingan.us\/?post_type=product&#038;p=7327"},"modified":"2024-10-05T15:34:50","modified_gmt":"2024-10-05T07:34:50","slug":"contactos-do-sharingan-branco-uchiha-totalmente-activados","status":"publish","type":"product","link":"https:\/\/sharingan.us\/pt\/contactos-do-sharingan-branco-uchiha-totalmente-activados\/","title":{"rendered":"Contactos do Sharingan Branco de Uchiha totalmente ativado"},"content":{"rendered":"<h1 class=\"md-end-block md-heading\"><span class=\"md-plain md-expand\">Liberte as suas proezas Uchiha com as lentes de contacto brancas totalmente activadas do Sharingan Cosplay! \u2744\ufe0f\ud83d\udc41\ufe0f\u26aa<\/span><\/h1>\n<p class=\"md-end-block md-p\"><span class=\"md-plain\">Encarna o Cl\u00e3 Uchiha de Elite com estas Impressionantes Lentes de Contacto Sharingan! \ud83d\udc40<\/span> <span class=\"md-plain\">Aten\u00e7\u00e3o a todos os cosplayers de Naruto e f\u00e3s do ilustre cl\u00e3 Uchiha! Prepara-te para canalizar o extraordin\u00e1rio poder e mestria visual do Sharingan totalmente ativado com estas deslumbrantes lentes de contacto brancas para cosplay Sharingan. Estas lentes captam perfeitamente a apar\u00eancia distinta do lend\u00e1rio d\u014djutsu dos Uchiha, apresentando uma \u00edris branca imaculada adornada com o ic\u00f3nico padr\u00e3o preto tomoe. Com estas lentes de contacto, pode retratar autenticamente os mais habilidosos e formid\u00e1veis membros do cl\u00e3 Uchiha, dando vida \u00e0s suas incompar\u00e1veis capacidades visuais!<\/span><\/p>\n<p class=\"md-end-block md-p\"><span class=\"md-plain\">Conforto e seguran\u00e7a sem compromissos para uma utiliza\u00e7\u00e3o prolongada \ud83d\udc8e<\/span> <span class=\"md-plain\">Compreendemos que o conforto e a seguran\u00e7a s\u00e3o da maior import\u00e2ncia quando se trata de lentes de contacto para cosplay. Estas lentes de contacto para cosplay Sharingan brancas totalmente activadas s\u00e3o fabricadas com materiais de primeira qualidade e concebidas para proporcionar um ajuste perfeito e uma claridade excecional. S\u00e3o aprovadas pela FDA e cumprem todas as normas de seguran\u00e7a, garantindo que pode us\u00e1-las com confian\u00e7a durante longos per\u00edodos sem qualquer desconforto ou perturba\u00e7\u00f5es visuais.<\/span><\/p>\n<p class=\"md-end-block md-p\"><span class=\"md-plain\">Meticulosamente fabricado para replicar o ic\u00f3nico Sharingan totalmente ativado \ud83c\udfa8<\/span> <span class=\"md-plain\">A aten\u00e7\u00e3o aos detalhes destas lentes de contacto brancas para cosplay Sharingan totalmente activadas \u00e9 verdadeiramente not\u00e1vel. A imaculada \u00edris branca serve como a tela perfeita para o n\u00edtido e imponente padr\u00e3o tomoe preto, capturando a ess\u00eancia da proeza visual totalmente desperta do Uchiha. Quando colocares estas lentes de contacto, sentir\u00e1s o imenso poder do Sharingan a correr atrav\u00e9s de ti, permitindo-te mergulhar totalmente nas personagens que dominaram este lend\u00e1rio d\u014djutsu.<\/span><\/p>\n<p class=\"md-end-block md-p\"><span class=\"md-plain\">Influenciadores de Cosplay Rave sobre estes contatos de cosplay Sharingan branco totalmente ativados! \ud83c\udf1f<\/span><\/p>\n<p class=\"md-end-block md-p\"><span class=\"md-plain\">\"Como cosplayer que adora retratar os membros mais elitistas do cl\u00e3 Uchiha, estas lentes de contacto brancas para cosplay Sharingan totalmente activadas t\u00eam sido uma mudan\u00e7a absoluta no jogo! A \u00edris branca imaculada e o padr\u00e3o tomoe preto n\u00edtido captam perfeitamente a ess\u00eancia do Sharingan totalmente desperto. O conforto e o impacto visual s\u00e3o inigual\u00e1veis. Recomendo-os vivamente a qualquer pessoa que queira fazer cosplay de personagens Uchiha no auge das suas capacidades visuais!\" - \u2744\ufe0f UchihaSharinganMaster<\/span><\/p>\n<p class=\"md-end-block md-p\"><span class=\"md-plain\">\"Fiquei absolutamente espantado com a qualidade e autenticidade destas lentes de contacto brancas para cosplay Sharingan totalmente activadas. Reproduzem na perfei\u00e7\u00e3o a apar\u00eancia ic\u00f3nica do lend\u00e1rio d\u014djutsu dos Uchiha, e o ajuste \u00e9 incrivelmente confort\u00e1vel. Estas lentes tornaram-se uma parte essencial dos meus cosplays de Uchiha, permitindo-me encarnar verdadeiramente as personagens mais habilidosas e formid\u00e1veis!\" - \ud83d\udc41\ufe0f SharinganLegend<\/span><\/p>\n<p class=\"md-end-block md-p\"><span class=\"md-plain\">\"Estas lentes de contacto Sharingan brancas totalmente activadas para cosplay s\u00e3o um must-have para qualquer cosplayer s\u00e9rio de Naruto que queira retratar os membros do cl\u00e3 Uchiha no auge da sua mestria visual. A \u00edris branca imaculada e o imponente padr\u00e3o tomoe preto ajudaram-me a criar alguns momentos de cosplay verdadeiramente inspiradores!\" - \u26aa UchihaCosplayPro<\/span><\/p>\n<p class=\"md-end-block md-p\"><span class=\"md-plain\">Abra\u00e7a o poder do Sharingan totalmente ativado do Uchiha! \ud83c\udf0d<\/span> <span class=\"md-plain\">Ao usar estas lentes de contacto para cosplay Sharingan brancas totalmente activadas, est\u00e1 a abra\u00e7ar o poder extraordin\u00e1rio e a mestria visual do lend\u00e1rio d\u014djutsu do cl\u00e3 Uchiha. Exiba o ic\u00f3nico Sharingan totalmente ativado, crie experi\u00eancias de cosplay cativantes e deixe uma impress\u00e3o duradoura em todos os que testemunharem a sua transforma\u00e7\u00e3o.<\/span><\/p>\n<p class=\"md-end-block md-p\"><span class=\"md-plain\">Sua jornada no mundo da elite Uchiha aguarda - deixe esses contatos de cosplay Sharingan brancos totalmente ativados serem sua porta de entrada para liberar seu verdadeiro potencial Uchiha! \u2744\ufe0f\ud83d\udc41\ufe0f\u26aa<\/span><\/p>\n<p class=\"md-end-block md-p md-focus\"><span class=\"md-plain md-expand\">#FullyActivatedWhiteSharinganCosplayContacts #UchihaEliteCosplay #NarutoCosplayersUnite #EmbraceYourSharinganMastery<\/span><\/p>","protected":false},"excerpt":{"rendered":"<p>Liberta as tuas proezas Uchiha com as Lentes de Contacto para Cosplay Sharingan Brancas Totalmente Activadas! \u2744\ufe0f\ud83d\udc41\ufe0f\u26aa Encarna o Cl\u00e3 Uchiha de Elite com estas Impressionantes Lentes de Contacto Sharingan! Aten\u00e7\u00e3o a todos os cosplayers de Naruto e f\u00e3s do ilustre cl\u00e3 Uchiha! Prepara-te para canalizar o extraordin\u00e1rio poder e mestria visual do Sharingan totalmente ativado com estas deslumbrantes lentes de contacto Sharingan brancas [...]","protected":false},"featured_media":7326,"comment_status":"open","ping_status":"closed","template":"","meta":[],"product_brand":[],"product_cat":[49],"product_tag":[80,116],"class_list":{"0":"post-7327","1":"product","2":"type-product","3":"status-publish","4":"has-post-thumbnail","6":"product_cat-sharingan-contacts","7":"product_tag-sharingan-contacts","8":"product_tag-white-sharingan","10":"first","11":"instock","12":"sale","13":"taxable","14":"shipping-taxable","15":"purchasable","16":"product-type-variable","17":"has-default-attributes"},"_links":{"self":[{"href":"https:\/\/sharingan.us\/pt\/wp-json\/wp\/v2\/product\/7327","targetHints":{"allow":["GET"]}}],"collection":[{"href":"https:\/\/sharingan.us\/pt\/wp-json\/wp\/v2\/product"}],"about":[{"href":"https:\/\/sharingan.us\/pt\/wp-json\/wp\/v2\/types\/product"}],"replies":[{"embeddable":true,"href":"https:\/\/sharingan.us\/pt\/wp-json\/wp\/v2\/comments?post=7327"}],"wp:featuredmedia":[{"embeddable":true,"href":"https:\/\/sharingan.us\/pt\/wp-json\/wp\/v2\/media\/7326"}],"wp:attachment":[{"href":"https:\/\/sharingan.us\/pt\/wp-json\/wp\/v2\/media?parent=7327"}],"wp:term":[{"taxonomy":"product_brand","embeddable":true,"href":"https:\/\/sharingan.us\/pt\/wp-json\/wp\/v2\/product_brand?post=7327"},{"taxonomy":"product_cat","embeddable":true,"href":"https:\/\/sharingan.us\/pt\/wp-json\/wp\/v2\/product_cat?post=7327"},{"taxonomy":"product_tag","embeddable":true,"href":"https:\/\/sharingan.us\/pt\/wp-json\/wp\/v2\/product_tag?post=7327"}],"curies":[{"name":"wp","href":"https:\/\/api.w.org\/{rel}","templated":true}]}}