{"id":7317,"date":"2021-11-27T08:18:43","date_gmt":"2021-11-27T12:18:43","guid":{"rendered":"https:\/\/sharingan.us\/?post_type=product&#038;p=7317"},"modified":"2024-10-05T15:34:51","modified_gmt":"2024-10-05T07:34:51","slug":"contactos-do-sharingan-amarelo-uchiha-totalmente-activados","status":"publish","type":"product","link":"https:\/\/sharingan.us\/pt\/contactos-do-sharingan-amarelo-uchiha-totalmente-activados\/","title":{"rendered":"Contactos do Sharingan Amarelo de Uchiha totalmente ativado"},"content":{"rendered":"<h1 class=\"md-end-block md-heading\"><span class=\"md-plain md-expand\">Liberte sua heran\u00e7a Uchiha com contatos de cosplay de Sharingan amarelo totalmente ativados! \ud83d\udd25\ud83d\udc41\ufe0f\ud83d\udc9b<\/span><\/h1>\n<p class=\"md-end-block md-p\"><span class=\"md-plain\">Encarne o lend\u00e1rio cl\u00e3 Uchiha com estas impressionantes lentes de contacto Sharingan! \ud83d\udc40<\/span> <span class=\"md-plain\">Aten\u00e7\u00e3o a todos os cosplayers de Naruto e f\u00e3s do famoso cl\u00e3 Uchiha! Prepara-te para canalizar o incr\u00edvel poder e proeza visual do Sharingan totalmente ativado com estas deslumbrantes lentes de contacto amarelas para cosplay Sharingan. Estas lentes captam perfeitamente a apar\u00eancia distinta do lend\u00e1rio d\u014djutsu dos Uchiha, apresentando uma \u00edris amarela vibrante adornada com o ic\u00f3nico padr\u00e3o preto tomoe. Com estas lentes de contacto, pode retratar autenticamente os membros mais poderosos do cl\u00e3 Uchiha e dar vida \u00e0s suas capacidades visuais ic\u00f3nicas!<\/span><\/p>\n<p class=\"md-end-block md-p\"><span class=\"md-plain\">Conforto e seguran\u00e7a sem compromissos para uma utiliza\u00e7\u00e3o prolongada \ud83d\udc8e<\/span> <span class=\"md-plain\">Compreendemos que o conforto e a seguran\u00e7a s\u00e3o da maior import\u00e2ncia quando se trata de lentes de contacto para cosplay. Estas lentes de contacto amarelas para cosplay Sharingan totalmente activadas s\u00e3o fabricadas com materiais de primeira qualidade e concebidas para proporcionar um ajuste perfeito e uma claridade excecional. S\u00e3o aprovadas pela FDA e cumprem todas as normas de seguran\u00e7a, garantindo que as pode usar com confian\u00e7a durante longos per\u00edodos sem qualquer desconforto ou perturba\u00e7\u00f5es visuais.<\/span><\/p>\n<p class=\"md-end-block md-p\"><span class=\"md-plain\">Meticulosamente fabricado para replicar o ic\u00f3nico Sharingan totalmente ativado \ud83c\udfa8<\/span> <span class=\"md-plain\">A aten\u00e7\u00e3o aos detalhes destas lentes de contacto amarelas para cosplay Sharingan totalmente activadas \u00e9 verdadeiramente not\u00e1vel. A \u00edris amarela vibrante serve como o cen\u00e1rio perfeito para o padr\u00e3o tomoe preto n\u00edtido e amea\u00e7ador, capturando a ess\u00eancia da proeza visual totalmente desperta do Uchiha. Quando colocares estas lentes de contacto, sentir\u00e1s o imenso poder do Sharingan a fluir atrav\u00e9s de ti, permitindo-te mergulhar totalmente nas personagens que dominaram este lend\u00e1rio d\u014djutsu.<\/span><\/p>\n<p class=\"md-end-block md-p\"><span class=\"md-plain\">Influenciadores de cosplay elogiam estes contactos de cosplay Sharingan amarelo totalmente activados! \ud83c\udf1f<\/span><\/p>\n<p class=\"md-end-block md-p\"><span class=\"md-plain\">\"Como cosplayer que adora retratar os membros mais emblem\u00e1ticos do cl\u00e3 Uchiha, estas lentes de contacto amarelas para cosplay Sharingan totalmente activadas t\u00eam sido uma mudan\u00e7a absoluta no jogo! A \u00edris amarela vibrante e o padr\u00e3o tomoe preto n\u00edtido captam perfeitamente a ess\u00eancia do Sharingan totalmente desperto. O conforto e o impacto visual s\u00e3o inigual\u00e1veis. Eu os recomendo fortemente para quem quer fazer cosplay de personagens Uchiha com seu Sharingan em pleno poder! - UchihaSharinganMaster<\/span><\/p>\n<p class=\"md-end-block md-p\"><span class=\"md-plain\">\"Fiquei absolutamente espantado com a qualidade e autenticidade destas lentes de contacto amarelas para cosplay Sharingan totalmente activadas. Reproduzem na perfei\u00e7\u00e3o a apar\u00eancia ic\u00f3nica do lend\u00e1rio d\u014djutsu dos Uchiha, e o ajuste \u00e9 incrivelmente confort\u00e1vel. Estas lentes tornaram-se uma parte essencial dos meus cosplays Uchiha, permitindo-me encarnar verdadeiramente as personagens!\" - \ud83d\udc41\ufe0f SharinganLegend<\/span><\/p>\n<p class=\"md-end-block md-p\"><span class=\"md-plain\">\"Estas lentes de contacto amarelas para cosplay Sharingan totalmente activadas s\u00e3o um must-have para qualquer cosplayer s\u00e9rio de Naruto que queira retratar os membros do cl\u00e3 Uchiha no auge das suas capacidades visuais. A \u00edris amarela vibrante e o amea\u00e7ador padr\u00e3o tomoe preto ajudaram-me a criar alguns momentos de cosplay verdadeiramente hipnotizantes!\" - \ud83d\udc9b UchihaCosplayPro<\/span><\/p>\n<p class=\"md-end-block md-p\"><span class=\"md-plain\">Abra\u00e7a o poder do Sharingan totalmente ativado do Uchiha! \ud83c\udf0d<\/span> <span class=\"md-plain\">Ao usar estas lentes de contacto amarelas para cosplay Sharingan totalmente activadas, est\u00e1 a abra\u00e7ar o incr\u00edvel poder e proeza visual do lend\u00e1rio d\u014djutsu do cl\u00e3 Uchiha. Exiba o ic\u00f3nico Sharingan totalmente ativado, crie experi\u00eancias de cosplay cativantes e deixe uma impress\u00e3o duradoura em todos os que testemunharem a sua transforma\u00e7\u00e3o.<\/span><\/p>\n<p class=\"md-end-block md-p\"><span class=\"md-plain\">Sua jornada no mundo dos Uchiha aguarda - deixe esses contatos de cosplay Sharingan amarelos totalmente ativados serem sua porta de entrada para liberar seu verdadeiro potencial Uchiha! \ud83d\udd25\ud83d\udc41\ufe0f\ud83d\udc9b<\/span><\/p>\n<p class=\"md-end-block md-p md-focus\"><span class=\"md-plain md-expand\">#FullyActivatedYellowSharinganCosplayContacts #UchihaClanCosplay #NarutoCosplayersUnite #EmbraceYourSharinganPower<\/span><\/p>","protected":false},"excerpt":{"rendered":"<p>Liberte a sua heran\u00e7a Uchiha com as Lentes de Contacto para Cosplay Sharingan Amarelas Totalmente Activadas! \ud83d\udc41\ufe0f\ud83d\udc9b Encarne o Lend\u00e1rio Cl\u00e3 Uchiha com estas Impressionantes Lentes de Contacto Sharingan! Aten\u00e7\u00e3o todos os cosplayers de Naruto e f\u00e3s do renomado cl\u00e3 Uchiha! Prepare-se para canalizar o incr\u00edvel poder e proeza visual do Sharingan totalmente ativado com estas impressionantes lentes de contacto Sharingan amarelas [...]","protected":false},"featured_media":7320,"comment_status":"open","ping_status":"closed","template":"","meta":[],"product_brand":[],"product_cat":[49],"product_tag":[86,115],"class_list":{"0":"post-7317","1":"product","2":"type-product","3":"status-publish","4":"has-post-thumbnail","6":"product_cat-sharingan-contacts","7":"product_tag-rinnegan","8":"product_tag-yellow-sharingan","10":"first","11":"instock","12":"sale","13":"taxable","14":"shipping-taxable","15":"purchasable","16":"product-type-variable","17":"has-default-attributes"},"_links":{"self":[{"href":"https:\/\/sharingan.us\/pt\/wp-json\/wp\/v2\/product\/7317","targetHints":{"allow":["GET"]}}],"collection":[{"href":"https:\/\/sharingan.us\/pt\/wp-json\/wp\/v2\/product"}],"about":[{"href":"https:\/\/sharingan.us\/pt\/wp-json\/wp\/v2\/types\/product"}],"replies":[{"embeddable":true,"href":"https:\/\/sharingan.us\/pt\/wp-json\/wp\/v2\/comments?post=7317"}],"wp:featuredmedia":[{"embeddable":true,"href":"https:\/\/sharingan.us\/pt\/wp-json\/wp\/v2\/media\/7320"}],"wp:attachment":[{"href":"https:\/\/sharingan.us\/pt\/wp-json\/wp\/v2\/media?parent=7317"}],"wp:term":[{"taxonomy":"product_brand","embeddable":true,"href":"https:\/\/sharingan.us\/pt\/wp-json\/wp\/v2\/product_brand?post=7317"},{"taxonomy":"product_cat","embeddable":true,"href":"https:\/\/sharingan.us\/pt\/wp-json\/wp\/v2\/product_cat?post=7317"},{"taxonomy":"product_tag","embeddable":true,"href":"https:\/\/sharingan.us\/pt\/wp-json\/wp\/v2\/product_tag?post=7317"}],"curies":[{"name":"wp","href":"https:\/\/api.w.org\/{rel}","templated":true}]}}