{"id":7277,"date":"2021-11-26T03:54:00","date_gmt":"2021-11-26T07:54:00","guid":{"rendered":"https:\/\/sharingan.us\/?post_type=product&#038;p=7277"},"modified":"2024-10-05T15:34:51","modified_gmt":"2024-10-05T07:34:51","slug":"contactos-do-sharingan-do-rinnegan-branco","status":"publish","type":"product","link":"https:\/\/sharingan.us\/pt\/contactos-do-sharingan-do-rinnegan-branco\/","title":{"rendered":"Contactos do Rinnegan Sharingan Branco"},"content":{"rendered":"<h1 class=\"md-end-block md-heading\"><span class=\"md-plain md-expand\">Liberte a sua capacidade visual m\u00e1xima com as lentes de contacto brancas Rinnegan Sharingan! \ud83d\udc41\ufe0f\ud83d\udd2e\ud83c\udf00<\/span><\/h1>\n<p class=\"md-end-block md-p\"><span class=\"md-plain\">Encarne o pin\u00e1culo do D\u014djutsu com estas impressionantes lentes de contacto Rinnegan Sharingan! \ud83d\udc40<\/span> <span class=\"md-plain\">Aten\u00e7\u00e3o a todos os cosplayers de Naruto e f\u00e3s dos lend\u00e1rios poderes visuais! Prepara-te para canalizar as capacidades inigual\u00e1veis do Rinnegan e do Sharingan combinados com estas incr\u00edveis lentes de contacto brancas Rinnegan Sharingan. Estas lentes captam na perfei\u00e7\u00e3o a apar\u00eancia distinta do derradeiro d\u014djutsu, apresentando um fundo branco hipnotizante adornado com os ic\u00f3nicos c\u00edrculos conc\u00eantricos do Rinnegan e o amea\u00e7ador tomoe do Sharingan. Com estas lentes de contacto, pode retratar autenticamente os mais poderosos portadores destes olhos lend\u00e1rios!<\/span><\/p>\n<p class=\"md-end-block md-p\"><span class=\"md-plain\">Conforto e seguran\u00e7a sem compromissos para uma utiliza\u00e7\u00e3o prolongada \ud83d\udc8e<\/span> <span class=\"md-plain\">Compreendemos que o conforto e a seguran\u00e7a s\u00e3o da maior import\u00e2ncia quando se trata de lentes de contacto para cosplay. Estas lentes de contacto brancas Rinnegan Sharingan s\u00e3o fabricadas com materiais de primeira qualidade e concebidas para proporcionar um ajuste perfeito e uma claridade excecional. S\u00e3o aprovadas pela FDA e cumprem todas as normas de seguran\u00e7a, garantindo que as pode usar com confian\u00e7a durante longos per\u00edodos sem qualquer desconforto ou perturba\u00e7\u00f5es visuais.<\/span><\/p>\n<p class=\"md-end-block md-p\"><span class=\"md-plain\">Meticulosamente fabricado para replicar o inspirador Rinnegan Sharingan \ud83c\udfa8<\/span> <span class=\"md-plain\">A aten\u00e7\u00e3o ao detalhe nestes contactos brancos do Rinnegan Sharingan \u00e9 verdadeiramente not\u00e1vel. O impressionante fundo branco serve como a tela perfeita para os intrincados c\u00edrculos conc\u00eantricos do Rinnegan e o tomoe sinistro do Sharingan. Quando colocar estas lentes de contacto, sentir\u00e1 o imenso poder do derradeiro d\u014djutsu a fluir atrav\u00e9s de si, permitindo-lhe mergulhar totalmente nas personagens que possuem estes olhos lend\u00e1rios.<\/span><\/p>\n<p class=\"md-end-block md-p\"><span class=\"md-plain\">Influenciadores de cosplay elogiam estes contactos brancos para cosplay do Rinnegan Sharingan! \ud83c\udf1f<\/span><\/p>\n<p class=\"md-end-block md-p\"><span class=\"md-plain\">\"Como cosplayer que adora retratar personagens com as mais poderosas capacidades visuais, estas lentes de contacto brancas do Rinnegan Sharingan foram uma verdadeira mudan\u00e7a de jogo! A combina\u00e7\u00e3o deslumbrante dos desenhos do Rinnegan e do Sharingan num fundo branco \u00e9 simplesmente de cortar a respira\u00e7\u00e3o. O conforto e o impacto visual s\u00e3o inigual\u00e1veis. Recomendo-os vivamente a qualquer pessoa que queira fazer cosplay de personagens com estes olhos lend\u00e1rios!\" - \ud83d\udc41\ufe0f RinneganSharinganMaster<\/span><\/p>\n<p class=\"md-end-block md-p\"><span class=\"md-plain\">\"Fiquei absolutamente espantado com a qualidade e autenticidade destas lentes de contacto brancas do Rinnegan Sharingan. Capturam na perfei\u00e7\u00e3o a apar\u00eancia inspiradora do derradeiro d\u014djutsu, e o ajuste \u00e9 incrivelmente confort\u00e1vel. Estas lentes tornaram-se uma parte essencial dos meus cosplays de Naruto com personagens com o Rinnegan e o Sharingan!\" - \ud83d\udd2e D\u014djutsuLegend<\/span><\/p>\n<p class=\"md-end-block md-p\"><span class=\"md-plain\">\"Estas lentes de contacto brancas do Rinnegan Sharingan s\u00e3o um must-have para qualquer cosplayer s\u00e9rio de Naruto que queira retratar personagens com as mais poderosas capacidades visuais. O design intrincado e o fundo branco marcante ajudaram-me a criar alguns momentos de cosplay verdadeiramente inesquec\u00edveis!\" - \ud83c\udf00 RinneganSharinganPro<\/span><\/p>\n<p class=\"md-end-block md-p\"><span class=\"md-plain\">Abra\u00e7a o poder do derradeiro D\u014djutsu! \ud83c\udf0d<\/span> <span class=\"md-plain\">Ao usar estas lentes de contacto brancas do Rinnegan Sharingan, est\u00e1 a abra\u00e7ar o poder inigual\u00e1vel das lend\u00e1rias capacidades visuais. Mostra a combina\u00e7\u00e3o inspiradora do Rinnegan e do Sharingan, cria experi\u00eancias de cosplay cativantes e deixa uma impress\u00e3o duradoura em todos os que testemunham a tua transforma\u00e7\u00e3o.<\/span><\/p>\n<p class=\"md-end-block md-p\"><span class=\"md-plain\">Sua jornada para o reino da proeza visual final aguarda - deixe esses contatos de cosplay Rinnegan Sharingan brancos serem sua porta de entrada para liberar seu verdadeiro potencial d\u014djutsu! \ud83d\udc41\ufe0f\ud83d\udd2e\ud83c\udf00<\/span><\/p>\n<p class=\"md-end-block md-p md-focus\"><span class=\"md-plain md-expand\">#WhiteRinneganSharinganCosplayContacts #UltimateD\u014djutsuCosplay #NarutoCosplayersUnite #EmbraceYourVisualProwess<\/span><\/p>","protected":false},"excerpt":{"rendered":"<p>Liberte a sua capacidade visual m\u00e1xima com as lentes de contacto brancas Rinnegan Sharingan! \ud83d\udc41\ufe0f\ud83d\udd2e\ud83c\udf00 Encarne o auge do D\u014djutsu com estas impressionantes lentes de contacto Rinnegan Sharingan! Aten\u00e7\u00e3o a todos os cosplayers de Naruto e f\u00e3s dos lend\u00e1rios poderes visuais! Prepare-se para canalizar as habilidades incompar\u00e1veis do Rinnegan e do Sharingan combinados com estas incr\u00edveis lentes de contacto brancas Rinnegan Sharingan. [...]","protected":false},"featured_media":7280,"comment_status":"open","ping_status":"closed","template":"","meta":[],"product_brand":[],"product_cat":[49],"product_tag":[86],"class_list":{"0":"post-7277","1":"product","2":"type-product","3":"status-publish","4":"has-post-thumbnail","6":"product_cat-sharingan-contacts","7":"product_tag-rinnegan","9":"first","10":"instock","11":"sale","12":"taxable","13":"shipping-taxable","14":"purchasable","15":"product-type-variable","16":"has-default-attributes"},"_links":{"self":[{"href":"https:\/\/sharingan.us\/pt\/wp-json\/wp\/v2\/product\/7277","targetHints":{"allow":["GET"]}}],"collection":[{"href":"https:\/\/sharingan.us\/pt\/wp-json\/wp\/v2\/product"}],"about":[{"href":"https:\/\/sharingan.us\/pt\/wp-json\/wp\/v2\/types\/product"}],"replies":[{"embeddable":true,"href":"https:\/\/sharingan.us\/pt\/wp-json\/wp\/v2\/comments?post=7277"}],"wp:featuredmedia":[{"embeddable":true,"href":"https:\/\/sharingan.us\/pt\/wp-json\/wp\/v2\/media\/7280"}],"wp:attachment":[{"href":"https:\/\/sharingan.us\/pt\/wp-json\/wp\/v2\/media?parent=7277"}],"wp:term":[{"taxonomy":"product_brand","embeddable":true,"href":"https:\/\/sharingan.us\/pt\/wp-json\/wp\/v2\/product_brand?post=7277"},{"taxonomy":"product_cat","embeddable":true,"href":"https:\/\/sharingan.us\/pt\/wp-json\/wp\/v2\/product_cat?post=7277"},{"taxonomy":"product_tag","embeddable":true,"href":"https:\/\/sharingan.us\/pt\/wp-json\/wp\/v2\/product_tag?post=7277"}],"curies":[{"name":"wp","href":"https:\/\/api.w.org\/{rel}","templated":true}]}}