{"id":7273,"date":"2021-11-26T03:35:51","date_gmt":"2021-11-26T07:35:51","guid":{"rendered":"https:\/\/sharingan.us\/?post_type=product&#038;p=7273"},"modified":"2024-10-05T15:34:53","modified_gmt":"2024-10-05T07:34:53","slug":"lentes-de-contacto-para-cosplay-de-gaara","status":"publish","type":"product","link":"https:\/\/sharingan.us\/pt\/lentes-de-contacto-para-cosplay-de-gaara\/","title":{"rendered":"Gaara Cosplay Lentes de Contacto"},"content":{"rendered":"<h1 class=\"md-end-block md-heading\"><span class=\"md-plain md-expand\">Liberte o seu Kazekage interior com as lentes de contacto Gaara Cosplay! \ud83c\udf35\ud83d\udc41\ufe0f\ud83d\udc9a<\/span><\/h1>\n<p class=\"md-end-block md-p\"><span class=\"md-plain\">Encarna o ic\u00f3nico Shinobi da Areia com estas impressionantes Lentes de Contacto Gaara! \ud83d\udc40<\/span> <span class=\"md-plain\">Aten\u00e7\u00e3o a todos os cosplayers de Naruto e f\u00e3s do adorado Quinto Kazekage! Prepare-se para canalizar a for\u00e7a e a determina\u00e7\u00e3o de Gaara com estas incr\u00edveis lentes de contacto verdes para cosplay. Estas lentes captam na perfei\u00e7\u00e3o os olhos de Gaara, com um tom verde cativante que lhe permitir\u00e1 retratar autenticamente o poderoso shinobi e mestre da manipula\u00e7\u00e3o da areia!<\/span><\/p>\n<p class=\"md-end-block md-p\"><span class=\"md-plain\">Conforto e seguran\u00e7a sem compromissos para uma utiliza\u00e7\u00e3o prolongada \ud83d\udc8e<\/span> <span class=\"md-plain\">Compreendemos que o conforto e a seguran\u00e7a s\u00e3o da maior import\u00e2ncia quando se trata de lentes de contacto para cosplay. Estas lentes de contacto verdes para cosplay Gaara s\u00e3o fabricadas com materiais de primeira qualidade e concebidas para proporcionar um ajuste perfeito e uma nitidez excecional. S\u00e3o aprovadas pela FDA e cumprem todas as normas de seguran\u00e7a, garantindo que pode us\u00e1-las com confian\u00e7a durante longos per\u00edodos sem qualquer desconforto ou perturba\u00e7\u00f5es visuais.<\/span><\/p>\n<p class=\"md-end-block md-p\"><span class=\"md-plain\">Meticulosamente trabalhado para replicar os olhos verdes hipnotizantes de Gaara \ud83c\udfa8<\/span> <span class=\"md-plain\">A aten\u00e7\u00e3o aos detalhes destas lentes de contacto verdes para cosplay de Gaara \u00e9 verdadeiramente not\u00e1vel. A encantadora cor verde capta perfeitamente a ess\u00eancia dos olhos penetrantes de Gaara, acrescentando uma camada extra de autenticidade ao teu cosplay. Quando colocares estas lentes de contacto, vais sentir a for\u00e7a e a determina\u00e7\u00e3o do Kazekage a fluir atrav\u00e9s de ti, permitindo-te mergulhar totalmente na personagem.<\/span><\/p>\n<p class=\"md-end-block md-p\"><span class=\"md-plain\">Influenciadores de cosplay elogiam esses contatos de cosplay verdes de Gaara! \ud83c\udf1f<\/span><\/p>\n<p class=\"md-end-block md-p\"><span class=\"md-plain\">\"Como cosplayer que adora retratar shinobi poderosos, estas lentes de contacto verdes para cosplay de Gaara foram uma mudan\u00e7a absoluta no jogo! A cor verde cativante capta perfeitamente os olhos ic\u00f3nicos de Gaara, e o conforto \u00e9 imbat\u00edvel. Eu os recomendo fortemente para quem quer fazer cosplay deste amado Kazekage! - \ud83c\udf35 GaaraCosplayMaster<\/span><\/p>\n<p class=\"md-end-block md-p\"><span class=\"md-plain\">\"Fiquei impressionado com a qualidade e autenticidade destas lentes de contacto verdes para cosplay de Gaara. Incorporam na perfei\u00e7\u00e3o o olhar penetrante do shinobi da areia, e o ajuste \u00e9 incrivelmente confort\u00e1vel. Estas lentes tornaram-se uma parte essencial dos meus cosplays de Gaara!\" - \ud83d\udc41\ufe0f KazekageLegend<\/span><\/p>\n<p class=\"md-end-block md-p\"><span class=\"md-plain\">\"Estas lentes de contacto verdes para cosplay de Gaara s\u00e3o um must-have para qualquer cosplayer s\u00e9rio de Naruto que queira retratar esta personagem ic\u00f3nica. A deslumbrante cor verde ajudou-me a criar alguns momentos de cosplay verdadeiramente inesquec\u00edveis!\" - \ud83c\udf00 GaaraCosplayPro<\/span><\/p>\n<p class=\"md-end-block md-p\"><span class=\"md-plain\">Abra\u00e7a a For\u00e7a e a Determina\u00e7\u00e3o do Kazekage! \ud83c\udf0d<\/span> <span class=\"md-plain\">Ao usar estas lentes de contacto verdes para cosplay de Gaara, est\u00e1 a abra\u00e7ar a for\u00e7a e a determina\u00e7\u00e3o do adorado Quinto Kazekage. Mostra os fascinantes olhos verdes de Gaara, cria experi\u00eancias de cosplay cativantes e deixa uma impress\u00e3o duradoura em todos os que testemunham a tua transforma\u00e7\u00e3o.<\/span><\/p>\n<p class=\"md-end-block md-p\"><span class=\"md-plain\">Sua jornada no mundo de Gaara aguarda - deixe esses contatos de cosplay verdes serem sua porta de entrada para liberar seu verdadeiro potencial shinobi! \ud83c\udf35\ud83d\udc41\ufe0f\ud83d\udc9a<\/span><\/p>\n<p class=\"md-end-block md-p md-focus\"><span class=\"md-plain md-expand\">#GaaraGreenCosplayContatos #KazekageCosplay #NarutoCosplayersUnite #EmbraceYourShinobiPower<\/span><\/p>","protected":false},"excerpt":{"rendered":"<p>Liberte o seu Kazekage interior com as lentes de contacto Gaara Cosplay! \ud83d\udc41\ufe0f\ud83d\udc9a Encarna o ic\u00f3nico Shinobi da Areia com estas impressionantes Lentes de Contacto Gaara! Aten\u00e7\u00e3o todos os cosplayers de Naruto e f\u00e3s do amado Quinto Kazekage! Prepare-se para canalizar a for\u00e7a e a determina\u00e7\u00e3o de Gaara com esses incr\u00edveis contatos de cosplay verdes. Estas lentes capturam perfeitamente o distinto rosto de Gaara [...]","protected":false},"featured_media":18503,"comment_status":"open","ping_status":"closed","template":"","meta":[],"product_brand":[],"product_cat":[83],"product_tag":[113,114],"class_list":{"0":"post-7273","1":"product","2":"type-product","3":"status-publish","4":"has-post-thumbnail","6":"product_cat-cosplay-contacts","7":"product_tag-gaara","8":"product_tag-gaara-eyes","10":"first","11":"instock","12":"sale","13":"taxable","14":"shipping-taxable","15":"purchasable","16":"product-type-variable","17":"has-default-attributes"},"_links":{"self":[{"href":"https:\/\/sharingan.us\/pt\/wp-json\/wp\/v2\/product\/7273","targetHints":{"allow":["GET"]}}],"collection":[{"href":"https:\/\/sharingan.us\/pt\/wp-json\/wp\/v2\/product"}],"about":[{"href":"https:\/\/sharingan.us\/pt\/wp-json\/wp\/v2\/types\/product"}],"replies":[{"embeddable":true,"href":"https:\/\/sharingan.us\/pt\/wp-json\/wp\/v2\/comments?post=7273"}],"wp:featuredmedia":[{"embeddable":true,"href":"https:\/\/sharingan.us\/pt\/wp-json\/wp\/v2\/media\/18503"}],"wp:attachment":[{"href":"https:\/\/sharingan.us\/pt\/wp-json\/wp\/v2\/media?parent=7273"}],"wp:term":[{"taxonomy":"product_brand","embeddable":true,"href":"https:\/\/sharingan.us\/pt\/wp-json\/wp\/v2\/product_brand?post=7273"},{"taxonomy":"product_cat","embeddable":true,"href":"https:\/\/sharingan.us\/pt\/wp-json\/wp\/v2\/product_cat?post=7273"},{"taxonomy":"product_tag","embeddable":true,"href":"https:\/\/sharingan.us\/pt\/wp-json\/wp\/v2\/product_tag?post=7273"}],"curies":[{"name":"wp","href":"https:\/\/api.w.org\/{rel}","templated":true}]}}