{"id":7269,"date":"2021-11-26T02:43:40","date_gmt":"2021-11-26T06:43:40","guid":{"rendered":"https:\/\/sharingan.us\/?post_type=product&#038;p=7269"},"modified":"2024-10-05T15:34:51","modified_gmt":"2024-10-05T07:34:51","slug":"lentes-de-contacto-amarelas-para-cosplay-orochimaru","status":"publish","type":"product","link":"https:\/\/sharingan.us\/pt\/lentes-de-contacto-amarelas-para-cosplay-orochimaru\/","title":{"rendered":"Olho de Gato Amarelo - Orochimaru Lentes de Contacto Cosplay"},"content":{"rendered":"<h1 class=\"md-end-block md-heading\"><span class=\"md-plain md-expand\">Liberte o seu Sannin de cobra interior com Orochimaru Yellow Cat Eye Cosplay Contacts! \ud83d\udc0d\ud83d\udc41\ufe0f\ud83d\udc9b<\/span><\/h1>\n<p class=\"md-end-block md-p\"><span class=\"md-plain\">Encarne o lend\u00e1rio vil\u00e3o com estas impressionantes lentes de contacto Orochimaru! \ud83d\udc40<\/span> <span class=\"md-plain\">Aten\u00e7\u00e3o a todos os cosplayers de Naruto e f\u00e3s do infame Sannin Cobra! Prepare-se para canalizar a ast\u00facia e o poder de Orochimaru com estas incr\u00edveis lentes de contacto amarelas para cosplay de olhos de gato. Estas lentes de contacto captam na perfei\u00e7\u00e3o os olhos de Orochimaru, com uma tonalidade amarela hipnotizante e uma fenda cativante em forma de gato que lhe permitir\u00e1 retratar autenticamente um dos vil\u00f5es mais not\u00f3rios do universo Naruto!<\/span><\/p>\n<p class=\"md-end-block md-p\"><span class=\"md-plain\">Conforto e seguran\u00e7a sem compromissos para uma utiliza\u00e7\u00e3o prolongada \ud83d\udc8e<\/span> <span class=\"md-plain\">Compreendemos que o conforto e a seguran\u00e7a s\u00e3o da maior import\u00e2ncia quando se trata de lentes de contacto para cosplay. Estas lentes de contacto para cosplay Orochimaru olho de gato amarelo s\u00e3o fabricadas com materiais de primeira qualidade e concebidas para proporcionar um ajuste perfeito e uma claridade excecional. S\u00e3o aprovadas pela FDA e cumprem todas as normas de seguran\u00e7a, garantindo que pode us\u00e1-las com confian\u00e7a durante longos per\u00edodos sem qualquer desconforto ou perturba\u00e7\u00f5es visuais.<\/span><\/p>\n<p class=\"md-end-block md-p\"><span class=\"md-plain\">Meticulosamente fabricado para replicar os hipnotizantes olhos de gato amarelos de Orochimaru \ud83c\udfa8<\/span> <span class=\"md-plain\">A aten\u00e7\u00e3o aos detalhes destas lentes de contacto amarelas olho de gato para cosplay de Orochimaru \u00e9 verdadeiramente not\u00e1vel. A encantadora cor amarela e a impressionante fenda em forma de gato captam perfeitamente a ess\u00eancia dos olhos penetrantes de Orochimaru, acrescentando uma camada extra de autenticidade ao seu cosplay. Quando colocares estas lentes de contacto, sentir\u00e1s a ast\u00facia e o poder do Sannin Serpente a fluir atrav\u00e9s de ti, permitindo-te mergulhar totalmente na personagem.<\/span><\/p>\n<p class=\"md-end-block md-p\"><span class=\"md-plain\">Influenciadores de Cosplay Rave sobre estes contatos de cosplay de olho de gato amarelo Orochimaru! \ud83c\udf1f<\/span><\/p>\n<p class=\"md-end-block md-p\"><span class=\"md-plain\">\"Como cosplayer que adora retratar vil\u00f5es complexos, estas lentes de contacto amarelas para cosplay de olho de gato Orochimaru foram uma mudan\u00e7a absoluta no jogo! A hipnotizante cor amarela e a cativante fenda em forma de gato captam perfeitamente os olhos ic\u00f3nicos de Orochimaru, e o conforto \u00e9 imbat\u00edvel. Eu os recomendo fortemente para quem quer fazer cosplay deste lend\u00e1rio Snake Sannin! - \ud83d\udc0d OrochimaruCosplayMaster<\/span><\/p>\n<p class=\"md-end-block md-p\"><span class=\"md-plain\">\"Fiquei impressionado com a qualidade e autenticidade destas lentes de contacto amarelas para cosplay de olho de gato do Orochimaru. Encarnam na perfei\u00e7\u00e3o o olhar penetrante do astuto vil\u00e3o, e o ajuste \u00e9 incrivelmente confort\u00e1vel. Estas lentes tornaram-se uma parte essencial dos meus cosplays de Orochimaru!\" - \ud83d\udc41\ufe0f SnakeSanninLegend<\/span><\/p>\n<p class=\"md-end-block md-p\"><span class=\"md-plain\">\"Estas lentes de contacto amarelas de olho de gato para cosplay de Orochimaru s\u00e3o um must-have para qualquer cosplayer s\u00e9rio de Naruto que queira retratar este vil\u00e3o ic\u00f3nico. A combina\u00e7\u00e3o deslumbrante de amarelo e a fenda em forma de gato ajudou-me a criar alguns momentos de cosplay verdadeiramente inesquec\u00edveis!\" - \ud83c\udf00 OrochimaruCosplayPro<\/span><\/p>\n<p class=\"md-end-block md-p\"><span class=\"md-plain\">Abra\u00e7a a ast\u00facia e o poder do Sannin Serpente! \ud83c\udf0d<\/span> <span class=\"md-plain\">Ao usar estas lentes de contacto de olhos de gato amarelos para cosplay de Orochimaru, est\u00e1 a abra\u00e7ar a ast\u00facia e o poder do lend\u00e1rio Sannin Serpente. Mostra os hipnotizantes olhos de gato amarelos de Orochimaru, cria experi\u00eancias de cosplay cativantes e deixa uma impress\u00e3o duradoura em todos os que testemunham a tua transforma\u00e7\u00e3o.<\/span><\/p>\n<p class=\"md-end-block md-p\"><span class=\"md-plain\">Sua jornada no mundo de Orochimaru aguarda - deixe essas lentes de contato amarelas para cosplay de olho de gato serem sua porta de entrada para liberar seu verdadeiro potencial vil\u00e3o! \ud83d\udc0d\ud83d\udc41\ufe0f\ud83d\udc9b<\/span><\/p>\n<p class=\"md-end-block md-p md-focus\"><span class=\"md-plain md-expand\">#OrochimaruYellowCatEyeCosplayContatos #SnakeSanninCosplay #NarutoCosplayersUnite #EmbraceYourVillainousPower<\/span><\/p>","protected":false},"excerpt":{"rendered":"<p>Liberte o seu Sannin de cobra interior com os contatos de cosplay de olho de gato amarelo Orochimaru! \ud83d\udc41\ufe0f\ud83d\udc9b Encarne o lend\u00e1rio vil\u00e3o com estas impressionantes lentes de contacto Orochimaru! Aten\u00e7\u00e3o a todos os cosplayers de Naruto e f\u00e3s do infame Snake Sannin! Prepare-se para canalizar a ast\u00facia e o poder de Orochimaru com esses incr\u00edveis contatos de cosplay de olho de gato amarelo. Estas lentes [...]","protected":false},"featured_media":18511,"comment_status":"open","ping_status":"closed","template":"","meta":[],"product_brand":[],"product_cat":[83],"product_tag":[112,126],"class_list":{"0":"post-7269","1":"product","2":"type-product","3":"status-publish","4":"has-post-thumbnail","6":"product_cat-cosplay-contacts","7":"product_tag-orochimaru","8":"product_tag-orochimaru-contacts","10":"first","11":"instock","12":"sale","13":"taxable","14":"shipping-taxable","15":"purchasable","16":"product-type-variable","17":"has-default-attributes"},"_links":{"self":[{"href":"https:\/\/sharingan.us\/pt\/wp-json\/wp\/v2\/product\/7269","targetHints":{"allow":["GET"]}}],"collection":[{"href":"https:\/\/sharingan.us\/pt\/wp-json\/wp\/v2\/product"}],"about":[{"href":"https:\/\/sharingan.us\/pt\/wp-json\/wp\/v2\/types\/product"}],"replies":[{"embeddable":true,"href":"https:\/\/sharingan.us\/pt\/wp-json\/wp\/v2\/comments?post=7269"}],"wp:featuredmedia":[{"embeddable":true,"href":"https:\/\/sharingan.us\/pt\/wp-json\/wp\/v2\/media\/18511"}],"wp:attachment":[{"href":"https:\/\/sharingan.us\/pt\/wp-json\/wp\/v2\/media?parent=7269"}],"wp:term":[{"taxonomy":"product_brand","embeddable":true,"href":"https:\/\/sharingan.us\/pt\/wp-json\/wp\/v2\/product_brand?post=7269"},{"taxonomy":"product_cat","embeddable":true,"href":"https:\/\/sharingan.us\/pt\/wp-json\/wp\/v2\/product_cat?post=7269"},{"taxonomy":"product_tag","embeddable":true,"href":"https:\/\/sharingan.us\/pt\/wp-json\/wp\/v2\/product_tag?post=7269"}],"curies":[{"name":"wp","href":"https:\/\/api.w.org\/{rel}","templated":true}]}}