{"id":7255,"date":"2021-11-26T00:15:53","date_gmt":"2021-11-26T04:15:53","guid":{"rendered":"https:\/\/sharingan.us\/?post_type=product&#038;p=7255"},"modified":"2024-10-05T15:34:51","modified_gmt":"2024-10-05T07:34:51","slug":"contactos-kisame-cosplay","status":"publish","type":"product","link":"https:\/\/sharingan.us\/pt\/contactos-kisame-cosplay\/","title":{"rendered":"Contactos do Kisame Cosplay"},"content":{"rendered":"<h1 class=\"md-end-block md-heading\"><span class=\"md-plain md-expand\">Liberta o teu Kirigakure No Kaijin interior com os contactos Kisame Cosplay! \ud83e\udd88\ud83d\udc41\ufe0f<\/span><\/h1>\n<p class=\"md-end-block md-p\"><span class=\"md-plain\">Encarne o Membro Ic\u00f3nico da Akatsuki com estas Impressionantes Lentes de Contacto Kisame! \ud83d\udc40<\/span> <span class=\"md-plain\">Aten\u00e7\u00e3o a todos os cosplayers de Naruto e f\u00e3s da famosa Akatsuki! Prepare-se para canalizar o poder e a intimida\u00e7\u00e3o de Kisame Hoshigaki com estas incr\u00edveis lentes de contacto para cosplay. Estas lentes captam na perfei\u00e7\u00e3o os olhos de Kisame, com uma mistura hipnotizante de tons brancos e roxos que lhe permitir\u00e3o retratar autenticamente o tem\u00edvel \"Monstro da N\u00e9voa Oculta\"!<\/span><\/p>\n<p class=\"md-end-block md-p\"><span class=\"md-plain\">Conforto e seguran\u00e7a sem compromissos para uma utiliza\u00e7\u00e3o prolongada \ud83d\udc8e<\/span> <span class=\"md-plain\">Compreendemos que o conforto e a seguran\u00e7a s\u00e3o da maior import\u00e2ncia quando se trata de lentes de contacto para cosplay. Estas lentes de contacto para cosplay Kisame s\u00e3o fabricadas com materiais de primeira qualidade e concebidas para proporcionar um ajuste perfeito e uma nitidez excecional. S\u00e3o aprovadas pela FDA e cumprem todas as normas de seguran\u00e7a, garantindo que pode us\u00e1-las com confian\u00e7a durante longos per\u00edodos sem qualquer desconforto ou perturba\u00e7\u00f5es visuais.<\/span><\/p>\n<p class=\"md-end-block md-p\"><span class=\"md-plain\">Meticulosamente trabalhada para replicar o design \u00fanico dos olhos de Kisame \ud83c\udfa8<\/span> <span class=\"md-plain\">A aten\u00e7\u00e3o aos detalhes destas lentes de contacto para cosplay de Kisame \u00e9 verdadeiramente not\u00e1vel. A mistura intrincada de tons brancos e roxos capta na perfei\u00e7\u00e3o a ess\u00eancia dos olhos distintivos de Kisame, acrescentando uma camada extra de autenticidade ao teu cosplay. Quando colocares estas lentes de contacto, vais sentir o poder e a presen\u00e7a do Kirigakure no Kaijin a fluir atrav\u00e9s de ti, permitindo-te mergulhar totalmente na personagem.<\/span><\/p>\n<p class=\"md-end-block md-p\"><span class=\"md-plain\">Os influenciadores de cosplay recomendam vivamente estes contactos Kisame Cosplay! \ud83c\udf1f<\/span><\/p>\n<p class=\"md-end-block md-p\"><span class=\"md-plain\">\"Como cosplayer que adora retratar personagens vil\u00e3s, estas lentes de contacto para cosplay da Kisame foram um divisor de \u00e1guas! A mistura \u00fanica de branco e roxo capta perfeitamente os olhos ic\u00f3nicos de Kisame, e o conforto \u00e9 imbat\u00edvel. Eu recomendo-os vivamente a qualquer pessoa que queira fazer cosplay deste formid\u00e1vel membro da Akatsuki!\" - KisameCosplayMaster<\/span><\/p>\n<p class=\"md-end-block md-p\"><span class=\"md-plain\">\"Fiquei muito contente por encontrar estas lentes de contacto para cosplay da Kisame! O design intrincado e a combina\u00e7\u00e3o de cores incorporam perfeitamente a apar\u00eancia distinta de Kisame, e a qualidade \u00e9 excelente. Estas lentes tornaram-se uma parte essencial dos meus cosplays Akatsuki!\" - \ud83d\udc41\ufe0f AkatsukiLegend<\/span><\/p>\n<p class=\"md-end-block md-p\"><span class=\"md-plain\">\"Estas lentes de contacto para cosplay Kisame s\u00e3o um must-have para qualquer cosplayer de Naruto que queira retratar este vil\u00e3o ic\u00f3nico. O conforto e o design s\u00e3o incompar\u00e1veis, e ajudaram-me a criar alguns momentos de cosplay verdadeiramente inesquec\u00edveis!\" - KisameCosplayPro<\/span><\/p>\n<p class=\"md-end-block md-p\"><span class=\"md-plain\">Abra\u00e7ar o poder e a presen\u00e7a de Kisame Hoshigaki! \ud83c\udf0d<\/span> <span class=\"md-plain\">Ao usar estas lentes de contacto para cosplay de Kisame, est\u00e1 a assumir o poder e a presen\u00e7a de um dos mais formid\u00e1veis membros da Akatsuki. Mostra os olhos \u00fanicos de Kisame, cria experi\u00eancias de cosplay cativantes e deixa uma impress\u00e3o duradoura em todos os que testemunham a tua transforma\u00e7\u00e3o.<\/span><\/p>\n<p class=\"md-end-block md-p\"><span class=\"md-plain\">A sua viagem ao mundo de Kisame Hoshigaki aguarda - deixe que estes contactos de cosplay sejam a sua chave para desbloquear o seu verdadeiro potencial vil\u00e3o! \ud83e\udd88\ud83d\udc41\ufe0f<\/span><\/p>\n<p class=\"md-end-block md-p md-focus\"><span class=\"md-plain md-expand\">#KisameCosplayContactos #AkatsukiCosplay #NarutoCosplayersUnite #EmbraceYourVillainousSide<\/span><\/p>","protected":false},"excerpt":{"rendered":"<p>Liberta o teu Kirigakure No Kaijin interior com as Lentes de Contacto Kisame Cosplay! \ud83d\udc41\ufe0f Encarna o Membro Ic\u00f3nico da Akatsuki com estas Impressionantes Lentes de Contacto Kisame! Aten\u00e7\u00e3o a todos os cosplayers de Naruto e f\u00e3s da famosa Akatsuki! Preparem-se para canalizar o poder e a intimida\u00e7\u00e3o de Kisame Hoshigaki com estas incr\u00edveis lentes de contacto para cosplay. Estas lentes capturam na perfei\u00e7\u00e3o a personalidade distinta de Kisame [...]","protected":false},"featured_media":18600,"comment_status":"open","ping_status":"closed","template":"","meta":[],"product_brand":[],"product_cat":[83],"product_tag":[107],"class_list":{"0":"post-7255","1":"product","2":"type-product","3":"status-publish","4":"has-post-thumbnail","6":"product_cat-cosplay-contacts","7":"product_tag-byakugan","9":"first","10":"instock","11":"sale","12":"taxable","13":"shipping-taxable","14":"purchasable","15":"product-type-variable","16":"has-default-attributes"},"_links":{"self":[{"href":"https:\/\/sharingan.us\/pt\/wp-json\/wp\/v2\/product\/7255","targetHints":{"allow":["GET"]}}],"collection":[{"href":"https:\/\/sharingan.us\/pt\/wp-json\/wp\/v2\/product"}],"about":[{"href":"https:\/\/sharingan.us\/pt\/wp-json\/wp\/v2\/types\/product"}],"replies":[{"embeddable":true,"href":"https:\/\/sharingan.us\/pt\/wp-json\/wp\/v2\/comments?post=7255"}],"wp:featuredmedia":[{"embeddable":true,"href":"https:\/\/sharingan.us\/pt\/wp-json\/wp\/v2\/media\/18600"}],"wp:attachment":[{"href":"https:\/\/sharingan.us\/pt\/wp-json\/wp\/v2\/media?parent=7255"}],"wp:term":[{"taxonomy":"product_brand","embeddable":true,"href":"https:\/\/sharingan.us\/pt\/wp-json\/wp\/v2\/product_brand?post=7255"},{"taxonomy":"product_cat","embeddable":true,"href":"https:\/\/sharingan.us\/pt\/wp-json\/wp\/v2\/product_cat?post=7255"},{"taxonomy":"product_tag","embeddable":true,"href":"https:\/\/sharingan.us\/pt\/wp-json\/wp\/v2\/product_tag?post=7255"}],"curies":[{"name":"wp","href":"https:\/\/api.w.org\/{rel}","templated":true}]}}