{"id":7187,"date":"2021-11-25T22:19:27","date_gmt":"2021-11-26T02:19:27","guid":{"rendered":"https:\/\/sharingan.us\/?post_type=product&#038;p=7187"},"modified":"2024-10-05T15:34:51","modified_gmt":"2024-10-05T07:34:51","slug":"lentes-de-contacto-brancas-puras-byakugan","status":"publish","type":"product","link":"https:\/\/sharingan.us\/pt\/lentes-de-contacto-brancas-puras-byakugan\/","title":{"rendered":"Lentes de contacto Byakugan Pure White"},"content":{"rendered":"<h1 class=\"md-end-block md-heading\"><span class=\"md-plain md-expand\">Desbloqueie o poder do Byakugan com as hipnotizantes lentes de contacto brancas puras! \ud83d\udc41\ufe0f\u26aa<\/span><\/h1>\n<p class=\"md-end-block md-p\"><span class=\"md-plain\">Encarne o D\u014djutsu Lend\u00e1rio do Cl\u00e3 Hy\u016bga com estas Impressionantes Lentes de Contacto Byakugan! \ud83d\udc40<\/span> <span class=\"md-plain\">Aten\u00e7\u00e3o a todos os cosplayers de Naruto e f\u00e3s do famoso cl\u00e3 Hy\u016bga! Eleve o seu cosplay a novas alturas com estas incr\u00edveis lentes de contacto brancas puras, concebidas para replicar perfeitamente o ic\u00f3nico Byakugan. Estas lentes permitir-lhe-\u00e3o retratar autenticamente as hipnotizantes proezas oculares do cl\u00e3 Hy\u016bga e dar vida \u00e0s suas personagens favoritas!<\/span><\/p>\n<p class=\"md-end-block md-p\"><span class=\"md-plain\">Conforto e seguran\u00e7a sem compromissos para uma utiliza\u00e7\u00e3o prolongada \ud83d\udc8e<\/span> <span class=\"md-plain\">Compreendemos que o conforto e a seguran\u00e7a s\u00e3o da maior import\u00e2ncia quando se trata de lentes de contacto para cosplay. Estas lentes de contacto brancas puras Byakugan s\u00e3o fabricadas com materiais de primeira qualidade e concebidas para proporcionar um ajuste perfeito e uma claridade excecional. S\u00e3o aprovadas pela FDA e cumprem todas as normas de seguran\u00e7a, garantindo que pode us\u00e1-las com confian\u00e7a durante longos per\u00edodos sem qualquer desconforto ou perturba\u00e7\u00f5es visuais.<\/span><\/p>\n<p class=\"md-end-block md-p\"><span class=\"md-plain\">Meticulosamente criado para replicar o lend\u00e1rio D\u014djutsu do Cl\u00e3 Hy\u016bga \ud83c\udfa8<\/span> <span class=\"md-plain\">A aten\u00e7\u00e3o aos detalhes destas lentes de contacto Byakugan brancas puras \u00e9 verdadeiramente not\u00e1vel. A impressionante cor branca captura perfeitamente a apar\u00eancia et\u00e9rea e poderosa do Byakugan, adicionando uma camada extra de autenticidade ao seu cosplay. Quando colocares estas lentes de contacto, sentir\u00e1s a for\u00e7a e a perspic\u00e1cia do cl\u00e3 Hy\u016bga a fluir atrav\u00e9s de ti, permitindo-te mergulhar totalmente no mundo de Naruto.<\/span><\/p>\n<p class=\"md-end-block md-p\"><span class=\"md-plain\">Influenciadores de cosplay elogiam estas lentes de contacto Byakugan Pure White! \ud83c\udf1f<\/span><\/p>\n<p class=\"md-end-block md-p\"><span class=\"md-plain\">\"Como cosplayer que adora retratar personagens do cl\u00e3 Hy\u016bga, estas lentes de contacto brancas puras Byakugan t\u00eam sido uma mudan\u00e7a absoluta no jogo! A cor branca captura perfeitamente o visual ic\u00f4nico do Byakugan, e o conforto \u00e9 imbat\u00edvel. Eu os recomendo fortemente para quem quer fazer cosplay de membros do cl\u00e3 Hy\u016bga! - ByakuganCosplayMaster<\/span><\/p>\n<p class=\"md-end-block md-p\"><span class=\"md-plain\">\"Fiquei impressionado com a qualidade e autenticidade destas lentes de contacto brancas puras Byakugan. Elas incorporam perfeitamente a apar\u00eancia hipnotizante do lend\u00e1rio d\u014djutsu do cl\u00e3 Hy\u016bga, e o ajuste \u00e9 incrivelmente confort\u00e1vel. Estas lentes tornaram-se uma parte essencial dos meus cosplays de Naruto!\" - \ud83d\udc41\ufe0f Hy\u016bgaClanLegend<\/span><\/p>\n<p class=\"md-end-block md-p\"><span class=\"md-plain\">\"Estas lentes de contacto Byakugan branco puro s\u00e3o um must-have para qualquer cosplayer Naruto s\u00e9rio que procura retratar personagens do cl\u00e3 Hy\u016bga. A cor branca deslumbrante e o design impec\u00e1vel ajudaram-me a criar alguns momentos de cosplay verdadeiramente inesquec\u00edveis!\" - \ud83c\udf00 ByakuganCosplayPro<\/span><\/p>\n<p class=\"md-end-block md-p\"><span class=\"md-plain\">Abra\u00e7a o poder e a perspic\u00e1cia do Cl\u00e3 Hy\u016bga! \ud83c\udf0d<\/span> <span class=\"md-plain\">Ao colocar estas lentes de contacto brancas puras Byakugan, est\u00e1 a desbloquear o incr\u00edvel poder e vis\u00e3o do lend\u00e1rio d\u014djutsu do cl\u00e3 Hy\u016bga. Mostre a apar\u00eancia hipnotizante do Byakugan, crie experi\u00eancias cativantes de cosplay e deixe uma impress\u00e3o duradoura em todos que testemunham sua transforma\u00e7\u00e3o.<\/span><\/p>\n<p class=\"md-end-block md-p\"><span class=\"md-plain\">Sua jornada no mundo do cl\u00e3 Hy\u016bga aguarda - deixe essas lentes de contato brancas puras serem sua porta de entrada para liberar seu verdadeiro potencial de cosplay! \ud83d\udc41\ufe0f\u26aa<\/span><\/p>\n<p class=\"md-end-block md-p md-focus\"><span class=\"md-plain md-expand\">#ByakuganPureWhiteContacts #Hy\u016bgaClanCosplay #NarutoCosplayersUnite #EmbraceYourD\u014djutsuPower<\/span><\/p>","protected":false},"excerpt":{"rendered":"<p>Desbloqueie o poder do Byakugan com as hipnotizantes lentes de contacto branco puro! \ud83d\udc41\ufe0f\u26aa Encarne o D\u014djutsu Lend\u00e1rio do Cl\u00e3 Hy\u016bga com estas Impressionantes Lentes de Contacto Byakugan! Aten\u00e7\u00e3o a todos os cosplayers de Naruto e f\u00e3s do famoso cl\u00e3 Hy\u016bga! Eleve o seu cosplay a novas alturas com estas incr\u00edveis lentes de contacto brancas puras, concebidas para replicar perfeitamente o ic\u00f3nico [...]","protected":false},"featured_media":18656,"comment_status":"open","ping_status":"closed","template":"","meta":[],"product_brand":[],"product_cat":[83],"product_tag":[107],"class_list":{"0":"post-7187","1":"product","2":"type-product","3":"status-publish","4":"has-post-thumbnail","6":"product_cat-cosplay-contacts","7":"product_tag-byakugan","9":"first","10":"instock","11":"sale","12":"taxable","13":"shipping-taxable","14":"purchasable","15":"product-type-variable","16":"has-default-attributes"},"_links":{"self":[{"href":"https:\/\/sharingan.us\/pt\/wp-json\/wp\/v2\/product\/7187","targetHints":{"allow":["GET"]}}],"collection":[{"href":"https:\/\/sharingan.us\/pt\/wp-json\/wp\/v2\/product"}],"about":[{"href":"https:\/\/sharingan.us\/pt\/wp-json\/wp\/v2\/types\/product"}],"replies":[{"embeddable":true,"href":"https:\/\/sharingan.us\/pt\/wp-json\/wp\/v2\/comments?post=7187"}],"wp:featuredmedia":[{"embeddable":true,"href":"https:\/\/sharingan.us\/pt\/wp-json\/wp\/v2\/media\/18656"}],"wp:attachment":[{"href":"https:\/\/sharingan.us\/pt\/wp-json\/wp\/v2\/media?parent=7187"}],"wp:term":[{"taxonomy":"product_brand","embeddable":true,"href":"https:\/\/sharingan.us\/pt\/wp-json\/wp\/v2\/product_brand?post=7187"},{"taxonomy":"product_cat","embeddable":true,"href":"https:\/\/sharingan.us\/pt\/wp-json\/wp\/v2\/product_cat?post=7187"},{"taxonomy":"product_tag","embeddable":true,"href":"https:\/\/sharingan.us\/pt\/wp-json\/wp\/v2\/product_tag?post=7187"}],"curies":[{"name":"wp","href":"https:\/\/api.w.org\/{rel}","templated":true}]}}