{"id":7173,"date":"2021-11-24T13:04:24","date_gmt":"2021-11-24T17:04:24","guid":{"rendered":"https:\/\/sharingan.us\/?post_type=product&#038;p=7173"},"modified":"2024-10-05T15:34:51","modified_gmt":"2024-10-05T07:34:51","slug":"contactos-de-rinne-sharingan","status":"publish","type":"product","link":"https:\/\/sharingan.us\/pt\/contactos-de-rinne-sharingan\/","title":{"rendered":"Contactos do Rinne Sharingan"},"content":{"rendered":"<h1 class=\"md-end-block md-heading\"><span class=\"md-plain md-expand\">Liberte o poder ocular supremo com as lentes de contacto Rinne Sharingan! \ud83d\udd34\u26aa<\/span><\/h1>\n<p class=\"md-end-block md-p\"><span class=\"md-plain\">Abrace o auge da destreza visual com estas inspiradoras lentes Rinne Sharingan! \ud83d\udc40<\/span> <span class=\"md-plain\">Aten\u00e7\u00e3o a todos os cosplayers de Naruto e f\u00e3s do d\u014djutsu mais poderoso da s\u00e9rie! Prepara-te para canalizar o poder inigual\u00e1vel do Rinne Sharingan com estas incr\u00edveis lentes de contacto. Com o design ic\u00f3nico que combina o Rinnegan e o Sharingan, estas lentes permitir\u00e3o capturar perfeitamente a derradeira capacidade ocular e elevar o seu cosplay a n\u00edveis divinos!<\/span><\/p>\n<p class=\"md-end-block md-p\"><span class=\"md-plain\">Conforto e seguran\u00e7a sem compromissos para uma utiliza\u00e7\u00e3o prolongada \ud83d\udc8e<\/span> <span class=\"md-plain\">Compreendemos que o conforto e a seguran\u00e7a s\u00e3o da maior import\u00e2ncia quando se trata de lentes de contacto para cosplay. Estas lentes de contacto Rinne Sharingan s\u00e3o fabricadas com materiais de primeira qualidade e concebidas para proporcionar um ajuste perfeito e uma claridade excecional. S\u00e3o aprovadas pela FDA e cumprem todas as normas de seguran\u00e7a, garantindo que pode us\u00e1-las com confian\u00e7a durante longos per\u00edodos sem qualquer desconforto ou perturba\u00e7\u00f5es visuais.<\/span><\/p>\n<p class=\"md-end-block md-p\"><span class=\"md-plain\">Meticulosamente fabricado para replicar o lend\u00e1rio Rinne Sharingan \ud83c\udfa8<\/span> <span class=\"md-plain\">A aten\u00e7\u00e3o aos detalhes destas lentes de contacto Rinne Sharingan \u00e9 verdadeiramente not\u00e1vel. O design intrincado mistura perfeitamente os c\u00edrculos conc\u00eantricos do Rinnegan com o tomoe distintivo do Sharingan, criando uma representa\u00e7\u00e3o hipnotizante do derradeiro poder ocular. Ao colocar estas lentes de contacto, sentir\u00e1 a imensa for\u00e7a e as capacidades divinas do Rinne Sharingan a fluir atrav\u00e9s de si, permitindo-lhe representar autenticamente personagens que possuem este lend\u00e1rio d\u014djutsu.<\/span><\/p>\n<p class=\"md-end-block md-p\"><span class=\"md-plain\">Os influenciadores de cosplay recomendam vivamente estes contactos Rinne Sharingan! \ud83c\udf1f<\/span><\/p>\n<p class=\"md-end-block md-p\"><span class=\"md-plain\">\"Como cosplayer que adora retratar personagens com as mais poderosas capacidades visuais, estas lentes de contacto Rinne Sharingan foram uma mudan\u00e7a absoluta no jogo! O design capta na perfei\u00e7\u00e3o a fus\u00e3o do Rinnegan e do Sharingan, e o conforto \u00e9 imbat\u00edvel. Eu os recomendo para quem quer fazer cosplay de personagens com a maior proeza ocular! - \ud83d\udd34 RinneSharinganMaster<\/span><\/p>\n<p class=\"md-end-block md-p\"><span class=\"md-plain\">\"Fiquei impressionado com os detalhes intrincados e a execu\u00e7\u00e3o perfeita destes contactos Rinne Sharingan. Encarnam na perfei\u00e7\u00e3o o auge do poder visual e a qualidade \u00e9 extraordin\u00e1ria. Estas lentes tornaram-se uma parte essencial dos meus cosplays para personagens com habilidades divinas!\" - UltimateD\u014djutsuLegend<\/span><\/p>\n<p class=\"md-end-block md-p\"><span class=\"md-plain\">\"Estas lentes de contacto Rinne Sharingan s\u00e3o um must-have para qualquer cosplayer de Naruto que queira retratar personagens com as mais poderosas capacidades oculares. O conforto e o design s\u00e3o incompar\u00e1veis, e ajudaram-me a criar alguns momentos de cosplay verdadeiramente inesquec\u00edveis!\" - \ud83c\udf00 RinneSharinganPro<\/span><\/p>\n<p class=\"md-end-block md-p\"><span class=\"md-plain\">Abrace o pin\u00e1culo da proeza visual! \ud83c\udf0d<\/span> <span class=\"md-plain\">Ao usar estas lentes de contacto Rinne Sharingan, est\u00e1 a abra\u00e7ar o poder ocular supremo do universo Naruto. Mostra a for\u00e7a inigual\u00e1vel e as capacidades divinas do Rinne Sharingan, cria experi\u00eancias de cosplay cativantes e deixa uma impress\u00e3o duradoura em todos os que testemunham a tua transforma\u00e7\u00e3o.<\/span><\/p>\n<p class=\"md-end-block md-p\"><span class=\"md-plain\">A sua jornada para o pin\u00e1culo da proeza visual aguarda - deixe que estes contactos Rinne Sharingan sejam a sua chave para desbloquear o seu verdadeiro potencial! \ud83d\udd34\u26aa<\/span><\/p>\n<p class=\"md-end-block md-p md-focus\"><span class=\"md-plain md-expand\">#RinneSharinganPower #UltimateD\u014djutsuCosplay #NarutoCosplayersUnite #EmbraceYourGodlikeAbilities<\/span><\/p>\n<figure id=\"attachment_7384\" aria-describedby=\"caption-attachment-7384\" style=\"width: 300px\" class=\"wp-caption alignnone\"><img decoding=\"async\" class=\"wp-image-7384 size-thumbnail lazyload\" data-src=\"https:\/\/sharingan.us\/wp-content\/uploads\/2021\/11\/9-300x300.jpg\" alt=\"Rinne Sharingan\" width=\"300\" height=\"300\" title=\"\" data-srcset=\"https:\/\/sharingan.us\/wp-content\/uploads\/2021\/11\/9-300x300.jpg 300w, https:\/\/sharingan.us\/wp-content\/uploads\/2021\/11\/9-100x100.jpg 100w, https:\/\/sharingan.us\/wp-content\/uploads\/2021\/11\/9-768x768.jpg 768w, https:\/\/sharingan.us\/wp-content\/uploads\/2021\/11\/9-12x12.jpg 12w, https:\/\/sharingan.us\/wp-content\/uploads\/2021\/11\/9-60x60.jpg 60w, https:\/\/sharingan.us\/wp-content\/uploads\/2021\/11\/9-110x110.jpg 110w, https:\/\/sharingan.us\/wp-content\/uploads\/2021\/11\/9-510x510.jpg 510w, https:\/\/sharingan.us\/wp-content\/uploads\/2021\/11\/9.jpg 800w\" data-sizes=\"(max-width: 300px) 100vw, 300px\" src=\"data:image\/svg+xml;base64,PHN2ZyB3aWR0aD0iMSIgaGVpZ2h0PSIxIiB4bWxucz0iaHR0cDovL3d3dy53My5vcmcvMjAwMC9zdmciPjwvc3ZnPg==\" style=\"--smush-placeholder-width: 300px; --smush-placeholder-aspect-ratio: 300\/300;\" \/><figcaption id=\"caption-attachment-7384\" class=\"wp-caption-text\">Rinne Sharingan<\/figcaption><\/figure>\n<p>O Rinne Sharingan \u00e9 um d\u014djutsu kekkei m\u014dra e o antecessor do Rinnegan e do Sharingan. Caracteriza-se por escleras e \u00edris vermelhas, com um padr\u00e3o ondulado que se espalha pelo globo ocular e nove tomoe.<\/p>","protected":false},"excerpt":{"rendered":"<p>Liberte o Poder Ocular M\u00e1ximo com as Lentes de Contacto Rinne Sharingan! Abrace o auge da proeza visual com estas inspiradoras lentes Rinne Sharingan! Aten\u00e7\u00e3o a todos os cosplayers de Naruto e f\u00e3s do d\u014djutsu mais poderoso da s\u00e9rie! Preparem-se para canalizar o poder inigual\u00e1vel do Rinne Sharingan com estas incr\u00edveis lentes de contacto. Apresentando o ic\u00f3nico [...]","protected":false},"featured_media":7176,"comment_status":"open","ping_status":"closed","template":"","meta":[],"product_brand":[],"product_cat":[49],"product_tag":[104,84,105,86,87,85],"class_list":{"0":"post-7173","1":"product","2":"type-product","3":"status-publish","4":"has-post-thumbnail","6":"product_cat-sharingan-contacts","7":"product_tag-izuna-uchiha-sharingan","8":"product_tag-momoshiki","9":"product_tag-rinne-sharingan","10":"product_tag-rinnegan","11":"product_tag-rinnegan-sharingan-contacts","12":"product_tag-urashiki","14":"first","15":"instock","16":"sale","17":"featured","18":"taxable","19":"shipping-taxable","20":"purchasable","21":"product-type-variable","22":"has-default-attributes"},"_links":{"self":[{"href":"https:\/\/sharingan.us\/pt\/wp-json\/wp\/v2\/product\/7173","targetHints":{"allow":["GET"]}}],"collection":[{"href":"https:\/\/sharingan.us\/pt\/wp-json\/wp\/v2\/product"}],"about":[{"href":"https:\/\/sharingan.us\/pt\/wp-json\/wp\/v2\/types\/product"}],"replies":[{"embeddable":true,"href":"https:\/\/sharingan.us\/pt\/wp-json\/wp\/v2\/comments?post=7173"}],"wp:featuredmedia":[{"embeddable":true,"href":"https:\/\/sharingan.us\/pt\/wp-json\/wp\/v2\/media\/7176"}],"wp:attachment":[{"href":"https:\/\/sharingan.us\/pt\/wp-json\/wp\/v2\/media?parent=7173"}],"wp:term":[{"taxonomy":"product_brand","embeddable":true,"href":"https:\/\/sharingan.us\/pt\/wp-json\/wp\/v2\/product_brand?post=7173"},{"taxonomy":"product_cat","embeddable":true,"href":"https:\/\/sharingan.us\/pt\/wp-json\/wp\/v2\/product_cat?post=7173"},{"taxonomy":"product_tag","embeddable":true,"href":"https:\/\/sharingan.us\/pt\/wp-json\/wp\/v2\/product_tag?post=7173"}],"curies":[{"name":"wp","href":"https:\/\/api.w.org\/{rel}","templated":true}]}}