{"id":7169,"date":"2021-11-24T12:42:55","date_gmt":"2021-11-24T16:42:55","guid":{"rendered":"https:\/\/sharingan.us\/?post_type=product&#038;p=7169"},"modified":"2024-10-05T15:34:51","modified_gmt":"2024-10-05T07:34:51","slug":"contactos-do-izuna-uchiha-sharingan","status":"publish","type":"product","link":"https:\/\/sharingan.us\/pt\/contactos-do-izuna-uchiha-sharingan\/","title":{"rendered":"Contactos do Izuna Uchiha Sharingan"},"content":{"rendered":"<h1 class=\"md-end-block md-heading\"><span class=\"md-plain md-expand\">Liberte o legado de Izuna Uchiha com contactos Sharingan aut\u00eanticos! \ud83d\udd34\u2694\ufe0f<\/span><\/h1>\n<p class=\"md-end-block md-p\"><span class=\"md-plain\">Encarna o Prod\u00edgio Uchiha com estas Lentes Izuna Uchiha Sharingan meticulosamente trabalhadas! \ud83d\udc40<\/span> <span class=\"md-plain\">Aten\u00e7\u00e3o a todos os cosplayers de Naruto e f\u00e3s do lend\u00e1rio cl\u00e3 Uchiha! Prepara-te para canalizar o prodigioso poder de Izuna Uchiha com estas deslumbrantes lentes de contacto Sharingan. Com o design ic\u00f3nico do Sharingan totalmente amadurecido, estas lentes permitir\u00e3o capturar perfeitamente as proezas oculares de Izuna e elevar o seu cosplay a novas alturas!<\/span><\/p>\n<p class=\"md-end-block md-p\"><span class=\"md-plain\">Conforto e seguran\u00e7a sem compromissos para uma utiliza\u00e7\u00e3o prolongada \ud83d\udc8e<\/span> <span class=\"md-plain\">Compreendemos que o conforto e a seguran\u00e7a s\u00e3o da maior import\u00e2ncia quando se trata de lentes de contacto para cosplay. Estas lentes de contacto Izuna Uchiha Sharingan s\u00e3o fabricadas com materiais de primeira qualidade e concebidas para proporcionar um ajuste perfeito e uma claridade excecional. S\u00e3o aprovadas pela FDA e cumprem todas as normas de seguran\u00e7a, garantindo que pode us\u00e1-las com confian\u00e7a durante longos per\u00edodos sem qualquer desconforto ou perturba\u00e7\u00f5es visuais.<\/span><\/p>\n<p class=\"md-end-block md-p\"><span class=\"md-plain\">Meticulosamente fabricado para replicar o Sharingan totalmente amadurecido de Izuna \ud83c\udfa8<\/span> <span class=\"md-plain\">A aten\u00e7\u00e3o ao detalhe nestes contactos Izuna Uchiha Sharingan \u00e9 verdadeiramente not\u00e1vel. O design intrincado capta na perfei\u00e7\u00e3o a ess\u00eancia do Sharingan totalmente desenvolvido, com tr\u00eas tomoe distintos sobre um fundo vermelho vivo. Quando colocares estas lentes de contacto, sentir\u00e1s o imenso poder e habilidade de Izuna Uchiha a fluir atrav\u00e9s de ti, permitindo-te retratar autenticamente esta personagem lend\u00e1ria.<\/span><\/p>\n<p class=\"md-end-block md-p\"><span class=\"md-plain\">Os influenciadores de cosplay recomendam altamente esses contatos Izuna Uchiha Sharingan! \ud83c\udf1f<\/span><\/p>\n<p class=\"md-end-block md-p\"><span class=\"md-plain\">\"Como cosplayer que adora explorar a rica hist\u00f3ria do cl\u00e3 Uchiha, estas lentes de contacto Izuna Uchiha Sharingan foram uma mudan\u00e7a absoluta no jogo! O design capta na perfei\u00e7\u00e3o o Sharingan totalmente amadurecido e o conforto \u00e9 imbat\u00edvel. Eu os recomendo fortemente para quem quer fazer cosplay deste lend\u00e1rio prod\u00edgio Uchiha! - IzunaUchihaCosplayMaster<\/span><\/p>\n<p class=\"md-end-block md-p\"><span class=\"md-plain\">\"Fiquei entusiasmado quando descobri estas lentes de contacto Izuna Uchiha Sharingan! O design marcante incorpora perfeitamente as excepcionais capacidades oculares de Izuna, e a qualidade \u00e9 excelente. Estas lentes tornaram-se uma parte essencial dos meus cosplays de Izuna!\" - \u2694\ufe0f UchihaPrinceLegend<\/span><\/p>\n<p class=\"md-end-block md-p\"><span class=\"md-plain\">\"Estas lentes de contacto Izuna Uchiha Sharingan s\u00e3o um must-have para qualquer cosplayer de Naruto que queira prestar homenagem a este not\u00e1vel membro do cl\u00e3 Uchiha. O conforto e o design s\u00e3o incompar\u00e1veis, e eles me ajudaram a criar alguns momentos de cosplay verdadeiramente inesquec\u00edveis!\" - IzunaSharinganPro<\/span><\/p>\n<p class=\"md-end-block md-p\"><span class=\"md-plain\">Abra\u00e7a o Legado de Izuna Uchiha! \ud83c\udf0d<\/span> <span class=\"md-plain\">Ao colocares estas lentes de contacto Izuna Uchiha Sharingan, estar\u00e1s a entrar na pele de um dos membros mais habilidosos e respeitados do cl\u00e3 Uchiha. Abra\u00e7a o seu poder prodigioso, mostra a mestria do seu Sharingan totalmente amadurecido e cria experi\u00eancias de cosplay cativantes que deixar\u00e3o uma impress\u00e3o duradoura em todos os que testemunharem a tua transforma\u00e7\u00e3o.<\/span><\/p>\n<p class=\"md-end-block md-p\"><span class=\"md-plain\">A tua viagem ao mundo de Izuna Uchiha espera-te - deixa que estes contactos Sharingan sejam a tua porta de entrada para libertares o teu verdadeiro potencial! \ud83d\udd34\u2694\ufe0f<\/span><\/p>\n<p class=\"md-end-block md-p md-focus\"><span class=\"md-plain md-expand\">#IzunaUchihaSharingan #UchihaClanCosplay #NarutoCosplayersUnite #EmbraceYourUchihaPower<\/span><\/p>\n<figure id=\"attachment_7385\" aria-describedby=\"caption-attachment-7385\" style=\"width: 300px\" class=\"wp-caption alignnone\"><img decoding=\"async\" class=\"wp-image-7385 size-thumbnail lazyload\" data-src=\"https:\/\/sharingan.us\/wp-content\/uploads\/2021\/11\/Izuna-Uchiha-300x300.jpg\" alt=\"Izuna Uchiha\" width=\"300\" height=\"300\" title=\"\" data-srcset=\"https:\/\/sharingan.us\/wp-content\/uploads\/2021\/11\/Izuna-Uchiha-300x300.jpg 300w, https:\/\/sharingan.us\/wp-content\/uploads\/2021\/11\/Izuna-Uchiha-100x100.jpg 100w, https:\/\/sharingan.us\/wp-content\/uploads\/2021\/11\/Izuna-Uchiha-768x768.jpg 768w, https:\/\/sharingan.us\/wp-content\/uploads\/2021\/11\/Izuna-Uchiha-12x12.jpg 12w, https:\/\/sharingan.us\/wp-content\/uploads\/2021\/11\/Izuna-Uchiha-60x60.jpg 60w, https:\/\/sharingan.us\/wp-content\/uploads\/2021\/11\/Izuna-Uchiha-110x110.jpg 110w, https:\/\/sharingan.us\/wp-content\/uploads\/2021\/11\/Izuna-Uchiha-510x510.jpg 510w, https:\/\/sharingan.us\/wp-content\/uploads\/2021\/11\/Izuna-Uchiha.jpg 800w\" data-sizes=\"(max-width: 300px) 100vw, 300px\" src=\"data:image\/svg+xml;base64,PHN2ZyB3aWR0aD0iMSIgaGVpZ2h0PSIxIiB4bWxucz0iaHR0cDovL3d3dy53My5vcmcvMjAwMC9zdmciPjwvc3ZnPg==\" style=\"--smush-placeholder-width: 300px; --smush-placeholder-aspect-ratio: 300\/300;\" \/><figcaption id=\"caption-attachment-7385\" class=\"wp-caption-text\">Izuna Uchiha<\/figcaption><\/figure>\n<p>Izuna Uchiha (\u3046\u3061\u306f\u30a4\u30ba\u30ca, Uchiha Izuna) foi um shinobi do cl\u00e3 Uchiha. Ele, junto com seu irm\u00e3o Madara, eram conhecidos como os dois membros mais fortes do cl\u00e3 em sua vida.<\/p>\n<p>Kekkai genkai: Mangeky\u014d Sharingan, Sharingan<br \/>\nCl\u00e3: Cl\u00e3 Uchiha<br \/>\nPais: Tajima Uchiha<br \/>\nIrm\u00e3os: Madara Uchiha<br \/>\nTipo de natureza: Liberta\u00e7\u00e3o de Yin, Liberta\u00e7\u00e3o de \u00c1gua<br \/>\nJutsu: Genjutsu: Sharingan, Liberta\u00e7\u00e3o de Fogo: T\u00e9cnica da Grande Bola de Fogo<\/p>","protected":false},"excerpt":{"rendered":"<p>Liberta o Legado de Izuna Uchiha com Lentes de Contacto Sharingan Aut\u00eanticas! \u2694\ufe0f Encarna o Prod\u00edgio Uchiha com estas Lentes Sharingan de Izuna Uchiha meticulosamente trabalhadas! Aten\u00e7\u00e3o a todos os cosplayers de Naruto e f\u00e3s do lend\u00e1rio cl\u00e3 Uchiha! Prepare-se para canalizar o poder prodigioso de Izuna Uchiha com estas impressionantes lentes de contacto Sharingan. Apresentando o design ic\u00f3nico do [...]","protected":false},"featured_media":7171,"comment_status":"open","ping_status":"closed","template":"","meta":[],"product_brand":[],"product_cat":[49],"product_tag":[128,104],"class_list":{"0":"post-7169","1":"product","2":"type-product","3":"status-publish","4":"has-post-thumbnail","6":"product_cat-sharingan-contacts","7":"product_tag-izuna-uchiha","8":"product_tag-izuna-uchiha-sharingan","10":"first","11":"instock","12":"sale","13":"featured","14":"taxable","15":"shipping-taxable","16":"purchasable","17":"product-type-variable","18":"has-default-attributes"},"_links":{"self":[{"href":"https:\/\/sharingan.us\/pt\/wp-json\/wp\/v2\/product\/7169","targetHints":{"allow":["GET"]}}],"collection":[{"href":"https:\/\/sharingan.us\/pt\/wp-json\/wp\/v2\/product"}],"about":[{"href":"https:\/\/sharingan.us\/pt\/wp-json\/wp\/v2\/types\/product"}],"replies":[{"embeddable":true,"href":"https:\/\/sharingan.us\/pt\/wp-json\/wp\/v2\/comments?post=7169"}],"wp:featuredmedia":[{"embeddable":true,"href":"https:\/\/sharingan.us\/pt\/wp-json\/wp\/v2\/media\/7171"}],"wp:attachment":[{"href":"https:\/\/sharingan.us\/pt\/wp-json\/wp\/v2\/media?parent=7169"}],"wp:term":[{"taxonomy":"product_brand","embeddable":true,"href":"https:\/\/sharingan.us\/pt\/wp-json\/wp\/v2\/product_brand?post=7169"},{"taxonomy":"product_cat","embeddable":true,"href":"https:\/\/sharingan.us\/pt\/wp-json\/wp\/v2\/product_cat?post=7169"},{"taxonomy":"product_tag","embeddable":true,"href":"https:\/\/sharingan.us\/pt\/wp-json\/wp\/v2\/product_tag?post=7169"}],"curies":[{"name":"wp","href":"https:\/\/api.w.org\/{rel}","templated":true}]}}