{"id":7116,"date":"2021-11-23T12:36:15","date_gmt":"2021-11-23T12:36:15","guid":{"rendered":"https:\/\/sharingan.us\/?post_type=product&#038;p=7116"},"modified":"2024-10-05T15:34:51","modified_gmt":"2024-10-05T07:34:51","slug":"contactos-do-momoshiki-e-do-urashiki-rinnegan","status":"publish","type":"product","link":"https:\/\/sharingan.us\/pt\/contactos-do-momoshiki-e-do-urashiki-rinnegan\/","title":{"rendered":"Contactos do Rinnegan de Momoshiki e Urashiki"},"content":{"rendered":"<h1 class=\"md-end-block md-heading\"><span class=\"md-plain md-expand\">Liberte o poder de \u014ctsutsuki com os contactos Rinnegan de Momoshiki e Urashiki! \ud83d\udd36\u26aa<\/span><\/h1>\n<p class=\"md-end-block md-p\"><span class=\"md-plain\">Entre no reino do cl\u00e3 \u014ctsutsuki com estas hipnotizantes lentes de c\u00edrculo amarelo! \ud83d\udc40<\/span> <span class=\"md-plain\">Aten\u00e7\u00e3o a todos os cosplayers de Naruto e f\u00e3s do enigm\u00e1tico cl\u00e3 \u014ctsutsuki! Prepara-te para encarnar o poder de outro mundo de Momoshiki e Urashiki com estas cativantes lentes de contacto Rinnegan. Com um impressionante design circular amarelo, estas lentes permitem-lhe canalizar a ess\u00eancia destas personagens formid\u00e1veis e levar o seu cosplay a um n\u00edvel totalmente novo!<\/span><\/p>\n<p class=\"md-end-block md-p\"><span class=\"md-plain\">Conforto e seguran\u00e7a sem paralelo para uma utiliza\u00e7\u00e3o prolongada \ud83d\udc8e<\/span> <span class=\"md-plain\">Compreendemos que o conforto e a seguran\u00e7a s\u00e3o da maior import\u00e2ncia quando se trata de lentes de contacto para cosplay. Estas lentes de contacto Momoshiki e Urashiki Rinnegan s\u00e3o fabricadas com materiais de primeira qualidade e concebidas para proporcionar um ajuste perfeito e uma claridade excecional. S\u00e3o aprovadas pela FDA e cumprem todas as normas de seguran\u00e7a, garantindo que pode us\u00e1-las com confian\u00e7a durante longos per\u00edodos sem qualquer desconforto ou perturba\u00e7\u00f5es visuais.<\/span><\/p>\n<p class=\"md-end-block md-p\"><span class=\"md-plain\">Meticulosamente fabricado para replicar o design \u00fanico do Rinnegan de \u014ctsutsuki \ud83c\udfa8<\/span> <span class=\"md-plain\">A aten\u00e7\u00e3o ao detalhe nestes contactos Momoshiki e Urashiki Rinnegan \u00e9 verdadeiramente not\u00e1vel. O design arrojado do c\u00edrculo amarelo capta na perfei\u00e7\u00e3o a apar\u00eancia distinta do Rinnegan \u014ctsutsuki, distinguindo-o do tradicional Rinnegan roxo. Quando colocar estas lentes de contacto, sentir\u00e1 o imenso poder e a aura sobrenatural do cl\u00e3 \u014ctsutsuki a passar por si, permitindo-lhe retratar autenticamente estas personagens enigm\u00e1ticas.<\/span><\/p>\n<p class=\"md-end-block md-p\"><span class=\"md-plain\">Os influenciadores de cosplay recomendam vivamente estes contactos Momoshiki e Urashiki Rinnegan! \ud83c\udf1f<\/span><\/p>\n<p class=\"md-end-block md-p\"><span class=\"md-plain\">\"Como cosplayer que gosta de explorar personagens \u00fanicas e desafiantes, estas lentes de contacto Momoshiki e Urashiki Rinnegan foram uma mudan\u00e7a absoluta no jogo! O desenho do c\u00edrculo amarelo \u00e9 perfeito, e o conforto \u00e9 imbat\u00edvel. Eu os recomendo fortemente para quem quer fazer cosplay desses fascinantes membros do cl\u00e3 \u014ctsutsuki! - \ud83d\udd36 \u014ctsutsukiCosplayMaster<\/span><\/p>\n<p class=\"md-end-block md-p\"><span class=\"md-plain\">\"Fiquei entusiasmado ao descobrir estas lentes de contacto Momoshiki e Urashiki Rinnegan! O design marcante do c\u00edrculo amarelo capta perfeitamente a ess\u00eancia do seu Rinnegan \u00fanico, e a qualidade \u00e9 excelente. Estas lentes tornaram-se uma parte essencial dos meus cosplays de \u014ctsutsuki!\" - MomoshikiRinneganPro<\/span><\/p>\n<p class=\"md-end-block md-p\"><span class=\"md-plain\">\"Estas lentes de contacto Momoshiki e Urashiki Rinnegan s\u00e3o um must-have para qualquer cosplayer de Naruto que queira retratar estas intrigantes personagens \u014ctsutsuki. O conforto e o design s\u00e3o incompar\u00e1veis, e ajudaram-me a criar alguns momentos de cosplay verdadeiramente inesquec\u00edveis!\" - Urashiki\u014ctsutsukiLegend<\/span><\/p>\n<p class=\"md-end-block md-p\"><span class=\"md-plain\">Abra\u00e7a o poder enigm\u00e1tico do Cl\u00e3 \u014ctsutsuki! \ud83c\udf0d<\/span> <span class=\"md-plain\">Ao usar estas lentes de contacto Momoshiki e Urashiki Rinnegan, est\u00e1 a entrar no reino do misterioso cl\u00e3 \u014ctsutsuki. Abra\u00e7a o seu poder de outro mundo, mostra a singularidade do seu Rinnegan e cria experi\u00eancias de cosplay cativantes que deixar\u00e3o uma impress\u00e3o duradoura em todos os que testemunharem a tua transforma\u00e7\u00e3o.<\/span><\/p>\n<p class=\"md-end-block md-p\"><span class=\"md-plain\">Sua jornada no mundo do \u014ctsutsuki aguarda - deixe esses contatos Rinnegan serem sua porta de entrada para liberar seu verdadeiro potencial! \ud83d\udd36\u26aa<\/span><\/p>\n<p class=\"md-end-block md-p md-focus\"><span class=\"md-plain md-expand\">#MomoshikiUrashikiRinnegan #\u014ctsutsukiCosplay #NarutoCosplayersUnite #EmbraceYour\u014ctsutsukiPower<\/span><\/p>","protected":false},"excerpt":{"rendered":"<p>Liberte o poder de \u014ctsutsuki com as lentes de contacto Rinnegan de Momoshiki e Urashiki! Entre no reino do cl\u00e3 \u014ctsutsuki com estas hipnotizantes lentes de contacto de c\u00edrculo amarelo! Aten\u00e7\u00e3o a todos os cosplayers de Naruto e f\u00e3s do enigm\u00e1tico cl\u00e3 \u014ctsutsuki! Prepara-te para encarnar o poder sobrenatural de Momoshiki e Urashiki com estas cativantes lentes de contacto Rinnegan. Apresentando um [...]","protected":false},"featured_media":18704,"comment_status":"open","ping_status":"closed","template":"","meta":[],"product_brand":[],"product_cat":[83],"product_tag":[84,86,85],"class_list":{"0":"post-7116","1":"product","2":"type-product","3":"status-publish","4":"has-post-thumbnail","6":"product_cat-cosplay-contacts","7":"product_tag-momoshiki","8":"product_tag-rinnegan","9":"product_tag-urashiki","11":"first","12":"instock","13":"sale","14":"featured","15":"taxable","16":"shipping-taxable","17":"purchasable","18":"product-type-variable","19":"has-default-attributes"},"_links":{"self":[{"href":"https:\/\/sharingan.us\/pt\/wp-json\/wp\/v2\/product\/7116","targetHints":{"allow":["GET"]}}],"collection":[{"href":"https:\/\/sharingan.us\/pt\/wp-json\/wp\/v2\/product"}],"about":[{"href":"https:\/\/sharingan.us\/pt\/wp-json\/wp\/v2\/types\/product"}],"replies":[{"embeddable":true,"href":"https:\/\/sharingan.us\/pt\/wp-json\/wp\/v2\/comments?post=7116"}],"wp:featuredmedia":[{"embeddable":true,"href":"https:\/\/sharingan.us\/pt\/wp-json\/wp\/v2\/media\/18704"}],"wp:attachment":[{"href":"https:\/\/sharingan.us\/pt\/wp-json\/wp\/v2\/media?parent=7116"}],"wp:term":[{"taxonomy":"product_brand","embeddable":true,"href":"https:\/\/sharingan.us\/pt\/wp-json\/wp\/v2\/product_brand?post=7116"},{"taxonomy":"product_cat","embeddable":true,"href":"https:\/\/sharingan.us\/pt\/wp-json\/wp\/v2\/product_cat?post=7116"},{"taxonomy":"product_tag","embeddable":true,"href":"https:\/\/sharingan.us\/pt\/wp-json\/wp\/v2\/product_tag?post=7116"}],"curies":[{"name":"wp","href":"https:\/\/api.w.org\/{rel}","templated":true}]}}