{"id":7110,"date":"2021-11-23T12:04:45","date_gmt":"2021-11-23T12:04:45","guid":{"rendered":"https:\/\/sharingan.us\/?post_type=product&#038;p=7110"},"modified":"2024-10-05T15:34:51","modified_gmt":"2024-10-05T07:34:51","slug":"dois-contactos-tomoe-sharingan","status":"publish","type":"product","link":"https:\/\/sharingan.us\/pt\/dois-contactos-tomoe-sharingan\/","title":{"rendered":"Dois contactos do Tomoe Sharingan"},"content":{"rendered":"<h4>Dois contactos do Tomoe Sharingan<\/h4>\n<p>Quando despertado pela primeira vez, cada Sharingan normalmente tem apenas um tomoe, embora em alguns casos, ganhe imediatamente dois tomoe em cada um dos olhos. Atrav\u00e9s do crescimento emocional de condi\u00e7\u00f5es extremas, o Sharingan continuar\u00e1 a desenvolver-se, sendo a sua matura\u00e7\u00e3o completa representada por um terceiro tomoe.<\/p>\n<p>Desbloqueia a segunda fase do lend\u00e1rio Sharingan com estas impressionantes Lentes de Contacto Two Tomoe Sharingan. Quer seja para cosplay ou apenas para fazer uma afirma\u00e7\u00e3o de moda arrojada, estas lentes de contacto coloridas dar-lhe-\u00e3o a apar\u00eancia distinta e inconfund\u00edvel de ter despertado o segundo tomoe do Sharingan.<\/p>\n<p>Meticulosamente concebidos para recriar a imagem ic\u00f3nica, os Contactos Two Tomoe Sharingan apresentam uma \u00edris vermelha brilhante com dois tomoe pretos a orbitar precisamente a pupila. O resultado \u00e9 uma apar\u00eancia de dojutsu incrivelmente realista, tal como o famoso jutsu visual do cl\u00e3 Uchiha.<\/p>\n<p>Mas estas lentes n\u00e3o s\u00e3o apenas para exibi\u00e7\u00e3o - as Lentes de Contacto Two Tomoe Sharingan s\u00e3o feitas de materiais de alta qualidade e s\u00e3o submetidas a testes rigorosos para garantir a seguran\u00e7a e o conforto durante todo o dia. Com lentes de prote\u00e7\u00e3o UV, pode invocar o poder da vis\u00e3o e perce\u00e7\u00e3o elevadas do Sharingan.<\/p>\n<p>Quer v\u00e1s \u00e0 pr\u00f3xima grande conven\u00e7\u00e3o de anime como Sasuke ou apenas queiras dar nas vistas, desperta o teu shinobi interior com as Two Tomoe Sharingan Contacts. Com estas lentes, vais poder usufruir da for\u00e7a, perce\u00e7\u00e3o e capacidades da segunda fase do Sharingan.<\/p>","protected":false},"excerpt":{"rendered":"<p>Contactos do Sharingan de Dois Tomoe Quando despertado pela primeira vez, cada Sharingan normalmente tem apenas um tomoe, embora em alguns casos, ganhe imediatamente dois tomoe em cada um dos olhos. Atrav\u00e9s do crescimento emocional de condi\u00e7\u00f5es extremas, o Sharingan continuar\u00e1 a desenvolver-se, sendo a sua matura\u00e7\u00e3o completa representada por um terceiro tomoe. Desbloquear a segunda fase do [...]","protected":false},"featured_media":7106,"comment_status":"open","ping_status":"closed","template":"","meta":[],"product_brand":[],"product_cat":[49],"product_tag":[81,80],"class_list":{"0":"post-7110","1":"product","2":"type-product","3":"status-publish","4":"has-post-thumbnail","6":"product_cat-sharingan-contacts","7":"product_tag-kakashi","8":"product_tag-sharingan-contacts","10":"first","11":"instock","12":"sale","13":"featured","14":"taxable","15":"shipping-taxable","16":"purchasable","17":"product-type-variable","18":"has-default-attributes"},"_links":{"self":[{"href":"https:\/\/sharingan.us\/pt\/wp-json\/wp\/v2\/product\/7110","targetHints":{"allow":["GET"]}}],"collection":[{"href":"https:\/\/sharingan.us\/pt\/wp-json\/wp\/v2\/product"}],"about":[{"href":"https:\/\/sharingan.us\/pt\/wp-json\/wp\/v2\/types\/product"}],"replies":[{"embeddable":true,"href":"https:\/\/sharingan.us\/pt\/wp-json\/wp\/v2\/comments?post=7110"}],"wp:featuredmedia":[{"embeddable":true,"href":"https:\/\/sharingan.us\/pt\/wp-json\/wp\/v2\/media\/7106"}],"wp:attachment":[{"href":"https:\/\/sharingan.us\/pt\/wp-json\/wp\/v2\/media?parent=7110"}],"wp:term":[{"taxonomy":"product_brand","embeddable":true,"href":"https:\/\/sharingan.us\/pt\/wp-json\/wp\/v2\/product_brand?post=7110"},{"taxonomy":"product_cat","embeddable":true,"href":"https:\/\/sharingan.us\/pt\/wp-json\/wp\/v2\/product_cat?post=7110"},{"taxonomy":"product_tag","embeddable":true,"href":"https:\/\/sharingan.us\/pt\/wp-json\/wp\/v2\/product_tag?post=7110"}],"curies":[{"name":"wp","href":"https:\/\/api.w.org\/{rel}","templated":true}]}}