{"id":7017,"date":"2021-11-23T10:19:35","date_gmt":"2021-11-23T10:19:35","guid":{"rendered":"https:\/\/sharingan.us\/?post_type=product&#038;p=7017"},"modified":"2025-02-09T15:05:54","modified_gmt":"2025-02-09T07:05:54","slug":"contactos-do-sharingan-de-itachi-mangekyou","status":"publish","type":"product","link":"https:\/\/sharingan.us\/pt\/contactos-do-sharingan-de-itachi-mangekyou\/","title":{"rendered":"Contactos do Mangekyou Sharingan de Itachi"},"content":{"rendered":"<h1 class=\"md-end-block md-heading\"><span class=\"md-plain md-expand\">Desperte as suas capacidades Uchiha com os lend\u00e1rios contactos Mangekyou Sharingan de Itachi! \ud83d\udd34\u2694\ufe0f<\/span><\/h1>\n<p class=\"md-end-block md-p\"><span class=\"md-plain\">Liberte o poder dos olhos de Itachi com estas fascinantes lentes de contacto coloridas do Mangekyou Sharingan \ud83d\udc40<\/span> <span class=\"md-plain\">Aten\u00e7\u00e3o a todos os f\u00e3s e cosplayers de Naruto! Prepara-te para encarnar o g\u00e9nio e a trag\u00e9dia de Itachi Uchiha com estas inspiradoras lentes de contacto para cosplay do Mangekyou Sharingan. Estas lentes de contacto coloridas recriam meticulosamente o design intrincado do lend\u00e1rio dojutsu de Itachi, permitindo-lhe captar a ess\u00eancia deste ic\u00f3nico membro da Akatsuki com uma precis\u00e3o inigual\u00e1vel. <\/span><\/p>\n<p class=\"md-end-block md-p\"><span class=\"md-plain\">Fabricadas com materiais de primeira qualidade, estas lentes d\u00e3o prioridade ao conforto e ao impacto visual, assegurando que pode canalizar sem esfor\u00e7o o seu Itachi interior durante longos per\u00edodos. Quer esteja a participar numa conven\u00e7\u00e3o de anime, a criar uma sess\u00e3o fotogr\u00e1fica poderosa, ou simplesmente a querer dar um toque de m\u00edstica Uchiha ao seu visual quotidiano, estas lentes de contacto para cosplay Mangekyou Sharingan s\u00e3o a melhor escolha!<\/span><\/p>\n<p class=\"md-end-block md-p\"><span class=\"md-plain\">Experimente o conforto e a qualidade inigual\u00e1veis destes contactos Itachi Mangekyou Sharingan \ud83d\udc8e<\/span> <span class=\"md-plain\">Como cosplayer dedicado, compreendo a import\u00e2ncia de lentes de contacto para cosplay de alta qualidade que n\u00e3o s\u00f3 t\u00eam um aspeto incr\u00edvel, mas tamb\u00e9m s\u00e3o confort\u00e1veis de usar. As Lentes de Contacto para Cosplay Itachi Mangekyou Sharingan s\u00e3o excelentes em ambos os aspectos. Estas lentes de contacto coloridas s\u00e3o fabricadas com materiais de primeira qualidade que garantem um ajuste perfeito e uma nitidez excecional, permitindo-lhe mergulhar totalmente no seu cosplay de Itachi sem qualquer desconforto ou perturba\u00e7\u00f5es visuais. <\/span><\/p>\n<p class=\"md-end-block md-p\"><span class=\"md-plain\">O design intrincado do Mangekyou Sharingan \u00e9 reproduzido na perfei\u00e7\u00e3o, fazendo destas lentes uma parte essencial de qualquer conjunto de cosplay do Itachi. Com o estojo de lentes inclu\u00eddo e instru\u00e7\u00f5es de manuten\u00e7\u00e3o f\u00e1ceis de seguir, podes manter as tuas lentes em perfeitas condi\u00e7\u00f5es para futuras miss\u00f5es shinobi.<\/span><\/p>\n<p class=\"md-end-block md-p\"><span class=\"md-plain\">F\u00e3s de Naruto e influenciadores de cosplay elogiam estes contactos Itachi Mangekyou Sharingan! \ud83c\udf1f<\/span> <span class=\"md-plain\">Os entusiastas, cosplayers e influenciadores de Itachi est\u00e3o a delirar com estas lentes de contacto para cosplay do Mangekyou Sharingan, e \u00e9 f\u00e1cil perceber porqu\u00ea! Veja o que eles t\u00eam a dizer:<\/span><\/p>\n<p class=\"md-end-block md-p\"><span class=\"md-plain\">\"Estas lentes de contacto Itachi Mangekyou Sharingan s\u00e3o um must-have para qualquer cosplayer Itachi s\u00e9rio! O design \u00e9 incrivelmente detalhado, e o conforto \u00e9 inigual\u00e1vel. Eu recomendo-as vivamente!\" - \ud83d\udd34 ItachiUchihaCosplay, Cosplayer Profissional de Itachi<\/span><\/p>\n<p class=\"md-end-block md-p\"><span class=\"md-plain\">\"J\u00e1 experimentei v\u00e1rias lentes de contacto para os meus cosplays de Naruto, mas nenhuma se compara a estas lentes Itachi Mangekyou Sharingan. S\u00e3o incrivelmente confort\u00e1veis, e o design capta na perfei\u00e7\u00e3o o olhar intenso de Itachi. Um divisor de \u00e1guas para qualquer cosplay de Itachi! - \u2694\ufe0f ShinobiCosplayMaster, Influenciador de Cosplay<\/span><\/p>\n<p class=\"md-end-block md-p\"><span class=\"md-plain\">Junta-te \u00e0 revolu\u00e7\u00e3o do Cosplay de Itachi e liberta o teu legado Uchiha! \ud83c\udf0d<\/span> <span class=\"md-plain\">Cosplayers e f\u00e3s de Itachi de todo o mundo est\u00e3o a abra\u00e7ar o g\u00e9nio e a trag\u00e9dia desta lend\u00e1ria personagem de Naruto, gra\u00e7as a estas incr\u00edveis lentes de contacto para cosplay Mangekyou Sharingan. As plataformas das redes sociais est\u00e3o a transbordar de transforma\u00e7\u00f5es impressionantes de Itachi, \u00e0 medida que os cosplayers se unem para celebrar o seu amor por este ic\u00f3nico prod\u00edgio Uchiha. A hashtag #ItachiCosplay est\u00e1 a tomar de assalto a cena do cosplay, mostrando o impacto not\u00e1vel que estas lentes t\u00eam ao dar vida a Itachi. N\u00e3o perca esta revolu\u00e7\u00e3o de cosplay - ponha as suas m\u00e3os nas Lentes de Contacto Itachi Mangekyou Sharingan hoje mesmo e liberte o seu legado Uchiha!<\/span><\/p>\n<p class=\"md-end-block md-p\"><span class=\"md-plain\">Desembalar a Experi\u00eancia Uchiha: O que recebes com os teus contactos do Itachi Mangekyou Sharingan \ud83d\udce6<\/span> <span class=\"md-plain\">Quando encomendares os teus Contactos Itachi Mangekyou Sharingan, receber\u00e1s um pacote completo concebido para melhorar a tua experi\u00eancia de cosplay. Cada conjunto inclui:<\/span><\/p>\n<ul class=\"ul-list\" data-mark=\"-\">\n<li class=\"md-list-item\">\n<p class=\"md-end-block md-p\"><span class=\"md-plain\">Dois contactos Itachi Mangekyou Sharingan de qualidade superior com um design altamente detalhado<\/span><\/p>\n<\/li>\n<li class=\"md-list-item\">\n<p class=\"md-end-block md-p\"><span class=\"md-plain\">Um estojo para lentes de contacto elegante e duradouro com o ic\u00f3nico s\u00edmbolo da nuvem Akatsuki<\/span><\/p>\n<\/li>\n<li class=\"md-list-item\">\n<p class=\"md-end-block md-p\"><span class=\"md-plain\">Instru\u00e7\u00f5es f\u00e1ceis de seguir para um cuidado e manuten\u00e7\u00e3o adequados das lentes<\/span><\/p>\n<\/li>\n<li class=\"md-list-item\">\n<p class=\"md-end-block md-p\"><span class=\"md-plain\">Um pano de limpeza de microfibras com o tema Naruto para uma limpeza suave das lentes<\/span><\/p>\n<\/li>\n<\/ul>\n<p class=\"md-end-block md-p\"><span class=\"md-plain\">Com estes elementos essenciais, estar\u00e1s totalmente equipado para embarcar na tua viagem de cosplay do Itachi e criar mem\u00f3rias inesquec\u00edveis e poderosas!<\/span><\/p>\n<p class=\"md-end-block md-p\"><span class=\"md-plain\">Deixa o Poder do Cosplay Despertar o teu Esp\u00edrito Uchiha! \ud83d\udd25<\/span> <span class=\"md-plain\">Itachi \u00e9 mais do que apenas uma personagem; \u00e9 um s\u00edmbolo de g\u00e9nio, sacrif\u00edcio e da natureza complexa do mundo shinobi. Ao usares estas Lentes de Contacto para Cosplay Itachi Mangekyou Sharingan, n\u00e3o s\u00f3 estar\u00e1s a transformar a tua apar\u00eancia, como tamb\u00e9m a explorar a pr\u00f3pria ess\u00eancia deste lend\u00e1rio Uchiha.<\/span><\/p>\n<p class=\"md-end-block md-p\"><span class=\"md-plain\">Ao colocares estas lentes hipnotizantes, sente o poder do Mangekyou Sharingan a percorrer o teu ser. O teu olhar torna-se intenso, a tua presen\u00e7a \u00e9 imponente. Irradias uma aura de mist\u00e9rio e for\u00e7a, inspirando outros a mergulharem nas profundezas do seu pr\u00f3prio potencial.<\/span><\/p>\n<p class=\"md-end-block md-p\"><span class=\"md-plain\">Quer seja um cosplayer experiente ou um f\u00e3 dedicado de Naruto, estas lentes de contacto s\u00e3o a sua porta de entrada para o mundo do cl\u00e3 Uchiha. Abra\u00e7a o teu Itachi interior, cria la\u00e7os inquebr\u00e1veis com outros entusiastas de Naruto e cria mem\u00f3rias que despertar\u00e3o o teu esp\u00edrito Uchiha para os anos vindouros.<\/span><\/p>\n<p class=\"md-end-block md-p\"><span class=\"md-plain\">A comunidade de cosplay de Itachi est\u00e1 \u00e0 tua espera e, com estas lentes extraordin\u00e1rias, est\u00e1s pronto para causar um impacto profundo. Por isso, veste o teu manto Akatsuki, prepara as tuas ferramentas ninja e deixa que o poder do cosplay desperte o teu esp\u00edrito Uchiha como nunca antes!<\/span><\/p>\n<p class=\"md-end-block md-p md-focus\"><span class=\"md-plain md-expand\">#ItachiCosplay #NarutoCosplay #SharinganContactos #MangekouSharingan #UchihaPower<\/span><\/p>\n<p><img decoding=\"async\" class=\"alignnone wp-image-7387 size-thumbnail lazyload\" data-src=\"https:\/\/sharingan.us\/wp-content\/uploads\/2021\/11\/Itachi-Mangekyou-300x300.jpg\" alt=\"Mangekyou Sharingan\" width=\"300\" height=\"300\" title=\"\" data-srcset=\"https:\/\/sharingan.us\/wp-content\/uploads\/2021\/11\/Itachi-Mangekyou-300x300.jpg 300w, https:\/\/sharingan.us\/wp-content\/uploads\/2021\/11\/Itachi-Mangekyou-100x100.jpg 100w, https:\/\/sharingan.us\/wp-content\/uploads\/2021\/11\/Itachi-Mangekyou-768x768.jpg 768w, https:\/\/sharingan.us\/wp-content\/uploads\/2021\/11\/Itachi-Mangekyou-12x12.jpg 12w, https:\/\/sharingan.us\/wp-content\/uploads\/2021\/11\/Itachi-Mangekyou-60x60.jpg 60w, https:\/\/sharingan.us\/wp-content\/uploads\/2021\/11\/Itachi-Mangekyou-110x110.jpg 110w, https:\/\/sharingan.us\/wp-content\/uploads\/2021\/11\/Itachi-Mangekyou-510x510.jpg 510w, https:\/\/sharingan.us\/wp-content\/uploads\/2021\/11\/Itachi-Mangekyou.jpg 800w\" data-sizes=\"(max-width: 300px) 100vw, 300px\" src=\"data:image\/svg+xml;base64,PHN2ZyB3aWR0aD0iMSIgaGVpZ2h0PSIxIiB4bWxucz0iaHR0cDovL3d3dy53My5vcmcvMjAwMC9zdmciPjwvc3ZnPg==\" style=\"--smush-placeholder-width: 300px; --smush-placeholder-aspect-ratio: 300\/300;\" \/><\/p>\n<p>Os contactos do itachi sharingan (que significa literalmente: Olho da Roda de C\u00f3pia Caleidosc\u00f3pica) \u00e9 uma forma avan\u00e7ada do Sharingan que s\u00f3 foi activada por um punhado de Uchiha. Eles s\u00e3o conhecidos por serem os \"olhos celestiais que v\u00eaem a verdade de toda a cria\u00e7\u00e3o sem obstru\u00e7\u00e3o\"<\/p>","protected":false},"excerpt":{"rendered":"<p>Desperta as tuas capacidades Uchiha com as Lend\u00e1rias Lentes de Itachi do Mangekyou Sharingan! \u2694\ufe0f Liberte o poder dos olhos de Itachi com estas fascinantes Lentes de Contacto Coloridas Mangekyou Sharingan \ud83d\udc40 Aten\u00e7\u00e3o a todos os f\u00e3s e cosplayers de Naruto! Prepare-se para encarnar o g\u00e9nio e a trag\u00e9dia de Itachi Uchiha com estas inspiradoras lentes de contacto para cosplay Mangekyou Sharingan. Estas lentes de contacto coloridas recriam meticulosamente [...]","protected":false},"featured_media":7043,"comment_status":"open","ping_status":"closed","template":"","meta":[],"product_brand":[],"product_cat":[49],"product_tag":[130,81,80],"class_list":{"0":"post-7017","1":"product","2":"type-product","3":"status-publish","4":"has-post-thumbnail","6":"product_cat-sharingan-contacts","7":"product_tag-itachi-sharingan-contacts","8":"product_tag-kakashi","9":"product_tag-sharingan-contacts","11":"first","12":"instock","13":"sale","14":"featured","15":"taxable","16":"shipping-taxable","17":"purchasable","18":"product-type-variable","19":"has-default-attributes"},"_links":{"self":[{"href":"https:\/\/sharingan.us\/pt\/wp-json\/wp\/v2\/product\/7017","targetHints":{"allow":["GET"]}}],"collection":[{"href":"https:\/\/sharingan.us\/pt\/wp-json\/wp\/v2\/product"}],"about":[{"href":"https:\/\/sharingan.us\/pt\/wp-json\/wp\/v2\/types\/product"}],"replies":[{"embeddable":true,"href":"https:\/\/sharingan.us\/pt\/wp-json\/wp\/v2\/comments?post=7017"}],"wp:featuredmedia":[{"embeddable":true,"href":"https:\/\/sharingan.us\/pt\/wp-json\/wp\/v2\/media\/7043"}],"wp:attachment":[{"href":"https:\/\/sharingan.us\/pt\/wp-json\/wp\/v2\/media?parent=7017"}],"wp:term":[{"taxonomy":"product_brand","embeddable":true,"href":"https:\/\/sharingan.us\/pt\/wp-json\/wp\/v2\/product_brand?post=7017"},{"taxonomy":"product_cat","embeddable":true,"href":"https:\/\/sharingan.us\/pt\/wp-json\/wp\/v2\/product_cat?post=7017"},{"taxonomy":"product_tag","embeddable":true,"href":"https:\/\/sharingan.us\/pt\/wp-json\/wp\/v2\/product_tag?post=7017"}],"curies":[{"name":"wp","href":"https:\/\/api.w.org\/{rel}","templated":true}]}}