{"id":683,"date":"2018-05-15T12:08:46","date_gmt":"2018-05-15T12:08:46","guid":{"rendered":"https:\/\/themedemo.commercegurus.com\/shoptimizer\/?post_type=product&amp;p=683"},"modified":"2018-05-15T12:08:46","modified_gmt":"2018-05-15T12:08:46","slug":"camisa-de-popelina-de-corte-regular","status":"publish","type":"product","link":"https:\/\/sharingan.us\/pt\/camisa-de-popelina-de-corte-regular\/","title":{"rendered":"Camisa de popelina de corte regular"},"content":{"rendered":"","protected":false},"excerpt":{"rendered":"<p>Confeccionada \u00e0 m\u00e3o, tendo em mente o estilo sazonal, \u00e9 ideal para uso formal ou casual, seja qual for a ocasi\u00e3o, e \u00e9 um elemento b\u00e1sico ideal para qualquer guarda-roupa.<\/p>","protected":false},"featured_media":7003,"comment_status":"open","ping_status":"closed","template":"","meta":[],"product_brand":[],"product_cat":[15],"product_tag":[33],"class_list":{"0":"post-683","1":"product","2":"type-product","3":"status-publish","4":"has-post-thumbnail","6":"product_cat-uncategorized","7":"product_tag-skinny","9":"first","10":"instock","11":"taxable","12":"shipping-taxable","13":"purchasable","14":"product-type-simple"},"_links":{"self":[{"href":"https:\/\/sharingan.us\/pt\/wp-json\/wp\/v2\/product\/683","targetHints":{"allow":["GET"]}}],"collection":[{"href":"https:\/\/sharingan.us\/pt\/wp-json\/wp\/v2\/product"}],"about":[{"href":"https:\/\/sharingan.us\/pt\/wp-json\/wp\/v2\/types\/product"}],"replies":[{"embeddable":true,"href":"https:\/\/sharingan.us\/pt\/wp-json\/wp\/v2\/comments?post=683"}],"wp:featuredmedia":[{"embeddable":true,"href":"https:\/\/sharingan.us\/pt\/wp-json\/"}],"wp:attachment":[{"href":"https:\/\/sharingan.us\/pt\/wp-json\/wp\/v2\/media?parent=683"}],"wp:term":[{"taxonomy":"product_brand","embeddable":true,"href":"https:\/\/sharingan.us\/pt\/wp-json\/wp\/v2\/product_brand?post=683"},{"taxonomy":"product_cat","embeddable":true,"href":"https:\/\/sharingan.us\/pt\/wp-json\/wp\/v2\/product_cat?post=683"},{"taxonomy":"product_tag","embeddable":true,"href":"https:\/\/sharingan.us\/pt\/wp-json\/wp\/v2\/product_tag?post=683"}],"curies":[{"name":"wp","href":"https:\/\/api.w.org\/{rel}","templated":true}]}}