{"id":677,"date":"2018-05-18T11:55:25","date_gmt":"2018-05-18T11:55:25","guid":{"rendered":"https:\/\/themedemo.commercegurus.com\/shoptimizer\/?post_type=product&amp;p=677"},"modified":"2018-05-18T11:55:25","modified_gmt":"2018-05-18T11:55:25","slug":"casaco-skinny-fit","status":"publish","type":"product","link":"https:\/\/sharingan.us\/pt\/casaco-skinny-fit\/","title":{"rendered":"Casaco skinny fit"},"content":{"rendered":"","protected":false},"excerpt":{"rendered":"<p>Confeccionada \u00e0 m\u00e3o, tendo em mente o estilo sazonal, \u00e9 ideal para uso formal ou casual, seja qual for a ocasi\u00e3o, e \u00e9 um elemento b\u00e1sico ideal para qualquer guarda-roupa.<\/p>","protected":false},"featured_media":7003,"comment_status":"open","ping_status":"closed","template":"","meta":[],"product_brand":[],"product_cat":[15],"product_tag":[888,33],"class_list":{"0":"post-677","1":"product","2":"type-product","3":"status-publish","4":"has-post-thumbnail","6":"product_cat-uncategorized","7":"product_tag-sale","8":"product_tag-skinny","10":"first","11":"instock","12":"sale","13":"taxable","14":"shipping-taxable","15":"purchasable","16":"product-type-simple"},"_links":{"self":[{"href":"https:\/\/sharingan.us\/pt\/wp-json\/wp\/v2\/product\/677","targetHints":{"allow":["GET"]}}],"collection":[{"href":"https:\/\/sharingan.us\/pt\/wp-json\/wp\/v2\/product"}],"about":[{"href":"https:\/\/sharingan.us\/pt\/wp-json\/wp\/v2\/types\/product"}],"replies":[{"embeddable":true,"href":"https:\/\/sharingan.us\/pt\/wp-json\/wp\/v2\/comments?post=677"}],"wp:featuredmedia":[{"embeddable":true,"href":"https:\/\/sharingan.us\/pt\/wp-json\/"}],"wp:attachment":[{"href":"https:\/\/sharingan.us\/pt\/wp-json\/wp\/v2\/media?parent=677"}],"wp:term":[{"taxonomy":"product_brand","embeddable":true,"href":"https:\/\/sharingan.us\/pt\/wp-json\/wp\/v2\/product_brand?post=677"},{"taxonomy":"product_cat","embeddable":true,"href":"https:\/\/sharingan.us\/pt\/wp-json\/wp\/v2\/product_cat?post=677"},{"taxonomy":"product_tag","embeddable":true,"href":"https:\/\/sharingan.us\/pt\/wp-json\/wp\/v2\/product_tag?post=677"}],"curies":[{"name":"wp","href":"https:\/\/api.w.org\/{rel}","templated":true}]}}