{"id":19323,"date":"2023-12-18T20:17:48","date_gmt":"2023-12-18T12:17:48","guid":{"rendered":"https:\/\/sharingan.us\/?post_type=product&#038;p=19323"},"modified":"2024-10-05T15:34:52","modified_gmt":"2024-10-05T07:34:52","slug":"conjunto-para-cosplay-de-tobi-full-custume","status":"publish","type":"product","link":"https:\/\/sharingan.us\/pt\/conjunto-para-cosplay-de-tobi-full-custume\/","title":{"rendered":"Conjunto de cosplay completo de Tobi Custume"},"content":{"rendered":"<h3>Apresentamos o Conjunto Completo de Fantasia Tobi: Abra\u00e7a o mist\u00e9rio e o caos!<\/h3>\n<p>\u00c9 um f\u00e3 dedicado de uma certa personagem enigm\u00e1tica conhecida pela sua natureza imprevis\u00edvel e pela sua m\u00e1scara ic\u00f3nica? Sonha em vestir a pele desta misteriosa personagem? N\u00e3o procures mais, pois apresentamos orgulhosamente o Tobi Full Costume Set, meticulosamente criado para dar vida \u00e0 tua personagem favorita!<\/p>\n<p>Concebido com uma aten\u00e7\u00e3o meticulosa aos pormenores, o Conjunto Completo de Fato Tobi capta a ess\u00eancia do traje da enigm\u00e1tica personagem. Desde o manto carater\u00edstico at\u00e9 \u00e0 ic\u00f3nica m\u00e1scara laranja, todos os elementos foram fielmente recriados para garantir uma experi\u00eancia de cosplay aut\u00eantica e envolvente.<\/p>\n<p>Fabricado com materiais de alta qualidade, este conjunto de fantasia oferece conforto e durabilidade excepcionais, permitindo-lhe encarnar totalmente o esp\u00edrito da enigm\u00e1tica personagem. O tecido leve garante facilidade de movimentos, tornando-o perfeito para conven\u00e7\u00f5es, eventos de cosplay ou mesmo para uso casual dos f\u00e3s mais fervorosos.<\/p>\n<p>O Conjunto Completo de Fantasia Tobi est\u00e1 dispon\u00edvel numa gama de tamanhos para satisfazer todos os entusiastas, assegurando um ajuste confort\u00e1vel tanto para adultos como para adolescentes. A nossa tabela de tamanhos meticulosa garante que encontrar\u00e1 a combina\u00e7\u00e3o perfeita, permitindo-lhe mostrar o seu amor pela misteriosa personagem com confian\u00e7a.<\/p>\n<p>Para al\u00e9m do manto e da m\u00e1scara principais, o Conjunto Completo de Fato Tobi tamb\u00e9m inclui acess\u00f3rios adicionais para completar a sua transforma\u00e7\u00e3o. Desde o chap\u00e9u elegante at\u00e9 \u00e0s impressionantes faixas para os bra\u00e7os e pernas, todos os pormenores foram cuidadosamente considerados para melhorar o aspeto geral e a aten\u00e7\u00e3o aos detalhes.<\/p>\n<p>Quer esteja a participar num evento de cosplay, numa sess\u00e3o fotogr\u00e1fica de grupo ou simplesmente a mergulhar no mundo do mist\u00e9rio e do caos, o Conjunto de Roupa de Cosplay Tobi vai, sem d\u00favida, chamar a aten\u00e7\u00e3o e incendiar conversas entre outros f\u00e3s. \u00c9 o derradeiro tributo \u00e0 adorada personagem e ao seu legado duradouro.<\/p>\n<p>O Conjunto de Fato de Cosplay Tobi n\u00e3o s\u00f3 \u00e9 uma escolha excecional para os entusiastas de cosplay, como tamb\u00e9m \u00e9 um presente incr\u00edvel para qualquer f\u00e3 da enigm\u00e1tica personagem. Surpreenda os seus amigos, familiares ou entes queridos com este conjunto de fatos meticulosamente concebido e veja os seus rostos iluminarem-se de alegria e entusiasmo.<\/p>\n<p>Abra\u00e7a o mist\u00e9rio e o caos com o Conjunto de Roupa Completo Tobi - uma homenagem \u00e0 personagem enigm\u00e1tica e \u00e0 sua personalidade cativante. Liberta o teu mist\u00e9rio interior, encarna a tua personagem favorita e embarca numa inesquec\u00edvel viagem de cosplay.<\/p>","protected":false},"excerpt":{"rendered":"<p>Apresentamos o Conjunto Completo de Fantasia Tobi: Abra\u00e7a o mist\u00e9rio e o caos! \u00c9 um f\u00e3 dedicado de uma certa personagem enigm\u00e1tica conhecida pela sua natureza imprevis\u00edvel e pela sua m\u00e1scara ic\u00f3nica? Sonha em vestir a pele desta misteriosa personagem? N\u00e3o procures mais, pois temos o orgulho de te apresentar o Conjunto de Fato Completo Tobi, meticulosamente [...]","protected":false},"featured_media":19340,"comment_status":"open","ping_status":"closed","template":"","meta":[],"product_brand":[],"product_cat":[96],"product_tag":[],"class_list":{"0":"post-19323","1":"product","2":"type-product","3":"status-publish","4":"has-post-thumbnail","6":"product_cat-cosplay-costume","8":"first","9":"instock","10":"sale","11":"taxable","12":"shipping-taxable","13":"purchasable","14":"product-type-variable","15":"has-default-attributes"},"_links":{"self":[{"href":"https:\/\/sharingan.us\/pt\/wp-json\/wp\/v2\/product\/19323","targetHints":{"allow":["GET"]}}],"collection":[{"href":"https:\/\/sharingan.us\/pt\/wp-json\/wp\/v2\/product"}],"about":[{"href":"https:\/\/sharingan.us\/pt\/wp-json\/wp\/v2\/types\/product"}],"replies":[{"embeddable":true,"href":"https:\/\/sharingan.us\/pt\/wp-json\/wp\/v2\/comments?post=19323"}],"wp:featuredmedia":[{"embeddable":true,"href":"https:\/\/sharingan.us\/pt\/wp-json\/wp\/v2\/media\/19340"}],"wp:attachment":[{"href":"https:\/\/sharingan.us\/pt\/wp-json\/wp\/v2\/media?parent=19323"}],"wp:term":[{"taxonomy":"product_brand","embeddable":true,"href":"https:\/\/sharingan.us\/pt\/wp-json\/wp\/v2\/product_brand?post=19323"},{"taxonomy":"product_cat","embeddable":true,"href":"https:\/\/sharingan.us\/pt\/wp-json\/wp\/v2\/product_cat?post=19323"},{"taxonomy":"product_tag","embeddable":true,"href":"https:\/\/sharingan.us\/pt\/wp-json\/wp\/v2\/product_tag?post=19323"}],"curies":[{"name":"wp","href":"https:\/\/api.w.org\/{rel}","templated":true}]}}