{"id":16100,"date":"2022-10-04T22:56:10","date_gmt":"2022-10-04T14:56:10","guid":{"rendered":"https:\/\/sharingan.us\/?post_type=product&#038;p=16100"},"modified":"2024-10-05T15:34:52","modified_gmt":"2024-10-05T07:34:52","slug":"contactos-do-sasuke-mangekyou-sharingan-v2","status":"publish","type":"product","link":"https:\/\/sharingan.us\/pt\/contactos-do-sasuke-mangekyou-sharingan-v2\/","title":{"rendered":"Contactos do Sasuke Mangekyou Sharingan V2"},"content":{"rendered":"<h1 class=\"md-end-block md-heading\"><span class=\"md-plain md-expand\">Desperte o seu legado Uchiha com os contactos Sasuke Mangekyou Sharingan! \ud83d\udd34\u2694\ufe0f<\/span><\/h1>\n<p class=\"md-end-block md-p\"><span class=\"md-plain\">Canalize o poder de Sasuke Uchiha com estes cativantes contactos do Mangekyou Sharingan \ud83d\udc40<\/span> <span class=\"md-plain\">Aten\u00e7\u00e3o a todos os f\u00e3s de Naruto! Prepara-te para encarnar a intensidade e determina\u00e7\u00e3o de Sasuke Uchiha com estas deslumbrantes lentes de contacto Mangekyou Sharingan. Meticulosamente concebidas para recriar o padr\u00e3o intrincado do poderoso dojutsu de Sasuke, estas lentes de contacto permitem-lhe captar a ess\u00eancia da sua determina\u00e7\u00e3o inabal\u00e1vel. Fabricadas com materiais de primeira qualidade, d\u00e3o prioridade ao conforto e ao impacto visual, assegurando que pode canalizar sem esfor\u00e7o o esp\u00edrito de Sasuke durante longos per\u00edodos. Quer esteja a assistir a um evento de anime, a criar uma sess\u00e3o fotogr\u00e1fica poderosa ou simplesmente a querer dar um toque de intensidade Uchiha ao seu visual quotidiano, estas lentes de contacto s\u00e3o a escolha perfeita!<\/span><\/p>\n<p class=\"md-end-block md-p\"><span class=\"md-plain\">Experimente um conforto e uma qualidade inigual\u00e1veis \ud83d\udc8e<\/span> <span class=\"md-plain\">Compreendemos a import\u00e2ncia das lentes de contacto de alta qualidade que n\u00e3o s\u00f3 t\u00eam um aspeto incr\u00edvel como tamb\u00e9m s\u00e3o confort\u00e1veis de usar. As Lentes de Contacto Sasuke Mangekyou Sharingan s\u00e3o excelentes em ambos os aspectos. Fabricadas com materiais de primeira qualidade, garantem um ajuste perfeito e uma nitidez excecional, permitindo-lhe mergulhar totalmente na experi\u00eancia Sasuke sem qualquer desconforto ou perturba\u00e7\u00f5es visuais. O design intrincado do Mangekyou Sharingan \u00e9 reproduzido na perfei\u00e7\u00e3o, tornando estas lentes de contacto uma parte essencial de qualquer visual inspirado em Sasuke.<\/span><\/p>\n<p class=\"md-end-block md-p\"><span class=\"md-plain\">F\u00e3s e influenciadores de Naruto elogiam estes contactos! \ud83c\udf1f<\/span> <span class=\"md-plain\">Os entusiastas e influenciadores de Sasuke est\u00e3o a delirar com estes contactos do Mangekyou Sharingan, e \u00e9 f\u00e1cil perceber porqu\u00ea! Veja o que eles t\u00eam a dizer:<\/span><\/p>\n<p class=\"md-end-block md-p\"><span class=\"md-plain\">\"Estas lentes de contacto Sasuke Mangekyou Sharingan s\u00e3o um must-have para qualquer f\u00e3 s\u00e9rio de Naruto! O design \u00e9 incrivelmente detalhado, e o conforto \u00e9 inigual\u00e1vel. Eu recomendo-as vivamente!\" - SasukeUchihaFanatic, Entusiasta de Naruto<\/span><\/p>\n<p class=\"md-end-block md-p\"><span class=\"md-plain\">\"J\u00e1 experimentei v\u00e1rias lentes de contacto tem\u00e1ticas, mas nenhuma se compara a estas Lentes de Contacto Sasuke Mangekyou Sharingan. S\u00e3o incrivelmente confort\u00e1veis e o design capta na perfei\u00e7\u00e3o a intensidade do poderoso dojutsu de Sasuke. Um divisor de \u00e1guas para qualquer look inspirado em Sasuke!\" - \u2694\ufe0f UchihaStyleIcon, influenciador de moda<\/span><\/p>\n<p class=\"md-end-block md-p\"><span class=\"md-plain\">Junte-se \u00e0 Revolu\u00e7\u00e3o Sasuke e liberte o seu potencial Mangekyou Sharingan! \ud83c\udf0d<\/span> <span class=\"md-plain\">Os f\u00e3s de Naruto de todo o mundo est\u00e3o a abra\u00e7ar a intensidade e a determina\u00e7\u00e3o de Sasuke Uchiha, gra\u00e7as a estes contactos incr\u00edveis. As plataformas das redes sociais est\u00e3o a transbordar de visuais deslumbrantes inspirados em Sasuke, \u00e0 medida que os f\u00e3s se unem para celebrar o seu amor pelo Mangekyou Sharingan. As hashtags #MangekyouSharingan e #SasukePower est\u00e3o a tomar de assalto o fandom de Naruto, mostrando o impacto not\u00e1vel que estas lentes de contacto t\u00eam ao dar vida a Sasuke. N\u00e3o percas esta revolu\u00e7\u00e3o - p\u00f5e as tuas m\u00e3os nos contactos Sasuke Mangekyou Sharingan hoje e liberta o teu potencial Uchiha!<\/span><\/p>\n<p class=\"md-end-block md-p\"><span class=\"md-plain\">Deixe o poder de Sasuke despertar o seu esp\u00edrito! \ud83d\udd25<\/span> <span class=\"md-plain\">Sasuke Uchiha simboliza a determina\u00e7\u00e3o inabal\u00e1vel, a busca do poder e os la\u00e7os complexos do cl\u00e3 Uchiha. Ao vestires estes Contactos Mangekyou Sharingan, n\u00e3o s\u00f3 est\u00e1s a transformar a tua apar\u00eancia, como tamb\u00e9m a explorar a verdadeira ess\u00eancia do ic\u00f3nico Sasuke.<\/span><\/p>\n<p class=\"md-end-block md-p\"><span class=\"md-plain\">Ao colocares estas cativantes lentes de contacto, sente o poder de Sasuke a percorrer o teu ser. O teu olhar torna-se intenso, a tua presen\u00e7a \u00e9 imponente. Irradias uma aura de for\u00e7a e determina\u00e7\u00e3o, inspirando os outros a reconhecer a profundidade do teu legado Uchiha.<\/span><\/p>\n<p class=\"md-end-block md-p\"><span class=\"md-plain\">Quer seja um f\u00e3 incondicional de Naruto ou esteja simplesmente \u00e0 procura de dar um toque \u00fanico e poderoso ao seu estilo, estas lentes de contacto Mangekyou Sharingan s\u00e3o a sua porta de entrada para o mundo da intensidade Uchiha. Abra\u00e7a o teu Sasuke interior, cria la\u00e7os inquebr\u00e1veis com outros entusiastas de Naruto e cria mem\u00f3rias que despertar\u00e3o o teu esp\u00edrito Uchiha para os anos vindouros.<\/span><\/p>\n<p class=\"md-end-block md-p\"><span class=\"md-plain\">A comunidade Sasuke est\u00e1 \u00e0 tua espera e, com estes contactos extraordin\u00e1rios, est\u00e1s pronto para causar um impacto profundo. Por isso, prepara-te e deixa que o poder de Sasuke desperte o teu esp\u00edrito como nunca antes!<\/span><\/p>\n<p class=\"md-end-block md-p md-focus\"><span class=\"md-plain md-expand\">#MangekyouSharingan #SasukePower #UchihaLegacy #NarutoIntensity<\/span><\/p>\n<figure id=\"attachment_19562\" aria-describedby=\"caption-attachment-19562\" style=\"width: 300px\" class=\"wp-caption alignnone\"><img decoding=\"async\" class=\"wp-image-19562 size-thumbnail lazyload\" data-src=\"https:\/\/sharingan.us\/wp-content\/uploads\/2022\/10\/Sasuke-Mangekyou-Sharingan-300x300.jpg\" alt=\"Contactos do Mangekyou Sharingan de Sasuke\" width=\"300\" height=\"300\" title=\"\" data-srcset=\"https:\/\/sharingan.us\/wp-content\/uploads\/2022\/10\/Sasuke-Mangekyou-Sharingan-300x300.jpg 300w, https:\/\/sharingan.us\/wp-content\/uploads\/2022\/10\/Sasuke-Mangekyou-Sharingan-100x100.jpg 100w\" data-sizes=\"(max-width: 300px) 100vw, 300px\" src=\"data:image\/svg+xml;base64,PHN2ZyB3aWR0aD0iMSIgaGVpZ2h0PSIxIiB4bWxucz0iaHR0cDovL3d3dy53My5vcmcvMjAwMC9zdmciPjwvc3ZnPg==\" style=\"--smush-placeholder-width: 300px; --smush-placeholder-aspect-ratio: 300\/300;\" \/><figcaption id=\"caption-attachment-19562\" class=\"wp-caption-text\">Contactos do Mangekyou Sharingan de Sasuke<\/figcaption><\/figure>\n<p>Quer seja para cosplay ou apenas para fazer uma declara\u00e7\u00e3o de moda arrojada, as Lentes de Contacto Sasuke Mangekyou Sharingan permitem-lhe explorar a for\u00e7a e as capacidades da proeza visual de elite do cl\u00e3 Uchiha. Com estas lentes de contacto, podes invocar o mesmo esp\u00edrito indom\u00e1vel e a mesma determina\u00e7\u00e3o que Sasuke encarnou na sua demanda para vingar o seu cl\u00e3.<\/p>\n<p>Feitas de materiais de alta qualidade e rigorosamente testadas, estas lentes s\u00e3o seguras para usar durante todo o dia e t\u00eam prote\u00e7\u00e3o UV. Transforme o seu visual e personifique o verdadeiro poder do Sharingan com as Lentes de Contacto Sasuke Mangekyou Sharingan.<\/p>\n<p>Estas lentes de contacto incluem a vers\u00e3o de sasuke dos Contactos do Mangekyou Sharingan que cont\u00e9m o que se assemelha a uma estrela de seis pontas.<\/p>\n<p>Sasuke \u00e9 um dos \u00faltimos participantes duradouros do cl\u00e3 Uchiha, al\u00e9m de ser originalmente um membro do grupo 7 de Konoha. No entanto, Sasuke sempre teve uma escurid\u00e3o espec\u00edfica dentro dele que o levou a tornar-se forte.<\/p>\n<p>Depois de ver e sobreviver ao massacre de todo o seu cl\u00e3 pelas m\u00e3os do seu irm\u00e3o Itachi- Sasuke jurou vingan\u00e7a contra o seu irm\u00e3o.<\/p>\n<p>Quando o desejo de poder acabou por se tornar excessivo, abandonou a cidade e os seus companheiros de equipa para escolher Orochimaru para obter mais poder. Depois disso, mais tarde, juntou-se brevemente \u00e0 Akatsuki e tornou-se um malfeitor desejado. E a sua not\u00f3ria procura de mais poder parece n\u00e3o ter fim.<\/p>\n<p>Sasuke inicialmente despertou seu sharingan aos 7 anos de idade, incluindo apenas um tomoe em cada olho. No entanto, tal como Kakashi, ele parecia n\u00e3o ter consci\u00eancia disso e s\u00f3 depois da sua batalha com Haku \u00e9 que ele pode despertar propositadamente e utiliz\u00e1-lo \u00e0 vontade.<\/p>\n<p>S\u00f3 no futuro, na sua batalha com NRT no Vale da Conclus\u00e3o, \u00e9 que ele foi capaz de despertar completamente o seu 3 tomoe sharingan.<\/p>\n<p>Mais tarde, sasuke conseguiu despertar o seu Sasuke Mangekyou Sharingan Contacts depois de saber a verdade sobre Itachi, bem como o seu verdadeiro objetivo e tamb\u00e9m as inten\u00e7\u00f5es do que ele fez. Nesta vers\u00e3o vemos o que se assemelha a uma estrela de 6 pontas; tamb\u00e9m conhecida como \"tomoe reto\".<\/p>","protected":false},"excerpt":{"rendered":"<p>Desperte o seu Legado Uchiha com os Contactos Sasuke Mangekyou Sharingan! \u2694\ufe0f Canalize o Poder de Sasuke Uchiha com estas cativantes Lentes de Contacto Mangekyou Sharingan \ud83d\udc40 Aten\u00e7\u00e3o a todos os f\u00e3s de Naruto! Prepare-se para encarnar a intensidade e determina\u00e7\u00e3o de Sasuke Uchiha com estas deslumbrantes lentes de contacto Mangekyou Sharingan. Meticulosamente concebidas para recriar o intrincado padr\u00e3o do poderoso dojutsu de Sasuke, estas [...]","protected":false},"featured_media":16459,"comment_status":"open","ping_status":"closed","template":"","meta":[],"product_brand":[],"product_cat":[49],"product_tag":[81,857,80],"class_list":{"0":"post-16100","1":"product","2":"type-product","3":"status-publish","4":"has-post-thumbnail","6":"product_cat-sharingan-contacts","7":"product_tag-kakashi","8":"product_tag-sasuke-mangekyou-sharingan","9":"product_tag-sharingan-contacts","11":"first","12":"instock","13":"sale","14":"featured","15":"taxable","16":"shipping-taxable","17":"purchasable","18":"product-type-variable","19":"has-default-attributes"},"_links":{"self":[{"href":"https:\/\/sharingan.us\/pt\/wp-json\/wp\/v2\/product\/16100","targetHints":{"allow":["GET"]}}],"collection":[{"href":"https:\/\/sharingan.us\/pt\/wp-json\/wp\/v2\/product"}],"about":[{"href":"https:\/\/sharingan.us\/pt\/wp-json\/wp\/v2\/types\/product"}],"replies":[{"embeddable":true,"href":"https:\/\/sharingan.us\/pt\/wp-json\/wp\/v2\/comments?post=16100"}],"wp:featuredmedia":[{"embeddable":true,"href":"https:\/\/sharingan.us\/pt\/wp-json\/wp\/v2\/media\/16459"}],"wp:attachment":[{"href":"https:\/\/sharingan.us\/pt\/wp-json\/wp\/v2\/media?parent=16100"}],"wp:term":[{"taxonomy":"product_brand","embeddable":true,"href":"https:\/\/sharingan.us\/pt\/wp-json\/wp\/v2\/product_brand?post=16100"},{"taxonomy":"product_cat","embeddable":true,"href":"https:\/\/sharingan.us\/pt\/wp-json\/wp\/v2\/product_cat?post=16100"},{"taxonomy":"product_tag","embeddable":true,"href":"https:\/\/sharingan.us\/pt\/wp-json\/wp\/v2\/product_tag?post=16100"}],"curies":[{"name":"wp","href":"https:\/\/api.w.org\/{rel}","templated":true}]}}