{"id":16039,"date":"2022-10-04T20:41:11","date_gmt":"2022-10-04T12:41:11","guid":{"rendered":"https:\/\/sharingan.us\/?post_type=product&#038;p=16039"},"modified":"2024-10-05T15:34:52","modified_gmt":"2024-10-05T07:34:52","slug":"tres-contactos-tomoe-sharingan-novo","status":"publish","type":"product","link":"https:\/\/sharingan.us\/pt\/tres-contactos-tomoe-sharingan-novo\/","title":{"rendered":"Tr\u00eas contactos Tomoe Sharingan NOVO"},"content":{"rendered":"<h4>Tr\u00eas contactos do Tomoe Sharingan<\/h4>\n<p>Quando despertado pela primeira vez, cada Sharingan normalmente tem apenas um tomoe, embora em alguns casos, ganhe imediatamente dois tomoe em cada um dos olhos. Atrav\u00e9s do crescimento emocional de condi\u00e7\u00f5es extremas, o Sharingan continuar\u00e1 a desenvolver-se, sendo a sua matura\u00e7\u00e3o completa representada por um terceiro tomoe.<\/p>\n<p>Desperte o lend\u00e1rio Sharingan dos Tr\u00eas Tomoe e desbloqueie poderes visuais para al\u00e9m do normal com estas lentes de contacto coloridas extremamente realistas. As Lentes de Contacto Tr\u00eas Tomoe Sharingan recriam na perfei\u00e7\u00e3o o famoso d\u014djutsu do cl\u00e3 Uchiha, apresentando a ic\u00f3nica \u00edris vermelha com tr\u00eas tomoe pretos a orbitar a pupila.<\/p>\n<p>Quer v\u00e1s a uma conven\u00e7\u00e3o de anime ou apenas queiras dar nas vistas com um visual \u00fanico, estas lentes de contacto dar-te-\u00e3o a apar\u00eancia inconfund\u00edvel de teres ativado o primeiro n\u00edvel das capacidades oculares do Sharingan. Com a sua tonalidade carmesim brilhante e o seu padr\u00e3o tomoe preciso, s\u00e3o uma c\u00f3pia perfeita das verdadeiras.<\/p>\n<p>Feitas de materiais de alta qualidade e concebidas para o m\u00e1ximo conforto e seguran\u00e7a, as Lentes de Contacto Three Tomoe Sharingan permitem-lhe fazer o derradeiro cosplay do cl\u00e3 Uchiha ou levar a sua paix\u00e3o por Naruto para o pr\u00f3ximo n\u00edvel com uns olhos Sharingan impressionantes que ir\u00e3o certamente atrair olhares de admira\u00e7\u00e3o.<\/p>\n<p>Fica cara a cara com o lend\u00e1rio jutsu ocular e deixa que o mundo veja o teu ninja interior despertar com as Tr\u00eas Lentes de Contacto Tomoe Sharingan.<\/p>","protected":false},"excerpt":{"rendered":"<p>Contactos do Sharingan de Tr\u00eas Tomoe Quando despertado pela primeira vez, cada Sharingan normalmente tem apenas um tomoe, embora em alguns casos, ganhe imediatamente dois tomoe em cada um dos olhos. Atrav\u00e9s do crescimento emocional de condi\u00e7\u00f5es extremas, o Sharingan continuar\u00e1 a desenvolver-se, sendo a sua matura\u00e7\u00e3o completa representada por um terceiro tomoe. Despertar o lend\u00e1rio Sharingan de Tr\u00eas Tomoe [...]","protected":false},"featured_media":16072,"comment_status":"open","ping_status":"closed","template":"","meta":[],"product_brand":[],"product_cat":[49],"product_tag":[81,80,842],"class_list":{"0":"post-16039","1":"product","2":"type-product","3":"status-publish","4":"has-post-thumbnail","6":"product_cat-sharingan-contacts","7":"product_tag-kakashi","8":"product_tag-sharingan-contacts","9":"product_tag-three-tomoe","11":"first","12":"instock","13":"sale","14":"featured","15":"taxable","16":"shipping-taxable","17":"purchasable","18":"product-type-variable","19":"has-default-attributes"},"_links":{"self":[{"href":"https:\/\/sharingan.us\/pt\/wp-json\/wp\/v2\/product\/16039","targetHints":{"allow":["GET"]}}],"collection":[{"href":"https:\/\/sharingan.us\/pt\/wp-json\/wp\/v2\/product"}],"about":[{"href":"https:\/\/sharingan.us\/pt\/wp-json\/wp\/v2\/types\/product"}],"replies":[{"embeddable":true,"href":"https:\/\/sharingan.us\/pt\/wp-json\/wp\/v2\/comments?post=16039"}],"wp:featuredmedia":[{"embeddable":true,"href":"https:\/\/sharingan.us\/pt\/wp-json\/wp\/v2\/media\/16072"}],"wp:attachment":[{"href":"https:\/\/sharingan.us\/pt\/wp-json\/wp\/v2\/media?parent=16039"}],"wp:term":[{"taxonomy":"product_brand","embeddable":true,"href":"https:\/\/sharingan.us\/pt\/wp-json\/wp\/v2\/product_brand?post=16039"},{"taxonomy":"product_cat","embeddable":true,"href":"https:\/\/sharingan.us\/pt\/wp-json\/wp\/v2\/product_cat?post=16039"},{"taxonomy":"product_tag","embeddable":true,"href":"https:\/\/sharingan.us\/pt\/wp-json\/wp\/v2\/product_tag?post=16039"}],"curies":[{"name":"wp","href":"https:\/\/api.w.org\/{rel}","templated":true}]}}