{"id":14964,"date":"2022-04-06T00:19:26","date_gmt":"2022-04-06T04:19:26","guid":{"rendered":"https:\/\/sharingan.us\/?post_type=product&#038;p=14964"},"modified":"2024-10-05T15:34:49","modified_gmt":"2024-10-05T07:34:49","slug":"presente-misterioso-aleatorio-do-sharingan","status":"publish","type":"product","link":"https:\/\/sharingan.us\/pt\/presente-misterioso-aleatorio-do-sharingan\/","title":{"rendered":"Presente Sharingan Misterioso Aleat\u00f3rio"},"content":{"rendered":"<p>Abra\u00e7a o poder do Sharingan com o nosso emocionante Conjunto de Prenda Mist\u00e9rio Aleat\u00f3rio. Cada conjunto cont\u00e9m um sortido surpresa de artigos premium com o tema Sharingan, incluindo lentes de contacto para cosplay, vestu\u00e1rio e acess\u00f3rios. Desembrulha hoje o teu destino Uchiha \u00fanico!<\/p>\n<p>Aten\u00e7\u00e3o a todos os f\u00e3s de Naruto e entusiastas de cosplay! Est\u00e3o prontos para explorar os lend\u00e1rios poderes oculares do cl\u00e3 Uchiha? Prepara-te para embarcar numa emocionante viagem de autodescoberta com o nosso Conjunto de Presentes Random Mystery Sharingan!<\/p>\n<p>Cada conjunto cuidadosamente selecionado cont\u00e9m uma variedade surpreendente de artigos de alta qualidade, com o tema Sharingan, concebidos para o ajudar a libertar o seu Uchiha interior. Desde as hipnotizantes lentes de contacto para cosplay que reproduzem na perfei\u00e7\u00e3o o ic\u00f3nico padr\u00e3o vermelho e preto do Sharingan at\u00e9 ao vestu\u00e1rio e acess\u00f3rios elegantes adornados com o s\u00edmbolo do cl\u00e3, cada pe\u00e7a \u00e9 criada com uma aten\u00e7\u00e3o meticulosa aos detalhes e \u00e0 autenticidade.<\/p>\n<p>Imagina a excita\u00e7\u00e3o de abrir a caixa do teu Conjunto de Presentes Misteriosos Aleat\u00f3rios, sem saber que habilidades Sharingan espec\u00edficas ir\u00e1s manifestar. Ser\u00e1 que vais despertar as capacidades hipn\u00f3ticas do Tsukuyomi de Itachi, o poder explosivo do Amaterasu de Sasuke, ou talvez o poder de dobrar a realidade do Kotoamatsukami de Shisui? As possibilidades s\u00e3o infinitas, e a antecipa\u00e7\u00e3o \u00e9 metade da divers\u00e3o!<\/p>\n<p>Estes itens n\u00e3o s\u00f3 elevar\u00e3o o seu cosplay de Naruto a novos patamares, como tamb\u00e9m s\u00e3o presentes fant\u00e1sticos para outros f\u00e3s e coleccionadores. Quer se esteja a preparar para uma conven\u00e7\u00e3o, uma sess\u00e3o fotogr\u00e1fica, ou simplesmente queira canalizar a sua personagem Uchiha favorita no seu dia a dia, o nosso Conjunto de Presentes Random Mystery Sharingan \u00e9 a forma perfeita de expressar o seu amor pela s\u00e9rie.<\/p>\n<p>N\u00e3o percas esta oportunidade de abra\u00e7ar o legado do cl\u00e3 Uchiha e descobrir os teus pr\u00f3prios poderes oculares \u00fanicos. Encomenda hoje o teu Conjunto de Presente Mist\u00e9rio Aleat\u00f3rio e prepara-te para fazeres uma declara\u00e7\u00e3o no mundo da fandom de Naruto e n\u00e3o s\u00f3!<\/p>","protected":false},"excerpt":{"rendered":"<p>Abra\u00e7a o poder do Sharingan com o nosso emocionante Conjunto de Prenda Mist\u00e9rio Aleat\u00f3rio. Cada conjunto cont\u00e9m um sortido surpresa de artigos premium com o tema Sharingan, incluindo lentes de contacto para cosplay, vestu\u00e1rio e acess\u00f3rios. Desembrulha hoje o teu destino Uchiha \u00fanico! Aten\u00e7\u00e3o a todos os f\u00e3s de Naruto e entusiastas de cosplay! Est\u00e3o prontos para explorar os lend\u00e1rios poderes oculares do [...]","protected":false},"featured_media":14967,"comment_status":"open","ping_status":"closed","template":"","meta":[],"product_brand":[],"product_cat":[15],"product_tag":[858],"class_list":{"0":"post-14964","1":"product","2":"type-product","3":"status-publish","4":"has-post-thumbnail","6":"product_cat-uncategorized","7":"product_tag-sharingan-gift","9":"first","10":"instock","11":"taxable","12":"shipping-taxable","13":"purchasable","14":"product-type-simple"},"_links":{"self":[{"href":"https:\/\/sharingan.us\/pt\/wp-json\/wp\/v2\/product\/14964","targetHints":{"allow":["GET"]}}],"collection":[{"href":"https:\/\/sharingan.us\/pt\/wp-json\/wp\/v2\/product"}],"about":[{"href":"https:\/\/sharingan.us\/pt\/wp-json\/wp\/v2\/types\/product"}],"replies":[{"embeddable":true,"href":"https:\/\/sharingan.us\/pt\/wp-json\/wp\/v2\/comments?post=14964"}],"wp:featuredmedia":[{"embeddable":true,"href":"https:\/\/sharingan.us\/pt\/wp-json\/wp\/v2\/media\/14967"}],"wp:attachment":[{"href":"https:\/\/sharingan.us\/pt\/wp-json\/wp\/v2\/media?parent=14964"}],"wp:term":[{"taxonomy":"product_brand","embeddable":true,"href":"https:\/\/sharingan.us\/pt\/wp-json\/wp\/v2\/product_brand?post=14964"},{"taxonomy":"product_cat","embeddable":true,"href":"https:\/\/sharingan.us\/pt\/wp-json\/wp\/v2\/product_cat?post=14964"},{"taxonomy":"product_tag","embeddable":true,"href":"https:\/\/sharingan.us\/pt\/wp-json\/wp\/v2\/product_tag?post=14964"}],"curies":[{"name":"wp","href":"https:\/\/api.w.org\/{rel}","templated":true}]}}