{"id":13258,"date":"2021-12-15T06:21:47","date_gmt":"2021-12-15T10:21:47","guid":{"rendered":"https:\/\/sharingan.us\/?post_type=product&#038;p=13258"},"modified":"2025-12-09T21:22:10","modified_gmt":"2025-12-09T13:22:10","slug":"contactos-mitsuki","status":"publish","type":"product","link":"https:\/\/sharingan.us\/pt\/contactos-mitsuki\/","title":{"rendered":"Mitsuki Contacts - Castanho Amarelo"},"content":{"rendered":"<h4>Contactos Mitsuki<\/h4>\n<p>Apresentamos as Lentes de Contacto Naruto Mitsuki - a forma perfeita de dar um toque de autenticidade ao seu cosplay de Naruto! Estas lentes de contacto de alta qualidade foram concebidas para imitar o aspeto \u00fanico dos olhos da Mitsuki da popular s\u00e9rie de anime.<\/p>\n<p>Fabricadas com materiais de primeira qualidade, estas lentes de contacto s\u00e3o confort\u00e1veis de usar e f\u00e1ceis de utilizar. O design \u00e9 intrinsecamente detalhado com um impressionante padr\u00e3o amarelo e preto, que far\u00e1 com que os seus olhos se destaquem e d\u00ea um toque de mist\u00e9rio ao seu disfarce.<\/p>\n<p>Quer esteja a participar num evento de cosplay ou queira simplesmente mostrar o seu amor pela s\u00e9rie Naruto, estas lentes de contacto Mitsuki s\u00e3o a escolha perfeita. S\u00e3o adequadas para uma variedade de ocasi\u00f5es e eventos de cosplay, e v\u00e3o certamente impressionar todos \u00e0 sua volta.<\/p>\n<p>Ent\u00e3o, porqu\u00ea esperar? Encomende hoje mesmo os seus Mitsuki Contacts e leve o seu cosplay para o pr\u00f3ximo n\u00edvel!<\/p>","protected":false},"excerpt":{"rendered":"<p>Lentes de Contacto Mitsuki Apresentamos as Lentes de Contacto Naruto Mitsuki - a forma perfeita de dar um toque de autenticidade ao seu cosplay de Naruto! Estas lentes de contacto de alta qualidade foram concebidas para imitar o aspeto \u00fanico dos olhos da Mitsuki da popular s\u00e9rie de anime. Fabricadas com materiais de primeira qualidade, estas lentes de contacto s\u00e3o confort\u00e1veis de usar e f\u00e1ceis de utilizar. O design [...]","protected":false},"featured_media":20276,"comment_status":"open","ping_status":"closed","template":"","meta":[],"product_brand":[916],"product_cat":[83],"product_tag":[514],"class_list":{"0":"post-13258","1":"product","2":"type-product","3":"status-publish","4":"has-post-thumbnail","6":"product_brand-colored-contacts-us","7":"product_cat-cosplay-contacts","8":"product_tag-mitsuki","10":"first","11":"instock","12":"sale","13":"taxable","14":"shipping-taxable","15":"purchasable","16":"product-type-variable","17":"has-default-attributes"},"_links":{"self":[{"href":"https:\/\/sharingan.us\/pt\/wp-json\/wp\/v2\/product\/13258","targetHints":{"allow":["GET"]}}],"collection":[{"href":"https:\/\/sharingan.us\/pt\/wp-json\/wp\/v2\/product"}],"about":[{"href":"https:\/\/sharingan.us\/pt\/wp-json\/wp\/v2\/types\/product"}],"replies":[{"embeddable":true,"href":"https:\/\/sharingan.us\/pt\/wp-json\/wp\/v2\/comments?post=13258"}],"wp:featuredmedia":[{"embeddable":true,"href":"https:\/\/sharingan.us\/pt\/wp-json\/wp\/v2\/media\/20276"}],"wp:attachment":[{"href":"https:\/\/sharingan.us\/pt\/wp-json\/wp\/v2\/media?parent=13258"}],"wp:term":[{"taxonomy":"product_brand","embeddable":true,"href":"https:\/\/sharingan.us\/pt\/wp-json\/wp\/v2\/product_brand?post=13258"},{"taxonomy":"product_cat","embeddable":true,"href":"https:\/\/sharingan.us\/pt\/wp-json\/wp\/v2\/product_cat?post=13258"},{"taxonomy":"product_tag","embeddable":true,"href":"https:\/\/sharingan.us\/pt\/wp-json\/wp\/v2\/product_tag?post=13258"}],"curies":[{"name":"wp","href":"https:\/\/api.w.org\/{rel}","templated":true}]}}