{"id":12894,"date":"2021-12-15T02:54:20","date_gmt":"2021-12-15T06:54:20","guid":{"rendered":"https:\/\/sharingan.us\/?post_type=product&#038;p=12894"},"modified":"2024-10-05T15:34:49","modified_gmt":"2024-10-05T07:34:49","slug":"mascara-de-cosplay-uchiha-obito","status":"publish","type":"product","link":"https:\/\/sharingan.us\/pt\/mascara-de-cosplay-uchiha-obito\/","title":{"rendered":"M\u00e1scara de Cosplay Uchiha Obito"},"content":{"rendered":"<h4>M\u00e1scara de Cosplay Uchiha Obito<\/h4>\n<p>Sobre Obito Cosplay Mask: Quando crian\u00e7a, Obito tinha olhos pretos e cabelos curtos, espetados e pretos. Ele usava um uniforme azul de mangas compridas e uma jaqueta azul com gola e enfeites laranja. O casaco era preso ao resto do traje por dois bot\u00f5es no colarinho e tinha o bras\u00e3o do cl\u00e3 Uchiha nas costas. Usava tamb\u00e9m um cinto branco, sand\u00e1lias shinobi, o protetor de testa azul-escuro padr\u00e3o de Konoha e um par de \u00f3culos com lentes cor de laranja ligados a protectores de ouvidos. A metade direita do seu rosto ficou fortemente marcada ap\u00f3s os acontecimentos em Kusagakure, assemelhando-se a rugas, enquanto a metade direita do seu tronco destru\u00eddo e o seu bra\u00e7o direito foram substitu\u00eddos por mat\u00e9ria Zetsu Branca, que tem uma cor muito mais clara do que o seu corpo. O seu cabelo cresceu durante a reabilita\u00e7\u00e3o e, ao longo dos anos, deixou-o crescer e cortou-o v\u00e1rias vezes.<\/p>","protected":false},"excerpt":{"rendered":"<p>Tamanho universal, adequado para maiores de 8 anos<\/p>","protected":false},"featured_media":12903,"comment_status":"open","ping_status":"closed","template":"","meta":[],"product_brand":[],"product_cat":[511],"product_tag":[],"class_list":{"0":"post-12894","1":"product","2":"type-product","3":"status-publish","4":"has-post-thumbnail","6":"product_cat-halloween-masks","8":"first","9":"instock","10":"sale","11":"taxable","12":"shipping-taxable","13":"purchasable","14":"product-type-simple"},"_links":{"self":[{"href":"https:\/\/sharingan.us\/pt\/wp-json\/wp\/v2\/product\/12894","targetHints":{"allow":["GET"]}}],"collection":[{"href":"https:\/\/sharingan.us\/pt\/wp-json\/wp\/v2\/product"}],"about":[{"href":"https:\/\/sharingan.us\/pt\/wp-json\/wp\/v2\/types\/product"}],"replies":[{"embeddable":true,"href":"https:\/\/sharingan.us\/pt\/wp-json\/wp\/v2\/comments?post=12894"}],"wp:featuredmedia":[{"embeddable":true,"href":"https:\/\/sharingan.us\/pt\/wp-json\/wp\/v2\/media\/12903"}],"wp:attachment":[{"href":"https:\/\/sharingan.us\/pt\/wp-json\/wp\/v2\/media?parent=12894"}],"wp:term":[{"taxonomy":"product_brand","embeddable":true,"href":"https:\/\/sharingan.us\/pt\/wp-json\/wp\/v2\/product_brand?post=12894"},{"taxonomy":"product_cat","embeddable":true,"href":"https:\/\/sharingan.us\/pt\/wp-json\/wp\/v2\/product_cat?post=12894"},{"taxonomy":"product_tag","embeddable":true,"href":"https:\/\/sharingan.us\/pt\/wp-json\/wp\/v2\/product_tag?post=12894"}],"curies":[{"name":"wp","href":"https:\/\/api.w.org\/{rel}","templated":true}]}}