{"id":12567,"date":"2021-12-14T23:18:22","date_gmt":"2021-12-15T03:18:22","guid":{"rendered":"https:\/\/sharingan.us\/?post_type=product&#038;p=12567"},"modified":"2024-10-05T15:34:53","modified_gmt":"2024-10-05T07:34:53","slug":"traje-uzumaki-estilo-a","status":"publish","type":"product","link":"https:\/\/sharingan.us\/pt\/traje-uzumaki-estilo-a\/","title":{"rendered":"Fato de Uzumaki - Estilo A"},"content":{"rendered":"<h4>Fato de Uzumaki - Estilo A<\/h4>\n<p>\u00c9 um f\u00e3 dedicado de uma s\u00e9rie de anime lend\u00e1ria conhecida pelas suas personagens espirituosas e aventuras \u00e9picas? Sonha em encarnar o esp\u00edrito indom\u00e1vel de um certo her\u00f3i com um s\u00edmbolo \u00fanico? N\u00e3o procures mais, pois apresentamos com orgulho o Traje de Cosplay Uzumaki, meticulosamente criado para dar vida ao teu her\u00f3i espiralado favorito!<\/p>\n<p>Concebido com uma aten\u00e7\u00e3o meticulosa aos pormenores, o fato de cosplay Uzumaki capta a ess\u00eancia de um traje ic\u00f3nico apresentado num franchise de anime muito apreciado. Desde o macac\u00e3o vibrante at\u00e9 aos intrincados padr\u00f5es em espiral, todos os elementos foram fielmente recriados para garantir uma experi\u00eancia de cosplay aut\u00eantica e envolvente.<\/p>\n<p>Fabricado com materiais de alta qualidade, este fato oferece conforto e durabilidade excepcionais, permitindo-lhe encarnar totalmente o esp\u00edrito da lend\u00e1ria personagem. O tecido leve garante facilidade de movimentos, tornando-o perfeito para conven\u00e7\u00f5es, eventos de cosplay ou mesmo para uso casual dos f\u00e3s mais fervorosos.<\/p>\n<p>O fato de cosplay Uzumaki est\u00e1 dispon\u00edvel numa variedade de tamanhos para satisfazer todos os entusiastas, garantindo um ajuste confort\u00e1vel tanto para adultos como para adolescentes. A nossa tabela de tamanhos meticulosa garante que encontrar\u00e1 a combina\u00e7\u00e3o perfeita, permitindo-lhe mostrar o seu amor pelo her\u00f3i espirituoso com confian\u00e7a.<\/p>\n<p>Para al\u00e9m do macac\u00e3o principal, o fato Uzumaki Cosplay tamb\u00e9m inclui uma variedade de acess\u00f3rios para completar a sua transforma\u00e7\u00e3o. A emblem\u00e1tica bandolete, adornada com um s\u00edmbolo \u00fanico, d\u00e1 um toque aut\u00eantico ao teu conjunto. Os bra\u00e7os e as pernas, com desenhos hipnotizantes, melhoram o aspeto geral e a aten\u00e7\u00e3o aos detalhes.<\/p>\n<p>Quer esteja a participar num evento de cosplay, numa sess\u00e3o fotogr\u00e1fica de grupo ou simplesmente a mergulhar no mundo dos her\u00f3is espirituosos, o fato de cosplay Uzumaki vai, sem d\u00favida, chamar a aten\u00e7\u00e3o e incendiar as conversas entre os outros f\u00e3s. \u00c9 o derradeiro tributo \u00e0s adoradas personagens e ao seu legado duradouro.<\/p>\n<p>O Traje de Cosplay Uzumaki n\u00e3o s\u00f3 \u00e9 uma escolha excecional para os entusiastas do cosplay, como tamb\u00e9m \u00e9 um presente incr\u00edvel para qualquer f\u00e3 do her\u00f3i espirituoso. Surpreenda os seus amigos, familiares ou entes queridos com este fato meticulosamente concebido e veja os seus rostos iluminarem-se de alegria e entusiasmo.<\/p>\n<p>Junta-te \u00e0s fileiras de um her\u00f3i em espiral com o fato de cosplay Uzumaki - uma homenagem ao esp\u00edrito indom\u00e1vel, coragem e determina\u00e7\u00e3o que definem a personagem lend\u00e1ria. Liberta o teu pr\u00f3prio her\u00f3i interior, canaliza a tua personagem animada favorita e embarca numa inesquec\u00edvel viagem de cosplay.<\/p>\n<p>Nota: O fato de cosplay Uzumaki \u00e9 um produto n\u00e3o oficial feito por f\u00e3s e n\u00e3o \u00e9 apoiado ou afiliado a qualquer s\u00e9rie de anime espec\u00edfica ou detentores de direitos de autor. Foi concebido para capturar o esp\u00edrito de her\u00f3is espirituosos e proporcionar uma experi\u00eancia de cosplay envolvente.<\/p>\n<table style=\"border-collapse: collapse; width: 699px; height: 176px;\" border=\"0\" width=\"619\" cellspacing=\"0\" cellpadding=\"0\">\n<tbody>\n<tr style=\"height: 14.0pt;\">\n<td class=\"xl64\" style=\"height: 14pt; width: 83pt; text-align: left;\" width=\"111\" height=\"19\"><strong><span class=\"font5\">Tamanho\/<\/span><\/strong><\/td>\n<td class=\"xl65\" style=\"width: 105pt; text-align: left;\" width=\"140\"><strong><span class=\"font5\">Busto\/<\/span><\/strong><\/td>\n<td class=\"xl65\" style=\"width: 80pt; text-align: left;\" width=\"107\"><strong><span class=\"font5\">Cintura\/<\/span><\/strong><\/td>\n<td class=\"xl64\" style=\"width: 65pt; text-align: left;\" width=\"87\"><strong><span class=\"font5\">Hipline\/<\/span><\/strong><\/td>\n<td class=\"xl65\" style=\"width: 65pt; text-align: left;\" width=\"87\"><strong><span class=\"font5\">Ombro\/<\/span><\/strong><\/td>\n<td class=\"xl66\" style=\"width: 65pt; text-align: left;\" width=\"87\"><strong><span class=\"font5\">Altura\/<\/span><\/strong><\/td>\n<\/tr>\n<tr style=\"height: 14.0pt;\">\n<td class=\"xl67\" style=\"height: 14.0pt;\" height=\"19\"><span class=\"font5\">S<\/span><\/td>\n<td class=\"xl63\"><span class=\"font5\">79-87<\/span><\/td>\n<td class=\"xl68\"><span class=\"font5\">60-67<\/span><\/td>\n<td class=\"xl69\"><span class=\"font5\">86-92<\/span><\/td>\n<td class=\"xl70\"><span class=\"font5\">37<\/span><\/td>\n<td class=\"xl71\"><span class=\"font5\">150-155<\/span><\/td>\n<\/tr>\n<tr style=\"height: 14.0pt;\">\n<td class=\"xl67\" style=\"height: 14.0pt;\" height=\"19\"><span class=\"font5\">M<\/span><\/td>\n<td class=\"xl67\"><span class=\"font5\">87-95<\/span><\/td>\n<td class=\"xl72\"><span class=\"font5\">67-74<\/span><\/td>\n<td class=\"xl73\"><span class=\"font5\">92-98<\/span><\/td>\n<td class=\"xl74\"><span class=\"font5\">38.5<\/span><\/td>\n<td class=\"xl75\"><span class=\"font5\">155-160<\/span><\/td>\n<\/tr>\n<tr style=\"height: 14.0pt;\">\n<td class=\"xl67\" style=\"height: 14.0pt;\" height=\"19\"><span class=\"font5\">L<\/span><\/td>\n<td class=\"xl63\"><span class=\"font5\">95-103<\/span><\/td>\n<td class=\"xl68\"><span class=\"font5\">74-81<\/span><\/td>\n<td class=\"xl73\"><span class=\"font5\">98-104<\/span><\/td>\n<td class=\"xl74\"><span class=\"font5\">40<\/span><\/td>\n<td class=\"xl75\"><span class=\"font5\">160-165<\/span><\/td>\n<\/tr>\n<tr style=\"height: 14.0pt;\">\n<td class=\"xl73\" style=\"height: 14.0pt;\" height=\"19\"><span class=\"font5\">XL<\/span><\/td>\n<td class=\"xl67\"><span class=\"font5\">103-111<\/span><\/td>\n<td class=\"xl68\"><span class=\"font5\">81-88<\/span><\/td>\n<td class=\"xl73\"><span class=\"font5\">104-110<\/span><\/td>\n<td class=\"xl74\"><span class=\"font5\">41<\/span><\/td>\n<td class=\"xl75\"><span class=\"font5\">165-170<\/span><\/td>\n<\/tr>\n<tr style=\"height: 14.0pt;\">\n<td class=\"xl73\" style=\"height: 14.0pt;\" height=\"19\"><span class=\"font5\">XXL<\/span><\/td>\n<td class=\"xl67\"><span class=\"font5\">111-119<\/span><\/td>\n<td class=\"xl68\"><span class=\"font5\">88-95<\/span><\/td>\n<td class=\"xl73\"><span class=\"font5\">110-116<\/span><\/td>\n<td class=\"xl74\"><span class=\"font5\">43<\/span><\/td>\n<td class=\"xl75\"><span class=\"font5\">170-175<\/span><\/td>\n<\/tr>\n<tr style=\"height: 14.0pt;\">\n<td class=\"xl76\" style=\"height: 14pt;\" height=\"19\"><span class=\"font5\">XXXL<\/span><\/td>\n<td class=\"xl77\"><span class=\"font5\">119-127<\/span><\/td>\n<td class=\"xl78\"><span class=\"font5\">95-101<\/span><\/td>\n<td class=\"xl76\"><span class=\"font5\">116-122<\/span><\/td>\n<td class=\"xl79\"><span class=\"font5\">45<\/span><\/td>\n<td class=\"xl80\"><span class=\"font5\">175-180<\/span><\/td>\n<\/tr>\n<\/tbody>\n<\/table>","protected":false},"excerpt":{"rendered":"<p>Roupa Uzumaki - Estilo A \u00c9s um f\u00e3 devoto de uma s\u00e9rie de anime lend\u00e1ria conhecida pelas suas personagens espirituosas e aventuras \u00e9picas? Sonha em encarnar o esp\u00edrito indom\u00e1vel de um certo her\u00f3i com um s\u00edmbolo \u00fanico? N\u00e3o procures mais, pois apresentamos orgulhosamente o fato de cosplay Uzumaki, meticulosamente criado para trazer o teu [...]","protected":false},"featured_media":19350,"comment_status":"open","ping_status":"closed","template":"","meta":[],"product_brand":[],"product_cat":[96,838],"product_tag":[],"class_list":{"0":"post-12567","1":"product","2":"type-product","3":"status-publish","4":"has-post-thumbnail","6":"product_cat-cosplay-costume","7":"product_cat-akatsuki-asu","9":"first","10":"instock","11":"sale","12":"taxable","13":"shipping-taxable","14":"purchasable","15":"product-type-variable","16":"has-default-attributes"},"_links":{"self":[{"href":"https:\/\/sharingan.us\/pt\/wp-json\/wp\/v2\/product\/12567","targetHints":{"allow":["GET"]}}],"collection":[{"href":"https:\/\/sharingan.us\/pt\/wp-json\/wp\/v2\/product"}],"about":[{"href":"https:\/\/sharingan.us\/pt\/wp-json\/wp\/v2\/types\/product"}],"replies":[{"embeddable":true,"href":"https:\/\/sharingan.us\/pt\/wp-json\/wp\/v2\/comments?post=12567"}],"wp:featuredmedia":[{"embeddable":true,"href":"https:\/\/sharingan.us\/pt\/wp-json\/wp\/v2\/media\/19350"}],"wp:attachment":[{"href":"https:\/\/sharingan.us\/pt\/wp-json\/wp\/v2\/media?parent=12567"}],"wp:term":[{"taxonomy":"product_brand","embeddable":true,"href":"https:\/\/sharingan.us\/pt\/wp-json\/wp\/v2\/product_brand?post=12567"},{"taxonomy":"product_cat","embeddable":true,"href":"https:\/\/sharingan.us\/pt\/wp-json\/wp\/v2\/product_cat?post=12567"},{"taxonomy":"product_tag","embeddable":true,"href":"https:\/\/sharingan.us\/pt\/wp-json\/wp\/v2\/product_tag?post=12567"}],"curies":[{"name":"wp","href":"https:\/\/api.w.org\/{rel}","templated":true}]}}