{"id":11841,"date":"2021-12-14T09:11:01","date_gmt":"2021-12-14T13:11:01","guid":{"rendered":"https:\/\/sharingan.us\/?post_type=product&#038;p=11841"},"modified":"2024-10-05T15:34:52","modified_gmt":"2024-10-05T07:34:52","slug":"capa-akatsuki-fantasia-de-cosplay","status":"publish","type":"product","link":"https:\/\/sharingan.us\/pt\/capa-akatsuki-fantasia-de-cosplay\/","title":{"rendered":"Manto Longo Akatsuki - Roupa Akatsuki para Cosplay"},"content":{"rendered":"<h2>Capa Akatsuki Robe Longo Roupa de Cosplay<\/h2>\n<p>Bem-vindo \u00e0 Sharingan Contacts, onde lhe oferecemos a mais cativante e aut\u00eantica s\u00e9rie de fatos Akatsuki Cosplay: o Manto Longo Akatsuki. Este manto \u00e9 a escolha perfeita para os f\u00e3s do Sharingan e entusiastas de anime, permitindo-lhe experimentar a verdadeira ess\u00eancia de ser um membro da Akatsuki enquanto mostra a sua personalidade \u00fanica.<\/p>\n<p>O nosso manto comprido Akatsuki Cloak \u00e9 fabricado com tecido de alta qualidade para garantir conforto e durabilidade. Reproduz na perfei\u00e7\u00e3o o traje da organiza\u00e7\u00e3o Akatsuki, apresentando o ic\u00f3nico padr\u00e3o de nuvens vermelhas sobre um elegante fundo preto. O comprimento longo do manto acrescenta um ar de mist\u00e9rio e intriga ao seu cosplay, tornando-o uma pe\u00e7a de destaque para conven\u00e7\u00f5es, festas de m\u00e1scaras ou eventos tem\u00e1ticos.<\/p>\n<p>Concebido com aten\u00e7\u00e3o aos pormenores, o Akatsuki Cloak Long Robe capta a ess\u00eancia da popular s\u00e9rie de anime sem comprometer a qualidade. Proporciona um ajuste confort\u00e1vel e est\u00e1 dispon\u00edvel em v\u00e1rios tamanhos para se adaptar a diferentes tipos de corpo. O design fluido do manto e o tecido leve permitem facilidade de movimentos, garantindo que pode encarnar a sua personagem Akatsuki favorita com confian\u00e7a e estilo.<\/p>\n<p>Combine o Manto Longo Akatsuki com as nossas lentes de contacto Sharingan para a derradeira transforma\u00e7\u00e3o de cosplay. Estas lentes de contacto, inspiradas no ic\u00f3nico olho Sharingan, acrescentam uma camada extra de autenticidade ao teu disfarce. Com as suas cores vibrantes e padr\u00f5es intrincados, v\u00e3o certamente impressionar outros f\u00e3s e mostrar a sua dedica\u00e7\u00e3o ao mundo Akatsuki.<\/p>\n<p>Junta-te \u00e0s fileiras da organiza\u00e7\u00e3o Akatsuki e liberta o teu ninja interior com o Akatsuki Cloak Long Robe - Akatsuki Cosplay Costume. Experimenta a emo\u00e7\u00e3o de encarnar as tuas personagens favoritas e cria mem\u00f3rias inesquec\u00edveis com este not\u00e1vel conjunto de cosplay. Encomenda o teu hoje e entra no mundo do Sharingan!<\/p>","protected":false},"excerpt":{"rendered":"<p>Akatsuki Cloak Long Robe Cosplay Costume Bem-vindo \u00e0 Sharingan Contacts, onde lhe oferecemos a mais cativante e aut\u00eantica s\u00e9rie de Akatsuki Cosplay Costume: o Akatsuki Cloak Long Robe. Este manto \u00e9 a escolha perfeita para os f\u00e3s do Sharingan e entusiastas de anime, permitindo-lhe experimentar a verdadeira ess\u00eancia de ser um membro da Akatsuki enquanto [...]","protected":false},"featured_media":11833,"comment_status":"open","ping_status":"closed","template":"","meta":[],"product_brand":[],"product_cat":[96,838],"product_tag":[480,470],"class_list":{"0":"post-11841","1":"product","2":"type-product","3":"status-publish","4":"has-post-thumbnail","6":"product_cat-cosplay-costume","7":"product_cat-akatsuki-asu","8":"product_tag-akatsuki","9":"product_tag-akatsuki-cloak","11":"first","12":"instock","13":"sale","14":"taxable","15":"shipping-taxable","16":"purchasable","17":"product-type-variable","18":"has-default-attributes"},"_links":{"self":[{"href":"https:\/\/sharingan.us\/pt\/wp-json\/wp\/v2\/product\/11841","targetHints":{"allow":["GET"]}}],"collection":[{"href":"https:\/\/sharingan.us\/pt\/wp-json\/wp\/v2\/product"}],"about":[{"href":"https:\/\/sharingan.us\/pt\/wp-json\/wp\/v2\/types\/product"}],"replies":[{"embeddable":true,"href":"https:\/\/sharingan.us\/pt\/wp-json\/wp\/v2\/comments?post=11841"}],"wp:featuredmedia":[{"embeddable":true,"href":"https:\/\/sharingan.us\/pt\/wp-json\/wp\/v2\/media\/11833"}],"wp:attachment":[{"href":"https:\/\/sharingan.us\/pt\/wp-json\/wp\/v2\/media?parent=11841"}],"wp:term":[{"taxonomy":"product_brand","embeddable":true,"href":"https:\/\/sharingan.us\/pt\/wp-json\/wp\/v2\/product_brand?post=11841"},{"taxonomy":"product_cat","embeddable":true,"href":"https:\/\/sharingan.us\/pt\/wp-json\/wp\/v2\/product_cat?post=11841"},{"taxonomy":"product_tag","embeddable":true,"href":"https:\/\/sharingan.us\/pt\/wp-json\/wp\/v2\/product_tag?post=11841"}],"curies":[{"name":"wp","href":"https:\/\/api.w.org\/{rel}","templated":true}]}}