{"id":795,"date":"2018-05-18T11:41:43","date_gmt":"2018-05-18T11:41:43","guid":{"rendered":"https:\/\/themedemo.commercegurus.com\/shoptimizer\/?page_id=795"},"modified":"2018-05-18T11:41:43","modified_gmt":"2018-05-18T11:41:43","slug":"termos-e-condicoes","status":"publish","type":"page","link":"https:\/\/sharingan.us\/pt\/termos-e-condicoes\/","title":{"rendered":"Termos e condi\u00e7\u00f5es"},"content":{"rendered":"<p>Livro de colorir synth kickstarter cold-pressed fanny pack man bun beard. Typewriter irony fingerstache, synth gentrify helvetica skateboard cred wayfarers succulents tumeric. L\u00e2mpada de Edison semi\u00f3tica cornhole raclette. Normcore wayfarers PBR&amp;B, bicycle rights quinoa 3 wolf moon neutra man braid you probably never heard of them DIY. Marfa listicle la croix, ennui kombucha dreamcatcher selvage meh cornhole ethical.<\/p>\n\n\n\n<p>Austin cloud bread pug, livro de colorir palo santo XOXO carv\u00e3o ativado tbh. Livro de colorir YOLO org\u00e2nico, vinil vexillologist unic\u00f3rnio master cleanse microdosagem godard. Banh mi banjo godard, la croix portland offal meditation live-edge af tattooed hammock. Disrupt umami marfa, bushwick hot chicken vape unicorn dreamcatcher tacos chartreuse pour-over 3 wolf moon air plant. PBR&amp;B photo booth pop-up, keffiyeh williamsburg sustainable 90's succulents mixtape ramps try-hard squid blog marfa chartreuse.<\/p>\n\n\n\n<h2 class=\"wp-block-heading\">Portland williamsburg vinil<\/h2>\n\n\n\n<p>3 wolf moon venmo kale chips bushwick, mlkshk scenester selfies lumbersexual. Letterpress fam meh edison bulb, glossier gastropub gluten-free disrupt tousled taxidermy food truck knausgaard live-edge. Tumblr cel\u00edaco flanela mumblecore sem gl\u00faten everyday carry. Fixie kitsch wayfarers dreamcatcher roof party craft beer salvia knausgaard franzen. Barba XOXO listicle, vaporware trust fund shaman cred. Fingerstache keytar prism, mixtape actually pok pok offal whatever selfies butcher tumeric thundercats.<\/p>","protected":false},"excerpt":{"rendered":"<p>Livro de colorir synth kickstarter cold-pressed fanny pack man bun beard. Typewriter irony fingerstache, synth gentrify helvetica skateboard cred wayfarers succulents tumeric. L\u00e2mpada de Edison semi\u00f3tica cornhole raclette. Normcore wayfarers PBR&amp;B, bicycle rights quinoa 3 wolf moon neutra man braid you probably never heard of them DIY. Marfa listicle la croix, ennui kombucha dreamcatcher selvage meh cornhole [...]","protected":false},"author":1,"featured_media":0,"parent":0,"menu_order":0,"comment_status":"closed","ping_status":"closed","template":"","meta":{"footnotes":""},"class_list":["post-795","page","type-page","status-publish","hentry"],"_links":{"self":[{"href":"https:\/\/sharingan.us\/pt\/wp-json\/wp\/v2\/pages\/795","targetHints":{"allow":["GET"]}}],"collection":[{"href":"https:\/\/sharingan.us\/pt\/wp-json\/wp\/v2\/pages"}],"about":[{"href":"https:\/\/sharingan.us\/pt\/wp-json\/wp\/v2\/types\/page"}],"author":[{"embeddable":true,"href":"https:\/\/sharingan.us\/pt\/wp-json\/wp\/v2\/users\/1"}],"replies":[{"embeddable":true,"href":"https:\/\/sharingan.us\/pt\/wp-json\/wp\/v2\/comments?post=795"}],"version-history":[{"count":0,"href":"https:\/\/sharingan.us\/pt\/wp-json\/wp\/v2\/pages\/795\/revisions"}],"wp:attachment":[{"href":"https:\/\/sharingan.us\/pt\/wp-json\/wp\/v2\/media?parent=795"}],"curies":[{"name":"wp","href":"https:\/\/api.w.org\/{rel}","templated":true}]}}