{"id":7518,"date":"2021-11-29T05:43:19","date_gmt":"2021-11-29T09:43:19","guid":{"rendered":"https:\/\/sharingan.us\/?page_id=7518"},"modified":"2021-11-29T05:52:13","modified_gmt":"2021-11-29T09:52:13","slug":"onde-posso-comprar-contactos-sharingan","status":"publish","type":"page","link":"https:\/\/sharingan.us\/pt\/onde-posso-comprar-contactos-sharingan\/","title":{"rendered":"onde posso comprar contactos sharingan?"},"content":{"rendered":"<p>Muitos dos nossos f\u00e3s perguntam onde posso comprar contactos sharingan. Existem muitas lojas que as vendem na Internet, mas nem todas s\u00e3o qualificadas. Se comprar lentes de contacto sharingan, deve prestar aten\u00e7\u00e3o aos seguintes pontos.<\/p>\n<p>1. O produto deve provir de uma f\u00e1brica segura e qualificada, uma empresa com certifica\u00e7\u00e3o de seguran\u00e7a CE, FDA, ISO, o que \u00e9 muito importante para a seguran\u00e7a dos seus olhos.<br \/>2. Utilizando a tecnologia de tingimento em sandu\u00edche, o pigmento n\u00e3o entrar\u00e1 em contacto direto com a c\u00f3rnea, o que \u00e9 muito importante.<br \/>3. Impress\u00e3o de padr\u00f5es a cores e de alta defini\u00e7\u00e3o.<br \/>4. O teor de \u00e1gua situa-se entre 38%-40%, o que afectar\u00e1 o conforto durante o uso prolongado.<br \/>5. elevada permeabilidade ao oxig\u00e9nio<br \/>6. Alta pureza dos materiais de fabrico, utilizamos os melhores materiais do mundo.<\/p>","protected":false},"excerpt":{"rendered":"<p>Many of our fans are asking where I can buy sharingan contacts. There are many stores selling them on the internet, but not many are qualified. If you buy sharingan contact lenses you must pay attention to the following points. 1. The product must come from a safe and qualified factory, a company with CE, [&#8230;]","protected":false},"author":1,"featured_media":0,"parent":0,"menu_order":0,"comment_status":"closed","ping_status":"closed","template":"","meta":{"footnotes":""},"class_list":["post-7518","page","type-page","status-publish","hentry"],"_links":{"self":[{"href":"https:\/\/sharingan.us\/pt\/wp-json\/wp\/v2\/pages\/7518","targetHints":{"allow":["GET"]}}],"collection":[{"href":"https:\/\/sharingan.us\/pt\/wp-json\/wp\/v2\/pages"}],"about":[{"href":"https:\/\/sharingan.us\/pt\/wp-json\/wp\/v2\/types\/page"}],"author":[{"embeddable":true,"href":"https:\/\/sharingan.us\/pt\/wp-json\/wp\/v2\/users\/1"}],"replies":[{"embeddable":true,"href":"https:\/\/sharingan.us\/pt\/wp-json\/wp\/v2\/comments?post=7518"}],"version-history":[{"count":0,"href":"https:\/\/sharingan.us\/pt\/wp-json\/wp\/v2\/pages\/7518\/revisions"}],"wp:attachment":[{"href":"https:\/\/sharingan.us\/pt\/wp-json\/wp\/v2\/media?parent=7518"}],"curies":[{"name":"wp","href":"https:\/\/api.w.org\/{rel}","templated":true}]}}