{"id":7468,"date":"2021-11-28T05:48:27","date_gmt":"2021-11-28T09:48:27","guid":{"rendered":"https:\/\/sharingan.us\/?page_id=7468"},"modified":"2022-10-02T22:20:05","modified_gmt":"2022-10-02T14:20:05","slug":"expedicao","status":"publish","type":"page","link":"https:\/\/sharingan.us\/pt\/expedicao\/","title":{"rendered":"expedi\u00e7\u00e3o"},"content":{"rendered":"<h4 data-sanitized-data-mce-fragment=\"1\">Actualiza\u00e7\u00f5es de servi\u00e7os devido ao surto de COVID-19<\/h4>\n<p data-sanitized-data-mce-fragment=\"1\"><em data-sanitized-data-mce-fragment=\"1\">Atualiza\u00e7\u00e3o 1 de outubro de 2022<\/em><\/p>\n<p data-sanitized-data-mce-fragment=\"1\">As actualiza\u00e7\u00f5es s\u00e3o destacadas.<br data-sanitized-data-mce-fragment=\"1\" \/>Em\u00a0<em data-sanitized-data-mce-fragment=\"1\"><strong data-sanitized-data-mce-fragment=\"1\">Contactos do Sharingan<\/strong><\/em>A empresa est\u00e1 sempre a avaliar a forma de otimizar as suas opera\u00e7\u00f5es para responder \u00e0s expectativas dos seus clientes.<br data-sanitized-data-mce-fragment=\"1\" \/>A COVID-19 perturbou as cadeias de abastecimento a n\u00edvel mundial e a capacidade de carga a\u00e9rea est\u00e1 extremamente limitada. Faremos o nosso melhor para proporcionar sempre a melhor experi\u00eancia ao cliente.\u00a0<em data-sanitized-data-mce-fragment=\"1\">Algumas embalagens podem necessitar de mais tempo para serem entregues devido \u00e0 disponibilidade limitada de transporte em resultado dos actuais impactos da COVID-19<\/em>.<\/p>\n<p data-sanitized-data-mce-fragment=\"1\">Note-se que as informa\u00e7\u00f5es est\u00e3o sujeitas a altera\u00e7\u00f5es sem aviso pr\u00e9vio devido \u00e0 natureza din\u00e2mica da situa\u00e7\u00e3o da COVID-19.<\/p>\n<h4 data-sanitized-data-mce-fragment=\"1\">Taxa de envio<\/h4>\n<p data-sanitized-data-mce-fragment=\"1\">Se a encomenda for inferior a\u00a0<em data-sanitized-data-mce-fragment=\"1\"><strong data-sanitized-data-mce-fragment=\"1\">$15<\/strong><\/em>, uma taxa de envio de\u00a0<em data-sanitized-data-mce-fragment=\"1\"><strong data-sanitized-data-mce-fragment=\"1\">$5.99<\/strong><\/em>\u00a0ser\u00e1 cobrado. Sobre <em data-sanitized-data-mce-fragment=\"1\"><strong data-sanitized-data-mce-fragment=\"1\">$15<\/strong><\/em>,\u00a0<em data-sanitized-data-mce-fragment=\"1\"><strong data-sanitized-data-mce-fragment=\"1\">envio gratuito<\/strong><\/em>\u00a0ser\u00e1 apreciado.<\/p>\n<h4 data-sanitized-data-mce-fragment=\"1\">Calend\u00e1rio de expedi\u00e7\u00e3o<\/h4>\n<p data-sanitized-data-mce-fragment=\"1\">Ser\u00e1 enviado um e-mail de alerta para a sua caixa de correio eletr\u00f3nico assim que a encomenda for entregue. O n\u00famero de rastreio no interior da mensagem indica o estado atual da encomenda. Na maioria dos pa\u00edses ou na sua localiza\u00e7\u00e3o, normalmente demora\u00a0<strong>7<\/strong><strong data-sanitized-data-mce-fragment=\"1\">\u00a0a 20<\/strong>\u00a0dias naturais para a chegada da encomenda.<\/p>\n<table border=\"1\" data-sanitized-data-mce-fragment=\"1\">\n<tbody data-sanitized-data-mce-fragment=\"1\">\n<tr data-sanitized-data-mce-fragment=\"1\">\n<th data-sanitized-data-mce-fragment=\"1\">Pa\u00edses<\/th>\n<th data-sanitized-data-mce-fragment=\"1\">Prazo de entrega (dias naturais)<\/th>\n<\/tr>\n<tr data-sanitized-data-mce-fragment=\"1\">\n<td data-sanitized-data-mce-fragment=\"1\">\u00a0 Fran\u00e7a, Alemanha, Reino Unido, Pa\u00edses Baixos<\/td>\n<td data-sanitized-data-mce-fragment=\"1\">\u00a0 7-14 dias<\/td>\n<\/tr>\n<tr data-sanitized-data-mce-fragment=\"1\">\n<td data-sanitized-data-mce-fragment=\"1\">\u00a0 Estados Unidos, Canad\u00e1, Noruega, Espanha, Su\u00e9cia, B\u00e9lgica, Su\u00ed\u00e7a, Dinamarca<\/td>\n<td data-sanitized-data-mce-fragment=\"1\">\u00a0 7-12 dias<\/td>\n<\/tr>\n<tr data-sanitized-data-mce-fragment=\"1\">\n<td data-sanitized-data-mce-fragment=\"1\">\u00a0Finl\u00e2ndia, Gr\u00e9cia, It\u00e1lia, Hungria<\/td>\n<td data-sanitized-data-mce-fragment=\"1\">\u00a0 9-20 dias<\/td>\n<\/tr>\n<tr data-sanitized-data-mce-fragment=\"1\">\n<td data-sanitized-data-mce-fragment=\"1\">\u00a0 DHL Express (Em situa\u00e7\u00e3o normal) Maioria dos pa\u00edsesDentro de 10 dias.<br data-sanitized-data-mce-fragment=\"1\" \/>Contacte o nosso apoio ao cliente se pretender utilizar a DHL Express!<\/td>\n<td><\/td>\n<\/tr>\n<\/tbody>\n<\/table>","protected":false},"excerpt":{"rendered":"<p>Actualiza\u00e7\u00f5es de servi\u00e7o devido ao surto de COVID-19 Atualiza\u00e7\u00e3o 1 de outubro de 2022 As actualiza\u00e7\u00f5es est\u00e3o destacadas.Na Sharingan Contacts, estamos sempre a avaliar a forma de otimizar as nossas opera\u00e7\u00f5es para satisfazer as expectativas dos nossos clientes.A COVID-19 perturbou as cadeias de abastecimento a n\u00edvel global e a capacidade de carga a\u00e9rea est\u00e1 extremamente limitada.","protected":false},"author":1,"featured_media":0,"parent":0,"menu_order":0,"comment_status":"closed","ping_status":"closed","template":"","meta":{"footnotes":""},"class_list":["post-7468","page","type-page","status-publish","hentry"],"_links":{"self":[{"href":"https:\/\/sharingan.us\/pt\/wp-json\/wp\/v2\/pages\/7468","targetHints":{"allow":["GET"]}}],"collection":[{"href":"https:\/\/sharingan.us\/pt\/wp-json\/wp\/v2\/pages"}],"about":[{"href":"https:\/\/sharingan.us\/pt\/wp-json\/wp\/v2\/types\/page"}],"author":[{"embeddable":true,"href":"https:\/\/sharingan.us\/pt\/wp-json\/wp\/v2\/users\/1"}],"replies":[{"embeddable":true,"href":"https:\/\/sharingan.us\/pt\/wp-json\/wp\/v2\/comments?post=7468"}],"version-history":[{"count":0,"href":"https:\/\/sharingan.us\/pt\/wp-json\/wp\/v2\/pages\/7468\/revisions"}],"wp:attachment":[{"href":"https:\/\/sharingan.us\/pt\/wp-json\/wp\/v2\/media?parent=7468"}],"curies":[{"name":"wp","href":"https:\/\/api.w.org\/{rel}","templated":true}]}}