{"id":7419,"date":"2021-11-28T05:09:28","date_gmt":"2021-11-28T09:09:28","guid":{"rendered":"https:\/\/sharingan.us\/?page_id=7419"},"modified":"2024-04-07T21:29:57","modified_gmt":"2024-04-07T13:29:57","slug":"verificacao-da-prescricao","status":"publish","type":"page","link":"https:\/\/sharingan.us\/pt\/verificacao-da-prescricao\/","title":{"rendered":"Verifica\u00e7\u00e3o da receita m\u00e9dica"},"content":{"rendered":"<h4>Processo de verifica\u00e7\u00e3o da receita m\u00e9dica<\/h4>\n<p><strong>Para clientes nos Estados Unidos da Am\u00e9rica<\/strong><br \/>\nComo vendedor de lentes de contacto,\u00a0<strong>Contactos do Sharingan<\/strong>\u00a0coloca a sa\u00fade e a seguran\u00e7a dos consumidores em primeiro lugar e tem a responsabilidade de verificar a prescri\u00e7\u00e3o antes de vender as lentes aos clientes nos Estados Unidos da Am\u00e9rica, de acordo com a Lei da Equidade para os Consumidores de Lentes de Contacto (FCLCA).<\/p>\n<p><strong>Como funciona o processo de verifica\u00e7\u00e3o?<\/strong><br \/>\nO processo de verifica\u00e7\u00e3o funciona da seguinte forma: o utente fornece-nos informa\u00e7\u00f5es sobre a receita m\u00e9dica e n\u00f3s enviamo-las ao m\u00e9dico num pedido de verifica\u00e7\u00e3o. O seu prescritor tem oito horas \u00fateis para responder. Se o prescritor n\u00e3o responder dentro do tempo necess\u00e1rio, a receita \u00e9 verificada automaticamente e podemos fornecer lentes de contacto ao consumidor.<\/p>\n<p>Os clientes podem apresentar a c\u00f3pia v\u00e1lida (fotografia\/ficheiro digitalizado) da receita m\u00e9dica nas tr\u00eas op\u00e7\u00f5es seguintes:<br \/>\n1. Quando se regista uma conta em <strong>Contactos do Sharingan<\/strong> s\u00edtio Web <em><strong><a href=\"https:\/\/sharingan.us\/pt\/\">https:\/\/sharingan.us<\/a><\/strong><\/em><br \/>\n2. Quando efectua o check-out no nosso carrinho de compras<br \/>\n3. Enviar a fotografia\/c\u00f3pia digitalizada para o nosso correio eletr\u00f3nico de apoio:<em><strong><a href=\"mailto:service@sharingan.us\"> service@sharingan.us<\/a><\/strong><\/em>\u00a0com o seu nome e a identifica\u00e7\u00e3o da encomenda.<\/p>\n<p>Indique-nos o nome do seu prescritor e os m\u00e9todos de contacto, como o e-mail ou o n\u00famero de telefone, e utilizaremos a comunica\u00e7\u00e3o direta com o seu prescritor para verificar a sua receita. Como mencionado acima, as receitas s\u00e3o verificadas automaticamente se o prescritor n\u00e3o responder ao nosso pedido de verifica\u00e7\u00e3o dentro de \"oito horas \u00fateis\". Uma hora de expediente \u00e9 definida como uma hora entre as 9h00 e as 17h00, de segunda a sexta-feira, exceto feriados federais, no fuso hor\u00e1rio do prescritor. Se determinarmos que um determinado prescritor tem um hor\u00e1rio de expediente regular ao s\u00e1bado, tamb\u00e9m podemos contar essas horas de s\u00e1bado como horas de expediente ao abrigo da Regra.<\/p>\n<p><strong>Como \u00e9 calculado o per\u00edodo de verifica\u00e7\u00e3o de \"oito horas \u00fateis\"?<\/strong><br \/>\nAo calcular \"oito horas \u00fateis\", o per\u00edodo de verifica\u00e7\u00e3o come\u00e7a na primeira hora \u00fatil ap\u00f3s o prescritor ter recebido um pedido de verifica\u00e7\u00e3o completo e termina oito horas \u00fateis depois. Por exemplo, se o prescritor receber um pedido \u00e0s 10 horas de segunda-feira, deve responder at\u00e9 \u00e0s 10 horas de ter\u00e7a-feira. Se n\u00e3o houver resposta, podemos fornecer as lentes de contacto \u00e0s 10:01 de ter\u00e7a-feira. Se o pedido de verifica\u00e7\u00e3o for recebido \u00e0s 22 horas de segunda-feira, a resposta deve ser dada at\u00e9 \u00e0s 17 horas de ter\u00e7a-feira. Se n\u00e3o houver resposta, podemos fornecer as lentes de contacto \u00e0s 17:01 de ter\u00e7a-feira.<\/p>\n<p><strong>E se eu n\u00e3o tiver uma receita para lentes de contacto?<\/strong><br \/>\nVisibly pode ajud\u00e1-lo a encontrar um m\u00e9dico perto de si para marcar um teste e envie-nos a c\u00f3pia assim que receber a receita.<\/p>","protected":false},"excerpt":{"rendered":"<p>Processo de verifica\u00e7\u00e3o da prescri\u00e7\u00e3o para clientes nos Estados Unidos da Am\u00e9rica Como vendedora de lentes de contacto, a Sharingan Contacts coloca a sa\u00fade e a seguran\u00e7a dos consumidores em primeiro lugar e tem a responsabilidade de verificar a prescri\u00e7\u00e3o antes de vender as lentes aos clientes nos Estados Unidos da Am\u00e9rica, de acordo com a Lei da Equidade para os Consumidores de Lentes de Contacto (FCLCA). Como \u00e9 que a [...]","protected":false},"author":1,"featured_media":0,"parent":0,"menu_order":0,"comment_status":"closed","ping_status":"closed","template":"","meta":{"footnotes":""},"class_list":["post-7419","page","type-page","status-publish","hentry"],"_links":{"self":[{"href":"https:\/\/sharingan.us\/pt\/wp-json\/wp\/v2\/pages\/7419","targetHints":{"allow":["GET"]}}],"collection":[{"href":"https:\/\/sharingan.us\/pt\/wp-json\/wp\/v2\/pages"}],"about":[{"href":"https:\/\/sharingan.us\/pt\/wp-json\/wp\/v2\/types\/page"}],"author":[{"embeddable":true,"href":"https:\/\/sharingan.us\/pt\/wp-json\/wp\/v2\/users\/1"}],"replies":[{"embeddable":true,"href":"https:\/\/sharingan.us\/pt\/wp-json\/wp\/v2\/comments?post=7419"}],"version-history":[{"count":0,"href":"https:\/\/sharingan.us\/pt\/wp-json\/wp\/v2\/pages\/7419\/revisions"}],"wp:attachment":[{"href":"https:\/\/sharingan.us\/pt\/wp-json\/wp\/v2\/media?parent=7419"}],"curies":[{"name":"wp","href":"https:\/\/api.w.org\/{rel}","templated":true}]}}