{"id":414,"date":"2025-02-09T12:10:08","date_gmt":"2025-02-09T04:10:08","guid":{"rendered":"https:\/\/sharingan.us\/contact-us-2\/"},"modified":"2025-02-09T12:10:08","modified_gmt":"2025-02-09T04:10:08","slug":"contacte-nos-2","status":"publish","type":"page","link":"https:\/\/sharingan.us\/pt\/contacte-nos-2\/","title":{"rendered":"Contactar-nos"},"content":{"rendered":"<h1>Contactar-nos<\/h1>\n<h5>Tem alguma d\u00favida?<\/h5>\n<h2>Estamos aqui para ajudar.<\/h2>\n<h3>\n\t\t\t\t\t\tVendas<br \/>\n\t\t\t\t<\/h3>\n<p>\n\t\t\t\t\t\tVestibulum ante ipsum primis in faucibus orci luctus.\t\t\t\t\t<\/p>\n<h5>1800 123 4567<\/h5>\n<h3>\n\t\t\t\t\t\tQueixas<br \/>\n\t\t\t\t<\/h3>\n<p>\n\t\t\t\t\t\tVestibulum ante ipsum primis in faucibus orci luctus.\t\t\t\t\t<\/p>\n<h5>1900 223 8899<\/h5>\n<h3>\n\t\t\t\t\t\tDevolu\u00e7\u00f5es<br \/>\n\t\t\t\t<\/h3>\n<p>\n\t\t\t\t\t\tVestibulum ante ipsum primis in faucibus orci luctus.\t\t\t\t\t<\/p>\n<h5>returns@mail.com<\/h5>\n<h3>\n\t\t\t\t\t\tMarketing<br \/>\n\t\t\t\t<\/h3>\n<p>\n\t\t\t\t\t\tVestibulum ante ipsum primis in faucibus orci luctus.\t\t\t\t\t<\/p>\n<h5>1700 444 5578<\/h5>\n<h6>N\u00e3o sejas um estranho!<\/h6>\n<h2>Voc\u00ea diz-nos. N\u00f3s ouvimos.<\/h2>\n<p>Cras elementum finibus lacus nec lacinia. Quisque non convallis nisl, eu condimentum sem. Proin dignissim libero lacus, ut eleifend magna vehicula et. Nam mattis est sed tellus.<\/p>","protected":false},"excerpt":{"rendered":"<p>Contacte-nos Tem alguma d\u00favida? Estamos aqui para o ajudar. Vendas Vestibulum ante ipsum primis in faucibus orci luctus. 1800 123 4567 Reclama\u00e7\u00f5es Vestibulum ante ipsum primis in faucibus orci luctus. 1900 223 8899 Devolu\u00e7\u00f5es Vestibulum ante ipsum primis in faucibus orci luctus. returns@mail.com Marketing Vestibulum ante ipsum primis in faucibus orci luctus. 1700 444 5578 [...]","protected":false},"author":1,"featured_media":0,"parent":0,"menu_order":0,"comment_status":"closed","ping_status":"closed","template":"","meta":{"footnotes":""},"class_list":["post-414","page","type-page","status-publish","hentry"],"_links":{"self":[{"href":"https:\/\/sharingan.us\/pt\/wp-json\/wp\/v2\/pages\/414","targetHints":{"allow":["GET"]}}],"collection":[{"href":"https:\/\/sharingan.us\/pt\/wp-json\/wp\/v2\/pages"}],"about":[{"href":"https:\/\/sharingan.us\/pt\/wp-json\/wp\/v2\/types\/page"}],"author":[{"embeddable":true,"href":"https:\/\/sharingan.us\/pt\/wp-json\/wp\/v2\/users\/1"}],"replies":[{"embeddable":true,"href":"https:\/\/sharingan.us\/pt\/wp-json\/wp\/v2\/comments?post=414"}],"version-history":[{"count":0,"href":"https:\/\/sharingan.us\/pt\/wp-json\/wp\/v2\/pages\/414\/revisions"}],"wp:attachment":[{"href":"https:\/\/sharingan.us\/pt\/wp-json\/wp\/v2\/media?parent=414"}],"curies":[{"name":"wp","href":"https:\/\/api.w.org\/{rel}","templated":true}]}}