{"id":3,"date":"2021-11-18T01:42:51","date_gmt":"2021-11-18T01:42:51","guid":{"rendered":"http:\/\/sharingan.us\/?page_id=3"},"modified":"2021-11-28T05:46:58","modified_gmt":"2021-11-28T09:46:58","slug":"politica-de-privacidade","status":"publish","type":"page","link":"https:\/\/sharingan.us\/pt\/politica-de-privacidade\/","title":{"rendered":"Pol\u00edtica de privacidade"},"content":{"rendered":"<p>A presente pol\u00edtica de privacidade descreve a forma como\u00a0<em><strong>sharingan.us<\/strong><\/em>\u00a0(o \"Site\" ou \"n\u00f3s\") recolhe, utiliza e divulga as suas Informa\u00e7\u00f5es Pessoais quando visita ou efectua uma compra no Site.<\/p>\n<h4 class=\"wp-block-heading\">Recolha de informa\u00e7\u00f5es pessoais<\/h4>\n<p>Quando o utilizador visita o S\u00edtio, recolhemos determinadas informa\u00e7\u00f5es sobre o seu dispositivo, a sua intera\u00e7\u00e3o com o S\u00edtio e as informa\u00e7\u00f5es necess\u00e1rias para processar as suas compras. Poderemos tamb\u00e9m recolher informa\u00e7\u00f5es adicionais se nos contactar para obter apoio ao cliente. Nesta Pol\u00edtica de Privacidade, referimo-nos a qualquer informa\u00e7\u00e3o que possa identificar exclusivamente um indiv\u00edduo (incluindo as informa\u00e7\u00f5es abaixo) como \"Informa\u00e7\u00f5es Pessoais\". Consulte a lista abaixo para obter mais informa\u00e7\u00f5es sobre as informa\u00e7\u00f5es pessoais que recolhemos e porqu\u00ea.<\/p>\n<h4>Informa\u00e7\u00f5es sobre o dispositivo<\/h4>\n<ul>\n<li><strong>Exemplos de informa\u00e7\u00f5es pessoais recolhidas:<\/strong>\u00a0vers\u00e3o do browser, endere\u00e7o IP, fuso hor\u00e1rio, informa\u00e7\u00f5es sobre cookies, que sites ou produtos visualiza, termos de pesquisa e como interage com o Site.<\/li>\n<li><strong>Objetivo da recolha:<\/strong>\u00a0para carregar o Site com precis\u00e3o para o utilizador e para efetuar an\u00e1lises sobre a utiliza\u00e7\u00e3o do Site para otimizar o nosso Site.<\/li>\n<li><strong>Fonte de recolha:<\/strong>\u00a0Recolhidos automaticamente quando o utilizador acede ao nosso S\u00edtio atrav\u00e9s de cookies, ficheiros de registo, web beacons, tags ou pix\u00e9is do Facebook.<\/li>\n<\/ul>\n<h4>Informa\u00e7\u00f5es sobre a encomenda<\/h4>\n<ul>\n<li><strong>Exemplos de informa\u00e7\u00f5es pessoais recolhidas:<\/strong>\u00a0nome, endere\u00e7o de fatura\u00e7\u00e3o, endere\u00e7o de envio, informa\u00e7\u00f5es de pagamento (incluindo n\u00fameros de cart\u00e3o de cr\u00e9dito), endere\u00e7o de correio eletr\u00f3nico e n\u00famero de telefone.<\/li>\n<li><strong>Objetivo da recolha:<\/strong>\u00a0fornecer produtos ou servi\u00e7os ao utilizador para cumprir o nosso contrato, processar as suas informa\u00e7\u00f5es de pagamento, organizar o envio e fornecer facturas e\/ou confirma\u00e7\u00f5es de encomendas, comunicar com o utilizador, analisar as nossas encomendas quanto a potenciais riscos ou fraudes e, quando em conformidade com as prefer\u00eancias que partilhou connosco, fornecer-lhe informa\u00e7\u00f5es ou publicidade relacionadas com os nossos produtos ou servi\u00e7os.<\/li>\n<li><strong>Fonte de recolha:<\/strong>\u00a0recolhidas junto do utilizador.<\/li>\n<\/ul>\n<h4>Informa\u00e7\u00f5es de apoio ao cliente<\/h4>\n<ul>\n<li><strong>Exemplos de informa\u00e7\u00f5es pessoais recolhidas:<\/strong>\u00a0<i>correio eletr\u00f3nico, nome, conte\u00fado do correio.<\/i><\/li>\n<li><strong>Objetivo da recolha:<\/strong>\u00a0para prestar apoio ao cliente.<\/li>\n<li><strong>Fonte de recolha:<\/strong>\u00a0recolhidas junto do utilizador.<\/li>\n<\/ul>\n<p>&nbsp;<\/p>\n<h4>Menores<\/h4>\n<p>O S\u00edtio n\u00e3o se destina a indiv\u00edduos com idade inferior a\u00a0<i>12<\/i>. N\u00e3o recolhemos intencionalmente informa\u00e7\u00f5es pessoais de crian\u00e7as. Se for o pai ou tutor e considerar que o seu filho nos forneceu Informa\u00e7\u00f5es Pessoais, contacte-nos atrav\u00e9s do endere\u00e7o abaixo para solicitar a elimina\u00e7\u00e3o.<\/p>\n<h4>Partilhar informa\u00e7\u00f5es pessoais<\/h4>\n<p>Partilhamos as suas Informa\u00e7\u00f5es Pessoais com fornecedores de servi\u00e7os para nos ajudar a fornecer os nossos servi\u00e7os e cumprir os nossos contratos consigo, conforme descrito acima. Por exemplo:<\/p>\n<ul>\n<li>Utilizamos o Shopify para alimentar a nossa loja online. Pode ler mais sobre a forma como a Shopify utiliza os seus Dados Pessoais aqui:\u00a0<a href=\"https:\/\/www.shopify.com\/legal\/privacy\" data-sanitized-target=\"_blank\" rel=\"nofollow noopener\" target=\"_blank\">https:\/\/www.shopify.com\/legal\/privacy<\/a>.<\/li>\n<li>Podemos partilhar as suas Informa\u00e7\u00f5es Pessoais para cumprir as leis e regulamentos aplic\u00e1veis, para responder a uma intima\u00e7\u00e3o, mandado de busca ou outro pedido legal de informa\u00e7\u00f5es que recebemos, ou para proteger os nossos direitos.<\/li>\n<\/ul>\n<h4>Publicidade comportamental<\/h4>\n<p>Conforme descrito acima, utilizamos as suas Informa\u00e7\u00f5es Pessoais para lhe fornecer an\u00fancios direccionados ou comunica\u00e7\u00f5es de marketing que acreditamos serem do seu interesse. Por exemplo:<\/p>\n<ul>\n<li>Utilizamos o Google Analytics para nos ajudar a compreender como os nossos clientes utilizam o S\u00edtio. Pode ler mais sobre a forma como a Google utiliza os seus Dados Pessoais aqui:\u00a0<a href=\"https:\/\/policies.google.com\/privacy?hl=en\" data-sanitized-target=\"_blank\" rel=\"nofollow noopener\" target=\"_blank\">https:\/\/policies.google.com\/privacy?hl=en<\/a>Tamb\u00e9m pode optar por n\u00e3o participar no Google Analytics aqui:\u00a0<a href=\"https:\/\/tools.google.com\/dlpage\/gaoptout\" data-sanitized-target=\"_blank\" rel=\"nofollow noopener\" target=\"_blank\">https:\/\/tools.google.com\/dlpage\/gaoptout<\/a>.<\/li>\n<li>Partilhamos informa\u00e7\u00f5es sobre a sua utiliza\u00e7\u00e3o do S\u00edtio, as suas compras e a sua intera\u00e7\u00e3o com os nossos an\u00fancios noutros s\u00edtios Web com os nossos parceiros de publicidade. Recolhemos e partilhamos algumas destas informa\u00e7\u00f5es diretamente com os nossos parceiros publicit\u00e1rios e, em alguns casos, atrav\u00e9s da utiliza\u00e7\u00e3o de cookies ou outras tecnologias semelhantes (que o utilizador pode consentir, dependendo da sua localiza\u00e7\u00e3o).<\/li>\n<\/ul>\n<p>Para obter mais informa\u00e7\u00f5es sobre o funcionamento da publicidade direccionada, pode visitar a p\u00e1gina educacional da Network Advertising Initiative (\"NAI\") em\u00a0<a href=\"http:\/\/www.networkadvertising.org\/understanding-online-advertising\/how-does-it-work\" data-sanitized-target=\"_blank\" rel=\"nofollow noopener\" target=\"_blank\">http:\/\/www.networkadvertising.org\/understanding-online-advertising\/how-does-it-work<\/a>.<\/p>\n<p>Pode optar por n\u00e3o receber publicidade direccionada:<\/p>\n<ul>\n<li><i>FACEBOOK -\u00a0<\/i><a href=\"https:\/\/www.facebook.com\/settings\/?tab=ads\" data-sanitized-target=\"_blank\" rel=\"nofollow noopener\" target=\"_blank\">https:\/\/www.facebook.com\/settings\/?tab=ads<\/a><\/li>\n<li><i>GOOGLE -\u00a0<\/i><a href=\"https:\/\/www.google.com\/settings\/ads\/anonymous\" data-sanitized-target=\"_blank\" rel=\"nofollow noopener\" target=\"_blank\">https:\/\/www.google.com\/settings\/ads\/anonymous<\/a><\/li>\n<li><i>BING -\u00a0<\/i><a href=\"https:\/\/advertise.bingads.microsoft.com\/en-us\/resources\/policies\/personalized-ads\" data-sanitized-target=\"_blank\" rel=\"nofollow noopener\" target=\"_blank\">https:\/\/advertise.bingads.microsoft.com\/en-us\/resources\/policies\/personalized-ads<\/a><i>]<\/i><\/li>\n<\/ul>\n<p>Al\u00e9m disso, o utilizador pode optar por excluir alguns destes servi\u00e7os visitando o portal de exclus\u00e3o da Digital Advertising Alliance em:\u00a0<a href=\"http:\/\/optout.aboutads.info\/\" data-sanitized-target=\"_blank\" rel=\"nofollow noopener\" target=\"_blank\">http:\/\/optout.aboutads.info\/<\/a>.<\/p>\n<h4>Utiliza\u00e7\u00e3o de informa\u00e7\u00f5es pessoais<\/h4>\n<p>Utilizamos as suas informa\u00e7\u00f5es pessoais para lhe fornecer os nossos servi\u00e7os, o que inclui: oferecer produtos para venda, processar pagamentos, enviar e cumprir a sua encomenda e mant\u00ea-lo atualizado sobre novos produtos, servi\u00e7os e ofertas.<\/p>\n<h4>Base jur\u00eddica<\/h4>\n<p>De acordo com o Regulamento Geral de Prote\u00e7\u00e3o de Dados (\"RGPD\"), se for residente no Espa\u00e7o Econ\u00f3mico Europeu (\"EEE\"), processamos as suas informa\u00e7\u00f5es pessoais ao abrigo das seguintes bases legais:<\/p>\n<ul>\n<li>O seu consentimento;<\/li>\n<li>A execu\u00e7\u00e3o do contrato entre o utilizador e o S\u00edtio;<\/li>\n<li>Cumprimento das nossas obriga\u00e7\u00f5es legais;<\/li>\n<li>Para proteger os seus interesses vitais;<\/li>\n<li>Para executar uma tarefa de interesse p\u00fablico;<\/li>\n<li>Para os nossos interesses leg\u00edtimos, que n\u00e3o se sobrep\u00f5em aos direitos e liberdades fundamentais do utilizador.<\/li>\n<\/ul>\n<h4>Reten\u00e7\u00e3o<\/h4>\n<p>Quando o utilizador faz uma encomenda atrav\u00e9s do S\u00edtio, conservaremos as suas Informa\u00e7\u00f5es Pessoais nos nossos registos, a menos que e at\u00e9 que nos pe\u00e7a para apagar essas informa\u00e7\u00f5es. Para mais informa\u00e7\u00f5es sobre o seu direito de apagamento, consulte a sec\u00e7\u00e3o \"Os seus direitos\" abaixo.<\/p>\n<h4>Tomada de decis\u00f5es autom\u00e1tica<\/h4>\n<p>Se for residente no EEE, tem o direito de se opor ao processamento baseado exclusivamente em decis\u00f5es automatizadas (o que inclui a defini\u00e7\u00e3o de perfis), quando essas decis\u00f5es tiverem um efeito legal sobre si ou o afectarem significativamente.<\/p>\n<p>N\u00f3s\u00a0<i>DO\u00a0<\/i>tomar decis\u00f5es totalmente automatizadas que tenham um efeito legal ou de outra forma significativo utilizando os dados dos clientes.<\/p>\n<p>O nosso processador Shopify utiliza a tomada de decis\u00f5es automatizada limitada para evitar fraudes que n\u00e3o tenham um efeito legal ou de outra forma significativo sobre o utilizador.<\/p>\n<p>Os servi\u00e7os que incluem elementos de decis\u00e3o automatizada incluem:<\/p>\n<ul>\n<li>Lista negra tempor\u00e1ria de endere\u00e7os IP associados a transac\u00e7\u00f5es falhadas repetidas. Esta lista negra persiste durante um pequeno n\u00famero de horas.<\/li>\n<li>Lista negativa tempor\u00e1ria de cart\u00f5es de cr\u00e9dito associados a endere\u00e7os IP da lista negativa. Esta lista de recusas mant\u00e9m-se durante um pequeno n\u00famero de dias.<\/li>\n<\/ul>\n<h4><i><\/i>Venda de informa\u00e7\u00f5es pessoais<\/h4>\n<p>O nosso S\u00edtio vende Informa\u00e7\u00f5es Pessoais, conforme definido pela Lei de Privacidade do Consumidor da Calif\u00f3rnia de 2018 (\"CCPA\").<\/p>\n<h4>\u00a0<\/h4>\n<h4>RGPD<\/h4>\n<p>Se for um residente do EEE, tem o direito de aceder \u00e0s Informa\u00e7\u00f5es Pessoais que temos sobre si, de as transferir para um novo servi\u00e7o e de pedir que as suas Informa\u00e7\u00f5es Pessoais sejam corrigidas, actualizadas ou apagadas. Se pretender exercer estes direitos, contacte-nos atrav\u00e9s das informa\u00e7\u00f5es de contacto abaixo.<\/p>\n<p>Seus Dados Pessoais ser\u00e3o inicialmente processados na Irlanda e depois ser\u00e3o transferidos para fora da Europa para armazenamento e processamento posterior, inclusive para o Canad\u00e1 e os Estados Unidos. Para mais informa\u00e7\u00f5es sobre como as transfer\u00eancias de dados est\u00e3o em conformidade com o GDPR, consulte o whitepaper da Shopify sobre o GDPR:\u00a0<a href=\"https:\/\/help.shopify.com\/en\/manual\/your-account\/privacy\/GDPR\" data-sanitized-target=\"_blank\" rel=\"nofollow noopener\" target=\"_blank\">https:\/\/help.shopify.com\/en\/manual\/your-account\/privacy\/GDPR<\/a>.<\/p>\n<h4>CCPA<\/h4>\n<p>Se for residente na Calif\u00f3rnia, tem o direito de aceder \u00e0s Informa\u00e7\u00f5es Pessoais que temos sobre si (tamb\u00e9m conhecido como o \"Direito de Saber\"), de as transferir para um novo servi\u00e7o e de pedir que as suas Informa\u00e7\u00f5es Pessoais sejam corrigidas, actualizadas ou apagadas. Se pretender exercer estes direitos, contacte-nos atrav\u00e9s das informa\u00e7\u00f5es de contacto abaixo.<\/p>\n<p>Se pretender designar um agente autorizado para apresentar estes pedidos em seu nome, contacte-nos atrav\u00e9s do endere\u00e7o abaixo.<\/p>\n<h4>Biscoitos<\/h4>\n<p>Um cookie \u00e9 uma pequena quantidade de informa\u00e7\u00e3o que \u00e9 descarregada para o seu computador ou dispositivo quando visita o nosso S\u00edtio. Utilizamos uma s\u00e9rie de cookies diferentes, incluindo cookies funcionais, de desempenho, de publicidade e de redes sociais ou de conte\u00fado. Os cookies melhoram a sua experi\u00eancia de navega\u00e7\u00e3o, permitindo que o s\u00edtio Web se lembre das suas ac\u00e7\u00f5es e prefer\u00eancias (como o in\u00edcio de sess\u00e3o e a sele\u00e7\u00e3o da regi\u00e3o). Isto significa que o utilizador n\u00e3o tem de voltar a introduzir estas informa\u00e7\u00f5es sempre que regressa ao s\u00edtio ou navega de uma p\u00e1gina para outra. Os cookies tamb\u00e9m fornecem informa\u00e7\u00f5es sobre a forma como as pessoas utilizam o s\u00edtio Web, por exemplo, se \u00e9 a primeira vez que o visitam ou se s\u00e3o visitantes frequentes.<\/p>\n<p>Utilizamos os seguintes cookies para otimizar a sua experi\u00eancia no nosso Site e para fornecer os nossos servi\u00e7os.<\/p>\n<h4>\u00a0<\/h4>\n<h4>Cookies necess\u00e1rios para o funcionamento da loja<\/h4>\n<table>\n<thead>\n<tr>\n<th><strong>Nome<\/strong><\/th>\n<th><strong>Fun\u00e7\u00e3o<\/strong><\/th>\n<\/tr>\n<\/thead>\n<tbody>\n<tr>\n<td><i>_ab<\/i><\/td>\n<td>Utilizado em liga\u00e7\u00e3o com o acesso \u00e0 administra\u00e7\u00e3o.<\/td>\n<\/tr>\n<tr>\n<td><i>_secure_session_id<\/i><\/td>\n<td>Utilizado em liga\u00e7\u00e3o com a navega\u00e7\u00e3o atrav\u00e9s de uma montra.<\/td>\n<\/tr>\n<tr>\n<td><i>carrinho<\/i><\/td>\n<td>Utilizado em liga\u00e7\u00e3o com o carrinho de compras.<\/td>\n<\/tr>\n<tr>\n<td><i>carrinho_sig<\/i><\/td>\n<td>Utilizado em liga\u00e7\u00e3o com o checkout.<\/td>\n<\/tr>\n<tr>\n<td><i>cart_ts<\/i><\/td>\n<td>Utilizado em liga\u00e7\u00e3o com o checkout.<\/td>\n<\/tr>\n<tr>\n<td><i>ficha de registo<\/i><\/td>\n<td>Utilizado em liga\u00e7\u00e3o com o checkout.<\/td>\n<\/tr>\n<tr>\n<td><i>segredo<\/i><\/td>\n<td>Utilizado em liga\u00e7\u00e3o com o checkout.<\/td>\n<\/tr>\n<tr>\n<td><i>seguro_cliente_sig<\/i><\/td>\n<td>Utilizado em liga\u00e7\u00e3o com o in\u00edcio de sess\u00e3o do cliente.<\/td>\n<\/tr>\n<tr>\n<td><i>digest\u00e3o da montra<\/i><\/td>\n<td>Utilizado em liga\u00e7\u00e3o com o in\u00edcio de sess\u00e3o do cliente.<\/td>\n<\/tr>\n<tr>\n<td><i>_shopify_u<\/i><\/td>\n<td>Utilizado para facilitar a atualiza\u00e7\u00e3o das informa\u00e7\u00f5es da conta do cliente.<\/td>\n<\/tr>\n<\/tbody>\n<\/table>\n<p>&nbsp;<\/p>\n<p><i><\/i>O per\u00edodo de tempo que um cookie permanece no seu computador ou dispositivo m\u00f3vel depende do facto de ser um cookie \"persistente\" ou de \"sess\u00e3o\". Os cookies de sess\u00e3o duram at\u00e9 o utilizador parar de navegar e os cookies persistentes duram at\u00e9 expirarem ou serem eliminados. A maior parte dos cookies que utilizamos s\u00e3o persistentes e expiram entre 30 minutos e dois anos a partir da data em que s\u00e3o descarregados para o seu dispositivo.<\/p>\n<p>O utilizador pode controlar e gerir os cookies de v\u00e1rias formas. Tenha em conta que a remo\u00e7\u00e3o ou o bloqueio de cookies pode ter um impacto negativo na sua experi\u00eancia de utilizador e que partes do nosso s\u00edtio Web podem deixar de estar totalmente acess\u00edveis.<\/p>\n<p>A maioria dos browsers aceita automaticamente os cookies, mas o utilizador pode optar por aceitar ou n\u00e3o os cookies atrav\u00e9s dos controlos do seu browser, frequentemente encontrados no menu \"Ferramentas\" ou \"Prefer\u00eancias\" do browser. Para mais informa\u00e7\u00f5es sobre como modificar as defini\u00e7\u00f5es do seu navegador ou como bloquear, gerir ou filtrar cookies, consulte o ficheiro de ajuda do seu navegador ou sites como\u00a0<a href=\"https:\/\/www.allaboutcookies.org\" data-sanitized-target=\"_blank\" rel=\"nofollow noopener\" target=\"_blank\">www.allaboutcookies.org<\/a>.<\/p>\n<p>Al\u00e9m disso, tenha em aten\u00e7\u00e3o que o bloqueio de cookies pode n\u00e3o impedir completamente a forma como partilhamos informa\u00e7\u00f5es com terceiros, como os nossos parceiros publicit\u00e1rios. Para exercer os seus direitos ou recusar determinadas utiliza\u00e7\u00f5es das suas informa\u00e7\u00f5es por estas partes, siga as instru\u00e7\u00f5es na sec\u00e7\u00e3o \"Publicidade comportamental\" acima.<\/p>\n<h4>N\u00e3o rastrear<\/h4>\n<p>Tenha em aten\u00e7\u00e3o que, uma vez que n\u00e3o existe um entendimento consistente no sector sobre a forma de responder aos sinais \"N\u00e3o seguir\", n\u00e3o alteramos as nossas pr\u00e1ticas de recolha e utiliza\u00e7\u00e3o de dados quando detectamos um sinal deste tipo no seu browser.<\/p>\n<h4>Altera\u00e7\u00f5es<\/h4>\n<p>Podemos atualizar esta Pol\u00edtica de Privacidade periodicamente para refletir, por exemplo, altera\u00e7\u00f5es \u00e0s nossas pr\u00e1ticas ou por outras raz\u00f5es operacionais, legais ou regulamentares.<\/p>\n<h4>Contacto<\/h4>\n<p>Para obter mais informa\u00e7\u00f5es sobre as nossas pr\u00e1ticas de privacidade, se tiver d\u00favidas ou se pretender apresentar uma queixa, contacte-nos por correio eletr\u00f3nico para\u00a0<em><strong><a href=\"mailto:service@sharingan.us\">service@sharingan.us<\/a><\/strong><\/em><\/p>\n<h2><i>\u00daltima atualiza\u00e7\u00e3o: [2021.08.22]<\/i><\/h2>\n<p>Se n\u00e3o ficar satisfeito com a nossa resposta \u00e0 sua reclama\u00e7\u00e3o, tem o direito de apresentar a sua reclama\u00e7\u00e3o junto da autoridade competente em mat\u00e9ria de prote\u00e7\u00e3o de dados.\u00a0<\/p>","protected":false},"excerpt":{"rendered":"<p>Esta Pol\u00edtica de Privacidade descreve como sharingan.us (o \"Site\" ou \"n\u00f3s\") coleta, usa e divulga suas Informa\u00e7\u00f5es Pessoais quando voc\u00ea visita ou faz uma compra no Site. Recolha de Informa\u00e7\u00f5es Pessoais Quando visita o Site, recolhemos determinadas informa\u00e7\u00f5es sobre o seu dispositivo, a sua intera\u00e7\u00e3o com o Site e as informa\u00e7\u00f5es necess\u00e1rias para processar as suas compras. Tamb\u00e9m podemos [...]","protected":false},"author":1,"featured_media":0,"parent":0,"menu_order":0,"comment_status":"closed","ping_status":"open","template":"","meta":{"footnotes":""},"class_list":["post-3","page","type-page","status-publish","hentry"],"_links":{"self":[{"href":"https:\/\/sharingan.us\/pt\/wp-json\/wp\/v2\/pages\/3","targetHints":{"allow":["GET"]}}],"collection":[{"href":"https:\/\/sharingan.us\/pt\/wp-json\/wp\/v2\/pages"}],"about":[{"href":"https:\/\/sharingan.us\/pt\/wp-json\/wp\/v2\/types\/page"}],"author":[{"embeddable":true,"href":"https:\/\/sharingan.us\/pt\/wp-json\/wp\/v2\/users\/1"}],"replies":[{"embeddable":true,"href":"https:\/\/sharingan.us\/pt\/wp-json\/wp\/v2\/comments?post=3"}],"version-history":[{"count":0,"href":"https:\/\/sharingan.us\/pt\/wp-json\/wp\/v2\/pages\/3\/revisions"}],"wp:attachment":[{"href":"https:\/\/sharingan.us\/pt\/wp-json\/wp\/v2\/media?parent=3"}],"curies":[{"name":"wp","href":"https:\/\/api.w.org\/{rel}","templated":true}]}}