{"id":19999,"date":"2025-02-11T09:00:54","date_gmt":"2025-02-11T01:00:54","guid":{"rendered":"https:\/\/sharingan.us\/communication-preferences\/"},"modified":"2025-02-11T09:00:54","modified_gmt":"2025-02-11T01:00:54","slug":"preferencias-de-comunicacao","status":"publish","type":"page","link":"https:\/\/sharingan.us\/pt\/preferencias-de-comunicacao\/","title":{"rendered":"Prefer\u00eancias de comunica\u00e7\u00e3o"},"content":{"rendered":"[automatewoo_communication_preferences]","protected":false},"excerpt":{"rendered":"[automatewoo_communication_preferences]","protected":false},"author":1,"featured_media":0,"parent":0,"menu_order":0,"comment_status":"closed","ping_status":"closed","template":"","meta":{"footnotes":""},"class_list":["post-19999","page","type-page","status-publish","hentry"],"_links":{"self":[{"href":"https:\/\/sharingan.us\/pt\/wp-json\/wp\/v2\/pages\/19999","targetHints":{"allow":["GET"]}}],"collection":[{"href":"https:\/\/sharingan.us\/pt\/wp-json\/wp\/v2\/pages"}],"about":[{"href":"https:\/\/sharingan.us\/pt\/wp-json\/wp\/v2\/types\/page"}],"author":[{"embeddable":true,"href":"https:\/\/sharingan.us\/pt\/wp-json\/wp\/v2\/users\/1"}],"replies":[{"embeddable":true,"href":"https:\/\/sharingan.us\/pt\/wp-json\/wp\/v2\/comments?post=19999"}],"version-history":[{"count":0,"href":"https:\/\/sharingan.us\/pt\/wp-json\/wp\/v2\/pages\/19999\/revisions"}],"wp:attachment":[{"href":"https:\/\/sharingan.us\/pt\/wp-json\/wp\/v2\/media?parent=19999"}],"curies":[{"name":"wp","href":"https:\/\/api.w.org\/{rel}","templated":true}]}}