{"id":1004,"date":"2020-10-09T13:39:05","date_gmt":"2020-10-09T13:39:05","guid":{"rendered":"http:\/\/shoptimizer.local\/?page_id=848"},"modified":"2022-04-07T23:03:17","modified_gmt":"2022-04-08T03:03:17","slug":"sobre","status":"publish","type":"page","link":"https:\/\/sharingan.us\/pt\/sobre\/","title":{"rendered":"Sobre"},"content":{"rendered":"<h1><b><i>Sobre n\u00f3s <\/i><\/b><\/h1>\n<h3><b><i>Nascemos de um grupo de f\u00e3s que queriam fazer lentes de contacto coloridas que combinassem perfeitamente com as personagens de anime.<\/i><\/b><\/h3>\n<h6>Depois de analisar as alternativas<\/h6>\n<h2>A nossa viagem come\u00e7ou em 2015<\/h2>\n<p style=\"text-align: right;\">Come\u00e7\u00e1mos em 2015 e estamos constantemente a descobrir a melhor f\u00e1brica de lentes de contacto, utilizando os pigmentos mais ecol\u00f3gicos e seguros e a tecnologia de tingimento em sandu\u00edche mais segura dispon\u00edvel. Levamos o nosso trabalho a s\u00e9rio!<\/p>\n<p>\t\t\t\t\t\t\t\t\t\t\t\t\t\t\t<img decoding=\"async\" width=\"1000\" height=\"667\" data-src=\"https:\/\/sharingan.us\/wp-content\/uploads\/2021\/11\/20879724.jpg\" alt=\"\" data-srcset=\"https:\/\/sharingan.us\/wp-content\/uploads\/2021\/11\/20879724.jpg 1000w, https:\/\/sharingan.us\/wp-content\/uploads\/2021\/11\/20879724-800x534.jpg 800w, https:\/\/sharingan.us\/wp-content\/uploads\/2021\/11\/20879724-768x512.jpg 768w, https:\/\/sharingan.us\/wp-content\/uploads\/2021\/11\/20879724-990x660.jpg 990w, https:\/\/sharingan.us\/wp-content\/uploads\/2021\/11\/20879724-441x294.jpg 441w, https:\/\/sharingan.us\/wp-content\/uploads\/2021\/11\/20879724-150x100.jpg 150w\" data-sizes=\"auto, (max-width: 360px) 147px, (max-width: 1000px) 100vw, 1000px\" title=\"\" src=\"data:image\/svg+xml;base64,PHN2ZyB3aWR0aD0iMSIgaGVpZ2h0PSIxIiB4bWxucz0iaHR0cDovL3d3dy53My5vcmcvMjAwMC9zdmciPjwvc3ZnPg==\" class=\"lazyload\" style=\"--smush-placeholder-width: 1000px; --smush-placeholder-aspect-ratio: 1000\/667;\"><br \/>\n\t\t\t\t\t\t\t\t\t\t\t\t\t\t\t<img decoding=\"async\" width=\"1000\" height=\"600\" data-src=\"https:\/\/sharingan.us\/wp-content\/uploads\/2021\/11\/dtc.jpg\" alt=\"\" data-srcset=\"https:\/\/sharingan.us\/wp-content\/uploads\/2021\/11\/dtc.jpg 1000w, https:\/\/sharingan.us\/wp-content\/uploads\/2021\/11\/dtc-800x480.jpg 800w, https:\/\/sharingan.us\/wp-content\/uploads\/2021\/11\/dtc-768x461.jpg 768w, https:\/\/sharingan.us\/wp-content\/uploads\/2021\/11\/dtc-990x594.jpg 990w, https:\/\/sharingan.us\/wp-content\/uploads\/2021\/11\/dtc-441x265.jpg 441w, https:\/\/sharingan.us\/wp-content\/uploads\/2021\/11\/dtc-150x90.jpg 150w\" data-sizes=\"auto, (max-width: 360px) 147px, (max-width: 1000px) 100vw, 1000px\" title=\"\" src=\"data:image\/svg+xml;base64,PHN2ZyB3aWR0aD0iMSIgaGVpZ2h0PSIxIiB4bWxucz0iaHR0cDovL3d3dy53My5vcmcvMjAwMC9zdmciPjwvc3ZnPg==\" class=\"lazyload\" style=\"--smush-placeholder-width: 1000px; --smush-placeholder-aspect-ratio: 1000\/600;\">\t\t\t\t\t\t\t\t\t\t\t\t\t\t\t<\/p>\n<h6>Um ajuste perfeito para o seu cosplay<\/h6>\n<h2>Direto aos consumidores<\/h2>\n<p>Promovemos e vendemos os nossos produtos diretamente aos consumidores, sem quaisquer intermedi\u00e1rios. Isto significa que somos mais independentes para fabricar, promover, vender e enviar os nossos pr\u00f3prios produtos. A vantagem \u00e9 que, mantendo a alta qualidade, temos custos mais baixos. Assim, com uma qualidade superior, temos um pre\u00e7o 40% mais baixo do que os nossos concorrentes.<\/p>\n<h6>Seguro, confort\u00e1vel e econ\u00f3mico<\/h6>\n<h2>F\u00e1brica Premium da \u00c1sia<\/h2>\n<p style=\"text-align: right;\">Materiais polim\u00e9ricos HEMA de topo, os melhores pigmentos ecol\u00f3gicos do mundo, tecnologia de prote\u00e7\u00e3o de seguran\u00e7a em sandu\u00edche, e cada um dos nossos produtos \u00e9 submetido a 6 inspec\u00e7\u00f5es manuais e 3 inspec\u00e7\u00f5es de m\u00e1quinas antes de sair da f\u00e1brica para garantir seguran\u00e7a suficiente. Os nossos padr\u00f5es de seguran\u00e7a s\u00e3o 3 vezes superiores aos da concorr\u00eancia<\/p>\n<p>\t\t\t\t\t\t\t\t\t\t\t\t\t\t\t<img decoding=\"async\" width=\"958\" height=\"689\" data-src=\"https:\/\/sharingan.us\/wp-content\/uploads\/2022\/04\/1545563G2-5.jpeg\" alt=\"\" data-srcset=\"https:\/\/sharingan.us\/wp-content\/uploads\/2022\/04\/1545563G2-5.jpeg 958w, https:\/\/sharingan.us\/wp-content\/uploads\/2022\/04\/1545563G2-5-800x575.jpeg 800w, https:\/\/sharingan.us\/wp-content\/uploads\/2022\/04\/1545563G2-5-768x552.jpeg 768w, https:\/\/sharingan.us\/wp-content\/uploads\/2022\/04\/1545563G2-5-60x43.jpeg 60w, https:\/\/sharingan.us\/wp-content\/uploads\/2022\/04\/1545563G2-5-110x79.jpeg 110w, https:\/\/sharingan.us\/wp-content\/uploads\/2022\/04\/1545563G2-5-441x317.jpeg 441w, https:\/\/sharingan.us\/wp-content\/uploads\/2022\/04\/1545563G2-5-150x108.jpeg 150w\" data-sizes=\"auto, (max-width: 360px) 147px, (max-width: 958px) 100vw, 958px\" title=\"\" src=\"data:image\/svg+xml;base64,PHN2ZyB3aWR0aD0iMSIgaGVpZ2h0PSIxIiB4bWxucz0iaHR0cDovL3d3dy53My5vcmcvMjAwMC9zdmciPjwvc3ZnPg==\" class=\"lazyload\" style=\"--smush-placeholder-width: 958px; --smush-placeholder-aspect-ratio: 958\/689;\"><br \/>\n\t\t\t\t\t\t\t\t\t\t\t\t\t\t\t<img decoding=\"async\" width=\"600\" height=\"400\" data-src=\"https:\/\/sharingan.us\/wp-content\/uploads\/2022\/04\/why-choose-us-sharingan-eye-lenses.webp\" alt=\"\" data-srcset=\"https:\/\/sharingan.us\/wp-content\/uploads\/2022\/04\/why-choose-us-sharingan-eye-lenses.webp 600w, https:\/\/sharingan.us\/wp-content\/uploads\/2022\/04\/why-choose-us-sharingan-eye-lenses-60x40.webp 60w, https:\/\/sharingan.us\/wp-content\/uploads\/2022\/04\/why-choose-us-sharingan-eye-lenses-110x73.webp 110w, https:\/\/sharingan.us\/wp-content\/uploads\/2022\/04\/why-choose-us-sharingan-eye-lenses-441x294.webp 441w, https:\/\/sharingan.us\/wp-content\/uploads\/2022\/04\/why-choose-us-sharingan-eye-lenses-150x100.webp 150w\" data-sizes=\"auto, (max-width: 360px) 147px, (max-width: 600px) 100vw, 600px\" title=\"\" src=\"data:image\/svg+xml;base64,PHN2ZyB3aWR0aD0iMSIgaGVpZ2h0PSIxIiB4bWxucz0iaHR0cDovL3d3dy53My5vcmcvMjAwMC9zdmciPjwvc3ZnPg==\" class=\"lazyload\" style=\"--smush-placeholder-width: 600px; --smush-placeholder-aspect-ratio: 600\/400;\">\t\t\t\t\t\t\t\t\t\t\t\t\t\t\t<\/p>\n<h6>O produto vem em primeiro lugar<\/h6>\n<h2>Porqu\u00ea escolher-nos<\/h2>\n<p>As lentes de contacto est\u00e3o relacionadas com a seguran\u00e7a dos olhos dos nossos clientes. Esta \u00e9 a nossa primeira considera\u00e7\u00e3o. No entanto, existem demasiados pequenos fabricantes no mercado que n\u00e3o conseguem cumprir normas de seguran\u00e7a avan\u00e7adas. Afirmam que possuem numerosas certifica\u00e7\u00f5es de seguran\u00e7a, mas a situa\u00e7\u00e3o real \u00e9 preocupante. Nunca gastamos dinheiro em publicidade e marketing pagos, e cada c\u00eantimo poupado \u00e9 reduzido no pre\u00e7o. Acreditamos sempre que a alta qualidade, o pre\u00e7o adequado e o excelente servi\u00e7o s\u00e3o as raz\u00f5es pelas quais mais de 100.000 clientes nos escolhem.<\/p>\n<h6>Mais de 100000 clientes satisfeitos<\/h6>\n<h2>Estamos apenas a come\u00e7ar<\/h2>\n<p>Ao longo dos \u00faltimos anos, servimos mais de 100.000 clientes, e cada vez mais f\u00e3s de cosplay est\u00e3o a optar por seguir em frente, mas sabemos que isto \u00e9 apenas o come\u00e7o, e iremos fornecer ainda mais produtos e servi\u00e7os excelentes no futuro, estamos convosco!<\/p>\n<p>\t\t\t\t\t\t\t\t\t\t\t\t\t\t\t<img decoding=\"async\" width=\"800\" height=\"480\" data-src=\"https:\/\/sharingan.us\/wp-content\/uploads\/2018\/07\/about_01.jpg\" alt=\"\" data-srcset=\"https:\/\/sharingan.us\/wp-content\/uploads\/2018\/07\/about_01.jpg 800w, https:\/\/sharingan.us\/wp-content\/uploads\/2018\/07\/about_01-150x90.jpg 150w\" data-sizes=\"auto, (max-width: 360px) 147px, (max-width: 800px) 100vw, 800px\" title=\"\" src=\"data:image\/svg+xml;base64,PHN2ZyB3aWR0aD0iMSIgaGVpZ2h0PSIxIiB4bWxucz0iaHR0cDovL3d3dy53My5vcmcvMjAwMC9zdmciPjwvc3ZnPg==\" class=\"lazyload\" style=\"--smush-placeholder-width: 800px; --smush-placeholder-aspect-ratio: 800\/480;\"><\/p>","protected":false},"excerpt":{"rendered":"<p>About us We were born from a group of fans who wanted to make colored contact lenses that perfectly matched the anime characters. After looking at alternatives Our journey began in 2015 We started in 2015, and we are constantly figuring out the best contact lens factory, using the most environmentally friendly and safe pigments [&#8230;]","protected":false},"author":1,"featured_media":0,"parent":0,"menu_order":0,"comment_status":"closed","ping_status":"closed","template":"template-fullwidth-no-heading.php","meta":{"footnotes":""},"class_list":["post-1004","page","type-page","status-publish","hentry"],"_links":{"self":[{"href":"https:\/\/sharingan.us\/pt\/wp-json\/wp\/v2\/pages\/1004","targetHints":{"allow":["GET"]}}],"collection":[{"href":"https:\/\/sharingan.us\/pt\/wp-json\/wp\/v2\/pages"}],"about":[{"href":"https:\/\/sharingan.us\/pt\/wp-json\/wp\/v2\/types\/page"}],"author":[{"embeddable":true,"href":"https:\/\/sharingan.us\/pt\/wp-json\/wp\/v2\/users\/1"}],"replies":[{"embeddable":true,"href":"https:\/\/sharingan.us\/pt\/wp-json\/wp\/v2\/comments?post=1004"}],"version-history":[{"count":0,"href":"https:\/\/sharingan.us\/pt\/wp-json\/wp\/v2\/pages\/1004\/revisions"}],"wp:attachment":[{"href":"https:\/\/sharingan.us\/pt\/wp-json\/wp\/v2\/media?parent=1004"}],"curies":[{"name":"wp","href":"https:\/\/api.w.org\/{rel}","templated":true}]}}