{"id":1002,"date":"2018-07-09T11:19:52","date_gmt":"2018-07-09T11:19:52","guid":{"rendered":"http:\/\/shoptimizer.local\/?page_id=824"},"modified":"2024-04-07T21:29:11","modified_gmt":"2024-04-07T13:29:11","slug":"ajuda-ao-cliente","status":"publish","type":"page","link":"https:\/\/sharingan.us\/pt\/ajuda-ao-cliente\/","title":{"rendered":"Ajuda ao cliente"},"content":{"rendered":"<h1>Ajuda ao cliente<\/h1>\n<h3>A nossa equipa de felicidade est\u00e1 sempre dispon\u00edvel para ajudar.<\/h3>\n<h6>Respostas \u00e0s perguntas mais comuns sobre compras<\/h6>\n<h2>Encomendas e expedi\u00e7\u00e3o<\/h2>\n<p><a>Quanto tempo demora a receber a minha encomenda?<\/a><\/p>\n<p>De um modo geral, 3-5 dias ap\u00f3s a sua encomenda \u00e9 o nosso tempo de opera\u00e7\u00e3o, ap\u00f3s cerca de 7-12 dias pode geralmente receber o seu pacote, mas estes s\u00e3o problemas de covid-19 e log\u00edstica, por favor verifique o tempo espec\u00edfico\u00a0<a href=\"https:\/\/sharingan.us\/pt\/expedicao\/\" target=\"_blank\" rel=\"noopener\"><b>pol\u00edtica de envio<\/b><\/a>\u00a0e\u00a0<a style=\"font-family: var( --e-global-typography-text-font-family ), Sans-serif; letter-spacing: 0px; background-color: #ffffff;\" href=\"https:\/\/sharingan.us\/pt\/seguir-a-minha-encomenda\/\" target=\"_blank\" rel=\"noopener\"><b>seguir a minha encomenda<\/b><\/a>.<\/p>\n<p><a>Como \u00e9 que posso criar uma conta?<\/a><\/p>\n<p>Depois de comprar o seu primeiro produto, o sistema cria automaticamente uma conta para si.<\/p>\n<p><a>Como posso alterar o meu endere\u00e7o de envio?<\/a><\/p>\n<p>Contactar o nosso servi\u00e7o de apoio ao cliente no prazo de 72 horas ap\u00f3s a realiza\u00e7\u00e3o da encomenda\u00a0<a href=\"mailto:\/\/service@sharingan.us\"><b>service@sharingan.us<\/b><\/a> para efetuar altera\u00e7\u00f5es, uma vez que a mercadoria \u00e9 enviada, n\u00e3o podem ser feitas altera\u00e7\u00f5es.<\/p>\n<p><a>Como \u00e9 que posso acompanhar o estado da minha encomenda?<\/a><\/p>\n<p>Introduza o seu n\u00famero de rastreio no\u00a0<a href=\"https:\/\/sharingan.us\/pt\/seguir-a-minha-encomenda\/\" target=\"_blank\" rel=\"noopener\"><b>seguir a minha encomenda<\/b><\/a>\u00a0para verificar, o n\u00famero de rastreio \u00e9-lhe enviado automaticamente por correio eletr\u00f3nico.<\/p>\n<p><a>Guardar\u00e3o as informa\u00e7\u00f5es do meu cart\u00e3o de cr\u00e9dito em arquivo?<\/a><\/p>\n<p>De forma alguma, n\u00e3o registamos quaisquer informa\u00e7\u00f5es sens\u00edveis dos clientes, utilizamos a encripta\u00e7\u00e3o SSL256 em tempo real para transmitir as informa\u00e7\u00f5es dos clientes ao banco para liquida\u00e7\u00e3o.<\/p>\n<p><a>Cobram imposto sobre as vendas?<\/a><\/p>\n<p>O pre\u00e7o de venda j\u00e1 inclui os impostos.<\/p>\n<p><a>Enviam para o meu pa\u00eds?<\/a><\/p>\n<p>Consulte a pol\u00edtica de envio para obter mais informa\u00e7\u00f5es. Actualizaremos regularmente os pa\u00edses que podem ser contactados.<\/p>\n<p><a>Os meus artigos vir\u00e3o numa \u00fanica embalagem?<\/a><\/p>\n<p>Os produtos comprados ao mesmo tempo ser\u00e3o enviados numa \u00fanica embalagem; se forem comprados com 72 horas de intervalo, poder\u00e3o ser enviados em embalagens separadas.<\/p>\n<h6>Se precisar de trocar um artigo<\/h6>\n<h2>Devolu\u00e7\u00f5es e trocas<\/h2>\n<p><a>Qual \u00e9 a vossa pol\u00edtica de devolu\u00e7\u00f5es?<\/a><\/p>\n<p>Por favor, verifique a nossa pol\u00edtica de devolu\u00e7\u00e3o detalhada para mais pormenores e faremos o nosso melhor para satisfazer os nossos clientes.<\/p>\n<p><a>Recebi o artigo errado<\/a><\/p>\n<p>Tire uma fotografia e contacte imediatamente o nosso servi\u00e7o de apoio ao cliente por correio eletr\u00f3nico.<\/p>\n<p><a>A minha encomenda chegou danificada<\/a><\/p>\n<p>Tire uma fotografia e contacte imediatamente o nosso servi\u00e7o de apoio ao cliente por correio eletr\u00f3nico.<\/p>\n<p><a>Para onde devo enviar a minha devolu\u00e7\u00e3o autorizada?<\/a><\/p>\n<p>Contactar primeiro o nosso servi\u00e7o de apoio ao cliente por correio eletr\u00f3nico.<\/p>\n<p><a>Como \u00e9 que recebo apoio ao cliente?<\/a><\/p>\n<p>Contactar o nosso servi\u00e7o de apoio ao cliente por correio eletr\u00f3nico <a href=\"mailto:\/\/service@sharingan.us\"><b><i>service@sharingan.us<\/i><\/b><\/a>.<\/p>\n<p><a>O que devo fazer se introduzir um endere\u00e7o de envio incorreto?<\/a><\/p>\n<p>Contactar imediatamente o nosso servi\u00e7o de apoio ao cliente por correio eletr\u00f3nico.<\/p>\n<p><a>Posso alterar ou cancelar uma encomenda depois de a ter submetido?<\/a><\/p>\n<p>Se ainda n\u00e3o tivermos enviado a sua encomenda, contacte imediatamente o nosso representante do servi\u00e7o de apoio ao cliente para efetuar altera\u00e7\u00f5es.<\/p>\n<p><a>Posso efetuar uma pr\u00e9-encomenda de um artigo que est\u00e1 esgotado?<\/a><\/p>\n<p>Sem d\u00favida, se tiver d\u00favidas, contacte o servi\u00e7o de apoio ao cliente.<\/p>","protected":false},"excerpt":{"rendered":"<p>Ajuda ao cliente A nossa equipa de satisfa\u00e7\u00e3o est\u00e1 sempre dispon\u00edvel para ajudar. Perguntas frequentes sobre compras respondidas Encomendas e envio Quanto tempo demora a receber a minha encomenda? De um modo geral, 3-5 dias ap\u00f3s a sua encomenda \u00e9 o nosso tempo de opera\u00e7\u00e3o, ap\u00f3s cerca de 7-12 dias pode geralmente receber o seu pacote, mas estes s\u00e3o covid-19 e log\u00edstica [...]","protected":false},"author":1,"featured_media":0,"parent":0,"menu_order":0,"comment_status":"closed","ping_status":"closed","template":"","meta":{"footnotes":""},"class_list":["post-1002","page","type-page","status-publish","hentry"],"_links":{"self":[{"href":"https:\/\/sharingan.us\/pt\/wp-json\/wp\/v2\/pages\/1002","targetHints":{"allow":["GET"]}}],"collection":[{"href":"https:\/\/sharingan.us\/pt\/wp-json\/wp\/v2\/pages"}],"about":[{"href":"https:\/\/sharingan.us\/pt\/wp-json\/wp\/v2\/types\/page"}],"author":[{"embeddable":true,"href":"https:\/\/sharingan.us\/pt\/wp-json\/wp\/v2\/users\/1"}],"replies":[{"embeddable":true,"href":"https:\/\/sharingan.us\/pt\/wp-json\/wp\/v2\/comments?post=1002"}],"version-history":[{"count":0,"href":"https:\/\/sharingan.us\/pt\/wp-json\/wp\/v2\/pages\/1002\/revisions"}],"wp:attachment":[{"href":"https:\/\/sharingan.us\/pt\/wp-json\/wp\/v2\/media?parent=1002"}],"curies":[{"name":"wp","href":"https:\/\/api.w.org\/{rel}","templated":true}]}}