{"id":7337,"date":"2021-11-27T08:48:21","date_gmt":"2021-11-27T12:48:21","guid":{"rendered":"https:\/\/sharingan.us\/?post_type=product&#038;p=7337"},"modified":"2024-10-05T15:34:53","modified_gmt":"2024-10-05T07:34:53","slug":"contatti-tsunade","status":"publish","type":"product","link":"https:\/\/sharingan.us\/it\/contatti-tsunade\/","title":{"rendered":"Contatti Tsunade"},"content":{"rendered":"<h4>Contatti Tsunade<\/h4>\n<p>Vi presentiamo le lenti a contatto Tsunade, il modo perfetto per aggiungere un tocco di autenticit\u00e0 al vostro cosplay! Queste lenti a contatto di alta qualit\u00e0 sono state progettate per riprodurre l'aspetto unico degli occhi di Tsunade nella famosa serie di anime.<\/p>\n<p>Realizzate con materiali pregiati, queste lenti a contatto sono comode da indossare e facili da usare. Il design \u00e8 intricato, con un motivo viola e nero di grande effetto, che far\u00e0 risaltare i vostri occhi e aggiunger\u00e0 un tocco di eleganza al vostro costume.<\/p>\n<p>Se state partecipando a un evento cosplay o semplicemente volete mostrare il vostro amore per la serie, queste lenti a contatto Tsunade sono la scelta perfetta. Sono adatte a una variet\u00e0 di occasioni e di eventi cosplay e faranno sicuramente colpo su tutti coloro che vi circondano.<\/p>\n<p>Quindi perch\u00e9 aspettare? Ordinate oggi stesso i vostri Tsunade Contacts e portate il vostro cosplay al livello successivo!<\/p>\n<p>&nbsp;<\/p>\n<p>Tsunade \u00e8 una discendente del clan Senju e Uzumaki ed \u00e8 una delle Sannin di Konohagakure. \u00c8 famosa per essere la kunoichi pi\u00f9 forte del mondo e la pi\u00f9 grande medical-nin. Le ripetute perdite dei suoi cari hanno indotto Tsunade ad abbandonare la vita di shinobi per molti anni.<\/p>\n<p>Affiliazioni: Villaggio della Foglia Nascosta, Forze Shinobi Alleate<br \/>\nSquadra: Squadra Hiruzen<br \/>\nClan: Clan Senju<br \/>\nClassificazione: Sannin, Medical-nin<br \/>\nFratelli: Nawaki<\/p>","protected":false},"excerpt":{"rendered":"<p>Tsunade Contacts Vi presentiamo le Tsunade Contacts, il modo perfetto per aggiungere un tocco di autenticit\u00e0 al vostro cosplay! Queste lenti a contatto di alta qualit\u00e0 sono state progettate per riprodurre l'aspetto unico degli occhi di Tsunade nella famosa serie di anime. Realizzate con materiali pregiati, queste lenti a contatto sono comode da indossare e facili da usare. Il design \u00e8 intricato e [...]","protected":false},"featured_media":18479,"comment_status":"open","ping_status":"closed","template":"","meta":[],"product_brand":[],"product_cat":[83],"product_tag":[119],"class_list":{"0":"post-7337","1":"product","2":"type-product","3":"status-publish","4":"has-post-thumbnail","6":"product_cat-cosplay-contacts","7":"product_tag-tsunade-contacts","9":"first","10":"instock","11":"sale","12":"taxable","13":"shipping-taxable","14":"purchasable","15":"product-type-variable","16":"has-default-attributes"},"_links":{"self":[{"href":"https:\/\/sharingan.us\/it\/wp-json\/wp\/v2\/product\/7337","targetHints":{"allow":["GET"]}}],"collection":[{"href":"https:\/\/sharingan.us\/it\/wp-json\/wp\/v2\/product"}],"about":[{"href":"https:\/\/sharingan.us\/it\/wp-json\/wp\/v2\/types\/product"}],"replies":[{"embeddable":true,"href":"https:\/\/sharingan.us\/it\/wp-json\/wp\/v2\/comments?post=7337"}],"wp:featuredmedia":[{"embeddable":true,"href":"https:\/\/sharingan.us\/it\/wp-json\/wp\/v2\/media\/18479"}],"wp:attachment":[{"href":"https:\/\/sharingan.us\/it\/wp-json\/wp\/v2\/media?parent=7337"}],"wp:term":[{"taxonomy":"product_brand","embeddable":true,"href":"https:\/\/sharingan.us\/it\/wp-json\/wp\/v2\/product_brand?post=7337"},{"taxonomy":"product_cat","embeddable":true,"href":"https:\/\/sharingan.us\/it\/wp-json\/wp\/v2\/product_cat?post=7337"},{"taxonomy":"product_tag","embeddable":true,"href":"https:\/\/sharingan.us\/it\/wp-json\/wp\/v2\/product_tag?post=7337"}],"curies":[{"name":"wp","href":"https:\/\/api.w.org\/{rel}","templated":true}]}}