{"id":6898,"date":"2021-11-23T06:31:15","date_gmt":"2021-11-23T06:31:15","guid":{"rendered":"https:\/\/sharingan.us\/?post_type=product&#038;p=6898"},"modified":"2024-10-05T15:34:54","modified_gmt":"2024-10-05T07:34:54","slug":"contatti-uchiha-sharingan-completamente-attivati","status":"publish","type":"product","link":"https:\/\/sharingan.us\/it\/contatti-uchiha-sharingan-completamente-attivati\/","title":{"rendered":"Contatti Uchiha Sharingan completamente attivati"},"content":{"rendered":"<h1 class=\"md-end-block md-heading\"><span class=\"md-plain md-expand\">Scatena il tuo potere Uchiha con i contatti Sharingan completamente attivati! \ud83d\udd34\u2694\ufe0f<\/span><\/h1>\n<p class=\"md-end-block md-p\"><span class=\"md-plain\">Sperimentate l'eredit\u00e0 del Clan Uchiha con questi splendidi contatti Sharingan completamente attivati \ud83d\udc40<\/span> <span class=\"md-plain\">Attenzione a tutti i fan di Naruto! Preparatevi a incarnare la potenza e l'abilit\u00e0 del leggendario clan Uchiha con questi impressionanti contatti Sharingan completamente attivati. Questi contatti Sharingan ricreano meticolosamente l'iconico design dei tre tomoe Sharingan, consentendo di catturare l'essenza del leggendario dojutsu degli Uchiha con una precisione senza pari. <\/span><\/p>\n<p class=\"md-end-block md-p\"><span class=\"md-plain\">Realizzate con materiali di prima qualit\u00e0, queste lenti a contatto Sharingan danno priorit\u00e0 sia al comfort che all'impatto visivo, assicurando che possiate incanalare senza sforzo il vostro Uchiha interiore per lunghi periodi. Che si tratti di partecipare a un evento anime, di realizzare un servizio fotografico di grande impatto o semplicemente di aggiungere un tocco di misticismo shinobi al proprio look quotidiano, queste lenti a contatto Sharingan completamente attivate sono la scelta migliore!<\/span><\/p>\n<p class=\"md-end-block md-p\"><span class=\"md-plain\">Comfort e qualit\u00e0 senza precedenti in questi contatti Sharingan completamente attivati \ud83d\udc8e<\/span> <span class=\"md-plain\">Siamo consapevoli dell'importanza di lenti a contatto Sharingan di alta qualit\u00e0 che non solo abbiano un aspetto incredibile, ma siano anche comode da indossare. Le lenti a contatto Sharingan completamente attivate eccellono in entrambi gli aspetti. Queste lenti a contatto Sharingan sono realizzate con materiali di altissimo livello che assicurano una vestibilit\u00e0 perfetta e una chiarezza eccezionale, consentendo di immergersi completamente nell'esperienza Uchiha senza alcun disagio o disturbo visivo. <\/span><\/p>\n<p class=\"md-end-block md-p\"><span class=\"md-plain\">L'iconico design dei tre tomoe Sharingan \u00e8 riprodotto in modo impeccabile, rendendo queste lenti a contatto Sharingan un elemento essenziale di qualsiasi look ispirato agli Uchiha. Grazie alla custodia per lenti inclusa e alle istruzioni di manutenzione facili da seguire, potrete mantenere le vostre lenti Sharingan in condizioni perfette per le avventure future.<\/span><\/p>\n<p class=\"md-end-block md-p\"><span class=\"md-plain\">I fan e gli influencer di Naruto sono entusiasti di questi contatti Sharingan completamente attivati! \ud83c\udf1f<\/span> <span class=\"md-plain\">Gli appassionati e gli influencer Uchiha sono entusiasti di questi contatti Sharingan completamente attivati ed \u00e8 facile capire perch\u00e9! Date un'occhiata a ci\u00f2 che hanno da dire:<\/span><\/p>\n<p class=\"md-end-block md-p\"><span class=\"md-plain\">\"Queste lenti a contatto Sharingan completamente attivate sono un must per ogni serio fan di Naruto! Il design \u00e8 incredibilmente dettagliato e il comfort \u00e8 impareggiabile. Consiglio vivamente queste lenti a contatto Sharingan!\" - \ud83d\udd34 UchihaFanatic, appassionato di Naruto<\/span><\/p>\n<p class=\"md-end-block md-p\"><span class=\"md-plain\">\"Ho provato numerose lenti a contatto Sharingan, ma nessuna \u00e8 paragonabile a queste lenti Sharingan completamente attivate. Sono incredibilmente comode e il design cattura perfettamente l'intensit\u00e0 del leggendario dojutsu degli Uchiha. Una svolta per qualsiasi look ispirato a Naruto!\". - \u2694\ufe0f ShinobiStyleIcon, influencer di moda<\/span><\/p>\n<p class=\"md-end-block md-p\"><span class=\"md-plain\">Unisciti alla rivoluzione Uchiha e libera il tuo potenziale Sharingan! \ud83c\udf0d<\/span> <span class=\"md-plain\">I fan di Naruto di tutto il mondo stanno abbracciando il potere e l'eredit\u00e0 del clan Uchiha, grazie a questi incredibili contatti Sharingan completamente attivati. Le piattaforme dei social media sono invase da splendidi look ispirati agli Uchiha, mentre i fan si uniscono per celebrare il loro amore per lo Sharingan. Gli hashtag #SharinganContacts e #UchihaPower stanno conquistando il fandom di Naruto, mostrando il notevole impatto che questi contatti Sharingan hanno nel portare in vita gli Uchiha. Non perdetevi questa rivoluzione: mettete le mani sui contatti Sharingan completamente attivati oggi stesso e liberate il vostro potenziale Sharingan!<\/span><\/p>\n<p class=\"md-end-block md-p\"><span class=\"md-plain\">Unboxing dell'esperienza Uchiha: Cosa si ottiene con i contatti dello Sharingan completamente attivato \ud83d\udce6<\/span> <span class=\"md-plain\">Ordinando i Contatti Sharingan completamente attivati, riceverete un pacchetto completo progettato per migliorare la vostra esperienza Uchiha. Ogni set di contatti Sharingan comprende:<\/span><\/p>\n<ul class=\"ul-list\" data-mark=\"-\">\n<li class=\"md-list-item\">\n<p class=\"md-end-block md-p\"><span class=\"md-plain\">Due contatti Sharingan completamente attivati di qualit\u00e0 superiore con un design a tre tomoe altamente dettagliato.<\/span><\/p>\n<\/li>\n<li class=\"md-list-item\">\n<p class=\"md-end-block md-p\"><span class=\"md-plain\">Una custodia per lenti a contatto elegante e resistente con l'iconico simbolo del clan Uchiha<\/span><\/p>\n<\/li>\n<li class=\"md-list-item\">\n<p class=\"md-end-block md-p\"><span class=\"md-plain\">Istruzioni facili da seguire per la cura e la manutenzione delle lenti a contatto Sharingan.<\/span><\/p>\n<\/li>\n<li class=\"md-list-item\">\n<p class=\"md-end-block md-p\"><span class=\"md-plain\">Un panno in microfibra a tema Naruto per una pulizia delicata delle lenti a contatto Sharingan<\/span><\/p>\n<\/li>\n<\/ul>\n<p class=\"md-end-block md-p\"><span class=\"md-plain\">Con questi elementi essenziali, sarete completamente equipaggiati per intraprendere il vostro viaggio Uchiha e creare ricordi indimenticabili e potenti!<\/span><\/p>\n<p class=\"md-end-block md-p\"><span class=\"md-plain\">Lascia che il potere degli Uchiha risvegli il tuo spirito! \ud83d\udd25<\/span> <span class=\"md-plain\">Il clan Uchiha simboleggia il potere, l'ambizione e i legami indissolubili della famiglia. Indossando questi contatti Sharingan completamente attivati, non solo trasformerete il vostro aspetto, ma attingerete anche all'essenza stessa dei leggendari Uchiha.<\/span><\/p>\n<p class=\"md-end-block md-p\"><span class=\"md-plain\">Mentre indossate questi ipnotici contatti dello Sharingan, sentite il potere dell'Uchiha scorrere nel vostro essere. Il vostro sguardo diventa intenso, la vostra presenza imponente. Irradiate un'aura di forza e determinazione, ispirando gli altri a liberare il proprio potenziale nascosto.<\/span><\/p>\n<p class=\"md-end-block md-p\"><span class=\"md-plain\">Che siate fan sfegatati di Naruto o semplicemente vogliate aggiungere un tocco unico e potente al vostro stile, queste lenti a contatto Sharingan sono la vostra porta d'accesso al mondo degli shinobi d'\u00e9lite. Abbracciate l'Uchiha che \u00e8 in voi, stringete legami indissolubili con gli altri appassionati di Naruto e create ricordi che risveglieranno il vostro spirito Uchiha per gli anni a venire.<\/span><\/p>\n<p class=\"md-end-block md-p\"><span class=\"md-plain\">La comunit\u00e0 Uchiha vi sta aspettando e, grazie a questi straordinari contatti Sharingan, siete pronti ad avere un impatto profondo. Quindi, preparati e lascia che il potere degli Uchiha risvegli il tuo spirito come mai prima d'ora!<\/span><\/p>\n<p class=\"md-end-block md-p md-focus\"><span class=\"md-plain md-expand\">#SharinganContacts #UchihaPower #NarutoFan #ShinobiStyle #EyeStyle<\/span><\/p>\n<p><img decoding=\"async\" class=\"alignnone size-thumbnail wp-image-7391 lazyload\" data-src=\"https:\/\/sharingan.us\/wp-content\/uploads\/2021\/11\/sharingan-contacts-1-300x300.jpg\" alt=\"Contatti Sharingan\" width=\"300\" height=\"300\" title=\"\" data-srcset=\"https:\/\/sharingan.us\/wp-content\/uploads\/2021\/11\/sharingan-contacts-1-300x300.jpg 300w, https:\/\/sharingan.us\/wp-content\/uploads\/2021\/11\/sharingan-contacts-1-100x100.jpg 100w, https:\/\/sharingan.us\/wp-content\/uploads\/2021\/11\/sharingan-contacts-1-768x768.jpg 768w, https:\/\/sharingan.us\/wp-content\/uploads\/2021\/11\/sharingan-contacts-1-12x12.jpg 12w, https:\/\/sharingan.us\/wp-content\/uploads\/2021\/11\/sharingan-contacts-1-60x60.jpg 60w, https:\/\/sharingan.us\/wp-content\/uploads\/2021\/11\/sharingan-contacts-1-110x110.jpg 110w, https:\/\/sharingan.us\/wp-content\/uploads\/2021\/11\/sharingan-contacts-1-510x510.jpg 510w, https:\/\/sharingan.us\/wp-content\/uploads\/2021\/11\/sharingan-contacts-1.jpg 800w\" data-sizes=\"(max-width: 300px) 100vw, 300px\" src=\"data:image\/svg+xml;base64,PHN2ZyB3aWR0aD0iMSIgaGVpZ2h0PSIxIiB4bWxucz0iaHR0cDovL3d3dy53My5vcmcvMjAwMC9zdmciPjwvc3ZnPg==\" style=\"--smush-placeholder-width: 300px; --smush-placeholder-aspect-ratio: 300\/300;\" \/><\/p>\n<p>Ecco le nostre lenti a contatto Uchiha Sharingan completamente attivate. Queste lenti a contatto riportano l'icona dello sharingan, che \u00e8 il marchio di fabbrica del kekkai genkai\/tecnica del clan Uchiha. La sua traduzione effettiva \u00e8 \"occhio della ruota duplicato\" e viene anche indicato come uno dei 3 fantastici doujutsu, insieme al byakugan e al rinnegan.<\/p>\n<p>Anche se non tutti gli Uchiha possono attivare il loro sharingan, il concetto di attivazione \u00e8 simile per tutti. Una forte carica emotiva nei confronti di una persona cara o di un amico intimo, unita a una circostanza grave come la preoccupazione di una perdita, pu\u00f2 creare l'attivazione. A questo punto l'emozione estrema attiva un chakra all'interno della mente che si muove con il nervo ottico e fa nascere lo sharingan.<\/p>\n<p>Le abilit\u00e0 di sharingans si dividono in due potenti componenti. La prima \u00e8 la capacit\u00e0 di vedere il chakra, anche nel tipo di ombra. Inoltre, \u00e8 in grado di scoprire eventuali discrepanze all'interno di quel chakra, se \u00e8 stato trattenuto da qualcosa come un genjutsu.<\/p>\n<p>La capacit\u00e0 successiva \u00e8 quella di una maggiore consapevolezza. Chi lo impugna ha la possibilit\u00e0 di esaminare meglio ogni cosa. Si possono leggere le labbra, analizzare i metodi, il linguaggio del corpo, i movimenti e persino potenziare la visione, come la traslucidazione di una fitta nebbia.<\/p>\n<p>Man mano che si sviluppa e ottiene un maggior numero di tomi, l'utente \u00e8 in grado di sfruttare tali capacit\u00e0 in modo ancora pi\u00f9 esteso. Come la valutazione, il calcolo e la previsione di rapide attivit\u00e0 o strategie degli avversari. Fino ad arrivare a prevedere un'intera sequenza futura di eventi semplicemente in base al livello o al tipo di tic del corpo di un avversario prima dell'esecuzione di un'attivit\u00e0 o di una tecnica.<\/p>\n<p>Un'altra ricompensa estremamente utile che si ottiene dallo sharingan \u00e8 la capacit\u00e0 di duplicare virtualmente qualsiasi tipo di jutsu dei nemici. Che si tratti di genjutsu, taijutsu o ninjutsu, come reso famoso da Kakashi e visto anche da Sasuke con la sua variante taijutsu dell'azione di Lee che ha ribattezzato combo del Leone.<\/p>\n<p>Infine, l'ultima delle capacit\u00e0 pi\u00f9 comuni dello sharingan \u00e8 quella di creare idee attraverso l'uso di una potente ipnoterapia. In questo caso, l'incantatore pu\u00f2 consigliare all'avversario dei movimenti in anticipo, facendo sembrare che si stia prevedendo il futuro. Per i clienti pi\u00f9 esperti, questo pu\u00f2 essere un'azione ancora pi\u00f9 efficace, come si vede nel caso di Madara e Obito che gestiscono le bestie con la coda.<\/p>\n<p>Se siete interessati ad acquistare un set di queste lenti a contatto, aggiungetele al carrello e proseguite con il check-out. Tutte le nostre lenti a contatto sono offerte al paio, cos\u00ec come le lenti morbide.<\/p>","protected":false},"excerpt":{"rendered":"<p>Scatena il tuo potere Uchiha con i contatti Sharingan completamente attivati! \ud83d\udd34\u2694\ufe0f Sperimentate l'eredit\u00e0 del clan Uchiha con questi splendidi contatti Sharingan completamente attivati \ud83d\udc40 Attenzione a tutti i fan di Naruto! Preparatevi a incarnare la potenza e la prodezza del leggendario clan Uchiha con questi meravigliosi contatti Sharingan completamente attivati. Questi contatti Sharingan ricreano meticolosamente l'iconico [...]","protected":false},"featured_media":6861,"comment_status":"open","ping_status":"closed","template":"","meta":[],"product_brand":[],"product_cat":[49],"product_tag":[81,80],"class_list":{"0":"post-6898","1":"product","2":"type-product","3":"status-publish","4":"has-post-thumbnail","6":"product_cat-sharingan-contacts","7":"product_tag-kakashi","8":"product_tag-sharingan-contacts","10":"first","11":"instock","12":"sale","13":"featured","14":"taxable","15":"shipping-taxable","16":"purchasable","17":"product-type-variable","18":"has-default-attributes"},"_links":{"self":[{"href":"https:\/\/sharingan.us\/it\/wp-json\/wp\/v2\/product\/6898","targetHints":{"allow":["GET"]}}],"collection":[{"href":"https:\/\/sharingan.us\/it\/wp-json\/wp\/v2\/product"}],"about":[{"href":"https:\/\/sharingan.us\/it\/wp-json\/wp\/v2\/types\/product"}],"replies":[{"embeddable":true,"href":"https:\/\/sharingan.us\/it\/wp-json\/wp\/v2\/comments?post=6898"}],"wp:featuredmedia":[{"embeddable":true,"href":"https:\/\/sharingan.us\/it\/wp-json\/wp\/v2\/media\/6861"}],"wp:attachment":[{"href":"https:\/\/sharingan.us\/it\/wp-json\/wp\/v2\/media?parent=6898"}],"wp:term":[{"taxonomy":"product_brand","embeddable":true,"href":"https:\/\/sharingan.us\/it\/wp-json\/wp\/v2\/product_brand?post=6898"},{"taxonomy":"product_cat","embeddable":true,"href":"https:\/\/sharingan.us\/it\/wp-json\/wp\/v2\/product_cat?post=6898"},{"taxonomy":"product_tag","embeddable":true,"href":"https:\/\/sharingan.us\/it\/wp-json\/wp\/v2\/product_tag?post=6898"}],"curies":[{"name":"wp","href":"https:\/\/api.w.org\/{rel}","templated":true}]}}