{"id":15324,"date":"2022-07-07T03:58:23","date_gmt":"2022-07-07T07:58:23","guid":{"rendered":"https:\/\/sharingan.us\/?post_type=product&#038;p=15324"},"modified":"2025-08-05T14:42:57","modified_gmt":"2025-08-05T06:42:57","slug":"lenti-a-contatto-uchiha-naka-ms-sharingan","status":"publish","type":"product","link":"https:\/\/sharingan.us\/it\/lenti-a-contatto-uchiha-naka-ms-sharingan\/","title":{"rendered":"Lenti a contatto sharingan Uchiha Naka MS"},"content":{"rendered":"<h4>Lenti a contatto sharingan Uchiha Naka MS<\/h4>\n<p>Naka era almeno abile nel kenjutsu, visto che aveva una spada. Era in grado di risvegliare il d\u014djutsu kekkei genkai del suo clan: lo Sharingan. Il d\u014djutsu gli garant\u00ec la capacit\u00e0 di usare la tecnica Izanagi, che apparentemente usava in modo ossessivo con una tale abilit\u00e0 da poter sopravvivere al combattimento contro diversi altri Uchiha. Era anche in grado di attivare lo Sharingan Mangeky\u014d, che assumeva la forma di una girandola rossa a tre punte con la sua pupilla in evidenza al centro.<\/p>","protected":false},"excerpt":{"rendered":"<p>Uchiha Naka MS lenti a contatto sharingan Naka era almeno abile con il kenjutsu, visto che aveva una spada. Era in grado di risvegliare il d\u014djutsu kekkei genkai del suo clan: lo Sharingan. Il d\u014djutsu gli concesse la capacit\u00e0 di usare la tecnica Izanagi, che apparentemente usava ossessivamente con una tale abilit\u00e0 da poter sopravvivere a combattimenti contro [...]","protected":false},"featured_media":15524,"comment_status":"open","ping_status":"closed","template":"","meta":[],"product_brand":[],"product_cat":[49],"product_tag":[80,837],"class_list":{"0":"post-15324","1":"product","2":"type-product","3":"status-publish","4":"has-post-thumbnail","6":"product_cat-sharingan-contacts","7":"product_tag-sharingan-contacts","8":"product_tag-uchiha-naka-ms","10":"first","11":"instock","12":"sale","13":"featured","14":"taxable","15":"shipping-taxable","16":"purchasable","17":"product-type-variable","18":"has-default-attributes"},"_links":{"self":[{"href":"https:\/\/sharingan.us\/it\/wp-json\/wp\/v2\/product\/15324","targetHints":{"allow":["GET"]}}],"collection":[{"href":"https:\/\/sharingan.us\/it\/wp-json\/wp\/v2\/product"}],"about":[{"href":"https:\/\/sharingan.us\/it\/wp-json\/wp\/v2\/types\/product"}],"replies":[{"embeddable":true,"href":"https:\/\/sharingan.us\/it\/wp-json\/wp\/v2\/comments?post=15324"}],"wp:featuredmedia":[{"embeddable":true,"href":"https:\/\/sharingan.us\/it\/wp-json\/wp\/v2\/media\/15524"}],"wp:attachment":[{"href":"https:\/\/sharingan.us\/it\/wp-json\/wp\/v2\/media?parent=15324"}],"wp:term":[{"taxonomy":"product_brand","embeddable":true,"href":"https:\/\/sharingan.us\/it\/wp-json\/wp\/v2\/product_brand?post=15324"},{"taxonomy":"product_cat","embeddable":true,"href":"https:\/\/sharingan.us\/it\/wp-json\/wp\/v2\/product_cat?post=15324"},{"taxonomy":"product_tag","embeddable":true,"href":"https:\/\/sharingan.us\/it\/wp-json\/wp\/v2\/product_tag?post=15324"}],"curies":[{"name":"wp","href":"https:\/\/api.w.org\/{rel}","templated":true}]}}