{"id":12894,"date":"2021-12-15T02:54:20","date_gmt":"2021-12-15T06:54:20","guid":{"rendered":"https:\/\/sharingan.us\/?post_type=product&#038;p=12894"},"modified":"2024-10-05T15:34:49","modified_gmt":"2024-10-05T07:34:49","slug":"maschera-cosplay-uchiha-obito","status":"publish","type":"product","link":"https:\/\/sharingan.us\/it\/maschera-cosplay-uchiha-obito\/","title":{"rendered":"Maschera Cosplay Uchiha Obito"},"content":{"rendered":"<h4>Maschera Cosplay Uchiha Obito<\/h4>\n<p>Maschera Obito Cosplay\uff1aDa bambino, Obito aveva gli occhi neri e i capelli neri corti e appuntiti. Indossava un'uniforme blu a maniche lunghe e una giacca blu con colletto e rifiniture arancioni. La giacca era fissata al resto dell'abbigliamento da due bottoni sul colletto e aveva lo stemma del clan Uchiha sul retro. Indossava anche una cintura bianca, sandali da shinobi, la protezione standard di Konoha di colore blu scuro sulla fronte e un paio di occhiali con lenti arancioni collegati a protezioni per le orecchie. Dopo gli eventi di Kusagakure, la met\u00e0 destra del suo viso \u00e8 rimasta pesantemente segnata, come una ruga, mentre la met\u00e0 destra del busto e il braccio destro distrutti sono stati sostituiti da materia Zetsu bianca, di colore molto pi\u00f9 chiaro del corpo. I suoi capelli si sono allungati durante la riabilitazione e nel corso degli anni li ha fatti crescere e tagliati ripetutamente.<\/p>","protected":false},"excerpt":{"rendered":"<p>Taglia universale, adatta a un'utenza da 8 anni in su<\/p>","protected":false},"featured_media":12903,"comment_status":"open","ping_status":"closed","template":"","meta":[],"product_brand":[],"product_cat":[511],"product_tag":[],"class_list":{"0":"post-12894","1":"product","2":"type-product","3":"status-publish","4":"has-post-thumbnail","6":"product_cat-halloween-masks","8":"first","9":"instock","10":"sale","11":"taxable","12":"shipping-taxable","13":"purchasable","14":"product-type-simple"},"_links":{"self":[{"href":"https:\/\/sharingan.us\/it\/wp-json\/wp\/v2\/product\/12894","targetHints":{"allow":["GET"]}}],"collection":[{"href":"https:\/\/sharingan.us\/it\/wp-json\/wp\/v2\/product"}],"about":[{"href":"https:\/\/sharingan.us\/it\/wp-json\/wp\/v2\/types\/product"}],"replies":[{"embeddable":true,"href":"https:\/\/sharingan.us\/it\/wp-json\/wp\/v2\/comments?post=12894"}],"wp:featuredmedia":[{"embeddable":true,"href":"https:\/\/sharingan.us\/it\/wp-json\/wp\/v2\/media\/12903"}],"wp:attachment":[{"href":"https:\/\/sharingan.us\/it\/wp-json\/wp\/v2\/media?parent=12894"}],"wp:term":[{"taxonomy":"product_brand","embeddable":true,"href":"https:\/\/sharingan.us\/it\/wp-json\/wp\/v2\/product_brand?post=12894"},{"taxonomy":"product_cat","embeddable":true,"href":"https:\/\/sharingan.us\/it\/wp-json\/wp\/v2\/product_cat?post=12894"},{"taxonomy":"product_tag","embeddable":true,"href":"https:\/\/sharingan.us\/it\/wp-json\/wp\/v2\/product_tag?post=12894"}],"curies":[{"name":"wp","href":"https:\/\/api.w.org\/{rel}","templated":true}]}}