{"id":11841,"date":"2021-12-14T09:11:01","date_gmt":"2021-12-14T13:11:01","guid":{"rendered":"https:\/\/sharingan.us\/?post_type=product&#038;p=11841"},"modified":"2024-10-05T15:34:52","modified_gmt":"2024-10-05T07:34:52","slug":"costume-cosplay-mantello-akatsuki","status":"publish","type":"product","link":"https:\/\/sharingan.us\/it\/costume-cosplay-mantello-akatsuki\/","title":{"rendered":"Mantello lungo Akatsuki - Costume Akatsuki Cosplay"},"content":{"rendered":"<h2>Akatsuki Mantello lungo Costume Cosplay<\/h2>\n<p>Benvenuti su Sharingan Contacts, dove vi offriamo la serie di costumi Cosplay Akatsuki pi\u00f9 accattivante e autentica: il mantello Akatsuki Long Robe. Questo mantello \u00e8 la scelta perfetta per i fan dello Sharingan e per gli appassionati di anime, in quanto consente di vivere la vera essenza dell'essere un membro dell'Akatsuki e di mostrare la propria personalit\u00e0 unica.<\/p>\n<p>Il nostro Akatsuki Cloak Long Robe \u00e8 realizzato in tessuto di alta qualit\u00e0 per garantire comfort e durata. Riproduce perfettamente l'abbigliamento dell'organizzazione Akatsuki, con l'iconico motivo delle nuvole rosse su un elegante sfondo nero. La lunghezza del mantello aggiunge un'aria di mistero e intrigo al tuo cosplay, rendendolo un pezzo forte per convention, feste in costume o eventi a tema.<\/p>\n<p>Progettato con attenzione ai dettagli, l'Akatsuki Cloak Long Robe cattura l'essenza della popolare serie anime senza compromettere la qualit\u00e0. Offre una vestibilit\u00e0 comoda ed \u00e8 disponibile in varie taglie per soddisfare le diverse corporature. Il design fluido del mantello e il tessuto leggero consentono di muoversi agevolmente, assicurandovi di incarnare il vostro personaggio Akatsuki preferito con sicurezza e stile.<\/p>\n<p>Abbinate il mantello Akatsuki Long Robe con le nostre lenti a contatto Sharingan per una trasformazione cosplay definitiva. Queste lenti a contatto, ispirate all'iconico occhio Sharingan, aggiungono un ulteriore livello di autenticit\u00e0 al vostro costume. Con i loro colori vivaci e i motivi intricati, faranno sicuramente colpo sugli altri fan e mostreranno la vostra dedizione al mondo Akatsuki.<\/p>\n<p>Unitevi ai ranghi dell'organizzazione Akatsuki e liberate il ninja che \u00e8 in voi con il costume Akatsuki Cloak Long Robe - Akatsuki Cosplay. Prova l'emozione di incarnare i tuoi personaggi preferiti e crea ricordi indimenticabili con questo straordinario costume cosplay. Ordinate il vostro oggi stesso ed entrate nel mondo dello Sharingan!<\/p>","protected":false},"excerpt":{"rendered":"<p>Akatsuki Cloak Long Robe Cosplay Costume Benvenuti su Sharingan Contacts, dove vi offriamo la serie di costumi Cosplay Akatsuki pi\u00f9 accattivante e autentica: l'Akatsuki Cloak Long Robe. Questo mantello \u00e8 la scelta perfetta per i fan dello Sharingan e per gli appassionati di anime, in quanto consente di vivere la vera essenza dell'essere un membro dell'Akatsuki [...]","protected":false},"featured_media":11833,"comment_status":"open","ping_status":"closed","template":"","meta":[],"product_brand":[],"product_cat":[96,838],"product_tag":[480,470],"class_list":{"0":"post-11841","1":"product","2":"type-product","3":"status-publish","4":"has-post-thumbnail","6":"product_cat-cosplay-costume","7":"product_cat-akatsuki-asu","8":"product_tag-akatsuki","9":"product_tag-akatsuki-cloak","11":"first","12":"instock","13":"sale","14":"taxable","15":"shipping-taxable","16":"purchasable","17":"product-type-variable","18":"has-default-attributes"},"_links":{"self":[{"href":"https:\/\/sharingan.us\/it\/wp-json\/wp\/v2\/product\/11841","targetHints":{"allow":["GET"]}}],"collection":[{"href":"https:\/\/sharingan.us\/it\/wp-json\/wp\/v2\/product"}],"about":[{"href":"https:\/\/sharingan.us\/it\/wp-json\/wp\/v2\/types\/product"}],"replies":[{"embeddable":true,"href":"https:\/\/sharingan.us\/it\/wp-json\/wp\/v2\/comments?post=11841"}],"wp:featuredmedia":[{"embeddable":true,"href":"https:\/\/sharingan.us\/it\/wp-json\/wp\/v2\/media\/11833"}],"wp:attachment":[{"href":"https:\/\/sharingan.us\/it\/wp-json\/wp\/v2\/media?parent=11841"}],"wp:term":[{"taxonomy":"product_brand","embeddable":true,"href":"https:\/\/sharingan.us\/it\/wp-json\/wp\/v2\/product_brand?post=11841"},{"taxonomy":"product_cat","embeddable":true,"href":"https:\/\/sharingan.us\/it\/wp-json\/wp\/v2\/product_cat?post=11841"},{"taxonomy":"product_tag","embeddable":true,"href":"https:\/\/sharingan.us\/it\/wp-json\/wp\/v2\/product_tag?post=11841"}],"curies":[{"name":"wp","href":"https:\/\/api.w.org\/{rel}","templated":true}]}}