{"id":10545,"date":"2021-11-27T10:22:22","date_gmt":"2021-11-27T14:22:22","guid":{"rendered":"https:\/\/sharingan.us\/ciels-faustischer-vertrag-linsen-lila"},"modified":"2024-10-05T15:34:50","modified_gmt":"2024-10-05T07:34:50","slug":"ciels-faustischer-vertrag-linsen-lila","status":"publish","type":"product","link":"https:\/\/sharingan.us\/it\/ciels-faustischer-vertrag-linsen-lila\/","title":{"rendered":"Ciels Faustischer Vertrag Linsen - lila"},"content":{"rendered":"<h3>Ciels Faustischer Vertrag Linsen - lila<\/h3>\n<p><img decoding=\"async\" class=\"alignnone size-thumbnail wp-image-7377 lazyload\" data-src=\"https:\/\/sharingan.us\/wp-content\/uploads\/2021\/11\/Ciels-Faustian-contract-3-300x300.jpg\" alt=\"\" width=\"300\" height=\"300\" title=\"\" data-srcset=\"https:\/\/sharingan.us\/wp-content\/uploads\/2021\/11\/Ciels-Faustian-contract-3-300x300.jpg 300w, https:\/\/sharingan.us\/wp-content\/uploads\/2021\/11\/Ciels-Faustian-contract-3-100x100.jpg 100w, https:\/\/sharingan.us\/wp-content\/uploads\/2021\/11\/Ciels-Faustian-contract-3-768x768.jpg 768w, https:\/\/sharingan.us\/wp-content\/uploads\/2021\/11\/Ciels-Faustian-contract-3-12x12.jpg 12w, https:\/\/sharingan.us\/wp-content\/uploads\/2021\/11\/Ciels-Faustian-contract-3-60x60.jpg 60w, https:\/\/sharingan.us\/wp-content\/uploads\/2021\/11\/Ciels-Faustian-contract-3-110x110.jpg 110w, https:\/\/sharingan.us\/wp-content\/uploads\/2021\/11\/Ciels-Faustian-contract-3-510x510.jpg 510w, https:\/\/sharingan.us\/wp-content\/uploads\/2021\/11\/Ciels-Faustian-contract-3.jpg 800w\" data-sizes=\"(max-width: 300px) 100vw, 300px\" src=\"data:image\/svg+xml;base64,PHN2ZyB3aWR0aD0iMSIgaGVpZ2h0PSIxIiB4bWxucz0iaHR0cDovL3d3dy53My5vcmcvMjAwMC9zdmciPjwvc3ZnPg==\" style=\"--smush-placeholder-width: 300px; --smush-placeholder-aspect-ratio: 300\/300;\" \/><\/p>\n<p>Eine faustische Vertragslinse oder ein Pakt mit dem Teufel is eine Verbindung und ein Handel zwischen einem Menschen und einem D\u00e4mon, bei dem letzterer bestimmte Dienste anbietet und die W\u00fcnsche des Menschen erf\u00fcllt und nach Abschluss der Vertragslinsen mit der Seele des Menschen belohnt wird.<\/p>","protected":false},"excerpt":{"rendered":"<p>Ciels Faustischer Vertrag Linsen - lila Eine faustische Vertragslinse oder ein Pakt mit dem Teufel is eine Verbindung und ein Handel zwischen einem Menschen und einem D\u00e4mon, bei dem letzterer bestimmte Dienste anbietet und die W\u00fcnsche des Menschen erf\u00fcllt und nach Abschluss der Vertragslinsen mit der Seele des Menschen belohnt wird.<\/p>","protected":false},"featured_media":8239,"comment_status":"open","ping_status":"closed","template":"","meta":[],"product_brand":[],"product_cat":[15],"product_tag":[381],"class_list":{"0":"post-10545","1":"product","2":"type-product","3":"status-publish","4":"has-post-thumbnail","6":"product_cat-uncategorized","7":"product_tag-die-linsen-des-faustischen-vertrags-von-ciel","9":"first","10":"instock","11":"sale","12":"taxable","13":"shipping-taxable","14":"purchasable","15":"product-type-variable","16":"has-default-attributes"},"_links":{"self":[{"href":"https:\/\/sharingan.us\/it\/wp-json\/wp\/v2\/product\/10545","targetHints":{"allow":["GET"]}}],"collection":[{"href":"https:\/\/sharingan.us\/it\/wp-json\/wp\/v2\/product"}],"about":[{"href":"https:\/\/sharingan.us\/it\/wp-json\/wp\/v2\/types\/product"}],"replies":[{"embeddable":true,"href":"https:\/\/sharingan.us\/it\/wp-json\/wp\/v2\/comments?post=10545"}],"wp:featuredmedia":[{"embeddable":true,"href":"https:\/\/sharingan.us\/it\/wp-json\/wp\/v2\/media\/8239"}],"wp:attachment":[{"href":"https:\/\/sharingan.us\/it\/wp-json\/wp\/v2\/media?parent=10545"}],"wp:term":[{"taxonomy":"product_brand","embeddable":true,"href":"https:\/\/sharingan.us\/it\/wp-json\/wp\/v2\/product_brand?post=10545"},{"taxonomy":"product_cat","embeddable":true,"href":"https:\/\/sharingan.us\/it\/wp-json\/wp\/v2\/product_cat?post=10545"},{"taxonomy":"product_tag","embeddable":true,"href":"https:\/\/sharingan.us\/it\/wp-json\/wp\/v2\/product_tag?post=10545"}],"curies":[{"name":"wp","href":"https:\/\/api.w.org\/{rel}","templated":true}]}}