{"id":7453,"date":"2021-11-28T05:38:59","date_gmt":"2021-11-28T09:38:59","guid":{"rendered":"https:\/\/sharingan.us\/?page_id=7453"},"modified":"2024-01-28T15:51:37","modified_gmt":"2024-01-28T07:51:37","slug":"politica-di-restituzione-e-rimborso","status":"publish","type":"page","link":"https:\/\/sharingan.us\/it\/politica-di-restituzione-e-rimborso\/","title":{"rendered":"Politica di restituzione e rimborso"},"content":{"rendered":"<p>Abbiamo un\u00a0<strong>30 giorni<\/strong>\u00a0Il cliente ha 30 giorni di tempo dal ricevimento dell'articolo per richiederne la restituzione.<\/p>\n<p>Per poter effettuare un reso, l'articolo deve essere nelle stesse condizioni in cui \u00e8 stato ricevuto, non indossato o non utilizzato, con i cartellini e nella confezione originale. \u00c8 inoltre necessaria la ricevuta o la prova d'acquisto.<\/p>\n<p>Per avviare una restituzione, \u00e8 possibile contattarci all'indirizzo\u00a0<em><strong><a href=\"mailto:service@sharingan.us\">service@sharingan.us<\/a><\/strong><\/em>. Elaboreremo la vostra richiesta entro 48 ore. Se il reso viene accettato, vi invieremo un'etichetta per la spedizione di ritorno e un indirizzo di ritorno vicino a voi, oltre alle istruzioni su come e dove spedire il pacco. Gli articoli rispediti a noi senza aver prima richiesto il reso non saranno accettati.<\/p>\n<p>Potete sempre contattarci per qualsiasi domanda di restituzione a\u00a0<em><strong><a href=\"mailto:service@sharingan.us\">servizio@<\/a><a href=\"mailto:service@sharingan.us\">sharingan.us<\/a><\/strong><\/em><\/p>\n<p><strong>Danni e problemi<\/strong><br \/>\nSi prega di ispezionare l'ordine al momento della ricezione e di contattarci immediatamente se l'articolo \u00e8 difettoso, danneggiato o se si riceve l'articolo sbagliato, in modo da poter valutare il problema e porvi rimedio.<\/p>\n<p><strong>Eccezioni \/ articoli non restituibili<\/strong><br \/>\nAlcuni tipi di articoli non possono essere restituiti, come i prodotti deperibili (come alimenti, fiori o piante), i prodotti personalizzati (come gli ordini speciali o gli articoli personalizzati) e i prodotti per la cura della persona (come i prodotti di bellezza). Non accettiamo inoltre resi di materiali pericolosi, liquidi infiammabili o gas. Contattateci se avete domande o dubbi su un articolo specifico.<\/p>\n<p>Purtroppo non possiamo accettare resi su articoli in saldo o carte regalo.<\/p>\n<p><strong>Scambi<\/strong><br \/>\nIl modo pi\u00f9 rapido per assicurarsi di ottenere ci\u00f2 che si desidera \u00e8 restituire l'articolo in possesso e, una volta accettato il reso, effettuare un acquisto separato per il nuovo articolo.<\/p>\n<p><strong>Rimborsi<\/strong><br \/>\nVi informeremo una volta ricevuto e ispezionato il vostro reso e vi comunicheremo se il rimborso \u00e8 stato approvato o meno. Se approvato, riceverai l'indirizzo di restituzione e il rimborso automatico sul tuo metodo di pagamento originale una volta ricevuto l'articolo di ritorno. Si prega di ricordare che pu\u00f2 essere necessario un po' di tempo perch\u00e9 la banca o la societ\u00e0 di carte di credito elaborino e pubblichino il rimborso (sono sempre necessarie 48 ore).<\/p>","protected":false},"excerpt":{"rendered":"<p>Abbiamo una politica di restituzione di 30 giorni, il che significa che avete 30 giorni di tempo dopo aver ricevuto l'articolo per richiederne la restituzione. Per poter essere restituito, l'articolo deve essere nelle stesse condizioni in cui \u00e8 stato ricevuto, non indossato o non usato, con i cartellini e nella confezione originale. \u00c8 inoltre necessaria la ricevuta o la prova d'acquisto. [...]","protected":false},"author":1,"featured_media":0,"parent":0,"menu_order":0,"comment_status":"closed","ping_status":"closed","template":"","meta":{"footnotes":""},"class_list":["post-7453","page","type-page","status-publish","hentry"],"_links":{"self":[{"href":"https:\/\/sharingan.us\/it\/wp-json\/wp\/v2\/pages\/7453","targetHints":{"allow":["GET"]}}],"collection":[{"href":"https:\/\/sharingan.us\/it\/wp-json\/wp\/v2\/pages"}],"about":[{"href":"https:\/\/sharingan.us\/it\/wp-json\/wp\/v2\/types\/page"}],"author":[{"embeddable":true,"href":"https:\/\/sharingan.us\/it\/wp-json\/wp\/v2\/users\/1"}],"replies":[{"embeddable":true,"href":"https:\/\/sharingan.us\/it\/wp-json\/wp\/v2\/comments?post=7453"}],"version-history":[{"count":0,"href":"https:\/\/sharingan.us\/it\/wp-json\/wp\/v2\/pages\/7453\/revisions"}],"wp:attachment":[{"href":"https:\/\/sharingan.us\/it\/wp-json\/wp\/v2\/media?parent=7453"}],"curies":[{"name":"wp","href":"https:\/\/api.w.org\/{rel}","templated":true}]}}