{"id":7419,"date":"2021-11-28T05:09:28","date_gmt":"2021-11-28T09:09:28","guid":{"rendered":"https:\/\/sharingan.us\/?page_id=7419"},"modified":"2024-04-07T21:29:57","modified_gmt":"2024-04-07T13:29:57","slug":"verifica-della-prescrizione","status":"publish","type":"page","link":"https:\/\/sharingan.us\/it\/verifica-della-prescrizione\/","title":{"rendered":"Verifica delle prescrizioni"},"content":{"rendered":"<h4>Processo di verifica delle prescrizioni<\/h4>\n<p><strong>Per i clienti degli Stati Uniti d'America<\/strong><br \/>\nCome venditore di lenti a contatto,\u00a0<strong>Contatti Sharingan<\/strong>\u00a0mette al primo posto la salute e la sicurezza dei consumatori e ha la responsabilit\u00e0 di verificare la prescrizione prima di vendere le lenti ai clienti negli Stati Uniti d'America, in base al Fairness to Contact Lens Consumers Act (FCLCA).<\/p>\n<p><strong>Come funziona il processo di verifica?<\/strong><br \/>\nIl processo di verifica funziona cos\u00ec: voi ci fornite le informazioni sulla prescrizione e noi le inviamo al medico curante con una richiesta di verifica. Il medico curante ha otto ore lavorative per rispondere. Se il prescrittore non risponde entro i termini previsti, la prescrizione viene verificata automaticamente e noi possiamo fornire le lenti a contatto al consumatore.<\/p>\n<p>I clienti possono presentare la copia valida (file foto\/scansione) della prescrizione nelle tre opzioni seguenti:<br \/>\n1. Quando si accede a un account in <strong>Contatti Sharingan<\/strong> sito web <em><strong><a href=\"https:\/\/sharingan.us\/it\/\">https:\/\/sharingan.us<\/a><\/strong><\/em><br \/>\n2. Quando si effettua il check-out nel nostro carrello della spesa<br \/>\n3. Inviare la copia della foto\/scansione all'e-mail dell'assistenza:<em><strong><a href=\"mailto:service@sharingan.us\"> service@sharingan.us<\/a><\/strong><\/em>\u00a0con il vostro nome e l'ID dell'ordine.<\/p>\n<p>Vi preghiamo di fornirci il nome del vostro medico curante e le modalit\u00e0 di contatto, come l'e-mail o il numero di telefono, e noi utilizzeremo la comunicazione diretta con il vostro medico curante per verificare la vostra prescrizione. Come gi\u00e0 detto, le prescrizioni vengono verificate automaticamente se il prescrittore non risponde alla nostra richiesta di verifica entro \"otto ore lavorative\". Per ora lavorativa si intende un'ora compresa tra le 9.00 e le 17.00, dal luned\u00ec al venerd\u00ec, escluse le festivit\u00e0 federali, nel fuso orario del prescrittore. Se si stabilisce che un particolare prescrittore ha un orario di lavoro regolare il sabato, anche queste ore possono essere considerate come ore lavorative ai sensi della Regola.<\/p>\n<p><strong>Come si calcola il periodo di verifica di \"otto ore lavorative\"?<\/strong><br \/>\nNel calcolare le \"otto ore lavorative\", il periodo di verifica deve iniziare la prima ora lavorativa dopo che il prescrittore ha ricevuto una richiesta di verifica completa e terminare otto ore lavorative dopo. Ad esempio, se il prescrittore riceve una richiesta alle 10 di luned\u00ec, deve rispondere entro le 10 di marted\u00ec. Se non c'\u00e8 risposta, possiamo fornire le lenti a contatto alle 10:01 di marted\u00ec. Se la richiesta di verifica viene ricevuta alle 22.00 di luned\u00ec, la risposta dovr\u00e0 essere data entro le 17.00 di marted\u00ec. Se non c'\u00e8 risposta, possiamo fornire le lenti alle 17:01 di marted\u00ec.<\/p>\n<p><strong>Cosa succede se non ho la prescrizione di lenti a contatto?<\/strong><br \/>\nVisibly pu\u00f2 aiutarvi a trovare un medico vicino a voi per programmare un test e a inviarci la copia una volta ricevuta la prescrizione.<\/p>","protected":false},"excerpt":{"rendered":"<p>Processo di verifica della prescrizione per i clienti negli Stati Uniti d'America In qualit\u00e0 di venditore di lenti a contatto, Sharingan Contacts mette al primo posto la salute e la sicurezza dei consumatori e ha la responsabilit\u00e0 di verificare la prescrizione prima di vendere le lenti ai clienti negli Stati Uniti d'America in base al Fairness to Contact Lens Consumers Act (FCLCA). Come funziona il [...]","protected":false},"author":1,"featured_media":0,"parent":0,"menu_order":0,"comment_status":"closed","ping_status":"closed","template":"","meta":{"footnotes":""},"class_list":["post-7419","page","type-page","status-publish","hentry"],"_links":{"self":[{"href":"https:\/\/sharingan.us\/it\/wp-json\/wp\/v2\/pages\/7419","targetHints":{"allow":["GET"]}}],"collection":[{"href":"https:\/\/sharingan.us\/it\/wp-json\/wp\/v2\/pages"}],"about":[{"href":"https:\/\/sharingan.us\/it\/wp-json\/wp\/v2\/types\/page"}],"author":[{"embeddable":true,"href":"https:\/\/sharingan.us\/it\/wp-json\/wp\/v2\/users\/1"}],"replies":[{"embeddable":true,"href":"https:\/\/sharingan.us\/it\/wp-json\/wp\/v2\/comments?post=7419"}],"version-history":[{"count":0,"href":"https:\/\/sharingan.us\/it\/wp-json\/wp\/v2\/pages\/7419\/revisions"}],"wp:attachment":[{"href":"https:\/\/sharingan.us\/it\/wp-json\/wp\/v2\/media?parent=7419"}],"curies":[{"name":"wp","href":"https:\/\/api.w.org\/{rel}","templated":true}]}}