{"id":1004,"date":"2020-10-09T13:39:05","date_gmt":"2020-10-09T13:39:05","guid":{"rendered":"http:\/\/shoptimizer.local\/?page_id=848"},"modified":"2022-04-07T23:03:17","modified_gmt":"2022-04-08T03:03:17","slug":"circa","status":"publish","type":"page","link":"https:\/\/sharingan.us\/it\/circa\/","title":{"rendered":"Circa"},"content":{"rendered":"<h1><b><i>Chi siamo <\/i><\/b><\/h1>\n<h3><b><i>Siamo nati da un gruppo di fan che volevano realizzare lenti a contatto colorate che si adattassero perfettamente ai personaggi degli anime.<\/i><\/b><\/h3>\n<h6>Dopo aver esaminato le alternative<\/h6>\n<h2>Il nostro viaggio \u00e8 iniziato nel 2015<\/h2>\n<p style=\"text-align: right;\">Abbiamo iniziato nel 2015 e siamo costantemente alla ricerca della migliore fabbrica di lenti a contatto, utilizzando i pigmenti pi\u00f9 ecologici e sicuri e la tecnologia di tintura a sandwich pi\u00f9 sicura disponibile. Prendiamo sul serio il nostro lavoro!<\/p>\n<p>\t\t\t\t\t\t\t\t\t\t\t\t\t\t\t<img decoding=\"async\" width=\"1000\" height=\"667\" data-src=\"https:\/\/sharingan.us\/wp-content\/uploads\/2021\/11\/20879724.jpg\" alt=\"\" data-srcset=\"https:\/\/sharingan.us\/wp-content\/uploads\/2021\/11\/20879724.jpg 1000w, https:\/\/sharingan.us\/wp-content\/uploads\/2021\/11\/20879724-800x534.jpg 800w, https:\/\/sharingan.us\/wp-content\/uploads\/2021\/11\/20879724-768x512.jpg 768w, https:\/\/sharingan.us\/wp-content\/uploads\/2021\/11\/20879724-990x660.jpg 990w, https:\/\/sharingan.us\/wp-content\/uploads\/2021\/11\/20879724-441x294.jpg 441w, https:\/\/sharingan.us\/wp-content\/uploads\/2021\/11\/20879724-150x100.jpg 150w\" data-sizes=\"auto, (max-width: 360px) 147px, (max-width: 1000px) 100vw, 1000px\" title=\"\" src=\"data:image\/svg+xml;base64,PHN2ZyB3aWR0aD0iMSIgaGVpZ2h0PSIxIiB4bWxucz0iaHR0cDovL3d3dy53My5vcmcvMjAwMC9zdmciPjwvc3ZnPg==\" class=\"lazyload\" style=\"--smush-placeholder-width: 1000px; --smush-placeholder-aspect-ratio: 1000\/667;\"><br \/>\n\t\t\t\t\t\t\t\t\t\t\t\t\t\t\t<img decoding=\"async\" width=\"1000\" height=\"600\" data-src=\"https:\/\/sharingan.us\/wp-content\/uploads\/2021\/11\/dtc.jpg\" alt=\"\" data-srcset=\"https:\/\/sharingan.us\/wp-content\/uploads\/2021\/11\/dtc.jpg 1000w, https:\/\/sharingan.us\/wp-content\/uploads\/2021\/11\/dtc-800x480.jpg 800w, https:\/\/sharingan.us\/wp-content\/uploads\/2021\/11\/dtc-768x461.jpg 768w, https:\/\/sharingan.us\/wp-content\/uploads\/2021\/11\/dtc-990x594.jpg 990w, https:\/\/sharingan.us\/wp-content\/uploads\/2021\/11\/dtc-441x265.jpg 441w, https:\/\/sharingan.us\/wp-content\/uploads\/2021\/11\/dtc-150x90.jpg 150w\" data-sizes=\"auto, (max-width: 360px) 147px, (max-width: 1000px) 100vw, 1000px\" title=\"\" src=\"data:image\/svg+xml;base64,PHN2ZyB3aWR0aD0iMSIgaGVpZ2h0PSIxIiB4bWxucz0iaHR0cDovL3d3dy53My5vcmcvMjAwMC9zdmciPjwvc3ZnPg==\" class=\"lazyload\" style=\"--smush-placeholder-width: 1000px; --smush-placeholder-aspect-ratio: 1000\/600;\">\t\t\t\t\t\t\t\t\t\t\t\t\t\t\t<\/p>\n<h6>Una vestibilit\u00e0 perfetta per il tuo cosplay<\/h6>\n<h2>Direttamente ai consumatori<\/h2>\n<p>Promuoviamo e vendiamo i nostri prodotti direttamente ai consumatori, senza intermediari. Questo significa che siamo pi\u00f9 indipendenti nel produrre, promuovere, vendere e spedire i nostri prodotti. Il vantaggio \u00e8 che pur mantenendo alta la qualit\u00e0, abbiamo costi pi\u00f9 bassi. Cos\u00ec pi\u00f9 alta qualit\u00e0, abbiamo 40% prezzo pi\u00f9 basso rispetto ai nostri concorrenti.<\/p>\n<h6>Sicuro, confortevole e poco costoso<\/h6>\n<h2>Fabbrica Asia Premium<\/h2>\n<p style=\"text-align: right;\">I migliori materiali polimerici HEMA, i migliori pigmenti ecologici al mondo, la tecnologia di protezione della sicurezza a sandwich e ogni nostro prodotto viene sottoposto a 6 ispezioni manuali e 3 ispezioni a macchina prima di lasciare la fabbrica per garantire una sicurezza sufficiente. I nostri standard di sicurezza sono superiori a quelli dei concorrenti di 3 volte.<\/p>\n<p>\t\t\t\t\t\t\t\t\t\t\t\t\t\t\t<img decoding=\"async\" width=\"958\" height=\"689\" data-src=\"https:\/\/sharingan.us\/wp-content\/uploads\/2022\/04\/1545563G2-5.jpeg\" alt=\"\" data-srcset=\"https:\/\/sharingan.us\/wp-content\/uploads\/2022\/04\/1545563G2-5.jpeg 958w, https:\/\/sharingan.us\/wp-content\/uploads\/2022\/04\/1545563G2-5-800x575.jpeg 800w, https:\/\/sharingan.us\/wp-content\/uploads\/2022\/04\/1545563G2-5-768x552.jpeg 768w, https:\/\/sharingan.us\/wp-content\/uploads\/2022\/04\/1545563G2-5-60x43.jpeg 60w, https:\/\/sharingan.us\/wp-content\/uploads\/2022\/04\/1545563G2-5-110x79.jpeg 110w, https:\/\/sharingan.us\/wp-content\/uploads\/2022\/04\/1545563G2-5-441x317.jpeg 441w, https:\/\/sharingan.us\/wp-content\/uploads\/2022\/04\/1545563G2-5-150x108.jpeg 150w\" data-sizes=\"auto, (max-width: 360px) 147px, (max-width: 958px) 100vw, 958px\" title=\"\" src=\"data:image\/svg+xml;base64,PHN2ZyB3aWR0aD0iMSIgaGVpZ2h0PSIxIiB4bWxucz0iaHR0cDovL3d3dy53My5vcmcvMjAwMC9zdmciPjwvc3ZnPg==\" class=\"lazyload\" style=\"--smush-placeholder-width: 958px; --smush-placeholder-aspect-ratio: 958\/689;\"><br \/>\n\t\t\t\t\t\t\t\t\t\t\t\t\t\t\t<img decoding=\"async\" width=\"600\" height=\"400\" data-src=\"https:\/\/sharingan.us\/wp-content\/uploads\/2022\/04\/why-choose-us-sharingan-eye-lenses.webp\" alt=\"\" data-srcset=\"https:\/\/sharingan.us\/wp-content\/uploads\/2022\/04\/why-choose-us-sharingan-eye-lenses.webp 600w, https:\/\/sharingan.us\/wp-content\/uploads\/2022\/04\/why-choose-us-sharingan-eye-lenses-60x40.webp 60w, https:\/\/sharingan.us\/wp-content\/uploads\/2022\/04\/why-choose-us-sharingan-eye-lenses-110x73.webp 110w, https:\/\/sharingan.us\/wp-content\/uploads\/2022\/04\/why-choose-us-sharingan-eye-lenses-441x294.webp 441w, https:\/\/sharingan.us\/wp-content\/uploads\/2022\/04\/why-choose-us-sharingan-eye-lenses-150x100.webp 150w\" data-sizes=\"auto, (max-width: 360px) 147px, (max-width: 600px) 100vw, 600px\" title=\"\" src=\"data:image\/svg+xml;base64,PHN2ZyB3aWR0aD0iMSIgaGVpZ2h0PSIxIiB4bWxucz0iaHR0cDovL3d3dy53My5vcmcvMjAwMC9zdmciPjwvc3ZnPg==\" class=\"lazyload\" style=\"--smush-placeholder-width: 600px; --smush-placeholder-aspect-ratio: 600\/400;\">\t\t\t\t\t\t\t\t\t\t\t\t\t\t\t<\/p>\n<h6>Il prodotto viene prima di tutto<\/h6>\n<h2>Perch\u00e9 scegliere noi<\/h2>\n<p>Le lenti a contatto sono legate alla sicurezza degli occhi dei nostri clienti. Questa \u00e8 la nostra prima considerazione. Tuttavia, ci sono troppi piccoli produttori sul mercato che non sono in grado di soddisfare standard di sicurezza avanzati. Sostengono di avere numerose certificazioni di sicurezza, ma la situazione reale \u00e8 preoccupante. Non spendiamo mai soldi in pubblicit\u00e0 e marketing a pagamento, e ogni centesimo risparmiato viene ridotto nel prezzo. Crediamo sempre che l'alta qualit\u00e0, il prezzo adeguato e il servizio eccellente siano i motivi per cui oltre 100.000 clienti ci scelgono.<\/p>\n<h6>Oltre 100000 clienti soddisfatti<\/h6>\n<h2>Abbiamo appena iniziato<\/h2>\n<p>Negli ultimi anni, abbiamo servito 100.000 + clienti, e sempre pi\u00f9 fan cosplay stanno scegliendo di andare avanti con, ma sappiamo che questo \u00e8 solo l'inizio, e forniremo prodotti ancora pi\u00f9 eccellenti e servizi in futuro, siamo con voi!<\/p>\n<p>\t\t\t\t\t\t\t\t\t\t\t\t\t\t\t<img decoding=\"async\" width=\"800\" height=\"480\" data-src=\"https:\/\/sharingan.us\/wp-content\/uploads\/2018\/07\/about_01.jpg\" alt=\"\" data-srcset=\"https:\/\/sharingan.us\/wp-content\/uploads\/2018\/07\/about_01.jpg 800w, https:\/\/sharingan.us\/wp-content\/uploads\/2018\/07\/about_01-150x90.jpg 150w\" data-sizes=\"auto, (max-width: 360px) 147px, (max-width: 800px) 100vw, 800px\" title=\"\" src=\"data:image\/svg+xml;base64,PHN2ZyB3aWR0aD0iMSIgaGVpZ2h0PSIxIiB4bWxucz0iaHR0cDovL3d3dy53My5vcmcvMjAwMC9zdmciPjwvc3ZnPg==\" class=\"lazyload\" style=\"--smush-placeholder-width: 800px; --smush-placeholder-aspect-ratio: 800\/480;\"><\/p>","protected":false},"excerpt":{"rendered":"<p>About us We were born from a group of fans who wanted to make colored contact lenses that perfectly matched the anime characters. After looking at alternatives Our journey began in 2015 We started in 2015, and we are constantly figuring out the best contact lens factory, using the most environmentally friendly and safe pigments [&#8230;]","protected":false},"author":1,"featured_media":0,"parent":0,"menu_order":0,"comment_status":"closed","ping_status":"closed","template":"template-fullwidth-no-heading.php","meta":{"footnotes":""},"class_list":["post-1004","page","type-page","status-publish","hentry"],"_links":{"self":[{"href":"https:\/\/sharingan.us\/it\/wp-json\/wp\/v2\/pages\/1004","targetHints":{"allow":["GET"]}}],"collection":[{"href":"https:\/\/sharingan.us\/it\/wp-json\/wp\/v2\/pages"}],"about":[{"href":"https:\/\/sharingan.us\/it\/wp-json\/wp\/v2\/types\/page"}],"author":[{"embeddable":true,"href":"https:\/\/sharingan.us\/it\/wp-json\/wp\/v2\/users\/1"}],"replies":[{"embeddable":true,"href":"https:\/\/sharingan.us\/it\/wp-json\/wp\/v2\/comments?post=1004"}],"version-history":[{"count":0,"href":"https:\/\/sharingan.us\/it\/wp-json\/wp\/v2\/pages\/1004\/revisions"}],"wp:attachment":[{"href":"https:\/\/sharingan.us\/it\/wp-json\/wp\/v2\/media?parent=1004"}],"curies":[{"name":"wp","href":"https:\/\/api.w.org\/{rel}","templated":true}]}}