{"id":7337,"date":"2021-11-27T08:48:21","date_gmt":"2021-11-27T12:48:21","guid":{"rendered":"https:\/\/sharingan.us\/?post_type=product&#038;p=7337"},"modified":"2024-10-05T15:34:53","modified_gmt":"2024-10-05T07:34:53","slug":"tsunade-contacts","status":"publish","type":"product","link":"https:\/\/sharingan.us\/fr\/tsunade-contacts\/","title":{"rendered":"Contacts avec Tsunade"},"content":{"rendered":"<h4>Contacts avec Tsunade<\/h4>\n<p>Voici les lentilles de contact Tsunade - le moyen parfait d'ajouter une touche d'authenticit\u00e9 \u00e0 votre cosplay ! Ces lentilles de contact de haute qualit\u00e9 sont con\u00e7ues pour imiter l'aspect unique des yeux de Tsunade dans la c\u00e9l\u00e8bre s\u00e9rie anim\u00e9e.<\/p>\n<p>Fabriqu\u00e9es \u00e0 partir de mat\u00e9riaux de premi\u00e8re qualit\u00e9, ces lentilles sont agr\u00e9ables \u00e0 porter et faciles \u00e0 utiliser. Le design est tr\u00e8s d\u00e9taill\u00e9 avec un motif violet et noir frappant, qui fera ressortir vos yeux et ajoutera une touche d'\u00e9l\u00e9gance \u00e0 votre costume.<\/p>\n<p>Que vous participiez \u00e0 un \u00e9v\u00e9nement de cosplay ou que vous souhaitiez simplement montrer votre amour pour la s\u00e9rie, ces lentilles Tsunade sont le choix id\u00e9al. Ils conviennent \u00e0 une grande vari\u00e9t\u00e9 d'occasions et d'\u00e9v\u00e9nements cosplay, et ne manqueront pas d'impressionner tous ceux qui vous entourent.<\/p>\n<p>Alors pourquoi attendre ? Commandez vos contacts Tsunade d\u00e8s aujourd'hui et faites passer votre cosplay au niveau sup\u00e9rieur !<\/p>\n<p>&nbsp;<\/p>\n<p>Tsunade est une descendante des clans Senju et Uzumaki, et l'une des Sannin de Konohagakure. Elle est r\u00e9put\u00e9e pour \u00eatre la kunoichi la plus forte du monde et le plus grand m\u00e9decin-nin. La perte r\u00e9p\u00e9t\u00e9e de ses proches a pouss\u00e9 Tsunade \u00e0 abandonner la vie de shinobi pendant de nombreuses ann\u00e9es.<\/p>\n<p>Affiliations : Village de la Feuille Cach\u00e9e, Forces Shinobi Alli\u00e9es<br \/>\nL'\u00e9quipe : \u00c9quipe Hiruzen<br \/>\nClan : Clan Senju<br \/>\nClassification : Sannin, M\u00e9decin-nin<br \/>\nFr\u00e8res et s\u0153urs : Nawaki<\/p>","protected":false},"excerpt":{"rendered":"<p>Contacts Tsunade Voici les contacts Tsunade - le moyen id\u00e9al d'ajouter une touche d'authenticit\u00e9 \u00e0 votre cosplay ! Ces lentilles de contact de haute qualit\u00e9 sont con\u00e7ues pour imiter l'aspect unique des yeux de Tsunade dans la c\u00e9l\u00e8bre s\u00e9rie anim\u00e9e. Fabriqu\u00e9es \u00e0 partir de mat\u00e9riaux de premi\u00e8re qualit\u00e9, ces lentilles sont confortables \u00e0 porter et faciles \u00e0 utiliser. Le design est [...]","protected":false},"featured_media":18479,"comment_status":"open","ping_status":"closed","template":"","meta":[],"product_brand":[],"product_cat":[83],"product_tag":[119],"class_list":{"0":"post-7337","1":"product","2":"type-product","3":"status-publish","4":"has-post-thumbnail","6":"product_cat-cosplay-contacts","7":"product_tag-tsunade-contacts","9":"first","10":"instock","11":"sale","12":"taxable","13":"shipping-taxable","14":"purchasable","15":"product-type-variable","16":"has-default-attributes"},"_links":{"self":[{"href":"https:\/\/sharingan.us\/fr\/wp-json\/wp\/v2\/product\/7337","targetHints":{"allow":["GET"]}}],"collection":[{"href":"https:\/\/sharingan.us\/fr\/wp-json\/wp\/v2\/product"}],"about":[{"href":"https:\/\/sharingan.us\/fr\/wp-json\/wp\/v2\/types\/product"}],"replies":[{"embeddable":true,"href":"https:\/\/sharingan.us\/fr\/wp-json\/wp\/v2\/comments?post=7337"}],"wp:featuredmedia":[{"embeddable":true,"href":"https:\/\/sharingan.us\/fr\/wp-json\/wp\/v2\/media\/18479"}],"wp:attachment":[{"href":"https:\/\/sharingan.us\/fr\/wp-json\/wp\/v2\/media?parent=7337"}],"wp:term":[{"taxonomy":"product_brand","embeddable":true,"href":"https:\/\/sharingan.us\/fr\/wp-json\/wp\/v2\/product_brand?post=7337"},{"taxonomy":"product_cat","embeddable":true,"href":"https:\/\/sharingan.us\/fr\/wp-json\/wp\/v2\/product_cat?post=7337"},{"taxonomy":"product_tag","embeddable":true,"href":"https:\/\/sharingan.us\/fr\/wp-json\/wp\/v2\/product_tag?post=7337"}],"curies":[{"name":"wp","href":"https:\/\/api.w.org\/{rel}","templated":true}]}}