{"id":7251,"date":"2021-11-26T00:12:33","date_gmt":"2021-11-26T04:12:33","guid":{"rendered":"https:\/\/sharingan.us\/?post_type=product&#038;p=7251"},"modified":"2024-10-05T15:34:53","modified_gmt":"2024-10-05T07:34:53","slug":"lentilles-de-contact-kakuzu-cosplay","status":"publish","type":"product","link":"https:\/\/sharingan.us\/fr\/lentilles-de-contact-kakuzu-cosplay\/","title":{"rendered":"Lentilles de contact Kakuzu Cosplay"},"content":{"rendered":"<h1 class=\"md-end-block md-heading\"><span class=\"md-plain md-expand\">Lib\u00e9rez le tr\u00e9sorier Akatsuki qui sommeille en vous avec les lentilles de contact Cosplay vertes de Kakuzu ! \ud83d\udcb0\ud83d\udc41\ufe0f<\/span><\/h1>\n<p class=\"md-end-block md-p\"><span class=\"md-plain\">Incarnez le membre embl\u00e9matique d'Akatsuki avec ces lentilles de contact Kakuzu ! \ud83d\udc40<\/span> <span class=\"md-plain\">Attention \u00e0 tous les cosplayers de Naruto et aux fans du c\u00e9l\u00e8bre Akatsuki ! Pr\u00e9parez-vous \u00e0 incarner la puissance et l'impitoyabilit\u00e9 de Kakuzu avec ces incroyables lentilles de contact vertes pour cosplay. Ces lentilles reproduisent parfaitement les yeux de Kakuzu, avec une teinte verte vive qui vous permettra d'incarner avec authenticit\u00e9 le shinobi immortel et le ma\u00eetre de la technique Earth Grudge Fear (peur de la rancune de la terre) !<\/span><\/p>\n<p class=\"md-end-block md-p\"><span class=\"md-plain\">Confort et s\u00e9curit\u00e9 sans compromis pour une utilisation prolong\u00e9e \ud83d\udc8e<\/span> <span class=\"md-plain\">Nous comprenons que le confort et la s\u00e9curit\u00e9 sont de la plus haute importance lorsqu'il s'agit de lentilles de contact pour cosplay. Ces lentilles de contact cosplay vertes Kakuzu sont fabriqu\u00e9es avec des mat\u00e9riaux de premi\u00e8re qualit\u00e9 et con\u00e7ues pour offrir un ajustement parfait et une clart\u00e9 exceptionnelle. Elles sont approuv\u00e9es par la FDA et r\u00e9pondent \u00e0 toutes les normes de s\u00e9curit\u00e9, ce qui vous permet de les porter en toute confiance pendant de longues p\u00e9riodes sans aucune g\u00eane ou perturbation visuelle.<\/span><\/p>\n<p class=\"md-end-block md-p\"><span class=\"md-plain\">M\u00e9ticuleusement con\u00e7u pour reproduire les yeux verts per\u00e7ants de Kakuzu \ud83c\udfa8<\/span> <span class=\"md-plain\">L'attention port\u00e9e aux d\u00e9tails de ces lentilles de contact vertes pour cosplay Kakuzu est vraiment remarquable. La couleur verte vibrante capture parfaitement l'essence des yeux per\u00e7ants de Kakuzu, ajoutant une couche suppl\u00e9mentaire d'authenticit\u00e9 \u00e0 votre cosplay. En enfilant ces lentilles de contact, vous sentirez la puissance et la ruse du tr\u00e9sorier de l'Akatsuki vous envahir, ce qui vous permettra de vous immerger totalement dans le personnage.<\/span><\/p>\n<p class=\"md-end-block md-p\"><span class=\"md-plain\">Les influenceurs du Cosplay recommandent vivement ces lentilles de contact Kakuzu Green Cosplay ! \ud83c\udf1f<\/span><\/p>\n<p class=\"md-end-block md-p\"><span class=\"md-plain\">\"En tant que cosplayer qui aime incarner des m\u00e9chants complexes, ces lentilles de contact vertes pour cosplay Kakuzu ont chang\u00e9 la donne ! La couleur verte frappante capture parfaitement les yeux embl\u00e9matiques de Kakuzu, et le confort est imbattable. Je les recommande vivement \u00e0 tous ceux qui cherchent \u00e0 cosplayer ce redoutable membre de l'Akatsuki !\" - \ud83d\udcb0 KakuzuCosplayMaster<\/span><\/p>\n<p class=\"md-end-block md-p\"><span class=\"md-plain\">\"J'ai \u00e9t\u00e9 ravie de trouver ces lentilles de contact cosplay vertes de Kakuzu ! La teinte verte vibrante incarne parfaitement le regard per\u00e7ant de Kakuzu, et la qualit\u00e9 est exceptionnelle. Ces lentilles sont devenues un \u00e9l\u00e9ment essentiel de mes cosplays Akatsuki !\" - \ud83d\udc41\ufe0f AkatsukiLegend<\/span><\/p>\n<p class=\"md-end-block md-p\"><span class=\"md-plain\">\"Ces lentilles de contact vertes pour cosplay Kakuzu sont indispensables pour tout cosplayer s\u00e9rieux de Naruto cherchant \u00e0 incarner ce m\u00e9chant embl\u00e9matique. Le confort et le design sont in\u00e9gal\u00e9s, et elles m'ont aid\u00e9 \u00e0 cr\u00e9er des moments de cosplay vraiment inoubliables !\" - \ud83c\udf00 KakuzuCosplayPro<\/span><\/p>\n<p class=\"md-end-block md-p\"><span class=\"md-plain\">Embrassez la puissance et l'impitoyabilit\u00e9 de Kakuzu ! \ud83c\udf0d<\/span> <span class=\"md-plain\">En portant ces lentilles de contact cosplay vertes de Kakuzu, vous incarnez la puissance et l'impitoyabilit\u00e9 de l'un des membres les plus redoutables de l'Akatsuki. Mettez en valeur les yeux verts per\u00e7ants de Kakuzu, cr\u00e9ez des exp\u00e9riences de cosplay captivantes et laissez une impression durable \u00e0 tous ceux qui seront t\u00e9moins de votre transformation.<\/span><\/p>\n<p class=\"md-end-block md-p\"><span class=\"md-plain\">Votre voyage dans le monde de Kakuzu vous attend - laissez ces lentilles de contact cosplay vertes \u00eatre votre cl\u00e9 pour d\u00e9bloquer votre v\u00e9ritable potentiel m\u00e9chant ! \ud83d\udcb0\ud83d\udc41\ufe0f<\/span><\/p>\n<p class=\"md-end-block md-p md-focus\"><span class=\"md-plain md-expand\">#KakuzuGreenCosplayContacts #AkatsukiCosplay #NarutoCosplayersUnite #EmbraceYourVillainousSide<\/span><\/p>\n<figure id=\"attachment_7382\" aria-describedby=\"caption-attachment-7382\" style=\"width: 300px\" class=\"wp-caption alignnone\"><img decoding=\"async\" class=\"size-thumbnail wp-image-7382 lazyload\" data-src=\"https:\/\/sharingan.us\/wp-content\/uploads\/2021\/11\/Kakuzu-300x300.jpg\" alt=\"Contacts Kakuzu\" width=\"300\" height=\"300\" title=\"\" data-srcset=\"https:\/\/sharingan.us\/wp-content\/uploads\/2021\/11\/Kakuzu-300x300.jpg 300w, https:\/\/sharingan.us\/wp-content\/uploads\/2021\/11\/Kakuzu-100x100.jpg 100w, https:\/\/sharingan.us\/wp-content\/uploads\/2021\/11\/Kakuzu-768x768.jpg 768w, https:\/\/sharingan.us\/wp-content\/uploads\/2021\/11\/Kakuzu-12x12.jpg 12w, https:\/\/sharingan.us\/wp-content\/uploads\/2021\/11\/Kakuzu-60x60.jpg 60w, https:\/\/sharingan.us\/wp-content\/uploads\/2021\/11\/Kakuzu-110x110.jpg 110w, https:\/\/sharingan.us\/wp-content\/uploads\/2021\/11\/Kakuzu-510x510.jpg 510w, https:\/\/sharingan.us\/wp-content\/uploads\/2021\/11\/Kakuzu.jpg 800w\" data-sizes=\"(max-width: 300px) 100vw, 300px\" src=\"data:image\/svg+xml;base64,PHN2ZyB3aWR0aD0iMSIgaGVpZ2h0PSIxIiB4bWxucz0iaHR0cDovL3d3dy53My5vcmcvMjAwMC9zdmciPjwvc3ZnPg==\" style=\"--smush-placeholder-width: 300px; --smush-placeholder-aspect-ratio: 300\/300;\" \/><figcaption id=\"caption-attachment-7382\" class=\"wp-caption-text\">Kakuzu cosplay lentilles de contact<\/figcaption><\/figure>\n<p>Kakuzu est un ninja rebelle du village cach\u00e9 dans la cascade qui est devenu membre de l'Akatsuki, dont il est le tr\u00e9sorier, et un antagoniste de la s\u00e9rie manga\/anime. Il vole les c\u0153urs de ses victimes afin de rester en vie et d'atteindre une dur\u00e9e de vie quasi-immortelle.<\/p>\n<p>Affiliations : Akatsuki, Takigakure<br \/>\nClassification : Rang S, Missing-nin<\/p>\n<p>Entrez dans le monde des capacit\u00e9s extraordinaires des ninjas avec nos exceptionnelles lentilles de contact Kakuzu. Con\u00e7ues pour les vrais passionn\u00e9s du l\u00e9gendaire royaume des shinobis, ces lentilles uniques apportent un air de myst\u00e8re et de puissance \u00e0 vos yeux sans compromettre le confort ou la s\u00e9curit\u00e9.<\/p>\n<p>Inspir\u00e9es par un personnage \u00e9nigmatique d'une s\u00e9rie anim\u00e9e tr\u00e8s appr\u00e9ci\u00e9e, ces lentilles sp\u00e9cialis\u00e9es \u00e9voquent l'essence des secrets anciens et de la force redoutable. Chaque paire de lentilles de contact Kakuzu est m\u00e9ticuleusement fabriqu\u00e9e \u00e0 l'aide d'une technologie de pointe, garantissant un ajustement impeccable et une transformation visuelle remarquable.<\/p>\n<p>Avec leur m\u00e9lange frappant de teintes sombres et de motifs complexes, ces lentilles captivent instantan\u00e9ment les spectateurs et attisent leur curiosit\u00e9. Que vous assistiez \u00e0 des \u00e9v\u00e9nements de cosplay, \u00e0 des conventions d'anime ou que vous souhaitiez simplement vous d\u00e9marquer dans votre vie de tous les jours, les lentilles Kakuzu sont votre compagnon id\u00e9al.<\/p>\n<p>Plongez dans le monde de la manipulation des ombres et des jutsu cach\u00e9s en enfilant ces lentilles hypnotiques. Canalisez le pouvoir d'un shinobi l\u00e9gendaire sans prononcer un seul mot. Laissez vos yeux parler et laissez une impression durable partout o\u00f9 vous allez.<\/p>\n<p>Vivez l'exp\u00e9rience de devenir l'incarnation vivante de l'univers ninja avec les Contacts Kakuzu. Lib\u00e9rez le guerrier qui sommeille en vous, embrassez l'\u00e9nigme et conqu\u00e9rez le c\u0153ur et l'esprit de tous ceux qui croiseront votre chemin. Osez \u00eatre diff\u00e9rent, osez \u00eatre extraordinaire !<\/p>\n<p>Remarque : ces lentilles sont uniquement destin\u00e9es \u00e0 des fins esth\u00e9tiques et ne conf\u00e8rent aucune capacit\u00e9 surnaturelle. Veuillez consulter un professionnel de la vue avant de les utiliser.<\/p>","protected":false},"excerpt":{"rendered":"<p>Lib\u00e9rez le tr\u00e9sorier d'Akatsuki qui sommeille en vous avec les lentilles de contact Cosplay vertes de Kakuzu ! \ud83d\udcb0\ud83d\udc41\ufe0f Incarnez le membre embl\u00e9matique de l'Akatsuki avec ces lentilles de contact Kakuzu ! \ud83d\udc40 Attention \u00e0 tous les cosplayers de Naruto et aux fans de la c\u00e9l\u00e8bre Akatsuki ! Pr\u00e9parez-vous \u00e0 canaliser la puissance et l'impitoyabilit\u00e9 de Kakuzu avec ces incroyables lentilles de contact cosplay vertes. Ces lentilles capturent parfaitement l'image de Kakuzu [...]","protected":false},"featured_media":18575,"comment_status":"open","ping_status":"closed","template":"","meta":[],"product_brand":[],"product_cat":[83],"product_tag":[107],"class_list":{"0":"post-7251","1":"product","2":"type-product","3":"status-publish","4":"has-post-thumbnail","6":"product_cat-cosplay-contacts","7":"product_tag-byakugan","9":"first","10":"instock","11":"sale","12":"taxable","13":"shipping-taxable","14":"purchasable","15":"product-type-variable","16":"has-default-attributes"},"_links":{"self":[{"href":"https:\/\/sharingan.us\/fr\/wp-json\/wp\/v2\/product\/7251","targetHints":{"allow":["GET"]}}],"collection":[{"href":"https:\/\/sharingan.us\/fr\/wp-json\/wp\/v2\/product"}],"about":[{"href":"https:\/\/sharingan.us\/fr\/wp-json\/wp\/v2\/types\/product"}],"replies":[{"embeddable":true,"href":"https:\/\/sharingan.us\/fr\/wp-json\/wp\/v2\/comments?post=7251"}],"wp:featuredmedia":[{"embeddable":true,"href":"https:\/\/sharingan.us\/fr\/wp-json\/wp\/v2\/media\/18575"}],"wp:attachment":[{"href":"https:\/\/sharingan.us\/fr\/wp-json\/wp\/v2\/media?parent=7251"}],"wp:term":[{"taxonomy":"product_brand","embeddable":true,"href":"https:\/\/sharingan.us\/fr\/wp-json\/wp\/v2\/product_brand?post=7251"},{"taxonomy":"product_cat","embeddable":true,"href":"https:\/\/sharingan.us\/fr\/wp-json\/wp\/v2\/product_cat?post=7251"},{"taxonomy":"product_tag","embeddable":true,"href":"https:\/\/sharingan.us\/fr\/wp-json\/wp\/v2\/product_tag?post=7251"}],"curies":[{"name":"wp","href":"https:\/\/api.w.org\/{rel}","templated":true}]}}