{"id":7110,"date":"2021-11-23T12:04:45","date_gmt":"2021-11-23T12:04:45","guid":{"rendered":"https:\/\/sharingan.us\/?post_type=product&#038;p=7110"},"modified":"2024-10-05T15:34:51","modified_gmt":"2024-10-05T07:34:51","slug":"deux-contacts-tomoe-sharingan","status":"publish","type":"product","link":"https:\/\/sharingan.us\/fr\/deux-contacts-tomoe-sharingan\/","title":{"rendered":"Deux contacts Tomoe Sharingan"},"content":{"rendered":"<h4>Deux contacts Tomoe Sharingan<\/h4>\n<p>Au premier \u00e9veil, chaque Sharingan n'a g\u00e9n\u00e9ralement qu'un seul tomoe, bien que dans certains cas, il gagne imm\u00e9diatement deux tomoe dans chacun de ses yeux. Gr\u00e2ce \u00e0 la croissance \u00e9motionnelle dans des conditions extr\u00eames, le Sharingan continuera \u00e0 se d\u00e9velopper, sa pleine maturation \u00e9tant repr\u00e9sent\u00e9e par un troisi\u00e8me tomoe.<\/p>\n<p>D\u00e9verrouillez la deuxi\u00e8me \u00e9tape du l\u00e9gendaire Sharingan avec ces remarquables lentilles de contact Two Tomoe Sharingan. Que ce soit pour un cosplay ou pour une simple d\u00e9claration de mode, ces lentilles color\u00e9es vous donneront l'impression distincte et inimitable d'avoir \u00e9veill\u00e9 la deuxi\u00e8me tomoe du Sharingan.<\/p>\n<p>M\u00e9ticuleusement con\u00e7us pour recr\u00e9er l'image embl\u00e9matique, les contacts Two Tomoe Sharingan pr\u00e9sentent un iris rouge brillant avec deux tomoe noirs en orbite autour de la pupille. Le r\u00e9sultat est une apparence de dojutsu incroyablement r\u00e9aliste, tout comme le c\u00e9l\u00e8bre jutsu visuel du clan Uchiha.<\/p>\n<p>Les lentilles Two Tomoe Sharingan sont fabriqu\u00e9es \u00e0 partir de mat\u00e9riaux de haute qualit\u00e9 et sont soumises \u00e0 des tests rigoureux pour garantir leur s\u00e9curit\u00e9 et leur confort tout au long de la journ\u00e9e. Gr\u00e2ce aux lentilles de protection contre les UV, vous pouvez invoquer le pouvoir de la vision et de la perception accrues du Sharingan.<\/p>\n<p>Que vous participiez \u00e0 la prochaine grande convention d'anime en tant que Sasuke ou que vous souhaitiez simplement faire tourner les t\u00eates, r\u00e9veillez le shinobi qui sommeille en vous avec les lentilles Two Tomoe Sharingan. Gr\u00e2ce \u00e0 ces lentilles, vous profiterez de la force, de la perception et des capacit\u00e9s de la deuxi\u00e8me \u00e9tape du Sharingan.<\/p>","protected":false},"excerpt":{"rendered":"<p>Contacts Sharingan \u00e0 deux tomes Lors de son \u00e9veil, chaque Sharingan n'a g\u00e9n\u00e9ralement qu'un seul tomes, bien que dans certains cas, il gagne imm\u00e9diatement deux tomes dans chacun de ses yeux. Gr\u00e2ce \u00e0 la croissance \u00e9motionnelle et \u00e0 des conditions extr\u00eames, le Sharingan continuera \u00e0 se d\u00e9velopper, sa pleine maturation \u00e9tant repr\u00e9sent\u00e9e par un troisi\u00e8me tomoe. D\u00e9verrouillez la deuxi\u00e8me \u00e9tape du [...]","protected":false},"featured_media":7106,"comment_status":"open","ping_status":"closed","template":"","meta":[],"product_brand":[],"product_cat":[49],"product_tag":[81,80],"class_list":{"0":"post-7110","1":"product","2":"type-product","3":"status-publish","4":"has-post-thumbnail","6":"product_cat-sharingan-contacts","7":"product_tag-kakashi","8":"product_tag-sharingan-contacts","10":"first","11":"instock","12":"sale","13":"featured","14":"taxable","15":"shipping-taxable","16":"purchasable","17":"product-type-variable","18":"has-default-attributes"},"_links":{"self":[{"href":"https:\/\/sharingan.us\/fr\/wp-json\/wp\/v2\/product\/7110","targetHints":{"allow":["GET"]}}],"collection":[{"href":"https:\/\/sharingan.us\/fr\/wp-json\/wp\/v2\/product"}],"about":[{"href":"https:\/\/sharingan.us\/fr\/wp-json\/wp\/v2\/types\/product"}],"replies":[{"embeddable":true,"href":"https:\/\/sharingan.us\/fr\/wp-json\/wp\/v2\/comments?post=7110"}],"wp:featuredmedia":[{"embeddable":true,"href":"https:\/\/sharingan.us\/fr\/wp-json\/wp\/v2\/media\/7106"}],"wp:attachment":[{"href":"https:\/\/sharingan.us\/fr\/wp-json\/wp\/v2\/media?parent=7110"}],"wp:term":[{"taxonomy":"product_brand","embeddable":true,"href":"https:\/\/sharingan.us\/fr\/wp-json\/wp\/v2\/product_brand?post=7110"},{"taxonomy":"product_cat","embeddable":true,"href":"https:\/\/sharingan.us\/fr\/wp-json\/wp\/v2\/product_cat?post=7110"},{"taxonomy":"product_tag","embeddable":true,"href":"https:\/\/sharingan.us\/fr\/wp-json\/wp\/v2\/product_tag?post=7110"}],"curies":[{"name":"wp","href":"https:\/\/api.w.org\/{rel}","templated":true}]}}