{"id":7071,"date":"2021-11-23T11:12:17","date_gmt":"2021-11-23T11:12:17","guid":{"rendered":"https:\/\/sharingan.us\/?post_type=product&#038;p=7071"},"modified":"2024-10-05T15:34:51","modified_gmt":"2024-10-05T07:34:51","slug":"one-tomoe-sharingan-contacts","status":"publish","type":"product","link":"https:\/\/sharingan.us\/fr\/one-tomoe-sharingan-contacts\/","title":{"rendered":"Un contact Tomoe Sharingan"},"content":{"rendered":"<h1 class=\"md-end-block md-heading\"><span class=\"md-plain md-expand\">Lib\u00e9rez votre potentiel d'Uchiha avec un contact Tomoe Sharingan ! \ud83d\udd34\u2694\ufe0f<\/span><\/h1>\n<p class=\"md-end-block md-p\"><span class=\"md-plain\">R\u00e9veillez votre voyage Sharingan avec ces lentilles de contact authentiques One Tomoe Sharingan ! \ud83d\udc40<\/span> <span class=\"md-plain\">Attention \u00e0 tous les aspirants membres du clan Uchiha et aux cosplayers de Naruto ! Commencez votre voyage pour lib\u00e9rer vos pouvoirs Sharingan avec ces incroyables lentilles One Tomoe Sharingan. Que vous incarniez un jeune Sasuke, Itachi ou tout autre personnage Uchiha aux premiers stades du d\u00e9veloppement du Sharingan, ces lentilles de contact sont l'accessoire parfait pour donner vie \u00e0 votre cosplay !<\/span><\/p>\n<p class=\"md-end-block md-p\"><span class=\"md-plain\">Confort et s\u00e9curit\u00e9 : Vos priorit\u00e9s \ud83d\udc8e<\/span> <span class=\"md-plain\">Nous savons que le confort et la s\u00e9curit\u00e9 sont des facteurs cruciaux lorsqu'il s'agit de lentilles de contact pour cosplay. Ces lentilles One Tomoe Sharingan sont fabriqu\u00e9es avec des mat\u00e9riaux de premi\u00e8re qualit\u00e9 et con\u00e7ues pour offrir un ajustement parfait et une clart\u00e9 exceptionnelle. Elles sont approuv\u00e9es par la FDA et r\u00e9pondent \u00e0 toutes les normes de s\u00e9curit\u00e9, ce qui vous permet de les porter en toute confiance pendant de longues p\u00e9riodes sans aucune g\u00eane ou perturbation visuelle.<\/span><\/p>\n<p class=\"md-end-block md-p\"><span class=\"md-plain\">M\u00e9ticuleusement con\u00e7u pour capturer l'essence du One Tomoe Sharingan \ud83c\udfa8<\/span> <span class=\"md-plain\">L'attention port\u00e9e aux d\u00e9tails de ces contacts One Tomoe Sharingan est vraiment remarquable. Le design complexe reproduit parfaitement le stade initial du Sharingan, avec un seul tomoe sur un fond rouge vif. En enfilant ces lentilles de contact, tu sentiras tes pouvoirs d'Uchiha s'\u00e9veiller, ce qui te permettra de repr\u00e9senter avec authenticit\u00e9 les premi\u00e8res \u00e9tapes du voyage Sharingan de ton personnage.<\/span><\/p>\n<p class=\"md-end-block md-p\"><span class=\"md-plain\">Les influenceurs de Cosplay recommandent vivement ces contacts One Tomoe Sharingan ! \ud83c\udf1f<\/span><\/p>\n<p class=\"md-end-block md-p\"><span class=\"md-plain\">\"En tant que cosplayer qui repr\u00e9sente souvent des versions plus jeunes des personnages Uchiha, ces lentilles One Tomoe Sharingan ont chang\u00e9 la donne pour moi ! Le design est parfait et le confort est in\u00e9gal\u00e9. Je les recommande vivement \u00e0 tous ceux qui cherchent \u00e0 cosplayer un Uchiha dans les premiers stades de leur \u00e9veil au Sharingan !\" - \ud83d\udd34 YoungUchihaCosplayPro<\/span><\/p>\n<p class=\"md-end-block md-p\"><span class=\"md-plain\">\"J'ai \u00e9t\u00e9 ravie de trouver ces contacts One Tomoe Sharingan ! Elles capturent parfaitement l'essence de l'\u00e9tape initiale du Sharingan, et la qualit\u00e9 est exceptionnelle. Ces lentilles sont devenues un \u00e9l\u00e9ment essentiel de mes cosplays Uchiha !\" - \ud83c\udf00 OneTomoeMangekyouMaster<\/span><\/p>\n<p class=\"md-end-block md-p\"><span class=\"md-plain\">\"Ces lentilles One Tomoe Sharingan sont indispensables \u00e0 tout cosplayer de Naruto repr\u00e9sentant un jeune Uchiha. Le confort et le design sont imbattables, et ils m'ont aid\u00e9 \u00e0 cr\u00e9er des moments de cosplay vraiment m\u00e9morables !\" - \ud83d\udd25 UchihaRisingStar<\/span><\/p>\n<p class=\"md-end-block md-p\"><span class=\"md-plain\">Commencez votre voyage Uchiha d\u00e8s aujourd'hui ! \ud83c\udf0d<\/span> <span class=\"md-plain\">En portant ces lentilles de contact One Tomoe Sharingan, vous franchissez la premi\u00e8re \u00e9tape de votre parcours de cosplayeur Uchiha. Adoptez les premiers stades du Sharingan, mettez en valeur le potentiel du personnage que vous avez choisi et cr\u00e9ez des exp\u00e9riences de cosplay captivantes qui laisseront une impression durable \u00e0 tous ceux qui assisteront \u00e0 votre transformation.<\/span><\/p>\n<p class=\"md-end-block md-p\"><span class=\"md-plain\">Ton \u00e9veil d'Uchiha t'attend - laisse ces contacts One Tomoe Sharingan te guider sur le chemin de la grandeur ! \ud83d\udd34\u2694\ufe0f<\/span><\/p>\n<p class=\"md-end-block md-p md-focus\"><span class=\"md-plain md-expand\">#OneTomoeSharing<\/span><\/p>","protected":false},"excerpt":{"rendered":"<p>Lib\u00e9rez votre potentiel Uchiha avec les lentilles de contact One Tomoe Sharingan ! \ud83d\udd34\u2694\ufe0f R\u00e9veillez votre voyage Sharingan avec ces authentiques lentilles de contact One Tomoe Sharingan ! \ud83d\udc40 Attention \u00e0 tous les aspirants membres du clan Uchiha et aux cosplayers de Naruto ! Commencez votre voyage pour lib\u00e9rer vos pouvoirs Sharingan avec ces incroyables lentilles de contact One Tomoe Sharingan. Que vous incarniez un jeune Sasuke, Itachi ou [...]","protected":false},"featured_media":7102,"comment_status":"open","ping_status":"closed","template":"","meta":[],"product_brand":[],"product_cat":[49],"product_tag":[81,80],"class_list":{"0":"post-7071","1":"product","2":"type-product","3":"status-publish","4":"has-post-thumbnail","6":"product_cat-sharingan-contacts","7":"product_tag-kakashi","8":"product_tag-sharingan-contacts","10":"first","11":"instock","12":"sale","13":"featured","14":"taxable","15":"shipping-taxable","16":"purchasable","17":"product-type-variable","18":"has-default-attributes"},"_links":{"self":[{"href":"https:\/\/sharingan.us\/fr\/wp-json\/wp\/v2\/product\/7071","targetHints":{"allow":["GET"]}}],"collection":[{"href":"https:\/\/sharingan.us\/fr\/wp-json\/wp\/v2\/product"}],"about":[{"href":"https:\/\/sharingan.us\/fr\/wp-json\/wp\/v2\/types\/product"}],"replies":[{"embeddable":true,"href":"https:\/\/sharingan.us\/fr\/wp-json\/wp\/v2\/comments?post=7071"}],"wp:featuredmedia":[{"embeddable":true,"href":"https:\/\/sharingan.us\/fr\/wp-json\/wp\/v2\/media\/7102"}],"wp:attachment":[{"href":"https:\/\/sharingan.us\/fr\/wp-json\/wp\/v2\/media?parent=7071"}],"wp:term":[{"taxonomy":"product_brand","embeddable":true,"href":"https:\/\/sharingan.us\/fr\/wp-json\/wp\/v2\/product_brand?post=7071"},{"taxonomy":"product_cat","embeddable":true,"href":"https:\/\/sharingan.us\/fr\/wp-json\/wp\/v2\/product_cat?post=7071"},{"taxonomy":"product_tag","embeddable":true,"href":"https:\/\/sharingan.us\/fr\/wp-json\/wp\/v2\/product_tag?post=7071"}],"curies":[{"name":"wp","href":"https:\/\/api.w.org\/{rel}","templated":true}]}}