{"id":16039,"date":"2022-10-04T20:41:11","date_gmt":"2022-10-04T12:41:11","guid":{"rendered":"https:\/\/sharingan.us\/?post_type=product&#038;p=16039"},"modified":"2024-10-05T15:34:52","modified_gmt":"2024-10-05T07:34:52","slug":"trois-contacts-tomoe-sharingan-nouveau","status":"publish","type":"product","link":"https:\/\/sharingan.us\/fr\/trois-contacts-tomoe-sharingan-nouveau\/","title":{"rendered":"Trois contacts Tomoe Sharingan NOUVEAU"},"content":{"rendered":"<h4>Trois contacts Tomoe Sharingan<\/h4>\n<p>Au premier \u00e9veil, chaque Sharingan n'a g\u00e9n\u00e9ralement qu'un seul tomoe, bien que dans certains cas, il gagne imm\u00e9diatement deux tomoe dans chacun de ses yeux. Gr\u00e2ce \u00e0 la croissance \u00e9motionnelle dans des conditions extr\u00eames, le Sharingan continuera \u00e0 se d\u00e9velopper, sa pleine maturation \u00e9tant repr\u00e9sent\u00e9e par un troisi\u00e8me tomoe.<\/p>\n<p>R\u00e9veillez le l\u00e9gendaire Three Tomoe Sharingan et d\u00e9bloquez des pouvoirs visuels hors du commun gr\u00e2ce \u00e0 ces lentilles de contact color\u00e9es d'un r\u00e9alisme saisissant. Les lentilles Three Tomoe Sharingan recr\u00e9ent parfaitement le c\u00e9l\u00e8bre d\u014djutsu du clan Uchiha, avec l'iris rouge embl\u00e9matique et trois tomoe noirs en orbite autour de la pupille.<\/p>\n<p>Que vous vous rendiez \u00e0 une convention d'anime ou que vous souhaitiez simplement faire tourner les t\u00eates avec un look unique, ces lentilles vous donneront l'impression ind\u00e9niable d'avoir activ\u00e9 le premier niveau des capacit\u00e9s oculaires du Sharingan. Avec leur teinte cramoisie brillante et leur motif tomoe pr\u00e9cis, elles ressemblent \u00e0 s'y m\u00e9prendre aux vraies.<\/p>\n<p>Fabriqu\u00e9es \u00e0 partir de mat\u00e9riaux de haute qualit\u00e9 et con\u00e7ues pour un maximum de confort et de s\u00e9curit\u00e9, les lentilles de contact Three Tomoe Sharingan vous permettent de r\u00e9aliser l'ultime cosplay du clan Uchiha ou de porter votre amour de Naruto \u00e0 un niveau sup\u00e9rieur gr\u00e2ce \u00e0 des yeux Sharingan saisissants qui ne manqueront pas d'attirer les regards admiratifs.<\/p>\n<p>Faites connaissance avec le l\u00e9gendaire jutsu oculaire et montrez au monde entier que le ninja qui sommeille en vous s'\u00e9veille gr\u00e2ce aux contacts du Three Tomoe Sharingan.<\/p>","protected":false},"excerpt":{"rendered":"<p>Contacts Sharingan \u00e0 trois tomes Lors de son \u00e9veil, chaque Sharingan n'a g\u00e9n\u00e9ralement qu'un seul tomes, bien que dans certains cas, il gagne imm\u00e9diatement deux tomes dans chacun de ses yeux. A travers la croissance \u00e9motionnelle et les conditions extr\u00eames, le Sharingan continuera \u00e0 se d\u00e9velopper, sa pleine maturation \u00e9tant repr\u00e9sent\u00e9e par un troisi\u00e8me tomoe. R\u00e9veillez le l\u00e9gendaire Sharingan \u00e0 trois tomoe [...]","protected":false},"featured_media":16072,"comment_status":"open","ping_status":"closed","template":"","meta":[],"product_brand":[],"product_cat":[49],"product_tag":[81,80,842],"class_list":{"0":"post-16039","1":"product","2":"type-product","3":"status-publish","4":"has-post-thumbnail","6":"product_cat-sharingan-contacts","7":"product_tag-kakashi","8":"product_tag-sharingan-contacts","9":"product_tag-three-tomoe","11":"first","12":"instock","13":"sale","14":"featured","15":"taxable","16":"shipping-taxable","17":"purchasable","18":"product-type-variable","19":"has-default-attributes"},"_links":{"self":[{"href":"https:\/\/sharingan.us\/fr\/wp-json\/wp\/v2\/product\/16039","targetHints":{"allow":["GET"]}}],"collection":[{"href":"https:\/\/sharingan.us\/fr\/wp-json\/wp\/v2\/product"}],"about":[{"href":"https:\/\/sharingan.us\/fr\/wp-json\/wp\/v2\/types\/product"}],"replies":[{"embeddable":true,"href":"https:\/\/sharingan.us\/fr\/wp-json\/wp\/v2\/comments?post=16039"}],"wp:featuredmedia":[{"embeddable":true,"href":"https:\/\/sharingan.us\/fr\/wp-json\/wp\/v2\/media\/16072"}],"wp:attachment":[{"href":"https:\/\/sharingan.us\/fr\/wp-json\/wp\/v2\/media?parent=16039"}],"wp:term":[{"taxonomy":"product_brand","embeddable":true,"href":"https:\/\/sharingan.us\/fr\/wp-json\/wp\/v2\/product_brand?post=16039"},{"taxonomy":"product_cat","embeddable":true,"href":"https:\/\/sharingan.us\/fr\/wp-json\/wp\/v2\/product_cat?post=16039"},{"taxonomy":"product_tag","embeddable":true,"href":"https:\/\/sharingan.us\/fr\/wp-json\/wp\/v2\/product_tag?post=16039"}],"curies":[{"name":"wp","href":"https:\/\/api.w.org\/{rel}","templated":true}]}}